{"id":60369,"date":"2024-10-09T13:08:32","date_gmt":"2024-10-09T11:08:32","guid":{"rendered":"https:\/\/www.bea-group.com\/?page_id=60369"},"modified":"2024-10-15T10:55:09","modified_gmt":"2024-10-15T08:55:09","slug":"autotec-pro-automatizaci","status":"publish","type":"page","link":"https:\/\/www.bea-group.com\/cs\/autotec-pro-automatizaci\/","title":{"rendered":"Autotec Pro automatizaci"},"content":{"rendered":"<p>[et_pb_section fb_built=&#8220;1&#8243; module_class=&#8220;mainsec_autotec&#8220; _builder_version=&#8220;4.23.1&#8243; _module_preset=&#8220;default&#8220; background_enable_image=&#8220;off&#8220; global_colors_info=&#8220;{}&#8220;][et_pb_row column_structure=&#8220;2_5,3_5&#8243; module_class=&#8220;border-left-autotec_main_sec&#8220; _builder_version=&#8220;4.23.1&#8243; _module_preset=&#8220;default&#8220; global_colors_info=&#8220;{}&#8220;][et_pb_column type=&#8220;2_5&#8243; module_class=&#8220;pl50_a980&#8243; _builder_version=&#8220;4.23.1&#8243; _module_preset=&#8220;default&#8220; global_colors_info=&#8220;{}&#8220;][et_pb_text module_class=&#8220;h1-class&#8220; _builder_version=&#8220;4.25.2&#8243; _module_preset=&#8220;default&#8220; global_colors_info=&#8220;{}&#8220;]<\/p>\n<h1 class=\"pt0\"><strong>autotec<\/strong><br \/>Nastavujeme standardy<\/h1>\n<p><strong>Revolu\u010dn\u00ed technologie pro zpracov\u00e1n\u00ed d\u0159eva<\/strong><\/p>\n<p><span>autotec nastavuje nov\u00e9 standardy s automatizovan\u00fdmi spojovac\u00edmi \u0159e\u0161en\u00edmi pro v\u00fdrobn\u00ed z\u00e1vody a robotick\u00e9 syst\u00e9my &#8211; p\u0159edev\u0161\u00edm v d\u0159evozpracuj\u00edc\u00edm pr\u016fmyslu, ale tak\u00e9 nap\u0159\u00edklad v automobilov\u00e9m pr\u016fmyslu.<\/span><\/p>\n<p><span>D\u00edky velmi dobr\u00e9mu pom\u011bru cena\/v\u00fdkon, vysok\u00e9 efektivit\u011b a extr\u00e9mn\u00ed spolehlivosti jsme se stali l\u00eddrem na trhu.<\/span><\/p>\n<p><span>autotec se vyzna\u010duje optim\u00e1ln\u00ed integrac\u00ed jednotliv\u00fdch za\u0159\u00edzen\u00ed do pr\u016fmyslov\u00fdch v\u00fdrobn\u00edch proces\u016f.<\/span><\/p>\n<p>To otev\u00edr\u00e1 zcela nov\u00e9 mo\u017enosti optimalizace v\u00fdroby. Optim\u00e1ln\u011b p\u0159izp\u016fsoben\u00e9 va\u0161emu v\u00fdrobn\u00edmu procesu, se syst\u00e9mem autotec nov\u011b definujeme budoucnost automatizovan\u00e9 spojovac\u00ed techniky.<\/p>\n<p>[\/et_pb_text][\/et_pb_column][et_pb_column type=&#8220;3_5&#8243; _builder_version=&#8220;4.23.1&#8243; _module_preset=&#8220;default&#8220; global_colors_info=&#8220;{}&#8220;][et_pb_code _builder_version=&#8220;4.24.0&#8243; _module_preset=&#8220;default&#8220; global_colors_info=&#8220;{}&#8220;] <\/p>\n<div class=\"brlbs-cmpnt-container brlbs-cmpnt-content-blocker brlbs-cmpnt-with-individual-styles\" data-borlabs-cookie-content-blocker-id=\"default\" data-borlabs-cookie-content=\"PGlmcmFtZSB3aWR0aD0iODAwIiBoZWlnaHQ9IjQyNSIgc3JjPSJodHRwczovL3d3dy55b3V0dWJlLmNvbS9lbWJlZC9mYmpERExFWk9Vaz9zaT1McGFPUk0wYm5yWlNodVRaJmF1dG9wbGF5PTEmbXV0ZT0xJnJlbD0wIiB0aXRsZT0iWW91VHViZSB2aWRlbyBwbGF5ZXIiIGZyYW1lYm9yZGVyPSIwIiBhbGxvdz0iYWNjZWxlcm9tZXRlcjsgYXV0b3BsYXk7IGNsaXBib2FyZC13cml0ZTsgZW5jcnlwdGVkLW1lZGlhOyBneXJvc2NvcGU7IHBpY3R1cmUtaW4tcGljdHVyZTsgd2ViLXNoYXJlIiBhbGxvd2Z1bGxzY3JlZW4+PC9pZnJhbWU+\">\n<div class=\"brlbs-cmpnt-cb-preset-a\">\n<p class=\"brlbs-cmpnt-cb-description\">Pr\u00e1v\u011b si prohl\u00ed\u017e\u00edte z\u00e1stupn\u00fd obsah z <strong>{{ jm\u00e9no }}<\/strong>. Pro p\u0159\u00edstup ke skute\u010dn\u00e9mu obsahu klikn\u011bte na tla\u010d\u00edtko n\u00ed\u017ee. Upozor\u0148ujeme, \u017ee t\u00edmto zp\u016fsobem budou data sd\u00edlena s poskytovateli t\u0159et\u00edch stran.<\/p>\n<div class=\"brlbs-cmpnt-cb-buttons\"> <a class=\"brlbs-cmpnt-cb-btn\" href=\"#\" data-borlabs-cookie-unblock role=\"button\">Odblokov\u00e1n\u00ed obsahu<\/a> <a class=\"brlbs-cmpnt-cb-btn\" href=\"#\" data-borlabs-cookie-accept-service role=\"button\" style=\"display: none\">P\u0159ijmout po\u017eadovanou slu\u017ebu a odblokovat obsah<\/a> <\/div>\n<p> <a class=\"brlbs-cmpnt-cb-provider-toggle\" href=\"#\" data-borlabs-cookie-show-provider-information role=\"button\">V\u00edce informac\u00ed<\/a> <\/div>\n<\/div>\n<p><!-- [et_pb_line_break_holder] -->[\/et_pb_code][\/et_pb_column][\/et_pb_row][\/et_pb_section][et_pb_section fb_built=&#8220;1&#8243; module_class=&#8220;pt0 pb0&#8243; _builder_version=&#8220;4.23.1&#8243; _module_preset=&#8220;default&#8220; global_colors_info=&#8220;{}&#8220;][et_pb_row module_class=&#8220;border-right-team-2 pb0&#8243; _builder_version=&#8220;4.23.1&#8243; _module_preset=&#8220;default&#8220; global_colors_info=&#8220;{}&#8220;][et_pb_column type=&#8220;4_4&#8243; _builder_version=&#8220;4.23.1&#8243; _module_preset=&#8220;default&#8220; global_colors_info=&#8220;{}&#8220;][et_pb_text module_class=&#8220;white-h2-class&#8220; _builder_version=&#8220;4.25.2&#8243; _module_preset=&#8220;default&#8220; global_colors_info=&#8220;{}&#8220;]<\/p>\n<h2>JSME VA\u0160I ODBORN\u00cdCI NA SPOJOVAC\u00cd TECHNIKU<\/h2>\n<p>autotec je celosv\u011btovou jedni\u010dkou v oblasti automatizovan\u00fdch spojovac\u00edch \u0159e\u0161en\u00ed s technologi\u00ed spon. Rozum\u00edme po\u017eadavk\u016fm a na jejich z\u00e1klad\u011b vyv\u00edj\u00edme inovativn\u00ed \u0159e\u0161en\u00ed, jako jsou vym\u011bniteln\u00e9 z\u00e1sobn\u00edky s a\u017e 200 mm dlouh\u00fdmi sponami, dostate\u010dn\u011b \u0161irok\u00fdmi pro spojov\u00e1n\u00ed izola\u010dn\u00edch desek, velk\u00e9 role s a\u017e 900 h\u0159eb\u00edky nebo automaticky dopl\u0148ovan\u00e9 p\u0159\u00edstroje s pou\u017eit\u00edm robotick\u00fdch ramen. Na\u0161e know-how je sou\u010d\u00e1st\u00ed na\u0161\u00ed firemn\u00ed DNA.[\/et_pb_text][\/et_pb_column][\/et_pb_row][et_pb_row column_structure=&#8220;1_3,1_3,1_3&#8243; module_class=&#8220;border-right-team-3 anchor-link-normal  h5-class-team&#8220; _builder_version=&#8220;4.23.1&#8243; _module_preset=&#8220;default&#8220; global_colors_info=&#8220;{}&#8220;][et_pb_column type=&#8220;1_3&#8243; _builder_version=&#8220;4.23.1&#8243; _module_preset=&#8220;default&#8220; global_colors_info=&#8220;{}&#8220;][et_pb_image src=&#8220;https:\/\/www.bea-group.com\/wp-content\/uploads\/2024\/01\/ANSPRECHPARTNER.jpg&#8220; title_text=&#8220;ANSPRECHPARTNER&#8220; _builder_version=&#8220;4.23.4&#8243; _module_preset=&#8220;default&#8220; global_colors_info=&#8220;{}&#8220;][\/et_pb_image][et_pb_text _builder_version=&#8220;4.25.2&#8243; _module_preset=&#8220;default&#8220; global_colors_info=&#8220;{}&#8220;]<\/p>\n<h5>OBCHODN\u00cd Z\u00c1STUPCE<br \/>autotec<\/h5>\n<p><a href=\"mailto:vaclav.skopec@bea-group.com\">vaclav.skopec@bea-group.com<\/a><br \/><a href=\"tel:+420602250566\">+420 602 250 566<\/a><\/p>\n<p>[\/et_pb_text][\/et_pb_column][et_pb_column type=&#8220;1_3&#8243; _builder_version=&#8220;4.23.1&#8243; _module_preset=&#8220;default&#8220; global_colors_info=&#8220;{}&#8220;][et_pb_image src=&#8220;https:\/\/www.bea-group.com\/wp-content\/uploads\/2023\/11\/TECHNISCHER.jpg&#8220; title_text=&#8220;TECHNISCHER&#8220; _builder_version=&#8220;4.23.1&#8243; _module_preset=&#8220;default&#8220; global_colors_info=&#8220;{}&#8220;][\/et_pb_image][et_pb_text _builder_version=&#8220;4.27.2&#8243; _module_preset=&#8220;default&#8220; hover_enabled=&#8220;0&#8243; global_colors_info=&#8220;{}&#8220; sticky_enabled=&#8220;0&#8243;]<\/p>\n<h5>TECHNICK\u00c1 PODPORA<\/h5>\n<p><a href=\"mailto:vaclav.skopec@bea-group.com\">vaclav.skopec@bea-group.com<\/a><br \/><a href=\"tel:+420602250566\">+420 602 250 566<\/a><\/p>\n<p>[\/et_pb_text][\/et_pb_column][et_pb_column type=&#8220;1_3&#8243; _builder_version=&#8220;4.23.1&#8243; _module_preset=&#8220;default&#8220; global_colors_info=&#8220;{}&#8220;][et_pb_image src=&#8220;https:\/\/www.bea-group.com\/wp-content\/uploads\/2024\/01\/CUSTOMER-SERVICE.jpg&#8220; title_text=&#8220;CUSTOMER-SERVICE&#8220; _builder_version=&#8220;4.23.4&#8243; _module_preset=&#8220;default&#8220; global_colors_info=&#8220;{}&#8220;][\/et_pb_image][et_pb_text _builder_version=&#8220;4.25.2&#8243; _module_preset=&#8220;default&#8220; global_colors_info=&#8220;{}&#8220;]<\/p>\n<h5>OBCHODN\u00cd ODD\u011aLEN\u00cd<\/h5>\n<p><a href=\"mailto:info-CZ@BeA-Group.com\">info-CZ@BeA-Group.com<\/a><br \/><a href=\"tel:+420281930539\">+420 281 930 539<\/a><\/p>\n<p>[\/et_pb_text][et_pb_text disabled_on=&#8220;on|on|on&#8220; _builder_version=&#8220;4.23.1&#8243; _module_preset=&#8220;default&#8220; disabled=&#8220;on&#8220; global_colors_info=&#8220;{}&#8220;]<a href=\"https:\/\/bea-cze.webseite-programmierung.de\/en\/autotec-support\/\" class=\"anchor_link_arrow\">KUNDENSERVICE IM VERTRIEB<\/a>[\/et_pb_text][\/et_pb_column][\/et_pb_row][\/et_pb_section][et_pb_section fb_built=&#8220;1&#8243; module_class=&#8220;white-h2-class pt0 border-class-6&#8243; _builder_version=&#8220;4.23.1&#8243; _module_preset=&#8220;default&#8220; global_colors_info=&#8220;{}&#8220;][et_pb_row module_class=&#8220;border-class-4&#8243; _builder_version=&#8220;4.23.1&#8243; _module_preset=&#8220;default&#8220; global_colors_info=&#8220;{}&#8220;][et_pb_column type=&#8220;4_4&#8243; _builder_version=&#8220;4.23.1&#8243; _module_preset=&#8220;default&#8220; global_colors_info=&#8220;{}&#8220;][et_pb_text _builder_version=&#8220;4.25.2&#8243; _module_preset=&#8220;default&#8220; global_colors_info=&#8220;{}&#8220;]<\/p>\n<h2 class=\"pb0\">AUTOMATIZOVAN\u00c1 \u0158E\u0160EN\u00cd<\/h2>\n<p>[\/et_pb_text][\/et_pb_column][\/et_pb_row][et_pb_row module_class=&#8220;border-class-5&#8243; _builder_version=&#8220;4.23.1&#8243; _module_preset=&#8220;default&#8220; global_colors_info=&#8220;{}&#8220;][et_pb_column type=&#8220;4_4&#8243; _builder_version=&#8220;4.23.1&#8243; _module_preset=&#8220;default&#8220; global_colors_info=&#8220;{}&#8220;][et_pb_code _builder_version=&#8220;4.24.0&#8243; _module_preset=&#8220;default&#8220; global_colors_info=&#8220;{}&#8220;] <\/p>\n<div class=\"brlbs-cmpnt-container brlbs-cmpnt-content-blocker brlbs-cmpnt-with-individual-styles\" data-borlabs-cookie-content-blocker-id=\"default\" data-borlabs-cookie-content=\"PGlmcmFtZSB3aWR0aD0iOTAwIiBoZWlnaHQ9IjUwMCIgc3JjPSJodHRwczovL3d3dy55b3V0dWJlLmNvbS9lbWJlZC9RbWxkRVpINS1Maz9zaT0wUHhFMkJLLUZiN1ByU3oxJmF1dG9wbGF5PTEmbXV0ZT0xJnJlbD0wIiB0aXRsZT0iWW91VHViZSB2aWRlbyBwbGF5ZXIiIGZyYW1lYm9yZGVyPSIwIiBhbGxvdz0iYWNjZWxlcm9tZXRlcjsgYXV0b3BsYXk7IGNsaXBib2FyZC13cml0ZTsgZW5jcnlwdGVkLW1lZGlhOyBneXJvc2NvcGU7IHBpY3R1cmUtaW4tcGljdHVyZTsgd2ViLXNoYXJlIiBhbGxvd2Z1bGxzY3JlZW4+PC9pZnJhbWU+\">\n<div class=\"brlbs-cmpnt-cb-preset-a\">\n<p class=\"brlbs-cmpnt-cb-description\">Pr\u00e1v\u011b si prohl\u00ed\u017e\u00edte z\u00e1stupn\u00fd obsah z <strong>{{ jm\u00e9no }}<\/strong>. Pro p\u0159\u00edstup ke skute\u010dn\u00e9mu obsahu klikn\u011bte na tla\u010d\u00edtko n\u00ed\u017ee. Upozor\u0148ujeme, \u017ee t\u00edmto zp\u016fsobem budou data sd\u00edlena s poskytovateli t\u0159et\u00edch stran.<\/p>\n<div class=\"brlbs-cmpnt-cb-buttons\"> <a class=\"brlbs-cmpnt-cb-btn\" href=\"#\" data-borlabs-cookie-unblock role=\"button\">Odblokov\u00e1n\u00ed obsahu<\/a> <a class=\"brlbs-cmpnt-cb-btn\" href=\"#\" data-borlabs-cookie-accept-service role=\"button\" style=\"display: none\">P\u0159ijmout po\u017eadovanou slu\u017ebu a odblokovat obsah<\/a> <\/div>\n<p> <a class=\"brlbs-cmpnt-cb-provider-toggle\" href=\"#\" data-borlabs-cookie-show-provider-information role=\"button\">V\u00edce informac\u00ed<\/a> <\/div>\n<\/div>\n<p>[\/et_pb_code][\/et_pb_column][\/et_pb_row][\/et_pb_section]<\/p>\n","protected":false},"excerpt":{"rendered":"<p>autotecNastavujeme standardy Revolu\u010dn\u00ed technologie pro zpracov\u00e1n\u00ed d\u0159eva autotec nastavuje nov\u00e9 standardy s automatizovan\u00fdmi spojovac\u00edmi \u0159e\u0161en\u00edmi pro v\u00fdrobn\u00ed z\u00e1vody a robotick\u00e9 syst\u00e9my &#8211; p\u0159edev\u0161\u00edm v d\u0159evozpracuj\u00edc\u00edm pr\u016fmyslu, ale tak\u00e9 nap\u0159\u00edklad v automobilov\u00e9m pr\u016fmyslu. D\u00edky velmi dobr\u00e9mu pom\u011bru cena\/v\u00fdkon, vysok\u00e9 efektivit\u011b a extr\u00e9mn\u00ed spolehlivosti jsme se stali l\u00eddrem na trhu. autotec se vyzna\u010duje optim\u00e1ln\u00ed integrac\u00ed jednotliv\u00fdch za\u0159\u00edzen\u00ed [&hellip;]<\/p>\n","protected":false},"author":3,"featured_media":0,"parent":0,"menu_order":0,"comment_status":"closed","ping_status":"closed","template":"","meta":{"_et_pb_use_builder":"on","_et_pb_old_content":"","_et_gb_content_width":"","footnotes":""},"class_list":["post-60369","page","type-page","status-publish","hentry"],"yoast_head":"<!-- This site is optimized with the Yoast SEO plugin v27.5 - https:\/\/yoast.com\/product\/yoast-seo-wordpress\/ -->\n<title>Autotec Pro automatizaci - BeA GmbH<\/title>\n<meta name=\"description\" content=\"D\u00edky vynikaj\u00edc\u00edmu pom\u011bru ceny a kvality, vysok\u00e9 efektivit\u011b a mimo\u0159\u00e1dn\u00e9 spolehlivosti jsme se stali jedni\u010dkou na trhu.\" \/>\n<meta name=\"robots\" content=\"index, follow, max-snippet:-1, max-image-preview:large, max-video-preview:-1\" \/>\n<link rel=\"canonical\" href=\"https:\/\/www.bea-group.com\/cs\/autotec-pro-automatizaci\/\" \/>\n<meta property=\"og:locale\" content=\"cs_CZ\" \/>\n<meta property=\"og:type\" content=\"article\" \/>\n<meta property=\"og:title\" content=\"Autotec Pro automatizaci - BeA GmbH\" \/>\n<meta property=\"og:description\" content=\"D\u00edky vynikaj\u00edc\u00edmu pom\u011bru ceny a kvality, vysok\u00e9 efektivit\u011b a mimo\u0159\u00e1dn\u00e9 spolehlivosti jsme se stali jedni\u010dkou na trhu.\" \/>\n<meta property=\"og:url\" content=\"https:\/\/www.bea-group.com\/cs\/autotec-pro-automatizaci\/\" \/>\n<meta property=\"og:site_name\" content=\"BeA GmbH\" \/>\n<meta property=\"article:modified_time\" content=\"2024-10-15T08:55:09+00:00\" \/>\n<meta name=\"twitter:card\" content=\"summary_large_image\" \/>\n<meta name=\"twitter:label1\" content=\"Odhadovan\u00e1 doba \u010dten\u00ed\" \/>\n\t<meta name=\"twitter:data1\" content=\"2 minuty\" \/>\n<script type=\"application\/ld+json\" class=\"yoast-schema-graph\">{\"@context\":\"https:\\\/\\\/schema.org\",\"@graph\":[{\"@type\":\"WebPage\",\"@id\":\"https:\\\/\\\/www.bea-group.com\\\/cs\\\/autotec-pro-automatizaci\\\/\",\"url\":\"https:\\\/\\\/www.bea-group.com\\\/cs\\\/autotec-pro-automatizaci\\\/\",\"name\":\"Autotec Pro automatizaci - BeA GmbH\",\"isPartOf\":{\"@id\":\"https:\\\/\\\/www.bea-group.com\\\/cs\\\/#website\"},\"datePublished\":\"2024-10-09T11:08:32+00:00\",\"dateModified\":\"2024-10-15T08:55:09+00:00\",\"description\":\"D\u00edky vynikaj\u00edc\u00edmu pom\u011bru ceny a kvality, vysok\u00e9 efektivit\u011b a mimo\u0159\u00e1dn\u00e9 spolehlivosti jsme se stali jedni\u010dkou na trhu.\",\"breadcrumb\":{\"@id\":\"https:\\\/\\\/www.bea-group.com\\\/cs\\\/autotec-pro-automatizaci\\\/#breadcrumb\"},\"inLanguage\":\"cs\",\"potentialAction\":[{\"@type\":\"ReadAction\",\"target\":[\"https:\\\/\\\/www.bea-group.com\\\/cs\\\/autotec-pro-automatizaci\\\/\"]}]},{\"@type\":\"BreadcrumbList\",\"@id\":\"https:\\\/\\\/www.bea-group.com\\\/cs\\\/autotec-pro-automatizaci\\\/#breadcrumb\",\"itemListElement\":[{\"@type\":\"ListItem\",\"position\":1,\"name\":\"Startseite\",\"item\":\"https:\\\/\\\/www.bea-group.com\\\/cs\\\/\"},{\"@type\":\"ListItem\",\"position\":2,\"name\":\"Autotec Pro automatizaci\"}]},{\"@type\":\"WebSite\",\"@id\":\"https:\\\/\\\/www.bea-group.com\\\/cs\\\/#website\",\"url\":\"https:\\\/\\\/www.bea-group.com\\\/cs\\\/\",\"name\":\"BeA GmbH\",\"description\":\"FASTENING TECHNOLOGIES FOR FUTURE GENERATIONS\",\"potentialAction\":[{\"@type\":\"SearchAction\",\"target\":{\"@type\":\"EntryPoint\",\"urlTemplate\":\"https:\\\/\\\/www.bea-group.com\\\/cs\\\/?s={search_term_string}\"},\"query-input\":{\"@type\":\"PropertyValueSpecification\",\"valueRequired\":true,\"valueName\":\"search_term_string\"}}],\"inLanguage\":\"cs\"}]}<\/script>\n<!-- \/ Yoast SEO plugin. -->","yoast_head_json":{"title":"Autotec Pro automatizaci - BeA GmbH","description":"D\u00edky vynikaj\u00edc\u00edmu pom\u011bru ceny a kvality, vysok\u00e9 efektivit\u011b a mimo\u0159\u00e1dn\u00e9 spolehlivosti jsme se stali jedni\u010dkou na trhu.","robots":{"index":"index","follow":"follow","max-snippet":"max-snippet:-1","max-image-preview":"max-image-preview:large","max-video-preview":"max-video-preview:-1"},"canonical":"https:\/\/www.bea-group.com\/cs\/autotec-pro-automatizaci\/","og_locale":"cs_CZ","og_type":"article","og_title":"Autotec Pro automatizaci - BeA GmbH","og_description":"D\u00edky vynikaj\u00edc\u00edmu pom\u011bru ceny a kvality, vysok\u00e9 efektivit\u011b a mimo\u0159\u00e1dn\u00e9 spolehlivosti jsme se stali jedni\u010dkou na trhu.","og_url":"https:\/\/www.bea-group.com\/cs\/autotec-pro-automatizaci\/","og_site_name":"BeA GmbH","article_modified_time":"2024-10-15T08:55:09+00:00","twitter_card":"summary_large_image","twitter_misc":{"Odhadovan\u00e1 doba \u010dten\u00ed":"2 minuty"},"schema":{"@context":"https:\/\/schema.org","@graph":[{"@type":"WebPage","@id":"https:\/\/www.bea-group.com\/cs\/autotec-pro-automatizaci\/","url":"https:\/\/www.bea-group.com\/cs\/autotec-pro-automatizaci\/","name":"Autotec Pro automatizaci - BeA GmbH","isPartOf":{"@id":"https:\/\/www.bea-group.com\/cs\/#website"},"datePublished":"2024-10-09T11:08:32+00:00","dateModified":"2024-10-15T08:55:09+00:00","description":"D\u00edky vynikaj\u00edc\u00edmu pom\u011bru ceny a kvality, vysok\u00e9 efektivit\u011b a mimo\u0159\u00e1dn\u00e9 spolehlivosti jsme se stali jedni\u010dkou na trhu.","breadcrumb":{"@id":"https:\/\/www.bea-group.com\/cs\/autotec-pro-automatizaci\/#breadcrumb"},"inLanguage":"cs","potentialAction":[{"@type":"ReadAction","target":["https:\/\/www.bea-group.com\/cs\/autotec-pro-automatizaci\/"]}]},{"@type":"BreadcrumbList","@id":"https:\/\/www.bea-group.com\/cs\/autotec-pro-automatizaci\/#breadcrumb","itemListElement":[{"@type":"ListItem","position":1,"name":"Startseite","item":"https:\/\/www.bea-group.com\/cs\/"},{"@type":"ListItem","position":2,"name":"Autotec Pro automatizaci"}]},{"@type":"WebSite","@id":"https:\/\/www.bea-group.com\/cs\/#website","url":"https:\/\/www.bea-group.com\/cs\/","name":"BeA GmbH","description":"FASTENING TECHNOLOGIES FOR FUTURE GENERATIONS","potentialAction":[{"@type":"SearchAction","target":{"@type":"EntryPoint","urlTemplate":"https:\/\/www.bea-group.com\/cs\/?s={search_term_string}"},"query-input":{"@type":"PropertyValueSpecification","valueRequired":true,"valueName":"search_term_string"}}],"inLanguage":"cs"}]}},"_links":{"self":[{"href":"https:\/\/www.bea-group.com\/cs\/wp-json\/wp\/v2\/pages\/60369","targetHints":{"allow":["GET"]}}],"collection":[{"href":"https:\/\/www.bea-group.com\/cs\/wp-json\/wp\/v2\/pages"}],"about":[{"href":"https:\/\/www.bea-group.com\/cs\/wp-json\/wp\/v2\/types\/page"}],"author":[{"embeddable":true,"href":"https:\/\/www.bea-group.com\/cs\/wp-json\/wp\/v2\/users\/3"}],"replies":[{"embeddable":true,"href":"https:\/\/www.bea-group.com\/cs\/wp-json\/wp\/v2\/comments?post=60369"}],"version-history":[{"count":3,"href":"https:\/\/www.bea-group.com\/cs\/wp-json\/wp\/v2\/pages\/60369\/revisions"}],"predecessor-version":[{"id":60878,"href":"https:\/\/www.bea-group.com\/cs\/wp-json\/wp\/v2\/pages\/60369\/revisions\/60878"}],"wp:attachment":[{"href":"https:\/\/www.bea-group.com\/cs\/wp-json\/wp\/v2\/media?parent=60369"}],"curies":[{"name":"wp","href":"https:\/\/api.w.org\/{rel}","templated":true}]}}