{"id":60404,"date":"2024-10-09T13:18:50","date_gmt":"2024-10-09T11:18:50","guid":{"rendered":"https:\/\/www.bea-group.com\/?page_id=60404"},"modified":"2024-10-09T13:18:54","modified_gmt":"2024-10-09T11:18:54","slug":"bea-prumysl-pro","status":"publish","type":"page","link":"https:\/\/www.bea-group.com\/cs\/bea-prumysl-pro\/","title":{"rendered":"Bea Pr\u016fmysl pro"},"content":{"rendered":"<p>[et_pb_section fb_built=&#8220;1&#8243; module_class=&#8220;white_text &#8220; _builder_version=&#8220;4.23.1&#8243; _module_preset=&#8220;default&#8220; background_image=&#8220;https:\/\/www.bea-group.com\/wp-content\/uploads\/2023\/11\/BeA_Home_Hintergrundbild-1-scaled.jpg&#8220; background_position=&#8220;top_center&#8220; global_colors_info=&#8220;{}&#8220; theme_builder_area=&#8220;post_content&#8220;][et_pb_row column_structure=&#8220;2_5,3_5&#8243; _builder_version=&#8220;4.23.1&#8243; _module_preset=&#8220;default&#8220; global_colors_info=&#8220;{}&#8220; theme_builder_area=&#8220;post_content&#8220;][et_pb_column type=&#8220;2_5&#8243; _builder_version=&#8220;4.23.1&#8243; _module_preset=&#8220;default&#8220; global_colors_info=&#8220;{}&#8220; theme_builder_area=&#8220;post_content&#8220;][et_pb_text module_class=&#8220;h1-class&#8220; _builder_version=&#8220;4.25.2&#8243; _module_preset=&#8220;default&#8220; global_colors_info=&#8220;{}&#8220; theme_builder_area=&#8220;post_content&#8220;]<\/p>\n<h1 class=\"pt0\"><span class=\"weight_normal\">PRO <\/span> PR\u016eMYSL<\/h1>\n<p>Na\u0161i z\u00e1kazn\u00edci po cel\u00e9m sv\u011bt\u011b zpracov\u00e1vaj\u00ed ka\u017ed\u00fd den n\u011bkolik milion\u016f sponek, h\u0159eb\u00edk\u016f a vrut\u016f zna\u010dky BeA &#8211; u v\u00fdrobc\u016f n\u00e1bytku ve v\u00fdchodn\u00edm Vestf\u00e1lsku, na stavb\u00e1ch v Emir\u00e1tech, u dodavatel\u016f automobil\u016f v Tur\u00edn\u011b nebo u v\u00fdrobc\u016f palet v Queenslandu.<\/p>\n<p><span>Na\u0161e v\u00fdrobky BeA pou\u017e\u00edv\u00e1 v\u00edce ne\u017e 35 000 z\u00e1kazn\u00edk\u016f po cel\u00e9m sv\u011bt\u011b. A nez\u0159\u00eddka se setk\u00e1v\u00e1me se za\u0159\u00edzen\u00edmi, kter\u00e1 se pou\u017e\u00edvaj\u00ed ji\u017e v\u00edce ne\u017e 40 let. Na to jsme pat\u0159i\u010dn\u011b hrd\u00ed.<\/span><\/p>\n<p>[\/et_pb_text][\/et_pb_column][et_pb_column type=&#8220;3_5&#8243; _builder_version=&#8220;4.23.1&#8243; _module_preset=&#8220;default&#8220; global_colors_info=&#8220;{}&#8220; theme_builder_area=&#8220;post_content&#8220;][et_pb_image src=&#8220;https:\/\/www.bea-group.com\/wp-content\/uploads\/2024\/01\/werden.jpg&#8220; title_text=&#8220;werden&#8220; _builder_version=&#8220;4.24.0&#8243; _module_preset=&#8220;default&#8220; global_colors_info=&#8220;{}&#8220; theme_builder_area=&#8220;post_content&#8220;][\/et_pb_image][\/et_pb_column][\/et_pb_row][et_pb_row module_class=&#8220;white-h2-class&#8220; _builder_version=&#8220;4.23.1&#8243; _module_preset=&#8220;default&#8220; global_colors_info=&#8220;{}&#8220; theme_builder_area=&#8220;post_content&#8220;][et_pb_column type=&#8220;4_4&#8243; _builder_version=&#8220;4.23.1&#8243; _module_preset=&#8220;default&#8220; global_colors_info=&#8220;{}&#8220; theme_builder_area=&#8220;post_content&#8220;][et_pb_text _builder_version=&#8220;4.25.2&#8243; _module_preset=&#8220;default&#8220; global_colors_info=&#8220;{}&#8220; theme_builder_area=&#8220;post_content&#8220;]<\/p>\n<h2>SEZNAMTE SE V\u00cdCE S <span class=\"nc\">BeA<\/span> Group<\/h2>\n<p>[\/et_pb_text][\/et_pb_column][\/et_pb_row][et_pb_row module_class=&#8220;pt0&#8243; _builder_version=&#8220;4.23.1&#8243; _module_preset=&#8220;default&#8220; global_colors_info=&#8220;{}&#8220; theme_builder_area=&#8220;post_content&#8220;][et_pb_column type=&#8220;4_4&#8243; _builder_version=&#8220;4.23.1&#8243; _module_preset=&#8220;default&#8220; global_colors_info=&#8220;{}&#8220; theme_builder_area=&#8220;post_content&#8220;][et_pb_code _builder_version=&#8220;4.24.0&#8243; _module_preset=&#8220;default&#8220; locked=&#8220;off&#8220; global_colors_info=&#8220;{}&#8220; theme_builder_area=&#8220;post_content&#8220;] <\/p>\n<div class=\"brlbs-cmpnt-container brlbs-cmpnt-content-blocker brlbs-cmpnt-with-individual-styles\" data-borlabs-cookie-content-blocker-id=\"default\" data-borlabs-cookie-content=\"PGlmcmFtZSB3aWR0aD0iOTAwIiBoZWlnaHQ9IjUwMCIgc3JjPSJodHRwczovL3d3dy55b3V0dWJlLmNvbS9lbWJlZC9pRXpCYTUzdUdWZz9zaT0xbUVkSGwycElZckc2dF9aJm11dGU9MSZyZWw9MCIgdGl0bGU9IllvdVR1YmUgdmlkZW8gcGxheWVyIiBmcmFtZWJvcmRlcj0iMCIgYWxsb3c9ImFjY2VsZXJvbWV0ZXI7IGF1dG9wbGF5OyBjbGlwYm9hcmQtd3JpdGU7IGVuY3J5cHRlZC1tZWRpYTsgZ3lyb3Njb3BlOyBwaWN0dXJlLWluLXBpY3R1cmU7IHdlYi1zaGFyZSIgYWxsb3dmdWxsc2NyZWVuPjwvaWZyYW1lPg==\">\n<div class=\"brlbs-cmpnt-cb-preset-a\">\n<p class=\"brlbs-cmpnt-cb-description\">Pr\u00e1v\u011b si prohl\u00ed\u017e\u00edte z\u00e1stupn\u00fd obsah z <strong>{{ jm\u00e9no }}<\/strong>. Pro p\u0159\u00edstup ke skute\u010dn\u00e9mu obsahu klikn\u011bte na tla\u010d\u00edtko n\u00ed\u017ee. Upozor\u0148ujeme, \u017ee t\u00edmto zp\u016fsobem budou data sd\u00edlena s poskytovateli t\u0159et\u00edch stran.<\/p>\n<div class=\"brlbs-cmpnt-cb-buttons\"> <a class=\"brlbs-cmpnt-cb-btn\" href=\"#\" data-borlabs-cookie-unblock role=\"button\">Odblokov\u00e1n\u00ed obsahu<\/a> <a class=\"brlbs-cmpnt-cb-btn\" href=\"#\" data-borlabs-cookie-accept-service role=\"button\" style=\"display: none\">P\u0159ijmout po\u017eadovanou slu\u017ebu a odblokovat obsah<\/a> <\/div>\n<p> <a class=\"brlbs-cmpnt-cb-provider-toggle\" href=\"#\" data-borlabs-cookie-show-provider-information role=\"button\">V\u00edce informac\u00ed<\/a> <\/div>\n<\/div>\n<p>[\/et_pb_code][\/et_pb_column][\/et_pb_row][\/et_pb_section]<\/p>\n","protected":false},"excerpt":{"rendered":"<p>PRO PR\u016eMYSL Na\u0161i z\u00e1kazn\u00edci po cel\u00e9m sv\u011bt\u011b zpracov\u00e1vaj\u00ed ka\u017ed\u00fd den n\u011bkolik milion\u016f sponek, h\u0159eb\u00edk\u016f a vrut\u016f zna\u010dky BeA &#8211; u v\u00fdrobc\u016f n\u00e1bytku ve v\u00fdchodn\u00edm Vestf\u00e1lsku, na stavb\u00e1ch v Emir\u00e1tech, u dodavatel\u016f automobil\u016f v Tur\u00edn\u011b nebo u v\u00fdrobc\u016f palet v Queenslandu. Na\u0161e v\u00fdrobky BeA pou\u017e\u00edv\u00e1 v\u00edce ne\u017e 35 000 z\u00e1kazn\u00edk\u016f po cel\u00e9m sv\u011bt\u011b. A nez\u0159\u00eddka se [&hellip;]<\/p>\n","protected":false},"author":3,"featured_media":0,"parent":0,"menu_order":0,"comment_status":"closed","ping_status":"closed","template":"","meta":{"_et_pb_use_builder":"on","_et_pb_old_content":"","_et_gb_content_width":"","footnotes":""},"class_list":["post-60404","page","type-page","status-publish","hentry"],"yoast_head":"<!-- This site is optimized with the Yoast SEO plugin v27.3 - https:\/\/yoast.com\/product\/yoast-seo-wordpress\/ -->\n<title>Bea Pr\u016fmysl pro - BeA GmbH<\/title>\n<meta name=\"description\" content=\"Ka\u017ed\u00fd den na\u0161i z\u00e1kazn\u00edci po cel\u00e9m sv\u011bt\u011b zpracuj\u00ed n\u011bkolik milion\u016f sponek, h\u0159eb\u00edk\u016f a \u0161roub\u016f zna\u010dky BeA - u v\u00fdrobc\u016f n\u00e1bytku.\" \/>\n<meta name=\"robots\" content=\"index, follow, max-snippet:-1, max-image-preview:large, max-video-preview:-1\" \/>\n<link rel=\"canonical\" href=\"https:\/\/www.bea-group.com\/cs\/bea-prumysl-pro\/\" \/>\n<meta property=\"og:locale\" content=\"cs_CZ\" \/>\n<meta property=\"og:type\" content=\"article\" \/>\n<meta property=\"og:title\" content=\"Bea Pr\u016fmysl pro - BeA GmbH\" \/>\n<meta property=\"og:description\" content=\"Ka\u017ed\u00fd den na\u0161i z\u00e1kazn\u00edci po cel\u00e9m sv\u011bt\u011b zpracuj\u00ed n\u011bkolik milion\u016f sponek, h\u0159eb\u00edk\u016f a \u0161roub\u016f zna\u010dky BeA - u v\u00fdrobc\u016f n\u00e1bytku.\" \/>\n<meta property=\"og:url\" content=\"https:\/\/www.bea-group.com\/cs\/bea-prumysl-pro\/\" \/>\n<meta property=\"og:site_name\" content=\"BeA GmbH\" \/>\n<meta property=\"article:modified_time\" content=\"2024-10-09T11:18:54+00:00\" \/>\n<meta name=\"twitter:card\" content=\"summary_large_image\" \/>\n<meta name=\"twitter:label1\" content=\"Odhadovan\u00e1 doba \u010dten\u00ed\" \/>\n\t<meta name=\"twitter:data1\" content=\"1 minuta\" \/>\n<script type=\"application\/ld+json\" class=\"yoast-schema-graph\">{\"@context\":\"https:\\\/\\\/schema.org\",\"@graph\":[{\"@type\":\"WebPage\",\"@id\":\"https:\\\/\\\/www.bea-group.com\\\/cs\\\/bea-prumysl-pro\\\/\",\"url\":\"https:\\\/\\\/www.bea-group.com\\\/cs\\\/bea-prumysl-pro\\\/\",\"name\":\"Bea Pr\u016fmysl pro - BeA GmbH\",\"isPartOf\":{\"@id\":\"https:\\\/\\\/www.bea-group.com\\\/cs\\\/#website\"},\"datePublished\":\"2024-10-09T11:18:50+00:00\",\"dateModified\":\"2024-10-09T11:18:54+00:00\",\"description\":\"Ka\u017ed\u00fd den na\u0161i z\u00e1kazn\u00edci po cel\u00e9m sv\u011bt\u011b zpracuj\u00ed n\u011bkolik milion\u016f sponek, h\u0159eb\u00edk\u016f a \u0161roub\u016f zna\u010dky BeA - u v\u00fdrobc\u016f n\u00e1bytku.\",\"breadcrumb\":{\"@id\":\"https:\\\/\\\/www.bea-group.com\\\/cs\\\/bea-prumysl-pro\\\/#breadcrumb\"},\"inLanguage\":\"cs\",\"potentialAction\":[{\"@type\":\"ReadAction\",\"target\":[\"https:\\\/\\\/www.bea-group.com\\\/cs\\\/bea-prumysl-pro\\\/\"]}]},{\"@type\":\"BreadcrumbList\",\"@id\":\"https:\\\/\\\/www.bea-group.com\\\/cs\\\/bea-prumysl-pro\\\/#breadcrumb\",\"itemListElement\":[{\"@type\":\"ListItem\",\"position\":1,\"name\":\"Startseite\",\"item\":\"https:\\\/\\\/www.bea-group.com\\\/cs\\\/\"},{\"@type\":\"ListItem\",\"position\":2,\"name\":\"Bea Pr\u016fmysl pro\"}]},{\"@type\":\"WebSite\",\"@id\":\"https:\\\/\\\/www.bea-group.com\\\/cs\\\/#website\",\"url\":\"https:\\\/\\\/www.bea-group.com\\\/cs\\\/\",\"name\":\"BeA GmbH\",\"description\":\"FASTENING TECHNOLOGIES FOR FUTURE GENERATIONS\",\"potentialAction\":[{\"@type\":\"SearchAction\",\"target\":{\"@type\":\"EntryPoint\",\"urlTemplate\":\"https:\\\/\\\/www.bea-group.com\\\/cs\\\/?s={search_term_string}\"},\"query-input\":{\"@type\":\"PropertyValueSpecification\",\"valueRequired\":true,\"valueName\":\"search_term_string\"}}],\"inLanguage\":\"cs\"}]}<\/script>\n<!-- \/ Yoast SEO plugin. -->","yoast_head_json":{"title":"Bea Pr\u016fmysl pro - BeA GmbH","description":"Ka\u017ed\u00fd den na\u0161i z\u00e1kazn\u00edci po cel\u00e9m sv\u011bt\u011b zpracuj\u00ed n\u011bkolik milion\u016f sponek, h\u0159eb\u00edk\u016f a \u0161roub\u016f zna\u010dky BeA - u v\u00fdrobc\u016f n\u00e1bytku.","robots":{"index":"index","follow":"follow","max-snippet":"max-snippet:-1","max-image-preview":"max-image-preview:large","max-video-preview":"max-video-preview:-1"},"canonical":"https:\/\/www.bea-group.com\/cs\/bea-prumysl-pro\/","og_locale":"cs_CZ","og_type":"article","og_title":"Bea Pr\u016fmysl pro - BeA GmbH","og_description":"Ka\u017ed\u00fd den na\u0161i z\u00e1kazn\u00edci po cel\u00e9m sv\u011bt\u011b zpracuj\u00ed n\u011bkolik milion\u016f sponek, h\u0159eb\u00edk\u016f a \u0161roub\u016f zna\u010dky BeA - u v\u00fdrobc\u016f n\u00e1bytku.","og_url":"https:\/\/www.bea-group.com\/cs\/bea-prumysl-pro\/","og_site_name":"BeA GmbH","article_modified_time":"2024-10-09T11:18:54+00:00","twitter_card":"summary_large_image","twitter_misc":{"Odhadovan\u00e1 doba \u010dten\u00ed":"1 minuta"},"schema":{"@context":"https:\/\/schema.org","@graph":[{"@type":"WebPage","@id":"https:\/\/www.bea-group.com\/cs\/bea-prumysl-pro\/","url":"https:\/\/www.bea-group.com\/cs\/bea-prumysl-pro\/","name":"Bea Pr\u016fmysl pro - BeA GmbH","isPartOf":{"@id":"https:\/\/www.bea-group.com\/cs\/#website"},"datePublished":"2024-10-09T11:18:50+00:00","dateModified":"2024-10-09T11:18:54+00:00","description":"Ka\u017ed\u00fd den na\u0161i z\u00e1kazn\u00edci po cel\u00e9m sv\u011bt\u011b zpracuj\u00ed n\u011bkolik milion\u016f sponek, h\u0159eb\u00edk\u016f a \u0161roub\u016f zna\u010dky BeA - u v\u00fdrobc\u016f n\u00e1bytku.","breadcrumb":{"@id":"https:\/\/www.bea-group.com\/cs\/bea-prumysl-pro\/#breadcrumb"},"inLanguage":"cs","potentialAction":[{"@type":"ReadAction","target":["https:\/\/www.bea-group.com\/cs\/bea-prumysl-pro\/"]}]},{"@type":"BreadcrumbList","@id":"https:\/\/www.bea-group.com\/cs\/bea-prumysl-pro\/#breadcrumb","itemListElement":[{"@type":"ListItem","position":1,"name":"Startseite","item":"https:\/\/www.bea-group.com\/cs\/"},{"@type":"ListItem","position":2,"name":"Bea Pr\u016fmysl pro"}]},{"@type":"WebSite","@id":"https:\/\/www.bea-group.com\/cs\/#website","url":"https:\/\/www.bea-group.com\/cs\/","name":"BeA GmbH","description":"FASTENING TECHNOLOGIES FOR FUTURE GENERATIONS","potentialAction":[{"@type":"SearchAction","target":{"@type":"EntryPoint","urlTemplate":"https:\/\/www.bea-group.com\/cs\/?s={search_term_string}"},"query-input":{"@type":"PropertyValueSpecification","valueRequired":true,"valueName":"search_term_string"}}],"inLanguage":"cs"}]}},"_links":{"self":[{"href":"https:\/\/www.bea-group.com\/cs\/wp-json\/wp\/v2\/pages\/60404","targetHints":{"allow":["GET"]}}],"collection":[{"href":"https:\/\/www.bea-group.com\/cs\/wp-json\/wp\/v2\/pages"}],"about":[{"href":"https:\/\/www.bea-group.com\/cs\/wp-json\/wp\/v2\/types\/page"}],"author":[{"embeddable":true,"href":"https:\/\/www.bea-group.com\/cs\/wp-json\/wp\/v2\/users\/3"}],"replies":[{"embeddable":true,"href":"https:\/\/www.bea-group.com\/cs\/wp-json\/wp\/v2\/comments?post=60404"}],"version-history":[{"count":2,"href":"https:\/\/www.bea-group.com\/cs\/wp-json\/wp\/v2\/pages\/60404\/revisions"}],"predecessor-version":[{"id":60413,"href":"https:\/\/www.bea-group.com\/cs\/wp-json\/wp\/v2\/pages\/60404\/revisions\/60413"}],"wp:attachment":[{"href":"https:\/\/www.bea-group.com\/cs\/wp-json\/wp\/v2\/media?parent=60404"}],"curies":[{"name":"wp","href":"https:\/\/api.w.org\/{rel}","templated":true}]}}