{"id":60430,"date":"2024-10-09T13:24:20","date_gmt":"2024-10-09T11:24:20","guid":{"rendered":"https:\/\/www.bea-group.com\/?page_id=60430"},"modified":"2024-10-15T10:57:29","modified_gmt":"2024-10-15T08:57:29","slug":"bea-podpora","status":"publish","type":"page","link":"https:\/\/www.bea-group.com\/cs\/bea-podpora\/","title":{"rendered":"Bea Podpora"},"content":{"rendered":"<p>[et_pb_section fb_built=&#8220;1&#8243; _builder_version=&#8220;4.23.1&#8243; _module_preset=&#8220;default&#8220; background_image=&#8220;https:\/\/www.bea-group.com\/wp-content\/uploads\/2023\/11\/BeA_Home_Hintergrundbild-1-scaled.jpg&#8220; background_position=&#8220;top_center&#8220; global_colors_info=&#8220;{}&#8220;][et_pb_row module_class=&#8220;dn&#8220; _builder_version=&#8220;4.23.4&#8243; _module_preset=&#8220;default&#8220; global_colors_info=&#8220;{}&#8220;][et_pb_column type=&#8220;4_4&#8243; _builder_version=&#8220;4.23.4&#8243; _module_preset=&#8220;default&#8220; global_colors_info=&#8220;{}&#8220;][et_pb_text _builder_version=&#8220;4.25.2&#8243; _module_preset=&#8220;default&#8220; global_colors_info=&#8220;{}&#8220;]<\/p>\n<h1>PODPORA<\/h1>\n<p>[\/et_pb_text][\/et_pb_column][\/et_pb_row][et_pb_row column_structure=&#8220;3_4,1_4&#8243; use_custom_gutter=&#8220;on&#8220; _builder_version=&#8220;4.23.1&#8243; _module_preset=&#8220;default&#8220; global_colors_info=&#8220;{}&#8220;][et_pb_column type=&#8220;3_4&#8243; _builder_version=&#8220;4.23.1&#8243; _module_preset=&#8220;default&#8220; global_colors_info=&#8220;{}&#8220;][et_pb_code _builder_version=&#8220;4.27.2&#8243; _module_preset=&#8220;default&#8220; hover_enabled=&#8220;0&#8243; global_colors_info=&#8220;{}&#8220; sticky_enabled=&#8220;0&#8243;]<\/p>\n<div class=\"support_box_main\"><!-- [et_pb_line_break_holder] -->    <\/p>\n<div class=\"support_box_image_col\"><!-- [et_pb_line_break_holder] -->      <img decoding=\"async\" src=\"\/wp-content\/uploads\/2023\/11\/UNSER-TECHNISCHER-SUPPORT.jpg\"\/><!-- [et_pb_line_break_holder] -->    <\/div>\n<p><!-- [et_pb_line_break_holder] -->    <\/p>\n<div class=\"support_box_text_col\"><!-- [et_pb_line_break_holder] -->        <\/p>\n<h4>Na\u0161e technick\u00e1 podpora<\/h4>\n<p><!-- [et_pb_line_break_holder] -->        <pee>M\u016f\u017eete se spolehnout na na\u0161i technickou podporu, kter\u00e1 v\u00e1m poskytne rychl\u00e1 \u0159e\u0161en\u00ed a odbornou pomoc. N\u00e1\u0161 specializovan\u00fd t\u00fdm je v\u017edy p\u0159ipraven zodpov\u011bd\u011bt technick\u00e9 dotazy, vy\u0159e\u0161it probl\u00e9my a zajistit, abyste z na\u0161ich produkt\u016f z\u00edskali to nejlep\u0161\u00ed.<\/pee><!-- [et_pb_line_break_holder] -->         <pee><a href=\"mailto:marek.stransky@bea-group.com\">Po\u0161lete n\u00e1m e-mail<\/a><!\u2013- [et_pb_br_holder] -\u2013><a href=\"tel:+420725757416\">+420 725 757 416 <\/a><\/pee><!-- [et_pb_line_break_holder] -->    <\/div>\n<p><!-- [et_pb_line_break_holder] --><\/div>\n<p>[\/et_pb_code][et_pb_code _builder_version=&#8220;4.27.2&#8243; _module_preset=&#8220;default&#8220; hover_enabled=&#8220;0&#8243; global_colors_info=&#8220;{}&#8220; sticky_enabled=&#8220;0&#8243;]<\/p>\n<div class=\"support_box_main\"><!-- [et_pb_line_break_holder] -->    <\/p>\n<div class=\"support_box_image_col\"><!-- [et_pb_line_break_holder] -->        <img decoding=\"async\" src=\"\/wp-content\/uploads\/2024\/01\/UNSER-VERTRIEB.jpg\"><!-- [et_pb_line_break_holder] -->    <\/div>\n<p><!-- [et_pb_line_break_holder] -->    <\/p>\n<div class=\"support_box_text_col\"><!-- [et_pb_line_break_holder] -->        <\/p>\n<h4>Na\u0161e distribuce<\/h4>\n<p><!-- [et_pb_line_break_holder] -->        <pee>N\u00e1\u0161 prodejn\u00ed t\u00fdm je va\u0161\u00edm kl\u00ed\u010dov\u00fdm zdrojem pro \u00fasp\u011b\u0161nou spolupr\u00e1ci. D\u00edky odborn\u00fdm znalostem, nasazen\u00ed a jasn\u00e9mu zam\u011b\u0159en\u00ed na va\u0161e pot\u0159eby jsme p\u0159ipraveni poskytnout \u0159e\u0161en\u00ed na m\u00edru.<\/pee><!-- [et_pb_line_break_holder] -->        <pee><a href=\"mailto:marek.stransky@bea-group.com\">Po\u0161lete n\u00e1m e-mail<\/a><!\u2013- [et_pb_br_holder] -\u2013><a href=\"tel:+420725757416\">+420 725 757 416 <\/a><\/pee><!-- [et_pb_line_break_holder] -->    <\/div>\n<p><!-- [et_pb_line_break_holder] --><\/div>\n<p>[\/et_pb_code][et_pb_code _builder_version=&#8220;4.27.2&#8243; _module_preset=&#8220;default&#8220; hover_enabled=&#8220;0&#8243; global_colors_info=&#8220;{}&#8220; sticky_enabled=&#8220;0&#8243;]<\/p>\n<div class=\"support_box_main\"><!-- [et_pb_line_break_holder] -->    <\/p>\n<div class=\"support_box_image_col\">        <!-- [et_pb_line_break_holder] -->            <img decoding=\"async\" src=\"\/wp-content\/uploads\/2023\/11\/BeA_Support_Anwendungsberatung.jpg\"><!-- [et_pb_line_break_holder] -->    <\/div>\n<p><!-- [et_pb_line_break_holder] -->    <\/p>\n<div class=\"support_box_text_col\"><!-- [et_pb_line_break_holder] -->        <\/p>\n<h4>na\u0161e aplika\u010dn\u00ed poradenstv\u00ed<\/h4>\n<p><!-- [et_pb_line_break_holder] -->        <pee>Na\u0161e aplika\u010dn\u00ed poradenstv\u00ed je odborn\u00fdm zdrojem \u0159e\u0161en\u00ed na m\u00edru. D\u00edky hlubok\u00e9mu porozum\u011bn\u00ed va\u0161im po\u017eadavk\u016fm jsme p\u0159ipraveni v\u00e1m poradit, abychom zajistili nejlep\u0161\u00ed mo\u017en\u00e9 vyu\u017eit\u00ed na\u0161ich v\u00fdrobk\u016f ve va\u0161\u00ed konkr\u00e9tn\u00ed aplikaci.<\/pee><!-- [et_pb_line_break_holder] -->        <pee><a href=\"mailto:marek.stransky@bea-group.com\">Po\u0161lete n\u00e1m e-mail<\/a><\/pee><!-- [et_pb_line_break_holder] -->    <\/div>\n<p><!-- [et_pb_line_break_holder] --><\/div>\n<p>[\/et_pb_code][et_pb_code disabled_on=&#8220;on|on|on&#8220; _builder_version=&#8220;4.24.0&#8243; _module_preset=&#8220;default&#8220; disabled=&#8220;on&#8220; global_colors_info=&#8220;{}&#8220;]<\/p>\n<div class=\"support_box_main\"><!-- [et_pb_line_break_holder] -->    <\/p>\n<div class=\"support_box_image_col\"><!-- [et_pb_line_break_holder] -->        <img decoding=\"async\" src=\"\/wp-content\/uploads\/2024\/01\/UNSER-BERECHNUNGSSERVICE.jpg\"><!-- [et_pb_line_break_holder] -->    <\/div>\n<p><!-- [et_pb_line_break_holder] -->    <\/p>\n<div class=\"support_box_text_col\"><!-- [et_pb_line_break_holder] -->        <\/p>\n<h4>our calculation service<\/h4>\n<p><!-- [et_pb_line_break_holder] -->        <pee>If you have any questions about our calculation services, are looking for customised solutions or would simply like to find out more about our innovative services, please do not hesitate to contact us.<\/pee><!-- [et_pb_line_break_holder] -->        <pee><a href=\"mailto:info@bea-group.com\">Send us an e-mail<\/a><\/pee><!-- [et_pb_line_break_holder] -->    <\/div>\n<p><!-- [et_pb_line_break_holder] --><\/div>\n<p>[\/et_pb_code][\/et_pb_column][et_pb_column type=&#8220;1_4&#8243; _builder_version=&#8220;4.23.1&#8243; _module_preset=&#8220;default&#8220; global_colors_info=&#8220;{}&#8220;][et_pb_code module_class=&#8220;support_sidebar_boxes white_text sidebar_blue_boxes&#8220; _builder_version=&#8220;4.27.2&#8243; _module_preset=&#8220;default&#8220; hover_enabled=&#8220;0&#8243; global_colors_info=&#8220;{}&#8220; disabled_on=&#8220;on|on|on&#8220; disabled=&#8220;on&#8220; sticky_enabled=&#8220;0&#8243;]<\/p>\n<h2>Z\u00c1KAZN\u00cdK <br class=\"dn_b980\">SERVIS <br class=\"dn_b980\">CENTER<\/h2>\n<p><!-- [et_pb_line_break_holder] --><\/p>\n<h4>420 725 757 416<\/h4>\n<p><!-- [et_pb_line_break_holder] --><pee>Na\u0161e centrum slu\u017eeb z\u00e1kazn\u00edk\u016fm je v\u00edce ne\u017e jen hork\u00e1 linka &#8211; je to va\u0161e p\u0159\u00edm\u00e9 spojen\u00ed s prvot\u0159\u00eddn\u00edm servisem. S odborn\u00fdmi znalostmi a nasazen\u00edm jsme v\u00e1m k dispozici, abychom efektivn\u011b vy\u0159e\u0161ili va\u0161e probl\u00e9my.<\/pee><!-- [et_pb_line_break_holder] --><!-- [et_pb_line_break_holder] --><\/p>\n<h2>EASY <br class=\"dn_b980\">WAY <br class=\"dn_b980\">HOTLINE<\/h2>\n<p><!-- [et_pb_line_break_holder] --><\/p>\n<h4>420 725 757 416<\/h4>\n<p><!-- [et_pb_line_break_holder] --><pee>Hork\u00e1 linka Easy Way je p\u0159\u00edmou linkou k jednoduch\u00fdm \u0159e\u0161en\u00edm. A\u0165 u\u017e m\u00e1te dotazy, pot\u0159ebujete podporu nebo \u0159e\u0161\u00edte probl\u00e9my &#8211; jsme tu, abychom v\u00e1m nab\u00eddli nejjednodu\u0161\u0161\u00ed cestu.<\/pee>[\/et_pb_code][\/et_pb_column][\/et_pb_row][\/et_pb_section]<\/p>\n","protected":false},"excerpt":{"rendered":"<p>PODPORA<\/p>\n","protected":false},"author":3,"featured_media":0,"parent":0,"menu_order":0,"comment_status":"closed","ping_status":"closed","template":"","meta":{"_et_pb_use_builder":"on","_et_pb_old_content":"","_et_gb_content_width":"","footnotes":""},"class_list":["post-60430","page","type-page","status-publish","hentry"],"yoast_head":"<!-- This site is optimized with the Yoast SEO plugin v27.3 - https:\/\/yoast.com\/product\/yoast-seo-wordpress\/ -->\n<title>Bea Podpora - BeA GmbH<\/title>\n<meta name=\"description\" content=\"M\u016f\u017eete se spolehnout na na\u0161i technickou podporu, kter\u00e1 v\u00e1m poskytne rychl\u00e1 \u0159e\u0161en\u00ed a odbornou pomoc. N\u00e1\u0161 specializovan\u00fd t\u00fdm je v\u017edy p\u0159ipraven zodpov\u011bd\u011bt technick\u00e9 dotazy.\" \/>\n<meta name=\"robots\" content=\"index, follow, max-snippet:-1, max-image-preview:large, max-video-preview:-1\" \/>\n<link rel=\"canonical\" href=\"https:\/\/www.bea-group.com\/cs\/bea-podpora\/\" \/>\n<meta property=\"og:locale\" content=\"cs_CZ\" \/>\n<meta property=\"og:type\" content=\"article\" \/>\n<meta property=\"og:title\" content=\"Bea Podpora - BeA GmbH\" \/>\n<meta property=\"og:description\" content=\"M\u016f\u017eete se spolehnout na na\u0161i technickou podporu, kter\u00e1 v\u00e1m poskytne rychl\u00e1 \u0159e\u0161en\u00ed a odbornou pomoc. N\u00e1\u0161 specializovan\u00fd t\u00fdm je v\u017edy p\u0159ipraven zodpov\u011bd\u011bt technick\u00e9 dotazy.\" \/>\n<meta property=\"og:url\" content=\"https:\/\/www.bea-group.com\/cs\/bea-podpora\/\" \/>\n<meta property=\"og:site_name\" content=\"BeA GmbH\" \/>\n<meta property=\"article:modified_time\" content=\"2024-10-15T08:57:29+00:00\" \/>\n<meta name=\"twitter:card\" content=\"summary_large_image\" \/>\n<meta name=\"twitter:label1\" content=\"Odhadovan\u00e1 doba \u010dten\u00ed\" \/>\n\t<meta name=\"twitter:data1\" content=\"2 minuty\" \/>\n<script type=\"application\/ld+json\" class=\"yoast-schema-graph\">{\"@context\":\"https:\\\/\\\/schema.org\",\"@graph\":[{\"@type\":\"WebPage\",\"@id\":\"https:\\\/\\\/www.bea-group.com\\\/cs\\\/bea-podpora\\\/\",\"url\":\"https:\\\/\\\/www.bea-group.com\\\/cs\\\/bea-podpora\\\/\",\"name\":\"Bea Podpora - BeA GmbH\",\"isPartOf\":{\"@id\":\"https:\\\/\\\/www.bea-group.com\\\/cs\\\/#website\"},\"datePublished\":\"2024-10-09T11:24:20+00:00\",\"dateModified\":\"2024-10-15T08:57:29+00:00\",\"description\":\"M\u016f\u017eete se spolehnout na na\u0161i technickou podporu, kter\u00e1 v\u00e1m poskytne rychl\u00e1 \u0159e\u0161en\u00ed a odbornou pomoc. N\u00e1\u0161 specializovan\u00fd t\u00fdm je v\u017edy p\u0159ipraven zodpov\u011bd\u011bt technick\u00e9 dotazy.\",\"breadcrumb\":{\"@id\":\"https:\\\/\\\/www.bea-group.com\\\/cs\\\/bea-podpora\\\/#breadcrumb\"},\"inLanguage\":\"cs\",\"potentialAction\":[{\"@type\":\"ReadAction\",\"target\":[\"https:\\\/\\\/www.bea-group.com\\\/cs\\\/bea-podpora\\\/\"]}]},{\"@type\":\"BreadcrumbList\",\"@id\":\"https:\\\/\\\/www.bea-group.com\\\/cs\\\/bea-podpora\\\/#breadcrumb\",\"itemListElement\":[{\"@type\":\"ListItem\",\"position\":1,\"name\":\"Startseite\",\"item\":\"https:\\\/\\\/www.bea-group.com\\\/cs\\\/\"},{\"@type\":\"ListItem\",\"position\":2,\"name\":\"Bea Podpora\"}]},{\"@type\":\"WebSite\",\"@id\":\"https:\\\/\\\/www.bea-group.com\\\/cs\\\/#website\",\"url\":\"https:\\\/\\\/www.bea-group.com\\\/cs\\\/\",\"name\":\"BeA GmbH\",\"description\":\"FASTENING TECHNOLOGIES FOR FUTURE GENERATIONS\",\"potentialAction\":[{\"@type\":\"SearchAction\",\"target\":{\"@type\":\"EntryPoint\",\"urlTemplate\":\"https:\\\/\\\/www.bea-group.com\\\/cs\\\/?s={search_term_string}\"},\"query-input\":{\"@type\":\"PropertyValueSpecification\",\"valueRequired\":true,\"valueName\":\"search_term_string\"}}],\"inLanguage\":\"cs\"}]}<\/script>\n<!-- \/ Yoast SEO plugin. -->","yoast_head_json":{"title":"Bea Podpora - BeA GmbH","description":"M\u016f\u017eete se spolehnout na na\u0161i technickou podporu, kter\u00e1 v\u00e1m poskytne rychl\u00e1 \u0159e\u0161en\u00ed a odbornou pomoc. N\u00e1\u0161 specializovan\u00fd t\u00fdm je v\u017edy p\u0159ipraven zodpov\u011bd\u011bt technick\u00e9 dotazy.","robots":{"index":"index","follow":"follow","max-snippet":"max-snippet:-1","max-image-preview":"max-image-preview:large","max-video-preview":"max-video-preview:-1"},"canonical":"https:\/\/www.bea-group.com\/cs\/bea-podpora\/","og_locale":"cs_CZ","og_type":"article","og_title":"Bea Podpora - BeA GmbH","og_description":"M\u016f\u017eete se spolehnout na na\u0161i technickou podporu, kter\u00e1 v\u00e1m poskytne rychl\u00e1 \u0159e\u0161en\u00ed a odbornou pomoc. N\u00e1\u0161 specializovan\u00fd t\u00fdm je v\u017edy p\u0159ipraven zodpov\u011bd\u011bt technick\u00e9 dotazy.","og_url":"https:\/\/www.bea-group.com\/cs\/bea-podpora\/","og_site_name":"BeA GmbH","article_modified_time":"2024-10-15T08:57:29+00:00","twitter_card":"summary_large_image","twitter_misc":{"Odhadovan\u00e1 doba \u010dten\u00ed":"2 minuty"},"schema":{"@context":"https:\/\/schema.org","@graph":[{"@type":"WebPage","@id":"https:\/\/www.bea-group.com\/cs\/bea-podpora\/","url":"https:\/\/www.bea-group.com\/cs\/bea-podpora\/","name":"Bea Podpora - BeA GmbH","isPartOf":{"@id":"https:\/\/www.bea-group.com\/cs\/#website"},"datePublished":"2024-10-09T11:24:20+00:00","dateModified":"2024-10-15T08:57:29+00:00","description":"M\u016f\u017eete se spolehnout na na\u0161i technickou podporu, kter\u00e1 v\u00e1m poskytne rychl\u00e1 \u0159e\u0161en\u00ed a odbornou pomoc. N\u00e1\u0161 specializovan\u00fd t\u00fdm je v\u017edy p\u0159ipraven zodpov\u011bd\u011bt technick\u00e9 dotazy.","breadcrumb":{"@id":"https:\/\/www.bea-group.com\/cs\/bea-podpora\/#breadcrumb"},"inLanguage":"cs","potentialAction":[{"@type":"ReadAction","target":["https:\/\/www.bea-group.com\/cs\/bea-podpora\/"]}]},{"@type":"BreadcrumbList","@id":"https:\/\/www.bea-group.com\/cs\/bea-podpora\/#breadcrumb","itemListElement":[{"@type":"ListItem","position":1,"name":"Startseite","item":"https:\/\/www.bea-group.com\/cs\/"},{"@type":"ListItem","position":2,"name":"Bea Podpora"}]},{"@type":"WebSite","@id":"https:\/\/www.bea-group.com\/cs\/#website","url":"https:\/\/www.bea-group.com\/cs\/","name":"BeA GmbH","description":"FASTENING TECHNOLOGIES FOR FUTURE GENERATIONS","potentialAction":[{"@type":"SearchAction","target":{"@type":"EntryPoint","urlTemplate":"https:\/\/www.bea-group.com\/cs\/?s={search_term_string}"},"query-input":{"@type":"PropertyValueSpecification","valueRequired":true,"valueName":"search_term_string"}}],"inLanguage":"cs"}]}},"_links":{"self":[{"href":"https:\/\/www.bea-group.com\/cs\/wp-json\/wp\/v2\/pages\/60430","targetHints":{"allow":["GET"]}}],"collection":[{"href":"https:\/\/www.bea-group.com\/cs\/wp-json\/wp\/v2\/pages"}],"about":[{"href":"https:\/\/www.bea-group.com\/cs\/wp-json\/wp\/v2\/types\/page"}],"author":[{"embeddable":true,"href":"https:\/\/www.bea-group.com\/cs\/wp-json\/wp\/v2\/users\/3"}],"replies":[{"embeddable":true,"href":"https:\/\/www.bea-group.com\/cs\/wp-json\/wp\/v2\/comments?post=60430"}],"version-history":[{"count":3,"href":"https:\/\/www.bea-group.com\/cs\/wp-json\/wp\/v2\/pages\/60430\/revisions"}],"predecessor-version":[{"id":60883,"href":"https:\/\/www.bea-group.com\/cs\/wp-json\/wp\/v2\/pages\/60430\/revisions\/60883"}],"wp:attachment":[{"href":"https:\/\/www.bea-group.com\/cs\/wp-json\/wp\/v2\/media?parent=60430"}],"curies":[{"name":"wp","href":"https:\/\/api.w.org\/{rel}","templated":true}]}}