{"id":60456,"date":"2024-10-09T13:40:28","date_gmt":"2024-10-09T11:40:28","guid":{"rendered":"https:\/\/www.bea-group.com\/?page_id=60456"},"modified":"2025-04-28T10:52:47","modified_gmt":"2025-04-28T08:52:47","slug":"firemni-udaje","status":"publish","type":"page","link":"https:\/\/www.bea-group.com\/cs\/firemni-udaje\/","title":{"rendered":"Firemn\u00ed \u00fadaje"},"content":{"rendered":"<p>[et_pb_section fb_built=&#8220;1&#8243; module_class=&#8220;impress_page h1-class h1&#8243; _builder_version=&#8220;4.23.1&#8243; use_background_color_gradient=&#8220;on&#8220; background_color_gradient_stops=&#8220;rgba(0,26,43,0.8) 0%|rgba(0,26,43,0.8) 100%&#8220; background_color_gradient_overlays_image=&#8220;on&#8220; background_color_gradient_start=&#8220;rgba(0,0,0,0.5)&#8220; background_color_gradient_end=&#8220;rgba(0,0,0,0.5)&#8220; background_image=&#8220;https:\/\/www.bea-group.com\/wp-content\/uploads\/2023\/11\/secondary_header_company.jpg&#8220; background_position=&#8220;top_center&#8220; vertical_offset_tablet=&#8220;0&#8243; horizontal_offset_tablet=&#8220;0&#8243; box_shadow_horizontal_tablet=&#8220;0px&#8220; box_shadow_vertical_tablet=&#8220;0px&#8220; box_shadow_blur_tablet=&#8220;40px&#8220; box_shadow_spread_tablet=&#8220;0px&#8220; global_colors_info=&#8220;{}&#8220;][\/et_pb_section][et_pb_section fb_built=&#8220;1&#8243; module_class=&#8220;impress_page&#8220; _builder_version=&#8220;4.23.1&#8243; vertical_offset_tablet=&#8220;0&#8243; horizontal_offset_tablet=&#8220;0&#8243; box_shadow_horizontal_tablet=&#8220;0px&#8220; box_shadow_vertical_tablet=&#8220;0px&#8220; box_shadow_blur_tablet=&#8220;40px&#8220; box_shadow_spread_tablet=&#8220;0px&#8220; global_colors_info=&#8220;{}&#8220;][et_pb_row _builder_version=&#8220;4.23.1&#8243; vertical_offset_tablet=&#8220;0&#8243; horizontal_offset_tablet=&#8220;0&#8243; z_index_tablet=&#8220;0&#8243; box_shadow_horizontal_tablet=&#8220;0px&#8220; box_shadow_vertical_tablet=&#8220;0px&#8220; box_shadow_blur_tablet=&#8220;40px&#8220; box_shadow_spread_tablet=&#8220;0px&#8220; global_colors_info=&#8220;{}&#8220;][et_pb_column type=&#8220;4_4&#8243; _builder_version=&#8220;4.16&#8243; custom_padding=&#8220;|||&#8220; global_colors_info=&#8220;{}&#8220; custom_padding__hover=&#8220;|||&#8220;][et_pb_text _builder_version=&#8220;4.27.4&#8243; text_line_height=&#8220;1.6em&#8220; header_font=&#8220;|600|||||||&#8220; header_2_font=&#8220;|600|||||||&#8220; header_2_font_size=&#8220;21px&#8220; vertical_offset_tablet=&#8220;0&#8243; horizontal_offset_tablet=&#8220;0&#8243; hover_enabled=&#8220;0&#8243; z_index_tablet=&#8220;0&#8243; text_text_shadow_horizontal_length_tablet=&#8220;0px&#8220; text_text_shadow_vertical_length_tablet=&#8220;0px&#8220; text_text_shadow_blur_strength_tablet=&#8220;1px&#8220; link_text_shadow_horizontal_length_tablet=&#8220;0px&#8220; link_text_shadow_vertical_length_tablet=&#8220;0px&#8220; link_text_shadow_blur_strength_tablet=&#8220;1px&#8220; ul_text_shadow_horizontal_length_tablet=&#8220;0px&#8220; ul_text_shadow_vertical_length_tablet=&#8220;0px&#8220; ul_text_shadow_blur_strength_tablet=&#8220;1px&#8220; ol_text_shadow_horizontal_length_tablet=&#8220;0px&#8220; ol_text_shadow_vertical_length_tablet=&#8220;0px&#8220; ol_text_shadow_blur_strength_tablet=&#8220;1px&#8220; quote_text_shadow_horizontal_length_tablet=&#8220;0px&#8220; quote_text_shadow_vertical_length_tablet=&#8220;0px&#8220; quote_text_shadow_blur_strength_tablet=&#8220;1px&#8220; header_text_shadow_horizontal_length_tablet=&#8220;0px&#8220; header_text_shadow_vertical_length_tablet=&#8220;0px&#8220; header_text_shadow_blur_strength_tablet=&#8220;1px&#8220; header_2_text_shadow_horizontal_length_tablet=&#8220;0px&#8220; header_2_text_shadow_vertical_length_tablet=&#8220;0px&#8220; header_2_text_shadow_blur_strength_tablet=&#8220;1px&#8220; header_3_text_shadow_horizontal_length_tablet=&#8220;0px&#8220; header_3_text_shadow_vertical_length_tablet=&#8220;0px&#8220; header_3_text_shadow_blur_strength_tablet=&#8220;1px&#8220; header_4_text_shadow_horizontal_length_tablet=&#8220;0px&#8220; header_4_text_shadow_vertical_length_tablet=&#8220;0px&#8220; header_4_text_shadow_blur_strength_tablet=&#8220;1px&#8220; header_5_text_shadow_horizontal_length_tablet=&#8220;0px&#8220; header_5_text_shadow_vertical_length_tablet=&#8220;0px&#8220; header_5_text_shadow_blur_strength_tablet=&#8220;1px&#8220; header_6_text_shadow_horizontal_length_tablet=&#8220;0px&#8220; header_6_text_shadow_vertical_length_tablet=&#8220;0px&#8220; header_6_text_shadow_blur_strength_tablet=&#8220;1px&#8220; box_shadow_horizontal_tablet=&#8220;0px&#8220; box_shadow_vertical_tablet=&#8220;0px&#8220; box_shadow_blur_tablet=&#8220;40px&#8220; box_shadow_spread_tablet=&#8220;0px&#8220; global_colors_info=&#8220;{}&#8220; sticky_enabled=&#8220;0&#8243;]<\/p>\n<h1>BeA CS, spol. s r.o.<\/h1>\n<p>Management:<br \/>Statut\u00e1rn\u00ed org\u00e1n (jednatel\u00e9)<br \/>Mgr. Pavel Such\u00e1nek, Ing. Petr Gryga<\/p>\n<p><strong>Identifika\u010dn\u00ed \u00fadaje<\/strong><br \/><strong>I\u010cO: 44795637<br \/>DI\u010c: CZ44795637<\/strong><br \/>Obchodn\u00ed rejst\u0159\u00edk KOS Praha odd\u00edl C, vlo\u017eka 5832<\/p>\n<p><strong>Adresa<\/strong><br \/>BeA CS, spol. s r. o.<br \/>Nad Rokytkou 24<br \/>190 12 Praha 9 \u2013 Doln\u00ed Po\u010dernice<br \/>\u010cesk\u00e1 republika<\/p>\n<p>Tel.: <a href=\"tel:+420281091351\" target=\"_blank \" rel=\"noopener noreferrer\">+420 281 091 351<\/a><br \/>E-Mail: <a href=\"mailto:info-CZ@BeA-Group.com\" target=\"_blank\" rel=\"noopener noreferrer\">: info-CZ@BeA-Group.com<\/a><\/p>\n<p>Webmaster: webmaster@BeA-group.com<br \/>Website created by Seiten-Werk GmbH<\/p>\n<h2>S v\u00fdhradou chyb<\/h2>\n<p>Spole\u010dnosti BeA GmbH a BeA CS, spol. s r. o. sestavuj\u00ed obsah t\u011bchto webov\u00fdch str\u00e1nek s velkou p\u00e9\u010d\u00ed a dbaj\u00ed na jejich pravidelnou aktualizaci. P\u016fvodn\u00ed informace slou\u017e\u00ed pouze jako nez\u00e1vazn\u00e9 obecn\u00e9 informace a nenahrazuj\u00ed individu\u00e1ln\u00ed poradenstv\u00ed. Chyby, nap\u0159\u00edklad p\u0159i uv\u00e1d\u011bn\u00ed technick\u00fdch \u00fadaj\u016f, nelze vylou\u010dit. V\u00fdslovn\u011b si vyhrazujeme pr\u00e1vo na technick\u00e9 zm\u011bny v\u00fdrobk\u016f nebo odchylky dod\u00e1van\u00e9ho zbo\u017e\u00ed od vyobrazen\u00ed na t\u011bchto webov\u00fdch str\u00e1nk\u00e1ch. Spole\u010dnost BeA vylu\u010duje jakoukoli odpov\u011bdnost za \u0161kody, kter\u00e9 vzniknou p\u0159\u00edmo nebo nep\u0159\u00edmo v d\u016fsledku pou\u017e\u00edv\u00e1n\u00ed t\u011bchto webov\u00fdch str\u00e1nek, pokud nejsou zp\u016fsobeny \u00famysln\u011b nebo hrubou nedbalost\u00ed ze strany spole\u010dnosti BeA.<\/p>\n<h2>Autorsk\u00e1 pr\u00e1va<\/h2>\n<p>Autorsk\u00e1 pr\u00e1va a ve\u0161ker\u00e1 dal\u0161\u00ed pr\u00e1va k obsahu, obr\u00e1zk\u016fm, fotografi\u00edm nebo jin\u00fdm soubor\u016fm na webov\u00fdch str\u00e1nk\u00e1ch n\u00e1le\u017e\u00ed v\u00fdhradn\u011b spole\u010dnostem BeA GmbH, BeA CS, spol. s r. o. nebo konkr\u00e9tn\u011b uveden\u00fdm dr\u017eitel\u016fm pr\u00e1v. Pro reprodukci jak\u00e9koli \u010d\u00e1sti tohoto webu je t\u0159eba p\u0159edem z\u00edskat p\u00edsemn\u00fd souhlas dr\u017eitele autorsk\u00fdch pr\u00e1v.<\/p>\n<h2>Pou\u017eit\u00fd obrazov\u00fd materi\u00e1l je chr\u00e1n\u011bn autorsk\u00fdmi pr\u00e1vy a byl licencov\u00e1n nebo poskytnut smluvn\u011b.<\/h2>\n<p>https:\/\/stock. adobe.com\/<\/p>\n<p>\u00a9 Viglietti\/peopleimages.com, \u00a9 Ticha<\/p>\n<p>[\/et_pb_text][\/et_pb_column][\/et_pb_row][\/et_pb_section]<\/p>\n","protected":false},"excerpt":{"rendered":"<p>BeA CS, spol. s r.o. Management:Statut\u00e1rn\u00ed org\u00e1n (jednatel\u00e9)Mgr. Pavel Such\u00e1nek, Ing. Petr Gryga Identifika\u010dn\u00ed \u00fadajeI\u010cO: 44795637DI\u010c: CZ44795637Obchodn\u00ed rejst\u0159\u00edk KOS Praha odd\u00edl C, vlo\u017eka 5832 AdresaBeA CS, spol. s r. o.Nad Rokytkou 24190 12 Praha 9 \u2013 Doln\u00ed Po\u010dernice\u010cesk\u00e1 republika Tel.: +420 281 091 351E-Mail: : info-CZ@BeA-Group.com Webmaster: webmaster@BeA-group.comWebsite created by Seiten-Werk GmbH S v\u00fdhradou chyb [&hellip;]<\/p>\n","protected":false},"author":3,"featured_media":0,"parent":0,"menu_order":0,"comment_status":"closed","ping_status":"closed","template":"","meta":{"_et_pb_use_builder":"on","_et_pb_old_content":"","_et_gb_content_width":"","footnotes":""},"class_list":["post-60456","page","type-page","status-publish","hentry"],"yoast_head":"<!-- This site is optimized with the Yoast SEO plugin v27.5 - https:\/\/yoast.com\/product\/yoast-seo-wordpress\/ -->\n<title>Firemn\u00ed \u00fadaje - BeA GmbH<\/title>\n<meta name=\"description\" content=\"Spole\u010dnost BeA GmbH pe\u010dliv\u011b sestavuje obsah t\u011bchto webov\u00fdch str\u00e1nek a db\u00e1 na jejich pravidelnou aktualizaci.\" \/>\n<meta name=\"robots\" content=\"index, follow, max-snippet:-1, max-image-preview:large, max-video-preview:-1\" \/>\n<link rel=\"canonical\" href=\"https:\/\/www.bea-group.com\/cs\/firemni-udaje\/\" \/>\n<meta property=\"og:locale\" content=\"cs_CZ\" \/>\n<meta property=\"og:type\" content=\"article\" \/>\n<meta property=\"og:title\" content=\"Firemn\u00ed \u00fadaje - BeA GmbH\" \/>\n<meta property=\"og:description\" content=\"Spole\u010dnost BeA GmbH pe\u010dliv\u011b sestavuje obsah t\u011bchto webov\u00fdch str\u00e1nek a db\u00e1 na jejich pravidelnou aktualizaci.\" \/>\n<meta property=\"og:url\" content=\"https:\/\/www.bea-group.com\/cs\/firemni-udaje\/\" \/>\n<meta property=\"og:site_name\" content=\"BeA GmbH\" \/>\n<meta property=\"article:modified_time\" content=\"2025-04-28T08:52:47+00:00\" \/>\n<meta name=\"twitter:card\" content=\"summary_large_image\" \/>\n<meta name=\"twitter:label1\" content=\"Odhadovan\u00e1 doba \u010dten\u00ed\" \/>\n\t<meta name=\"twitter:data1\" content=\"1 minuta\" \/>\n<script type=\"application\/ld+json\" class=\"yoast-schema-graph\">{\"@context\":\"https:\\\/\\\/schema.org\",\"@graph\":[{\"@type\":\"WebPage\",\"@id\":\"https:\\\/\\\/www.bea-group.com\\\/cs\\\/firemni-udaje\\\/\",\"url\":\"https:\\\/\\\/www.bea-group.com\\\/cs\\\/firemni-udaje\\\/\",\"name\":\"Firemn\u00ed \u00fadaje - BeA GmbH\",\"isPartOf\":{\"@id\":\"https:\\\/\\\/www.bea-group.com\\\/cs\\\/#website\"},\"datePublished\":\"2024-10-09T11:40:28+00:00\",\"dateModified\":\"2025-04-28T08:52:47+00:00\",\"description\":\"Spole\u010dnost BeA GmbH pe\u010dliv\u011b sestavuje obsah t\u011bchto webov\u00fdch str\u00e1nek a db\u00e1 na jejich pravidelnou aktualizaci.\",\"breadcrumb\":{\"@id\":\"https:\\\/\\\/www.bea-group.com\\\/cs\\\/firemni-udaje\\\/#breadcrumb\"},\"inLanguage\":\"cs\",\"potentialAction\":[{\"@type\":\"ReadAction\",\"target\":[\"https:\\\/\\\/www.bea-group.com\\\/cs\\\/firemni-udaje\\\/\"]}]},{\"@type\":\"BreadcrumbList\",\"@id\":\"https:\\\/\\\/www.bea-group.com\\\/cs\\\/firemni-udaje\\\/#breadcrumb\",\"itemListElement\":[{\"@type\":\"ListItem\",\"position\":1,\"name\":\"Startseite\",\"item\":\"https:\\\/\\\/www.bea-group.com\\\/cs\\\/\"},{\"@type\":\"ListItem\",\"position\":2,\"name\":\"Firemn\u00ed \u00fadaje\"}]},{\"@type\":\"WebSite\",\"@id\":\"https:\\\/\\\/www.bea-group.com\\\/cs\\\/#website\",\"url\":\"https:\\\/\\\/www.bea-group.com\\\/cs\\\/\",\"name\":\"BeA GmbH\",\"description\":\"FASTENING TECHNOLOGIES FOR FUTURE GENERATIONS\",\"potentialAction\":[{\"@type\":\"SearchAction\",\"target\":{\"@type\":\"EntryPoint\",\"urlTemplate\":\"https:\\\/\\\/www.bea-group.com\\\/cs\\\/?s={search_term_string}\"},\"query-input\":{\"@type\":\"PropertyValueSpecification\",\"valueRequired\":true,\"valueName\":\"search_term_string\"}}],\"inLanguage\":\"cs\"}]}<\/script>\n<!-- \/ Yoast SEO plugin. -->","yoast_head_json":{"title":"Firemn\u00ed \u00fadaje - BeA GmbH","description":"Spole\u010dnost BeA GmbH pe\u010dliv\u011b sestavuje obsah t\u011bchto webov\u00fdch str\u00e1nek a db\u00e1 na jejich pravidelnou aktualizaci.","robots":{"index":"index","follow":"follow","max-snippet":"max-snippet:-1","max-image-preview":"max-image-preview:large","max-video-preview":"max-video-preview:-1"},"canonical":"https:\/\/www.bea-group.com\/cs\/firemni-udaje\/","og_locale":"cs_CZ","og_type":"article","og_title":"Firemn\u00ed \u00fadaje - BeA GmbH","og_description":"Spole\u010dnost BeA GmbH pe\u010dliv\u011b sestavuje obsah t\u011bchto webov\u00fdch str\u00e1nek a db\u00e1 na jejich pravidelnou aktualizaci.","og_url":"https:\/\/www.bea-group.com\/cs\/firemni-udaje\/","og_site_name":"BeA GmbH","article_modified_time":"2025-04-28T08:52:47+00:00","twitter_card":"summary_large_image","twitter_misc":{"Odhadovan\u00e1 doba \u010dten\u00ed":"1 minuta"},"schema":{"@context":"https:\/\/schema.org","@graph":[{"@type":"WebPage","@id":"https:\/\/www.bea-group.com\/cs\/firemni-udaje\/","url":"https:\/\/www.bea-group.com\/cs\/firemni-udaje\/","name":"Firemn\u00ed \u00fadaje - BeA GmbH","isPartOf":{"@id":"https:\/\/www.bea-group.com\/cs\/#website"},"datePublished":"2024-10-09T11:40:28+00:00","dateModified":"2025-04-28T08:52:47+00:00","description":"Spole\u010dnost BeA GmbH pe\u010dliv\u011b sestavuje obsah t\u011bchto webov\u00fdch str\u00e1nek a db\u00e1 na jejich pravidelnou aktualizaci.","breadcrumb":{"@id":"https:\/\/www.bea-group.com\/cs\/firemni-udaje\/#breadcrumb"},"inLanguage":"cs","potentialAction":[{"@type":"ReadAction","target":["https:\/\/www.bea-group.com\/cs\/firemni-udaje\/"]}]},{"@type":"BreadcrumbList","@id":"https:\/\/www.bea-group.com\/cs\/firemni-udaje\/#breadcrumb","itemListElement":[{"@type":"ListItem","position":1,"name":"Startseite","item":"https:\/\/www.bea-group.com\/cs\/"},{"@type":"ListItem","position":2,"name":"Firemn\u00ed \u00fadaje"}]},{"@type":"WebSite","@id":"https:\/\/www.bea-group.com\/cs\/#website","url":"https:\/\/www.bea-group.com\/cs\/","name":"BeA GmbH","description":"FASTENING TECHNOLOGIES FOR FUTURE GENERATIONS","potentialAction":[{"@type":"SearchAction","target":{"@type":"EntryPoint","urlTemplate":"https:\/\/www.bea-group.com\/cs\/?s={search_term_string}"},"query-input":{"@type":"PropertyValueSpecification","valueRequired":true,"valueName":"search_term_string"}}],"inLanguage":"cs"}]}},"_links":{"self":[{"href":"https:\/\/www.bea-group.com\/cs\/wp-json\/wp\/v2\/pages\/60456","targetHints":{"allow":["GET"]}}],"collection":[{"href":"https:\/\/www.bea-group.com\/cs\/wp-json\/wp\/v2\/pages"}],"about":[{"href":"https:\/\/www.bea-group.com\/cs\/wp-json\/wp\/v2\/types\/page"}],"author":[{"embeddable":true,"href":"https:\/\/www.bea-group.com\/cs\/wp-json\/wp\/v2\/users\/3"}],"replies":[{"embeddable":true,"href":"https:\/\/www.bea-group.com\/cs\/wp-json\/wp\/v2\/comments?post=60456"}],"version-history":[{"count":9,"href":"https:\/\/www.bea-group.com\/cs\/wp-json\/wp\/v2\/pages\/60456\/revisions"}],"predecessor-version":[{"id":61854,"href":"https:\/\/www.bea-group.com\/cs\/wp-json\/wp\/v2\/pages\/60456\/revisions\/61854"}],"wp:attachment":[{"href":"https:\/\/www.bea-group.com\/cs\/wp-json\/wp\/v2\/media?parent=60456"}],"curies":[{"name":"wp","href":"https:\/\/api.w.org\/{rel}","templated":true}]}}