{"id":60576,"date":"2024-10-09T14:33:30","date_gmt":"2024-10-09T12:33:30","guid":{"rendered":"https:\/\/www.bea-group.com\/?page_id=60576"},"modified":"2024-10-09T14:33:35","modified_gmt":"2024-10-09T12:33:35","slug":"ceska-republika","status":"publish","type":"page","link":"https:\/\/www.bea-group.com\/cs\/ceska-republika\/","title":{"rendered":"\u010cesk\u00e1 republika"},"content":{"rendered":"<p>[et_pb_section fb_built=&#8220;1&#8243; module_class=&#8220;impress_page h1-class h1&#8243; _builder_version=&#8220;4.23.1&#8243; use_background_color_gradient=&#8220;on&#8220; background_color_gradient_stops=&#8220;rgba(0,26,43,0.8) 0%|rgba(0,26,43,0.8) 100%&#8220; background_color_gradient_overlays_image=&#8220;on&#8220; background_color_gradient_start=&#8220;rgba(0,0,0,0.5)&#8220; background_color_gradient_end=&#8220;rgba(0,0,0,0.5)&#8220; background_image=&#8220;https:\/\/www.bea-group.com\/wp-content\/uploads\/2023\/11\/secondary_header_company.jpg&#8220; background_position=&#8220;top_center&#8220; vertical_offset_tablet=&#8220;0&#8243; horizontal_offset_tablet=&#8220;0&#8243; box_shadow_horizontal_tablet=&#8220;0px&#8220; box_shadow_vertical_tablet=&#8220;0px&#8220; box_shadow_blur_tablet=&#8220;40px&#8220; box_shadow_spread_tablet=&#8220;0px&#8220; global_colors_info=&#8220;{}&#8220; theme_builder_area=&#8220;post_content&#8220;][\/et_pb_section][et_pb_section fb_built=&#8220;1&#8243; module_class=&#8220;impress_page&#8220; _builder_version=&#8220;4.23.1&#8243; vertical_offset_tablet=&#8220;0&#8243; horizontal_offset_tablet=&#8220;0&#8243; box_shadow_horizontal_tablet=&#8220;0px&#8220; box_shadow_vertical_tablet=&#8220;0px&#8220; box_shadow_blur_tablet=&#8220;40px&#8220; box_shadow_spread_tablet=&#8220;0px&#8220; global_colors_info=&#8220;{}&#8220; theme_builder_area=&#8220;post_content&#8220;][et_pb_row _builder_version=&#8220;4.23.1&#8243; vertical_offset_tablet=&#8220;0&#8243; horizontal_offset_tablet=&#8220;0&#8243; z_index_tablet=&#8220;0&#8243; box_shadow_horizontal_tablet=&#8220;0px&#8220; box_shadow_vertical_tablet=&#8220;0px&#8220; box_shadow_blur_tablet=&#8220;40px&#8220; box_shadow_spread_tablet=&#8220;0px&#8220; global_colors_info=&#8220;{}&#8220; theme_builder_area=&#8220;post_content&#8220;][et_pb_column type=&#8220;4_4&#8243; _builder_version=&#8220;4.16&#8243; custom_padding=&#8220;|||&#8220; global_colors_info=&#8220;{}&#8220; custom_padding__hover=&#8220;|||&#8220; theme_builder_area=&#8220;post_content&#8220;][et_pb_text _builder_version=&#8220;4.24.1&#8243; text_line_height=&#8220;1.6em&#8220; header_font=&#8220;|600|||||||&#8220; header_2_font=&#8220;|600|||||||&#8220; header_2_font_size=&#8220;21px&#8220; vertical_offset_tablet=&#8220;0&#8243; horizontal_offset_tablet=&#8220;0&#8243; z_index_tablet=&#8220;0&#8243; text_text_shadow_horizontal_length_tablet=&#8220;0px&#8220; text_text_shadow_vertical_length_tablet=&#8220;0px&#8220; text_text_shadow_blur_strength_tablet=&#8220;1px&#8220; link_text_shadow_horizontal_length_tablet=&#8220;0px&#8220; link_text_shadow_vertical_length_tablet=&#8220;0px&#8220; link_text_shadow_blur_strength_tablet=&#8220;1px&#8220; ul_text_shadow_horizontal_length_tablet=&#8220;0px&#8220; ul_text_shadow_vertical_length_tablet=&#8220;0px&#8220; ul_text_shadow_blur_strength_tablet=&#8220;1px&#8220; ol_text_shadow_horizontal_length_tablet=&#8220;0px&#8220; ol_text_shadow_vertical_length_tablet=&#8220;0px&#8220; ol_text_shadow_blur_strength_tablet=&#8220;1px&#8220; quote_text_shadow_horizontal_length_tablet=&#8220;0px&#8220; quote_text_shadow_vertical_length_tablet=&#8220;0px&#8220; quote_text_shadow_blur_strength_tablet=&#8220;1px&#8220; header_text_shadow_horizontal_length_tablet=&#8220;0px&#8220; header_text_shadow_vertical_length_tablet=&#8220;0px&#8220; header_text_shadow_blur_strength_tablet=&#8220;1px&#8220; header_2_text_shadow_horizontal_length_tablet=&#8220;0px&#8220; header_2_text_shadow_vertical_length_tablet=&#8220;0px&#8220; header_2_text_shadow_blur_strength_tablet=&#8220;1px&#8220; header_3_text_shadow_horizontal_length_tablet=&#8220;0px&#8220; header_3_text_shadow_vertical_length_tablet=&#8220;0px&#8220; header_3_text_shadow_blur_strength_tablet=&#8220;1px&#8220; header_4_text_shadow_horizontal_length_tablet=&#8220;0px&#8220; header_4_text_shadow_vertical_length_tablet=&#8220;0px&#8220; header_4_text_shadow_blur_strength_tablet=&#8220;1px&#8220; header_5_text_shadow_horizontal_length_tablet=&#8220;0px&#8220; header_5_text_shadow_vertical_length_tablet=&#8220;0px&#8220; header_5_text_shadow_blur_strength_tablet=&#8220;1px&#8220; header_6_text_shadow_horizontal_length_tablet=&#8220;0px&#8220; header_6_text_shadow_vertical_length_tablet=&#8220;0px&#8220; header_6_text_shadow_blur_strength_tablet=&#8220;1px&#8220; box_shadow_horizontal_tablet=&#8220;0px&#8220; box_shadow_vertical_tablet=&#8220;0px&#8220; box_shadow_blur_tablet=&#8220;40px&#8220; box_shadow_spread_tablet=&#8220;0px&#8220; global_colors_info=&#8220;{}&#8220; theme_builder_area=&#8220;post_content&#8220;]<\/p>\n<h1>BeA CS, spol. s r.o.<\/h1>\n<p>Management,<br \/>\nStatut\u00e1rn\u00ed org\u00e1n (jednatel\u00e9)<br \/>\nMgr. Pavel Suchanek, Ing. Petr Gryga<\/p>\n<h2>Identifika\u010dn\u00ed \u00fadaje<\/h2>\n<p>I\u010cO: 44795637<br \/>\nDI\u010c: CZ44795637<br \/>\nObchodn\u00ed rejst\u0159\u00edk KOS Praha odd\u00edl C, vlo\u017eka 5832<\/p>\n<h2>Adresa<\/h2>\n<p>Nad Rokytkou 24<br \/>\n190 12 Praha 9 &#8211; Doln\u00ed Po\u010dernice<br \/>\nE-mail: <a href=\"mailto:info-CZ@BeA-Group.com\">info-CZ@BeA-Group.com<\/a><\/p>\n<p><a target=\"_blank\" href=\"\/wp-content\/uploads\/2024\/02\/WHISTLEBLOWING.pdf\" rel=\"noopener\">Whistleblowing<\/a>[\/et_pb_text][\/et_pb_column][\/et_pb_row][\/et_pb_section]<\/p>\n","protected":false},"excerpt":{"rendered":"<p>BeA CS, spol. s r.o. Management, Statut\u00e1rn\u00ed org\u00e1n (jednatel\u00e9) Mgr. Pavel Suchanek, Ing. Petr Gryga Identifika\u010dn\u00ed \u00fadaje I\u010cO: 44795637 DI\u010c: CZ44795637 Obchodn\u00ed rejst\u0159\u00edk KOS Praha odd\u00edl C, vlo\u017eka 5832 Adresa Nad Rokytkou 24 190 12 Praha 9 &#8211; Doln\u00ed Po\u010dernice E-mail: info-CZ@BeA-Group.com Whistleblowing<\/p>\n","protected":false},"author":3,"featured_media":0,"parent":0,"menu_order":0,"comment_status":"closed","ping_status":"closed","template":"","meta":{"_et_pb_use_builder":"on","_et_pb_old_content":"","_et_gb_content_width":"","footnotes":""},"class_list":["post-60576","page","type-page","status-publish","hentry"],"yoast_head":"<!-- This site is optimized with the Yoast SEO plugin v27.3 - https:\/\/yoast.com\/product\/yoast-seo-wordpress\/ -->\n<title>\u010cesk\u00e1 republika - BeA GmbH<\/title>\n<meta name=\"description\" content=\"Spole\u010dnost BeA GmbH sestavila obsah t\u011bchto webov\u00fdch str\u00e1nek s maxim\u00e1ln\u00ed p\u00e9\u010d\u00ed a db\u00e1 na jejich pravidelnou aktualizaci.\" \/>\n<meta name=\"robots\" content=\"index, follow, max-snippet:-1, max-image-preview:large, max-video-preview:-1\" \/>\n<link rel=\"canonical\" href=\"https:\/\/www.bea-group.com\/cs\/ceska-republika\/\" \/>\n<meta property=\"og:locale\" content=\"cs_CZ\" \/>\n<meta property=\"og:type\" content=\"article\" \/>\n<meta property=\"og:title\" content=\"\u010cesk\u00e1 republika - BeA GmbH\" \/>\n<meta property=\"og:description\" content=\"Spole\u010dnost BeA GmbH sestavila obsah t\u011bchto webov\u00fdch str\u00e1nek s maxim\u00e1ln\u00ed p\u00e9\u010d\u00ed a db\u00e1 na jejich pravidelnou aktualizaci.\" \/>\n<meta property=\"og:url\" content=\"https:\/\/www.bea-group.com\/cs\/ceska-republika\/\" \/>\n<meta property=\"og:site_name\" content=\"BeA GmbH\" \/>\n<meta property=\"article:modified_time\" content=\"2024-10-09T12:33:35+00:00\" \/>\n<meta name=\"twitter:card\" content=\"summary_large_image\" \/>\n<meta name=\"twitter:label1\" content=\"Odhadovan\u00e1 doba \u010dten\u00ed\" \/>\n\t<meta name=\"twitter:data1\" content=\"1 minuta\" \/>\n<script type=\"application\/ld+json\" class=\"yoast-schema-graph\">{\"@context\":\"https:\\\/\\\/schema.org\",\"@graph\":[{\"@type\":\"WebPage\",\"@id\":\"https:\\\/\\\/www.bea-group.com\\\/cs\\\/ceska-republika\\\/\",\"url\":\"https:\\\/\\\/www.bea-group.com\\\/cs\\\/ceska-republika\\\/\",\"name\":\"\u010cesk\u00e1 republika - BeA GmbH\",\"isPartOf\":{\"@id\":\"https:\\\/\\\/www.bea-group.com\\\/cs\\\/#website\"},\"datePublished\":\"2024-10-09T12:33:30+00:00\",\"dateModified\":\"2024-10-09T12:33:35+00:00\",\"description\":\"Spole\u010dnost BeA GmbH sestavila obsah t\u011bchto webov\u00fdch str\u00e1nek s maxim\u00e1ln\u00ed p\u00e9\u010d\u00ed a db\u00e1 na jejich pravidelnou aktualizaci.\",\"breadcrumb\":{\"@id\":\"https:\\\/\\\/www.bea-group.com\\\/cs\\\/ceska-republika\\\/#breadcrumb\"},\"inLanguage\":\"cs\",\"potentialAction\":[{\"@type\":\"ReadAction\",\"target\":[\"https:\\\/\\\/www.bea-group.com\\\/cs\\\/ceska-republika\\\/\"]}]},{\"@type\":\"BreadcrumbList\",\"@id\":\"https:\\\/\\\/www.bea-group.com\\\/cs\\\/ceska-republika\\\/#breadcrumb\",\"itemListElement\":[{\"@type\":\"ListItem\",\"position\":1,\"name\":\"Startseite\",\"item\":\"https:\\\/\\\/www.bea-group.com\\\/cs\\\/\"},{\"@type\":\"ListItem\",\"position\":2,\"name\":\"\u010cesk\u00e1 republika\"}]},{\"@type\":\"WebSite\",\"@id\":\"https:\\\/\\\/www.bea-group.com\\\/cs\\\/#website\",\"url\":\"https:\\\/\\\/www.bea-group.com\\\/cs\\\/\",\"name\":\"BeA GmbH\",\"description\":\"FASTENING TECHNOLOGIES FOR FUTURE GENERATIONS\",\"potentialAction\":[{\"@type\":\"SearchAction\",\"target\":{\"@type\":\"EntryPoint\",\"urlTemplate\":\"https:\\\/\\\/www.bea-group.com\\\/cs\\\/?s={search_term_string}\"},\"query-input\":{\"@type\":\"PropertyValueSpecification\",\"valueRequired\":true,\"valueName\":\"search_term_string\"}}],\"inLanguage\":\"cs\"}]}<\/script>\n<!-- \/ Yoast SEO plugin. -->","yoast_head_json":{"title":"\u010cesk\u00e1 republika - BeA GmbH","description":"Spole\u010dnost BeA GmbH sestavila obsah t\u011bchto webov\u00fdch str\u00e1nek s maxim\u00e1ln\u00ed p\u00e9\u010d\u00ed a db\u00e1 na jejich pravidelnou aktualizaci.","robots":{"index":"index","follow":"follow","max-snippet":"max-snippet:-1","max-image-preview":"max-image-preview:large","max-video-preview":"max-video-preview:-1"},"canonical":"https:\/\/www.bea-group.com\/cs\/ceska-republika\/","og_locale":"cs_CZ","og_type":"article","og_title":"\u010cesk\u00e1 republika - BeA GmbH","og_description":"Spole\u010dnost BeA GmbH sestavila obsah t\u011bchto webov\u00fdch str\u00e1nek s maxim\u00e1ln\u00ed p\u00e9\u010d\u00ed a db\u00e1 na jejich pravidelnou aktualizaci.","og_url":"https:\/\/www.bea-group.com\/cs\/ceska-republika\/","og_site_name":"BeA GmbH","article_modified_time":"2024-10-09T12:33:35+00:00","twitter_card":"summary_large_image","twitter_misc":{"Odhadovan\u00e1 doba \u010dten\u00ed":"1 minuta"},"schema":{"@context":"https:\/\/schema.org","@graph":[{"@type":"WebPage","@id":"https:\/\/www.bea-group.com\/cs\/ceska-republika\/","url":"https:\/\/www.bea-group.com\/cs\/ceska-republika\/","name":"\u010cesk\u00e1 republika - BeA GmbH","isPartOf":{"@id":"https:\/\/www.bea-group.com\/cs\/#website"},"datePublished":"2024-10-09T12:33:30+00:00","dateModified":"2024-10-09T12:33:35+00:00","description":"Spole\u010dnost BeA GmbH sestavila obsah t\u011bchto webov\u00fdch str\u00e1nek s maxim\u00e1ln\u00ed p\u00e9\u010d\u00ed a db\u00e1 na jejich pravidelnou aktualizaci.","breadcrumb":{"@id":"https:\/\/www.bea-group.com\/cs\/ceska-republika\/#breadcrumb"},"inLanguage":"cs","potentialAction":[{"@type":"ReadAction","target":["https:\/\/www.bea-group.com\/cs\/ceska-republika\/"]}]},{"@type":"BreadcrumbList","@id":"https:\/\/www.bea-group.com\/cs\/ceska-republika\/#breadcrumb","itemListElement":[{"@type":"ListItem","position":1,"name":"Startseite","item":"https:\/\/www.bea-group.com\/cs\/"},{"@type":"ListItem","position":2,"name":"\u010cesk\u00e1 republika"}]},{"@type":"WebSite","@id":"https:\/\/www.bea-group.com\/cs\/#website","url":"https:\/\/www.bea-group.com\/cs\/","name":"BeA GmbH","description":"FASTENING TECHNOLOGIES FOR FUTURE GENERATIONS","potentialAction":[{"@type":"SearchAction","target":{"@type":"EntryPoint","urlTemplate":"https:\/\/www.bea-group.com\/cs\/?s={search_term_string}"},"query-input":{"@type":"PropertyValueSpecification","valueRequired":true,"valueName":"search_term_string"}}],"inLanguage":"cs"}]}},"_links":{"self":[{"href":"https:\/\/www.bea-group.com\/cs\/wp-json\/wp\/v2\/pages\/60576","targetHints":{"allow":["GET"]}}],"collection":[{"href":"https:\/\/www.bea-group.com\/cs\/wp-json\/wp\/v2\/pages"}],"about":[{"href":"https:\/\/www.bea-group.com\/cs\/wp-json\/wp\/v2\/types\/page"}],"author":[{"embeddable":true,"href":"https:\/\/www.bea-group.com\/cs\/wp-json\/wp\/v2\/users\/3"}],"replies":[{"embeddable":true,"href":"https:\/\/www.bea-group.com\/cs\/wp-json\/wp\/v2\/comments?post=60576"}],"version-history":[{"count":2,"href":"https:\/\/www.bea-group.com\/cs\/wp-json\/wp\/v2\/pages\/60576\/revisions"}],"predecessor-version":[{"id":60579,"href":"https:\/\/www.bea-group.com\/cs\/wp-json\/wp\/v2\/pages\/60576\/revisions\/60579"}],"wp:attachment":[{"href":"https:\/\/www.bea-group.com\/cs\/wp-json\/wp\/v2\/media?parent=60576"}],"curies":[{"name":"wp","href":"https:\/\/api.w.org\/{rel}","templated":true}]}}