{"id":60598,"date":"2024-10-09T14:41:25","date_gmt":"2024-10-09T12:41:25","guid":{"rendered":"https:\/\/www.bea-group.com\/?page_id=60598"},"modified":"2025-11-06T10:11:44","modified_gmt":"2025-11-06T09:11:44","slug":"uk","status":"publish","type":"page","link":"https:\/\/www.bea-group.com\/cs\/uk\/","title":{"rendered":"UK"},"content":{"rendered":"<p>[et_pb_section fb_built=&#8220;1&#8243; module_class=&#8220;impress_page h1-class h1&#8243; _builder_version=&#8220;4.23.1&#8243; use_background_color_gradient=&#8220;on&#8220; background_color_gradient_stops=&#8220;rgba(0,26,43,0.8) 0%|rgba(0,26,43,0.8) 100%&#8220; background_color_gradient_overlays_image=&#8220;on&#8220; background_color_gradient_start=&#8220;rgba(0,0,0,0.5)&#8220; background_color_gradient_end=&#8220;rgba(0,0,0,0.5)&#8220; background_image=&#8220;https:\/\/www.bea-group.com\/wp-content\/uploads\/2023\/11\/secondary_header_company.jpg&#8220; background_position=&#8220;top_center&#8220; vertical_offset_tablet=&#8220;0&#8243; horizontal_offset_tablet=&#8220;0&#8243; box_shadow_horizontal_tablet=&#8220;0px&#8220; box_shadow_vertical_tablet=&#8220;0px&#8220; box_shadow_blur_tablet=&#8220;40px&#8220; box_shadow_spread_tablet=&#8220;0px&#8220; global_colors_info=&#8220;{}&#8220;][\/et_pb_section][et_pb_section fb_built=&#8220;1&#8243; module_class=&#8220;impress_page&#8220; _builder_version=&#8220;4.23.1&#8243; vertical_offset_tablet=&#8220;0&#8243; horizontal_offset_tablet=&#8220;0&#8243; box_shadow_horizontal_tablet=&#8220;0px&#8220; box_shadow_vertical_tablet=&#8220;0px&#8220; box_shadow_blur_tablet=&#8220;40px&#8220; box_shadow_spread_tablet=&#8220;0px&#8220; global_colors_info=&#8220;{}&#8220;][et_pb_row _builder_version=&#8220;4.23.1&#8243; vertical_offset_tablet=&#8220;0&#8243; horizontal_offset_tablet=&#8220;0&#8243; z_index_tablet=&#8220;0&#8243; box_shadow_horizontal_tablet=&#8220;0px&#8220; box_shadow_vertical_tablet=&#8220;0px&#8220; box_shadow_blur_tablet=&#8220;40px&#8220; box_shadow_spread_tablet=&#8220;0px&#8220; global_colors_info=&#8220;{}&#8220;][et_pb_column type=&#8220;4_4&#8243; _builder_version=&#8220;4.16&#8243; custom_padding=&#8220;|||&#8220; global_colors_info=&#8220;{}&#8220; custom_padding__hover=&#8220;|||&#8220;][et_pb_text _builder_version=&#8220;4.27.4&#8243; text_line_height=&#8220;1.6em&#8220; header_font=&#8220;|600|||||||&#8220; header_2_font=&#8220;|600|||||||&#8220; header_2_font_size=&#8220;21px&#8220; vertical_offset_tablet=&#8220;0&#8243; horizontal_offset_tablet=&#8220;0&#8243; hover_enabled=&#8220;0&#8243; z_index_tablet=&#8220;0&#8243; text_text_shadow_horizontal_length_tablet=&#8220;0px&#8220; text_text_shadow_vertical_length_tablet=&#8220;0px&#8220; text_text_shadow_blur_strength_tablet=&#8220;1px&#8220; link_text_shadow_horizontal_length_tablet=&#8220;0px&#8220; link_text_shadow_vertical_length_tablet=&#8220;0px&#8220; link_text_shadow_blur_strength_tablet=&#8220;1px&#8220; ul_text_shadow_horizontal_length_tablet=&#8220;0px&#8220; ul_text_shadow_vertical_length_tablet=&#8220;0px&#8220; ul_text_shadow_blur_strength_tablet=&#8220;1px&#8220; ol_text_shadow_horizontal_length_tablet=&#8220;0px&#8220; ol_text_shadow_vertical_length_tablet=&#8220;0px&#8220; ol_text_shadow_blur_strength_tablet=&#8220;1px&#8220; quote_text_shadow_horizontal_length_tablet=&#8220;0px&#8220; quote_text_shadow_vertical_length_tablet=&#8220;0px&#8220; quote_text_shadow_blur_strength_tablet=&#8220;1px&#8220; header_text_shadow_horizontal_length_tablet=&#8220;0px&#8220; header_text_shadow_vertical_length_tablet=&#8220;0px&#8220; header_text_shadow_blur_strength_tablet=&#8220;1px&#8220; header_2_text_shadow_horizontal_length_tablet=&#8220;0px&#8220; header_2_text_shadow_vertical_length_tablet=&#8220;0px&#8220; header_2_text_shadow_blur_strength_tablet=&#8220;1px&#8220; header_3_text_shadow_horizontal_length_tablet=&#8220;0px&#8220; header_3_text_shadow_vertical_length_tablet=&#8220;0px&#8220; header_3_text_shadow_blur_strength_tablet=&#8220;1px&#8220; header_4_text_shadow_horizontal_length_tablet=&#8220;0px&#8220; header_4_text_shadow_vertical_length_tablet=&#8220;0px&#8220; header_4_text_shadow_blur_strength_tablet=&#8220;1px&#8220; header_5_text_shadow_horizontal_length_tablet=&#8220;0px&#8220; header_5_text_shadow_vertical_length_tablet=&#8220;0px&#8220; header_5_text_shadow_blur_strength_tablet=&#8220;1px&#8220; header_6_text_shadow_horizontal_length_tablet=&#8220;0px&#8220; header_6_text_shadow_vertical_length_tablet=&#8220;0px&#8220; header_6_text_shadow_blur_strength_tablet=&#8220;1px&#8220; box_shadow_horizontal_tablet=&#8220;0px&#8220; box_shadow_vertical_tablet=&#8220;0px&#8220; box_shadow_blur_tablet=&#8220;40px&#8220; box_shadow_spread_tablet=&#8220;0px&#8220; global_colors_info=&#8220;{}&#8220; sticky_enabled=&#8220;0&#8243;]<\/p>\n<h1>BeA Fastening System Ltd.<\/h1>\n<p>Directors:<br \/>\nJ.D. Mercer (Managing)<\/p>\n<p>Company Reg. No.: 1055930<br \/>\nVAT No.: GB599259959<br \/>\nWEEE Reg. No.: WEEE\/FG0004ZR<br \/>\nNPWD Code: NPWD240982<\/p>\n<p class=\"p1\">Behrens House<br \/>\nPlaxton Bridge Road<br \/>\nWoodmansey, East Yorkshire<br \/>\nHU 17 ORT<\/p>\n<p class=\"p1\">Tel : <a href=\"tel:+44(0)1482 861075\">+44 (0) 1482 861075<\/a><br \/>\n<a href=\"mailto:sales@uk.bea-group.com\">sales@uk.BeA-group.com<\/a><br \/>\n<a href=\"https:\/\/www.bea-group.uk\" target=\"_blank\" rel=\"noopener\">www.BeA-group.uk<\/a><\/p>\n<p>[\/et_pb_text][\/et_pb_column][\/et_pb_row][\/et_pb_section]<\/p>\n","protected":false},"excerpt":{"rendered":"<p>BeA Fastening System Ltd. Directors: J.D. Mercer (Managing) Company Reg. No.: 1055930 VAT No.: GB599259959 WEEE Reg. No.: WEEE\/FG0004ZR NPWD Code: NPWD240982 Behrens House Plaxton Bridge Road Woodmansey, East Yorkshire HU 17 ORT Tel : +44 (0) 1482 861075 sales@uk.BeA-group.com www.BeA-group.uk<\/p>\n","protected":false},"author":3,"featured_media":0,"parent":0,"menu_order":0,"comment_status":"closed","ping_status":"closed","template":"","meta":{"_et_pb_use_builder":"on","_et_pb_old_content":"","_et_gb_content_width":"","footnotes":""},"class_list":["post-60598","page","type-page","status-publish","hentry"],"yoast_head":"<!-- This site is optimized with the Yoast SEO plugin v27.3 - https:\/\/yoast.com\/product\/yoast-seo-wordpress\/ -->\n<title>UK - BeA GmbH<\/title>\n<meta name=\"description\" content=\"Spole\u010dnost BeA GmbH pe\u010dliv\u011b sestavuje obsah t\u011bchto internetov\u00fdch str\u00e1nek a db\u00e1 na jejich pravidelnou aktualizaci.\" \/>\n<meta name=\"robots\" content=\"index, follow, max-snippet:-1, max-image-preview:large, max-video-preview:-1\" \/>\n<link rel=\"canonical\" href=\"https:\/\/www.bea-group.com\/cs\/uk\/\" \/>\n<meta property=\"og:locale\" content=\"cs_CZ\" \/>\n<meta property=\"og:type\" content=\"article\" \/>\n<meta property=\"og:title\" content=\"UK - BeA GmbH\" \/>\n<meta property=\"og:description\" content=\"Spole\u010dnost BeA GmbH pe\u010dliv\u011b sestavuje obsah t\u011bchto internetov\u00fdch str\u00e1nek a db\u00e1 na jejich pravidelnou aktualizaci.\" \/>\n<meta property=\"og:url\" content=\"https:\/\/www.bea-group.com\/cs\/uk\/\" \/>\n<meta property=\"og:site_name\" content=\"BeA GmbH\" \/>\n<meta property=\"article:modified_time\" content=\"2025-11-06T09:11:44+00:00\" \/>\n<meta name=\"twitter:card\" content=\"summary_large_image\" \/>\n<meta name=\"twitter:label1\" content=\"Odhadovan\u00e1 doba \u010dten\u00ed\" \/>\n\t<meta name=\"twitter:data1\" content=\"1 minuta\" \/>\n<script type=\"application\/ld+json\" class=\"yoast-schema-graph\">{\"@context\":\"https:\\\/\\\/schema.org\",\"@graph\":[{\"@type\":\"WebPage\",\"@id\":\"https:\\\/\\\/www.bea-group.com\\\/cs\\\/uk\\\/\",\"url\":\"https:\\\/\\\/www.bea-group.com\\\/cs\\\/uk\\\/\",\"name\":\"UK - BeA GmbH\",\"isPartOf\":{\"@id\":\"https:\\\/\\\/www.bea-group.com\\\/cs\\\/#website\"},\"datePublished\":\"2024-10-09T12:41:25+00:00\",\"dateModified\":\"2025-11-06T09:11:44+00:00\",\"description\":\"Spole\u010dnost BeA GmbH pe\u010dliv\u011b sestavuje obsah t\u011bchto internetov\u00fdch str\u00e1nek a db\u00e1 na jejich pravidelnou aktualizaci.\",\"breadcrumb\":{\"@id\":\"https:\\\/\\\/www.bea-group.com\\\/cs\\\/uk\\\/#breadcrumb\"},\"inLanguage\":\"cs\",\"potentialAction\":[{\"@type\":\"ReadAction\",\"target\":[\"https:\\\/\\\/www.bea-group.com\\\/cs\\\/uk\\\/\"]}]},{\"@type\":\"BreadcrumbList\",\"@id\":\"https:\\\/\\\/www.bea-group.com\\\/cs\\\/uk\\\/#breadcrumb\",\"itemListElement\":[{\"@type\":\"ListItem\",\"position\":1,\"name\":\"Startseite\",\"item\":\"https:\\\/\\\/www.bea-group.com\\\/cs\\\/\"},{\"@type\":\"ListItem\",\"position\":2,\"name\":\"UK\"}]},{\"@type\":\"WebSite\",\"@id\":\"https:\\\/\\\/www.bea-group.com\\\/cs\\\/#website\",\"url\":\"https:\\\/\\\/www.bea-group.com\\\/cs\\\/\",\"name\":\"BeA GmbH\",\"description\":\"FASTENING TECHNOLOGIES FOR FUTURE GENERATIONS\",\"potentialAction\":[{\"@type\":\"SearchAction\",\"target\":{\"@type\":\"EntryPoint\",\"urlTemplate\":\"https:\\\/\\\/www.bea-group.com\\\/cs\\\/?s={search_term_string}\"},\"query-input\":{\"@type\":\"PropertyValueSpecification\",\"valueRequired\":true,\"valueName\":\"search_term_string\"}}],\"inLanguage\":\"cs\"}]}<\/script>\n<!-- \/ Yoast SEO plugin. -->","yoast_head_json":{"title":"UK - BeA GmbH","description":"Spole\u010dnost BeA GmbH pe\u010dliv\u011b sestavuje obsah t\u011bchto internetov\u00fdch str\u00e1nek a db\u00e1 na jejich pravidelnou aktualizaci.","robots":{"index":"index","follow":"follow","max-snippet":"max-snippet:-1","max-image-preview":"max-image-preview:large","max-video-preview":"max-video-preview:-1"},"canonical":"https:\/\/www.bea-group.com\/cs\/uk\/","og_locale":"cs_CZ","og_type":"article","og_title":"UK - BeA GmbH","og_description":"Spole\u010dnost BeA GmbH pe\u010dliv\u011b sestavuje obsah t\u011bchto internetov\u00fdch str\u00e1nek a db\u00e1 na jejich pravidelnou aktualizaci.","og_url":"https:\/\/www.bea-group.com\/cs\/uk\/","og_site_name":"BeA GmbH","article_modified_time":"2025-11-06T09:11:44+00:00","twitter_card":"summary_large_image","twitter_misc":{"Odhadovan\u00e1 doba \u010dten\u00ed":"1 minuta"},"schema":{"@context":"https:\/\/schema.org","@graph":[{"@type":"WebPage","@id":"https:\/\/www.bea-group.com\/cs\/uk\/","url":"https:\/\/www.bea-group.com\/cs\/uk\/","name":"UK - BeA GmbH","isPartOf":{"@id":"https:\/\/www.bea-group.com\/cs\/#website"},"datePublished":"2024-10-09T12:41:25+00:00","dateModified":"2025-11-06T09:11:44+00:00","description":"Spole\u010dnost BeA GmbH pe\u010dliv\u011b sestavuje obsah t\u011bchto internetov\u00fdch str\u00e1nek a db\u00e1 na jejich pravidelnou aktualizaci.","breadcrumb":{"@id":"https:\/\/www.bea-group.com\/cs\/uk\/#breadcrumb"},"inLanguage":"cs","potentialAction":[{"@type":"ReadAction","target":["https:\/\/www.bea-group.com\/cs\/uk\/"]}]},{"@type":"BreadcrumbList","@id":"https:\/\/www.bea-group.com\/cs\/uk\/#breadcrumb","itemListElement":[{"@type":"ListItem","position":1,"name":"Startseite","item":"https:\/\/www.bea-group.com\/cs\/"},{"@type":"ListItem","position":2,"name":"UK"}]},{"@type":"WebSite","@id":"https:\/\/www.bea-group.com\/cs\/#website","url":"https:\/\/www.bea-group.com\/cs\/","name":"BeA GmbH","description":"FASTENING TECHNOLOGIES FOR FUTURE GENERATIONS","potentialAction":[{"@type":"SearchAction","target":{"@type":"EntryPoint","urlTemplate":"https:\/\/www.bea-group.com\/cs\/?s={search_term_string}"},"query-input":{"@type":"PropertyValueSpecification","valueRequired":true,"valueName":"search_term_string"}}],"inLanguage":"cs"}]}},"_links":{"self":[{"href":"https:\/\/www.bea-group.com\/cs\/wp-json\/wp\/v2\/pages\/60598","targetHints":{"allow":["GET"]}}],"collection":[{"href":"https:\/\/www.bea-group.com\/cs\/wp-json\/wp\/v2\/pages"}],"about":[{"href":"https:\/\/www.bea-group.com\/cs\/wp-json\/wp\/v2\/types\/page"}],"author":[{"embeddable":true,"href":"https:\/\/www.bea-group.com\/cs\/wp-json\/wp\/v2\/users\/3"}],"replies":[{"embeddable":true,"href":"https:\/\/www.bea-group.com\/cs\/wp-json\/wp\/v2\/comments?post=60598"}],"version-history":[{"count":3,"href":"https:\/\/www.bea-group.com\/cs\/wp-json\/wp\/v2\/pages\/60598\/revisions"}],"predecessor-version":[{"id":62616,"href":"https:\/\/www.bea-group.com\/cs\/wp-json\/wp\/v2\/pages\/60598\/revisions\/62616"}],"wp:attachment":[{"href":"https:\/\/www.bea-group.com\/cs\/wp-json\/wp\/v2\/media?parent=60598"}],"curies":[{"name":"wp","href":"https:\/\/api.w.org\/{rel}","templated":true}]}}