{"id":59819,"date":"2023-11-21T06:01:11","date_gmt":"2023-11-21T05:01:11","guid":{"rendered":"https:\/\/www.bea-group.com\/application\/"},"modified":"2024-10-07T10:59:42","modified_gmt":"2024-10-07T08:59:42","slug":"aplicacion","status":"publish","type":"page","link":"https:\/\/www.bea-group.com\/es\/aplicacion\/","title":{"rendered":"Aplicaci\u00f3n"},"content":{"rendered":"<p>[et_pb_section fb_built=\u00bb1&#8243; module_class=\u00bbpb0&#8243; _builder_version=\u00bb4.23.1&#8243; _module_preset=\u00bbdefault\u00bb global_colors_info=\u00bb{}\u00bb theme_builder_area=\u00bbpost_content\u00bb][et_pb_row column_structure=\u00bb1_4,3_4&#8243; use_custom_gutter=\u00bbon\u00bb module_class=\u00bbborder-class-8&#8243; _builder_version=\u00bb4.23.1&#8243; _module_preset=\u00bbdefault\u00bb global_colors_info=\u00bb{}\u00bb theme_builder_area=\u00bbpost_content\u00bb][et_pb_column type=\u00bb1_4&#8243; module_class=\u00bbborder-class-9&#8243; _builder_version=\u00bb4.23.1&#8243; _module_preset=\u00bbdefault\u00bb global_colors_info=\u00bb{}\u00bb theme_builder_area=\u00bbpost_content\u00bb][et_pb_code module_class=\u00bbsidebar-list-class-with-h5&#8243; _builder_version=\u00bb4.27.0&#8243; _module_preset=\u00bbdefault\u00bb global_colors_info=\u00bb{}\u00bb theme_builder_area=\u00bbpost_content\u00bb]<\/p>\n<h5>DISPOSITIVOS<\/h5>\n<p><!-- [et_pb_line_break_holder] --><\/p>\n<ul><!-- [et_pb_line_break_holder] -->\t<\/p>\n<li>REVISTA LARGA<\/li>\n<p><!-- [et_pb_line_break_holder] -->\t<\/p>\n<li>STRIP-NAILER<\/li>\n<p><!-- [et_pb_line_break_holder] -->\t<\/p>\n<li>COIL-NAILER<\/li>\n<p><!-- [et_pb_line_break_holder] -->\t<\/p>\n<li>TOP-LOADER<\/li>\n<p><!-- [et_pb_line_break_holder] -->\t<\/p>\n<li>CARGADOR LATERAL<\/li>\n<p><!-- [et_pb_line_break_holder] -->\t<\/p>\n<li>CARTUCHO DE CAMBIO<\/li>\n<p><!-- [et_pb_line_break_holder] --><\/ul>\n<p><!-- [et_pb_line_break_holder] --><!-- [et_pb_line_break_holder] --><\/p>\n<h5>FIJACIONES<\/h5>\n<p><!-- [et_pb_line_break_holder] --><\/p>\n<ul>\t<!-- [et_pb_line_break_holder] -->\t<\/p>\n<li>STAPLES<\/li>\n<p><!-- [et_pb_line_break_holder] -->\t<\/p>\n<li>U\u00d1AS<\/li>\n<p><!-- [et_pb_line_break_holder] -->\t<\/p>\n<li>TORNILLOS<\/li>\n<p><!-- [et_pb_line_break_holder] --><\/ul>\n<p><!-- [et_pb_line_break_holder] --><\/p>\n<h5>INDIVIDUAL <!\u2013- [et_pb_br_holder] -\u2013>CONFIGURACI\u00d3N<\/h5>\n<p><!-- [et_pb_line_break_holder] --><!-- [et_pb_line_break_holder] --><\/p>\n<h5>DESCARGAS<\/h5>\n<p><!-- [et_pb_line_break_holder] --><\/p>\n<ul><!-- [et_pb_line_break_holder] --><\/p>\n<li>CAT\u00c1LOGO DE SOFTWARE DE INGENIER\u00cdA<\/li>\n<p><!-- [et_pb_line_break_holder] --><\/ul>\n<p>[\/et_pb_code][\/et_pb_column][et_pb_column type=\u00bb3_4&#8243; module_class=\u00bbborder-class-10&#8243; _builder_version=\u00bb4.23.1&#8243; _module_preset=\u00bbdefault\u00bb global_colors_info=\u00bb{}\u00bb theme_builder_area=\u00bbpost_content\u00bb][et_pb_text module_class=\u00bbwhite-h1-like-h2&#8243; _builder_version=\u00bb4.27.0&#8243; _module_preset=\u00bbdefault\u00bb global_colors_info=\u00bb{}\u00bb theme_builder_area=\u00bbpost_content\u00bb]<\/p>\n<h1>SOLUCIONES INTEGRADAS DE FIJACI\u00d3N<br \/>\n    DEL L\u00cdDER DEL MERCADO<\/h1>\n<p>    Sum\u00e9rjase en el futuro del procesamiento de la madera, donde autotec est\u00e1 redefiniendo los est\u00e1ndares. He aqu\u00ed algunos ejemplos de aplicaci\u00f3n de nuestras soluciones de fijaci\u00f3n integradas: desde conexiones precisas en instalaciones de producci\u00f3n de muebles de \u00faltima generaci\u00f3n hasta el montaje robotizado de componentes de madera en la industria de la construcci\u00f3n. autotec ofrece una tecnolog\u00eda de fijaci\u00f3n eficiente, precisa y fiable que supera los retos de la industria al tiempo que establece los est\u00e1ndares de calidad e innovaci\u00f3n. Bienvenido al futuro del procesamiento de la madera: \u00a1bienvenido a autotec!<\/p>\n<p><strong>autotec Destacados<\/strong><\/p>\n<ul>\n<li>2024 Modularizaci\u00f3n de los dispositivos autotec BeA de la serie 230 a autotec A30, A32, A35 y A36 para optimizar los plazos de entrega<\/li>\n<li><span>2024 BeA autotec se convierte en la marca independiente \u00abautotec\u00bb  marca<\/span><\/li>\n<li> 2020 Nuevo BeA autotec 244 con casete intercambiable y BeA autotec 288 para bobinas jumbo de hasta 2500 clavos<\/li>\n<li>2 019 Primer destornillador BeA autotec para tornillos de bobina<\/li>\n<li> 2018 First BeA autotec \u00bb empujador\u00bb  dispositivo que permite un ajuste extremadamente preciso de la profundidad de la u\u00f1a<\/li>\n<li> 2015 Primera estaci\u00f3n de carga autom\u00e1tica de clavos R20 para dispositivos BeA autotec en brazos rob\u00f3ticos.<\/li>\n<li> 2014 Primer autotec de BeA para grapas con un di\u00e1metro de alambre de 3,0 mm<\/li>\n<li> 2003 Primera BeA autotec para grapas anchas<\/li>\n<li> 1999 Primer BeA autotec con casete intercambiable<\/li>\n<li> 1989 Primer BeA autotec<\/li>\n<\/ul>\n<p>N\u00ba 1 mundial con m\u00e1s de 20.000 equipos BeA Autotec vendidos.[\/et_pb_text][\/et_pb_column][\/et_pb_row][\/et_pb_section][et_pb_section fb_built=\u00bb1&#8243; module_class=\u00bbpt0  pb0&#8243; _builder_version=\u00bb4.23.1&#8243; _module_preset=\u00bbdefault\u00bb global_colors_info=\u00bb{}\u00bb theme_builder_area=\u00bbpost_content\u00bb][et_pb_row column_structure=\u00bb2_5,3_5&#8243; module_class=\u00bbborder-class-11&#8243; _builder_version=\u00bb4.23.1&#8243; _module_preset=\u00bbdefault\u00bb global_colors_info=\u00bb{}\u00bb theme_builder_area=\u00bbpost_content\u00bb][et_pb_column type=\u00bb2_5&#8243; module_class=\u00bbborder-class-13&#8243; _builder_version=\u00bb4.23.1&#8243; _module_preset=\u00bbdefault\u00bb global_colors_info=\u00bb{}\u00bb theme_builder_area=\u00bbpost_content\u00bb][et_pb_text module_class=\u00bbwhite-h2-class\u00bb _builder_version=\u00bb4.27.0&#8243; _module_preset=\u00bbdefault\u00bb global_colors_info=\u00bb{}\u00bb theme_builder_area=\u00bbpost_content\u00bb]<\/p>\n<h2>NUESTROS PRODUCTOS<\/h2>\n<p>Descubra el poder de la innovaci\u00f3n en este v\u00eddeo de productos autotec. Sum\u00e9rjase directamente en el mundo de nuestras soluciones de fijaci\u00f3n pioneras. Breve, conciso y centrado en lo esencial, este v\u00eddeo le muestra c\u00f3mo autotec est\u00e1 redefiniendo los est\u00e1ndares de la industria de la madera.[\/et_pb_text][\/et_pb_column][et_pb_column type=\u00bb3_5&#8243; module_class=\u00bbborder-class-12&#8243; _builder_version=\u00bb4.23.1&#8243; _module_preset=\u00bbdefault\u00bb global_colors_info=\u00bb{}\u00bb theme_builder_area=\u00bbpost_content\u00bb][et_pb_code _builder_version=\u00bb4.27.0&#8243; _module_preset=\u00bbdefault\u00bb global_colors_info=\u00bb{}\u00bb theme_builder_area=\u00bbpost_content\u00bb] <\/p>\n<div class=\"brlbs-cmpnt-container brlbs-cmpnt-content-blocker brlbs-cmpnt-with-individual-styles\" data-borlabs-cookie-content-blocker-id=\"default\" data-borlabs-cookie-content=\"PGlmcmFtZSB3aWR0aD0iNzAwIiBoZWlnaHQ9IjQwMCIgc3JjPSJodHRwczovL3d3dy55b3V0dWJlLmNvbS9lbWJlZC9mYmpERExFWk9Vaz9zaT1vcVRwY3ZLeUl0bUw0YWFlJmF1dG9wbGF5PTEmbXV0ZT0xJnJlbD0wIiB0aXRsZT0iWW91VHViZSB2aWRlbyBwbGF5ZXIiIGZyYW1lYm9yZGVyPSIwIiBhbGxvdz0iYWNjZWxlcm9tZXRlcjsgYXV0b3BsYXk7IGNsaXBib2FyZC13cml0ZTsgZW5jcnlwdGVkLW1lZGlhOyBneXJvc2NvcGU7IHBpY3R1cmUtaW4tcGljdHVyZTsgd2ViLXNoYXJlIiBhbGxvd2Z1bGxzY3JlZW4+PC9pZnJhbWU+\">\n<div class=\"brlbs-cmpnt-cb-preset-a\">\n<p class=\"brlbs-cmpnt-cb-description\">Est\u00e1s viendo un contenido de marcador de posici\u00f3n de <strong>Predeterminado<\/strong>. Para acceder al contenido real, haz clic en el siguiente bot\u00f3n. Ten en cuenta que al hacerlo compartir\u00e1s datos con terceros proveedores.<\/p>\n<div class=\"brlbs-cmpnt-cb-buttons\"> <a class=\"brlbs-cmpnt-cb-btn\" href=\"#\" data-borlabs-cookie-unblock role=\"button\">Desbloquear contenido<\/a> <a class=\"brlbs-cmpnt-cb-btn\" href=\"#\" data-borlabs-cookie-accept-service role=\"button\" style=\"display: none\">Aceptar el servicio requerido y desbloquear los contenidos<\/a> <\/div>\n<p> <a class=\"brlbs-cmpnt-cb-provider-toggle\" href=\"#\" data-borlabs-cookie-show-provider-information role=\"button\">M\u00e1s informaci\u00f3n<\/a> <\/div>\n<\/div>\n<p><!-- [et_pb_line_break_holder] -->[\/et_pb_code][\/et_pb_column][\/et_pb_row][\/et_pb_section][et_pb_section fb_built=\u00bb1&#8243; _builder_version=\u00bb4.23.1&#8243; _module_preset=\u00bbdefault\u00bb global_colors_info=\u00bb{}\u00bb theme_builder_area=\u00bbpost_content\u00bb][et_pb_row column_structure=\u00bb1_3,1_3,1_3&#8243; module_class=\u00bbborder-class-14&#8243; _builder_version=\u00bb4.23.1&#8243; _module_preset=\u00bbdefault\u00bb global_colors_info=\u00bb{}\u00bb theme_builder_area=\u00bbpost_content\u00bb][et_pb_column type=\u00bb1_3&#8243; _builder_version=\u00bb4.23.1&#8243; _module_preset=\u00bbdefault\u00bb global_colors_info=\u00bb{}\u00bb theme_builder_area=\u00bbpost_content\u00bb][et_pb_image src=\u00bbhttps:\/\/www.bea-group.com\/wp-content\/uploads\/2024\/01\/lang_new_1.jpg\u00bb title_text=\u00bblang_new_1&#8243; _builder_version=\u00bb4.24.0&#8243; _module_preset=\u00bbdefault\u00bb global_colors_info=\u00bb{}\u00bb theme_builder_area=\u00bbpost_content\u00bb][\/et_pb_image][et_pb_text module_class=\u00bbh5-class-team \u00bb _builder_version=\u00bb4.27.0&#8243; _module_preset=\u00bbdefault\u00bb global_colors_info=\u00bb{}\u00bb theme_builder_area=\u00bbpost_content\u00bb]<\/p>\n<h5>Revista AUTOTEC LONG MAGAZINE<\/h5>\n<p><strong>Hasta 500 grapas en un cargador y puede utilizarse en cualquier direcci\u00f3n de grapado.<\/strong><\/p>\n<p>&#8211; Cualquier direcci\u00f3n de cosido<br \/>&#8211; Diferentes longitudes de montaje hasta 200 mm<br \/>&#8211; Uso en diversos entornos de producci\u00f3n<\/p>\n<p>[\/et_pb_text][\/et_pb_column][et_pb_column type=\u00bb1_3&#8243; _builder_version=\u00bb4.23.1&#8243; _module_preset=\u00bbdefault\u00bb global_colors_info=\u00bb{}\u00bb theme_builder_area=\u00bbpost_content\u00bb][et_pb_image src=\u00bbhttps:\/\/www.bea-group.com\/wp-content\/uploads\/2024\/01\/lang_new_1.jpg\u00bb title_text=\u00bblang_new_1&#8243; _builder_version=\u00bb4.24.0&#8243; _module_preset=\u00bbdefault\u00bb global_colors_info=\u00bb{}\u00bb theme_builder_area=\u00bbpost_content\u00bb][\/et_pb_image][et_pb_text module_class=\u00bbh5-class-team \u00bb _builder_version=\u00bb4.27.0&#8243; _module_preset=\u00bbdefault\u00bb global_colors_info=\u00bb{}\u00bb theme_builder_area=\u00bbpost_content\u00bb]<\/p>\n<h5>DESENROLLADOR AUTOTEC<\/h5>\n<p><strong>\u00bf140 clavos en 28 segundos? Ning\u00fan problema con nuestras clavadoras en tiras.<\/strong><\/p>\n<p>&#8211; Larga vida \u00fatil<br \/>\n&#8211; Opcionalmente con estaci\u00f3n de carga externa<br \/>\n&#8211; Clavos en tiras de hasta 160 mm[\/et_pb_text][\/et_pb_column][et_pb_column type=\u00bb1_3&#8243; _builder_version=\u00bb4.23.1&#8243; _module_preset=\u00bbdefault\u00bb global_colors_info=\u00bb{}\u00bb theme_builder_area=\u00bbpost_content\u00bb][et_pb_image src=\u00bbhttps:\/\/www.bea-group.com\/wp-content\/uploads\/2024\/01\/new_auto_main.jpg\u00bb title_text=\u00bbnew_auto_main\u00bb _builder_version=\u00bb4.24.0&#8243; _module_preset=\u00bbdefault\u00bb global_colors_info=\u00bb{}\u00bb theme_builder_area=\u00bbpost_content\u00bb][\/et_pb_image][et_pb_text module_class=\u00bbh5-class-team \u00bb _builder_version=\u00bb4.27.0&#8243; _module_preset=\u00bbdefault\u00bb global_colors_info=\u00bb{}\u00bb theme_builder_area=\u00bbpost_content\u00bb]<\/p>\n<h5>ENROLLADOR AUTOTEC<\/h5>\n<p><strong>Grandes bobinas con hasta 900 clavos. En almacenes horizontales o verticales.<\/strong><\/p>\n<p>&#8211; Clavos BDC y TC de hasta 90 mm<br \/>\n&#8211; Pueden utilizarse bobinas de pl\u00e1stico o de alambre<br \/>\n&#8211; Clavado extremadamente rentable gracias al uso de grandes bobinas[\/et_pb_text][\/et_pb_column][\/et_pb_row][\/et_pb_section][et_pb_section fb_built=\u00bb1&#8243; module_class=\u00bbpt0  pb0&#8243; _builder_version=\u00bb4.23.1&#8243; _module_preset=\u00bbdefault\u00bb global_colors_info=\u00bb{}\u00bb theme_builder_area=\u00bbpost_content\u00bb][et_pb_row column_structure=\u00bb1_3,1_3,1_3&#8243; module_class=\u00bbborder-class-14 notop\u00bb _builder_version=\u00bb4.23.1&#8243; _module_preset=\u00bbdefault\u00bb global_colors_info=\u00bb{}\u00bb theme_builder_area=\u00bbpost_content\u00bb][et_pb_column type=\u00bb1_3&#8243; _builder_version=\u00bb4.23.1&#8243; _module_preset=\u00bbdefault\u00bb global_colors_info=\u00bb{}\u00bb theme_builder_area=\u00bbpost_content\u00bb][et_pb_image src=\u00bbhttps:\/\/www.bea-group.com\/wp-content\/uploads\/2024\/01\/lang_new_1.jpg\u00bb title_text=\u00bblang_new_1&#8243; _builder_version=\u00bb4.24.0&#8243; _module_preset=\u00bbdefault\u00bb global_colors_info=\u00bb{}\u00bb theme_builder_area=\u00bbpost_content\u00bb][\/et_pb_image][et_pb_text module_class=\u00bbh5-class-team \u00bb _builder_version=\u00bb4.27.0&#8243; _module_preset=\u00bbdefault\u00bb global_colors_info=\u00bb{}\u00bb theme_builder_area=\u00bbpost_content\u00bb]<\/p>\n<h5>AUTOTEC TOPLOADER<\/h5>\n<p><strong>A veces necesita m\u00e1s. Capacidad del cargador de hasta 10.000 grapas.<\/strong><\/p>\n<p>&#8211; Elementos de fijaci\u00f3n de hasta 65 mm<br \/>\n&#8211; Eliminaci\u00f3n de los costosos tiempos de recarga<br \/>\n&#8211; Hasta 8 disparos por segundo[\/et_pb_text][\/et_pb_column][et_pb_column type=\u00bb1_3&#8243; _builder_version=\u00bb4.23.1&#8243; _module_preset=\u00bbdefault\u00bb global_colors_info=\u00bb{}\u00bb theme_builder_area=\u00bbpost_content\u00bb][et_pb_image src=\u00bbhttps:\/\/www.bea-group.com\/wp-content\/uploads\/2024\/01\/lang_new_1.jpg\u00bb title_text=\u00bblang_new_1&#8243; _builder_version=\u00bb4.24.0&#8243; _module_preset=\u00bbdefault\u00bb global_colors_info=\u00bb{}\u00bb theme_builder_area=\u00bbpost_content\u00bb][\/et_pb_image][et_pb_text module_class=\u00bbh5-class-team \u00bb _builder_version=\u00bb4.27.0&#8243; _module_preset=\u00bbdefault\u00bb global_colors_info=\u00bb{}\u00bb theme_builder_area=\u00bbpost_content\u00bb]<\/p>\n<h5>CARGADOR LATERAL AUTOTEC<\/h5>\n<p><strong>Cuando no hay m\u00e1s espacio en la parte superior. Carga lateral con hasta 5.000 elementos de fijaci\u00f3n.<\/strong><\/p>\n<p>&#8211; Posibilidad de clavos ondulados y grapas<br \/>&#8211; Fijaciones de hasta 130 mm<br \/>&#8211; Gran flexibilidad<\/p>\n<p>[\/et_pb_text][\/et_pb_column][et_pb_column type=\u00bb1_3&#8243; _builder_version=\u00bb4.23.1&#8243; _module_preset=\u00bbdefault\u00bb global_colors_info=\u00bb{}\u00bb theme_builder_area=\u00bbpost_content\u00bb][et_pb_image src=\u00bbhttps:\/\/www.bea-group.com\/wp-content\/uploads\/2024\/01\/new_auto.jpg\u00bb title_text=\u00bbnew_auto\u00bb _builder_version=\u00bb4.24.0&#8243; _module_preset=\u00bbdefault\u00bb global_colors_info=\u00bb{}\u00bb theme_builder_area=\u00bbpost_content\u00bb][\/et_pb_image][et_pb_text module_class=\u00bbh5-class-team \u00bb _builder_version=\u00bb4.27.0&#8243; _module_preset=\u00bbdefault\u00bb global_colors_info=\u00bb{}\u00bb theme_builder_area=\u00bbpost_content\u00bb]<\/p>\n<h5>CARTUCHO DE CAMBIO AUTOTEC<\/h5>\n<p><strong>Tiempos de recarga rapid\u00edsimos. Especialmente para puentes multifuncionales en la industria de casas prefabricadas.<\/strong><\/p>\n<p>&#8211; Dise\u00f1o compacto<br \/>\n&#8211; Tiempos de recarga rapid\u00edsimos<br \/>\n&#8211; Hasta 10 disparos por segundo[\/et_pb_text][\/et_pb_column][\/et_pb_row][\/et_pb_section][et_pb_section fb_built=\u00bb1&#8243; disabled_on=\u00bbon|on|on\u00bb module_class=\u00bbpt0 border-class-19&#8243; _builder_version=\u00bb4.23.1&#8243; _module_preset=\u00bbdefault\u00bb disabled=\u00bbon\u00bb global_colors_info=\u00bb{}\u00bb theme_builder_area=\u00bbpost_content\u00bb][et_pb_row column_structure=\u00bb1_3,2_3&#8243; module_class=\u00bbborder-class-15&#8243; _builder_version=\u00bb4.23.1&#8243; _module_preset=\u00bbdefault\u00bb global_colors_info=\u00bb{}\u00bb theme_builder_area=\u00bbpost_content\u00bb][et_pb_column type=\u00bb1_3&#8243; module_class=\u00bbborder-class-16&#8243; _builder_version=\u00bb4.23.1&#8243; _module_preset=\u00bbdefault\u00bb global_colors_info=\u00bb{}\u00bb theme_builder_area=\u00bbpost_content\u00bb][et_pb_image src=\u00bbhttps:\/\/www.bea-group.com\/wp-content\/uploads\/2023\/11\/KMR_Kontakt_Ansprechpartner_Deutschland.jpg\u00bb title_text=\u00bbKMR_Kontakt_Ansprechpartner_Deutschland\u00bb _builder_version=\u00bb4.23.1&#8243; _module_preset=\u00bbdefault\u00bb global_colors_info=\u00bb{}\u00bb theme_builder_area=\u00bbpost_content\u00bb][\/et_pb_image][et_pb_text module_class=\u00bbh5-class-team \u00bb _builder_version=\u00bb4.23.1&#8243; _module_preset=\u00bbdefault\u00bb global_colors_info=\u00bb{}\u00bb theme_builder_area=\u00bbpost_content\u00bb]<\/p>\n<h5>DEUTSCHLAND<\/h5>\n<p><strong>PROTHMANN, DETLEV<\/strong><br \/>\n<a href=\"mailto:detlev.prothmann@bea-group.com \">Detlev.Prothmann@bea-group.com <\/a><br \/>\n<a href=\"tel:04123456789\">04123456789<\/a><\/p>\n<p>[\/et_pb_text][\/et_pb_column][et_pb_column type=\u00bb2_3&#8243; module_class=\u00bbborder-class-17&#8243; _builder_version=\u00bb4.23.1&#8243; _module_preset=\u00bbdefault\u00bb global_colors_info=\u00bb{}\u00bb theme_builder_area=\u00bbpost_content\u00bb][et_pb_text _builder_version=\u00bb4.23.1&#8243; _module_preset=\u00bbdefault\u00bb global_colors_info=\u00bb{}\u00bb theme_builder_area=\u00bbpost_content\u00bb]<\/p>\n<p><strong>LOREM IPSUM DOLOR SIT AMET, CONSECTETUR ADIPISICING ELIT, SED DO EIUSMOD TEMPOR INCIDIDUNT UT LABORE ET DOLORE MAGNA ALIQUA.<\/strong><\/p>\n<p>Ut enim ad minim veniam, quis nostrud exercitation ullamco laboris nisi ut aliquip ex ea commodo consequat. Duis aute irure dolor in reprehenderit in voluptate velit esse cillum dolore eu fugiat nulla pariatur. Excepteur sint occaecat cupidatat non proident, sunt in culpa qui officia deserunt mollit anim id est laborum. Sed ut perspiciatis unde omnis iste natus error sit voluptatem accusantium doloremque laudantium, totam rem aperiam, eaque ipsa quae ab illo inventore veritatis et quasi architecto beatae vitae dicta sunt explicabo.<\/p>\n<p>Ut enim ad minim veniam, quis nostrud exercitation ullamco laboris nisi ut aliquip ex ea commodo consequat. Duis aute irure dolor in reprehenderit in voluptate velit esse cillum dolore eu fugiat nulla pariatur. Excepteur sint occaecat cupidatat non proident, sunt in culpa qui officia deserunt mollit anim id est laborum. Sed ut perspiciatis unde omnis iste natus error sit voluptatem accusantium doloremque laudantium, totam rem aperiam, eaque ipsa quae ab illo inventore veritatis et quasi architecto beatae vitae dicta sunt explicabo.[\/et_pb_text][\/et_pb_column][\/et_pb_row][\/et_pb_section][et_pb_section fb_built=\u00bb1&#8243; admin_label=\u00bbDon&#8217;t Delete\u00bb module_class=\u00bbborder-class-19 \u00bb _builder_version=\u00bb4.23.1&#8243; _module_preset=\u00bbdefault\u00bb global_colors_info=\u00bb{}\u00bb theme_builder_area=\u00bbpost_content\u00bb][\/et_pb_section]<\/p>\n","protected":false},"excerpt":{"rendered":"<p>SOLUCIONES INTEGRADAS DE FIJACI\u00d3N DEL L\u00cdDER DEL MERCADO Sum\u00e9rjase en el futuro del procesamiento de la madera, donde autotec est\u00e1 redefiniendo los est\u00e1ndares. He aqu\u00ed algunos ejemplos de aplicaci\u00f3n de nuestras soluciones de fijaci\u00f3n integradas: desde conexiones precisas en instalaciones de producci\u00f3n de muebles de \u00faltima generaci\u00f3n hasta el montaje robotizado de componentes de madera [&hellip;]<\/p>\n","protected":false},"author":3,"featured_media":0,"parent":0,"menu_order":0,"comment_status":"closed","ping_status":"closed","template":"","meta":{"_et_pb_use_builder":"on","_et_pb_old_content":"","_et_gb_content_width":"","footnotes":""},"class_list":["post-59819","page","type-page","status-publish","hentry"],"yoast_head":"<!-- This site is optimized with the Yoast SEO plugin v27.5 - https:\/\/yoast.com\/product\/yoast-seo-wordpress\/ -->\n<title>Aplicaci\u00f3n - BeA GmbH<\/title>\n<meta name=\"description\" content=\"autotec enables efficient, precise and reliable fastening technology that masters the challenges of the industry while setting the standards\" \/>\n<meta name=\"robots\" content=\"index, follow, max-snippet:-1, max-image-preview:large, max-video-preview:-1\" \/>\n<link rel=\"canonical\" href=\"https:\/\/www.bea-group.com\/es\/aplicacion\/\" \/>\n<meta property=\"og:locale\" content=\"es_ES\" \/>\n<meta property=\"og:type\" content=\"article\" \/>\n<meta property=\"og:title\" content=\"Aplicaci\u00f3n - BeA GmbH\" \/>\n<meta property=\"og:description\" content=\"autotec enables efficient, precise and reliable fastening technology that masters the challenges of the industry while setting the standards\" \/>\n<meta property=\"og:url\" content=\"https:\/\/www.bea-group.com\/es\/aplicacion\/\" \/>\n<meta property=\"og:site_name\" content=\"BeA GmbH\" \/>\n<meta property=\"article:modified_time\" content=\"2024-10-07T08:59:42+00:00\" \/>\n<meta name=\"twitter:card\" content=\"summary_large_image\" \/>\n<meta name=\"twitter:label1\" content=\"Tiempo de lectura\" \/>\n\t<meta name=\"twitter:data1\" content=\"4 minutos\" \/>\n<script type=\"application\/ld+json\" class=\"yoast-schema-graph\">{\"@context\":\"https:\\\/\\\/schema.org\",\"@graph\":[{\"@type\":\"WebPage\",\"@id\":\"https:\\\/\\\/www.bea-group.com\\\/es\\\/aplicacion\\\/\",\"url\":\"https:\\\/\\\/www.bea-group.com\\\/es\\\/aplicacion\\\/\",\"name\":\"Aplicaci\u00f3n - BeA GmbH\",\"isPartOf\":{\"@id\":\"https:\\\/\\\/www.bea-group.com\\\/es\\\/#website\"},\"datePublished\":\"2023-11-21T05:01:11+00:00\",\"dateModified\":\"2024-10-07T08:59:42+00:00\",\"description\":\"autotec enables efficient, precise and reliable fastening technology that masters the challenges of the industry while setting the standards\",\"breadcrumb\":{\"@id\":\"https:\\\/\\\/www.bea-group.com\\\/es\\\/aplicacion\\\/#breadcrumb\"},\"inLanguage\":\"es\",\"potentialAction\":[{\"@type\":\"ReadAction\",\"target\":[\"https:\\\/\\\/www.bea-group.com\\\/es\\\/aplicacion\\\/\"]}]},{\"@type\":\"BreadcrumbList\",\"@id\":\"https:\\\/\\\/www.bea-group.com\\\/es\\\/aplicacion\\\/#breadcrumb\",\"itemListElement\":[{\"@type\":\"ListItem\",\"position\":1,\"name\":\"Startseite\",\"item\":\"https:\\\/\\\/www.bea-group.com\\\/es\\\/\"},{\"@type\":\"ListItem\",\"position\":2,\"name\":\"Aplicaci\u00f3n\"}]},{\"@type\":\"WebSite\",\"@id\":\"https:\\\/\\\/www.bea-group.com\\\/es\\\/#website\",\"url\":\"https:\\\/\\\/www.bea-group.com\\\/es\\\/\",\"name\":\"BeA GmbH\",\"description\":\"FASTENING TECHNOLOGIES FOR FUTURE GENERATIONS\",\"potentialAction\":[{\"@type\":\"SearchAction\",\"target\":{\"@type\":\"EntryPoint\",\"urlTemplate\":\"https:\\\/\\\/www.bea-group.com\\\/es\\\/?s={search_term_string}\"},\"query-input\":{\"@type\":\"PropertyValueSpecification\",\"valueRequired\":true,\"valueName\":\"search_term_string\"}}],\"inLanguage\":\"es\"}]}<\/script>\n<!-- \/ Yoast SEO plugin. -->","yoast_head_json":{"title":"Aplicaci\u00f3n - BeA GmbH","description":"autotec enables efficient, precise and reliable fastening technology that masters the challenges of the industry while setting the standards","robots":{"index":"index","follow":"follow","max-snippet":"max-snippet:-1","max-image-preview":"max-image-preview:large","max-video-preview":"max-video-preview:-1"},"canonical":"https:\/\/www.bea-group.com\/es\/aplicacion\/","og_locale":"es_ES","og_type":"article","og_title":"Aplicaci\u00f3n - BeA GmbH","og_description":"autotec enables efficient, precise and reliable fastening technology that masters the challenges of the industry while setting the standards","og_url":"https:\/\/www.bea-group.com\/es\/aplicacion\/","og_site_name":"BeA GmbH","article_modified_time":"2024-10-07T08:59:42+00:00","twitter_card":"summary_large_image","twitter_misc":{"Tiempo de lectura":"4 minutos"},"schema":{"@context":"https:\/\/schema.org","@graph":[{"@type":"WebPage","@id":"https:\/\/www.bea-group.com\/es\/aplicacion\/","url":"https:\/\/www.bea-group.com\/es\/aplicacion\/","name":"Aplicaci\u00f3n - BeA GmbH","isPartOf":{"@id":"https:\/\/www.bea-group.com\/es\/#website"},"datePublished":"2023-11-21T05:01:11+00:00","dateModified":"2024-10-07T08:59:42+00:00","description":"autotec enables efficient, precise and reliable fastening technology that masters the challenges of the industry while setting the standards","breadcrumb":{"@id":"https:\/\/www.bea-group.com\/es\/aplicacion\/#breadcrumb"},"inLanguage":"es","potentialAction":[{"@type":"ReadAction","target":["https:\/\/www.bea-group.com\/es\/aplicacion\/"]}]},{"@type":"BreadcrumbList","@id":"https:\/\/www.bea-group.com\/es\/aplicacion\/#breadcrumb","itemListElement":[{"@type":"ListItem","position":1,"name":"Startseite","item":"https:\/\/www.bea-group.com\/es\/"},{"@type":"ListItem","position":2,"name":"Aplicaci\u00f3n"}]},{"@type":"WebSite","@id":"https:\/\/www.bea-group.com\/es\/#website","url":"https:\/\/www.bea-group.com\/es\/","name":"BeA GmbH","description":"FASTENING TECHNOLOGIES FOR FUTURE GENERATIONS","potentialAction":[{"@type":"SearchAction","target":{"@type":"EntryPoint","urlTemplate":"https:\/\/www.bea-group.com\/es\/?s={search_term_string}"},"query-input":{"@type":"PropertyValueSpecification","valueRequired":true,"valueName":"search_term_string"}}],"inLanguage":"es"}]}},"_links":{"self":[{"href":"https:\/\/www.bea-group.com\/es\/wp-json\/wp\/v2\/pages\/59819","targetHints":{"allow":["GET"]}}],"collection":[{"href":"https:\/\/www.bea-group.com\/es\/wp-json\/wp\/v2\/pages"}],"about":[{"href":"https:\/\/www.bea-group.com\/es\/wp-json\/wp\/v2\/types\/page"}],"author":[{"embeddable":true,"href":"https:\/\/www.bea-group.com\/es\/wp-json\/wp\/v2\/users\/3"}],"replies":[{"embeddable":true,"href":"https:\/\/www.bea-group.com\/es\/wp-json\/wp\/v2\/comments?post=59819"}],"version-history":[{"count":2,"href":"https:\/\/www.bea-group.com\/es\/wp-json\/wp\/v2\/pages\/59819\/revisions"}],"predecessor-version":[{"id":59836,"href":"https:\/\/www.bea-group.com\/es\/wp-json\/wp\/v2\/pages\/59819\/revisions\/59836"}],"wp:attachment":[{"href":"https:\/\/www.bea-group.com\/es\/wp-json\/wp\/v2\/media?parent=59819"}],"curies":[{"name":"wp","href":"https:\/\/api.w.org\/{rel}","templated":true}]}}