{"id":59928,"date":"2023-11-20T10:49:15","date_gmt":"2023-11-20T09:49:15","guid":{"rendered":"https:\/\/www.bea-group.com\/kmr-support\/"},"modified":"2024-10-07T12:20:38","modified_gmt":"2024-10-07T10:20:38","slug":"kmr-soporte","status":"publish","type":"page","link":"https:\/\/www.bea-group.com\/es\/kmr-soporte\/","title":{"rendered":"KMR Soporte"},"content":{"rendered":"<p>[et_pb_section fb_built=\u00bb1&#8243; _builder_version=\u00bb4.23.1&#8243; _module_preset=\u00bbdefault\u00bb background_image=\u00bbhttps:\/\/www.bea-group.com\/wp-content\/uploads\/2023\/11\/kmr-background-images-scaled.jpg\u00bb background_position=\u00bbtop_center\u00bb global_colors_info=\u00bb{}\u00bb theme_builder_area=\u00bbpost_content\u00bb][et_pb_row module_class=\u00bbdn\u00bb _builder_version=\u00bb4.23.4&#8243; _module_preset=\u00bbdefault\u00bb global_colors_info=\u00bb{}\u00bb theme_builder_area=\u00bbpost_content\u00bb][et_pb_column type=\u00bb4_4&#8243; _builder_version=\u00bb4.23.4&#8243; _module_preset=\u00bbdefault\u00bb global_colors_info=\u00bb{}\u00bb theme_builder_area=\u00bbpost_content\u00bb][et_pb_text _builder_version=\u00bb4.27.0&#8243; _module_preset=\u00bbdefault\u00bb global_colors_info=\u00bb{}\u00bb theme_builder_area=\u00bbpost_content\u00bb]<\/p>\n<h1>KMR SOPORTE<\/h1>\n<p>[\/et_pb_text][\/et_pb_column][\/et_pb_row][et_pb_row column_structure=\u00bb3_4,1_4&#8243; use_custom_gutter=\u00bbon\u00bb _builder_version=\u00bb4.23.1&#8243; _module_preset=\u00bbdefault\u00bb global_colors_info=\u00bb{}\u00bb theme_builder_area=\u00bbpost_content\u00bb][et_pb_column type=\u00bb3_4&#8243; _builder_version=\u00bb4.23.1&#8243; _module_preset=\u00bbdefault\u00bb global_colors_info=\u00bb{}\u00bb theme_builder_area=\u00bbpost_content\u00bb][et_pb_code _builder_version=\u00bb4.27.0&#8243; _module_preset=\u00bbdefault\u00bb global_colors_info=\u00bb{}\u00bb theme_builder_area=\u00bbpost_content\u00bb]<\/p>\n<div class=\"support_box_main\"> <!-- [et_pb_line_break_holder] -->    <\/p>\n<div class=\"support_box_image_col\"> <!-- [et_pb_line_break_holder] -->        <img decoding=\"async\" src=\"\/wp-content\/uploads\/2023\/11\/KMR_Support_Technischer_Support.jpg\"> <!-- [et_pb_line_break_holder] -->    <\/div>\n<p> <!-- [et_pb_line_break_holder] -->    <\/p>\n<div class=\"support_box_text_col\"> <!-- [et_pb_line_break_holder] -->        <\/p>\n<h4>NUESTRO SOPORTE T\u00c9CNICO<\/h4>\n<p> <!-- [et_pb_line_break_holder] -->        <pee>Puede confiar en nuestro soporte t\u00e9cnico para obtener soluciones r\u00e1pidas y ayuda de expertos. Nuestro equipo est\u00e1 siempre disponible para responder preguntas t\u00e9cnicas, resolver problemas y garantizar que obtenga lo mejor de nuestros productos.<\/pee> <!-- [et_pb_line_break_holder] -->        <pee><a href=\"mailto:service@bea-group.com\" class=\"wpfb_task_bubble\" data-task_id=\"6\">Env\u00edanos un e-mail<\/a><!-- [et_pb_line_break_holder] -->        <!\u2013- [et_pb_br_holder] -\u2013><a href=\"tel:+49410278446\"><strong>04102 78 446<\/strong><\/a><\/pee><!-- [et_pb_line_break_holder] -->    <\/div>\n<p><!-- [et_pb_line_break_holder] --><\/div>\n<p><!-- [et_pb_line_break_holder] -->[\/et_pb_code][et_pb_code _builder_version=\u00bb4.27.0&#8243; _module_preset=\u00bbdefault\u00bb global_colors_info=\u00bb{}\u00bb theme_builder_area=\u00bbpost_content\u00bb]<\/p>\n<div class=\"support_box_main\"><!-- [et_pb_line_break_holder] -->    <\/p>\n<div class=\"support_box_image_col\"> <!-- [et_pb_line_break_holder] -->        <img decoding=\"async\" src=\"\/wp-content\/uploads\/2023\/11\/KMR_Support_Anwendungsberatung.jpg\"> <!-- [et_pb_line_break_holder] -->    <\/div>\n<p> <!-- [et_pb_line_break_holder] -->    <\/p>\n<div class=\"support_box_text_col\"> <!-- [et_pb_line_break_holder] -->        <\/p>\n<h4>NUESTRA CONSULTOR\u00cdA DE APLICACIONES<\/h4>\n<p> <!-- [et_pb_line_break_holder] -->        <pee>Nuestra consultor\u00eda de aplicaciones es su recurso experto para soluciones personalizadas. Con un profundo conocimiento de sus requisitos, estamos disponibles para asesorarlo y garantizar el mejor uso posible de nuestros productos en su aplicaci\u00f3n espec\u00edfica.<\/pee> <!-- [et_pb_line_break_holder] -->        <pee><a href=\"mailto:applicationsberatung@bea-group.com\" class=\"wpfb_task_bubble\" data-task_id=\"10\">Env\u00edanos un e-mail<\/a><!-- [et_pb_line_break_holder] -->        <!\u2013- [et_pb_br_holder] -\u2013><a href=\"tel:+ 49410278383\">04102 78 383<\/a><\/pee> <!-- [et_pb_line_break_holder] -->    <\/div>\n<p> <!-- [et_pb_line_break_holder] --><\/div>\n<p>[\/et_pb_code][et_pb_code _builder_version=\u00bb4.27.0&#8243; _module_preset=\u00bbdefault\u00bb global_colors_info=\u00bb{}\u00bb theme_builder_area=\u00bbpost_content\u00bb]<\/p>\n<div class=\"support_box_main\"> <!-- [et_pb_line_break_holder] -->    <\/p>\n<div class=\"support_box_image_col\"> <!-- [et_pb_line_break_holder] -->        <img decoding=\"async\" src=\"\/wp-content\/uploads\/2023\/11\/KMR_Support_Vertrieb.jpg\"> <!-- [et_pb_line_break_holder] -->    <\/div>\n<p> <!-- [et_pb_line_break_holder] -->    <\/p>\n<div class=\"support_box_text_col\"> <!-- [et_pb_line_break_holder] -->        <\/p>\n<h4>NUESTRA DISTRIBUCI\u00d3N<\/h4>\n<p> <!-- [et_pb_line_break_holder] -->        <pee>Nuestro equipo de ventas es su recurso clave para una asociaci\u00f3n exitosa. Con experiencia, compromiso y un claro enfoque en sus necesidades, estamos listos para brindar soluciones personalizadas.<\/pee> <!-- [et_pb_line_break_holder] -->        <pee><a href=\"mailto:Detlev.Prothmann@bea-group.com\" class=\"wpfb_task_bubble\" data-task_id=\"9\">Env\u00edanos un e-mail<\/a><!\u2013- [et_pb_br_holder] -\u2013><a href=\"tel:+49410278288\">04102 78 288<\/a><\/pee><!-- [et_pb_line_break_holder] -->    <\/div>\n<p> <!-- [et_pb_line_break_holder] --><\/div>\n<p>[\/et_pb_code][et_pb_code disabled_on=\u00bbon|on|on\u00bb _builder_version=\u00bb4.24.0&#8243; _module_preset=\u00bbdefault\u00bb disabled=\u00bbon\u00bb global_colors_info=\u00bb{}\u00bb theme_builder_area=\u00bbpost_content\u00bb]<\/p>\n<div class=\"support_box_main\"> <!-- [et_pb_line_break_holder] -->    <\/p>\n<div class=\"support_box_image_col\"> <!-- [et_pb_line_break_holder] -->        <img decoding=\"async\" src=\"\/wp-content\/uploads\/2023\/11\/BERECHNUNGSSERVICE-images.jpg\"> <!-- [et_pb_line_break_holder] -->    <\/div>\n<p> <!-- [et_pb_line_break_holder] -->    <\/p>\n<div class=\"support_box_text_col\"> <!-- [et_pb_line_break_holder] -->        <\/p>\n<h4>OUR CALCULATION SERVICE<\/h4>\n<p> <!-- [et_pb_line_break_holder] -->        <pee>If you have any questions about our calculation services, are looking for customised solutions or would simply like to find out more about our innovative services, please do not hesitate to contact us.<\/pee> <!-- [et_pb_line_break_holder] -->        <pee><a href=\"mailto:info@bea-group.com\" class=\"wpfb_task_bubble\" data-task_id=\"12\">Write an email<\/a><!-- [et_pb_line_break_holder] -->        <!\u2013- [et_pb_br_holder] -\u2013><a href=\"tel:+ 49410278383\">04102 78 383<\/a><!-- [et_pb_line_break_holder] -->        <\/pee> <!-- [et_pb_line_break_holder] -->    <\/div>\n<p> <!-- [et_pb_line_break_holder] --><\/div>\n<p>[\/et_pb_code][\/et_pb_column][et_pb_column type=\u00bb1_4&#8243; _builder_version=\u00bb4.23.1&#8243; _module_preset=\u00bbdefault\u00bb global_colors_info=\u00bb{}\u00bb theme_builder_area=\u00bbpost_content\u00bb][et_pb_code module_class=\u00bbsupport_sidebar_boxes white_text\u00bb _builder_version=\u00bb4.27.2&#8243; _module_preset=\u00bbdefault\u00bb global_colors_info=\u00bb{}\u00bb theme_builder_area=\u00bbpost_content\u00bb]<\/p>\n<h2>SERVICIO <br class=\"dn_b980\">ATENCI\u00d3N <br class=\"dn_b980\">AL CLIENTE<\/h2>\n<p><!-- [et_pb_line_break_holder] --><\/p>\n<h4>04102 78 444<\/h4>\n<p><!-- [et_pb_line_break_holder] --><pee>Nuestro servicio de atenci\u00f3n al cliente es m\u00e1s que una simple l\u00ednea directa: es su enlace directo a un servicio de primera clase. Con experiencia y compromiso, estamos a su lado para resolver eficientemente sus inquietudes.<\/pee><!-- [et_pb_line_break_holder] --><!-- [et_pb_line_break_holder] --><\/p>\n<h2>L\u00cdNEA <br class=\"dn_b980\">DIRECTA <br class=\"dn_b980\">EASY WAY<\/h2>\n<p><!-- [et_pb_line_break_holder] --><\/p>\n<h4>0800 187 95 60<\/h4>\n<p><!-- [et_pb_line_break_holder] --><pee>La l\u00ednea directa Easy Way es su l\u00ednea directa para encontrar soluciones sencillas. Si tiene preguntas, necesita ayuda o problemas que resolver, estamos aqu\u00ed para ofrecerle la forma m\u00e1s sencilla.<\/pee>[\/et_pb_code][\/et_pb_column][\/et_pb_row][\/et_pb_section]<\/p>\n","protected":false},"excerpt":{"rendered":"<p>KMR SOPORTE<\/p>\n","protected":false},"author":3,"featured_media":0,"parent":0,"menu_order":0,"comment_status":"closed","ping_status":"closed","template":"","meta":{"_et_pb_use_builder":"on","_et_pb_old_content":"","_et_gb_content_width":"","footnotes":""},"class_list":["post-59928","page","type-page","status-publish","hentry"],"yoast_head":"<!-- This site is optimized with the Yoast SEO plugin v27.5 - https:\/\/yoast.com\/product\/yoast-seo-wordpress\/ -->\n<title>KMR Soporte - BeA GmbH<\/title>\n<meta name=\"description\" content=\"Puede confiar en nuestro servicio de asistencia t\u00e9cnica para obtener soluciones r\u00e1pidas y ayuda experta. Nuestro equipo especializado est\u00e1 siempre a su disposici\u00f3n para responder a sus preguntas t\u00e9cnicas.\" \/>\n<meta name=\"robots\" content=\"index, follow, max-snippet:-1, max-image-preview:large, max-video-preview:-1\" \/>\n<link rel=\"canonical\" href=\"https:\/\/www.bea-group.com\/es\/kmr-soporte\/\" \/>\n<meta property=\"og:locale\" content=\"es_ES\" \/>\n<meta property=\"og:type\" content=\"article\" \/>\n<meta property=\"og:title\" content=\"KMR Soporte - BeA GmbH\" \/>\n<meta property=\"og:description\" content=\"Puede confiar en nuestro servicio de asistencia t\u00e9cnica para obtener soluciones r\u00e1pidas y ayuda experta. Nuestro equipo especializado est\u00e1 siempre a su disposici\u00f3n para responder a sus preguntas t\u00e9cnicas.\" \/>\n<meta property=\"og:url\" content=\"https:\/\/www.bea-group.com\/es\/kmr-soporte\/\" \/>\n<meta property=\"og:site_name\" content=\"BeA GmbH\" \/>\n<meta property=\"article:modified_time\" content=\"2024-10-07T10:20:38+00:00\" \/>\n<meta name=\"twitter:card\" content=\"summary_large_image\" \/>\n<meta name=\"twitter:label1\" content=\"Tiempo de lectura\" \/>\n\t<meta name=\"twitter:data1\" content=\"2 minutos\" \/>\n<script type=\"application\/ld+json\" class=\"yoast-schema-graph\">{\"@context\":\"https:\\\/\\\/schema.org\",\"@graph\":[{\"@type\":\"WebPage\",\"@id\":\"https:\\\/\\\/www.bea-group.com\\\/es\\\/kmr-soporte\\\/\",\"url\":\"https:\\\/\\\/www.bea-group.com\\\/es\\\/kmr-soporte\\\/\",\"name\":\"KMR Soporte - BeA GmbH\",\"isPartOf\":{\"@id\":\"https:\\\/\\\/www.bea-group.com\\\/es\\\/#website\"},\"datePublished\":\"2023-11-20T09:49:15+00:00\",\"dateModified\":\"2024-10-07T10:20:38+00:00\",\"description\":\"Puede confiar en nuestro servicio de asistencia t\u00e9cnica para obtener soluciones r\u00e1pidas y ayuda experta. Nuestro equipo especializado est\u00e1 siempre a su disposici\u00f3n para responder a sus preguntas t\u00e9cnicas.\",\"breadcrumb\":{\"@id\":\"https:\\\/\\\/www.bea-group.com\\\/es\\\/kmr-soporte\\\/#breadcrumb\"},\"inLanguage\":\"es\",\"potentialAction\":[{\"@type\":\"ReadAction\",\"target\":[\"https:\\\/\\\/www.bea-group.com\\\/es\\\/kmr-soporte\\\/\"]}]},{\"@type\":\"BreadcrumbList\",\"@id\":\"https:\\\/\\\/www.bea-group.com\\\/es\\\/kmr-soporte\\\/#breadcrumb\",\"itemListElement\":[{\"@type\":\"ListItem\",\"position\":1,\"name\":\"Startseite\",\"item\":\"https:\\\/\\\/www.bea-group.com\\\/es\\\/\"},{\"@type\":\"ListItem\",\"position\":2,\"name\":\"KMR Soporte\"}]},{\"@type\":\"WebSite\",\"@id\":\"https:\\\/\\\/www.bea-group.com\\\/es\\\/#website\",\"url\":\"https:\\\/\\\/www.bea-group.com\\\/es\\\/\",\"name\":\"BeA GmbH\",\"description\":\"FASTENING TECHNOLOGIES FOR FUTURE GENERATIONS\",\"potentialAction\":[{\"@type\":\"SearchAction\",\"target\":{\"@type\":\"EntryPoint\",\"urlTemplate\":\"https:\\\/\\\/www.bea-group.com\\\/es\\\/?s={search_term_string}\"},\"query-input\":{\"@type\":\"PropertyValueSpecification\",\"valueRequired\":true,\"valueName\":\"search_term_string\"}}],\"inLanguage\":\"es\"}]}<\/script>\n<!-- \/ Yoast SEO plugin. -->","yoast_head_json":{"title":"KMR Soporte - BeA GmbH","description":"Puede confiar en nuestro servicio de asistencia t\u00e9cnica para obtener soluciones r\u00e1pidas y ayuda experta. Nuestro equipo especializado est\u00e1 siempre a su disposici\u00f3n para responder a sus preguntas t\u00e9cnicas.","robots":{"index":"index","follow":"follow","max-snippet":"max-snippet:-1","max-image-preview":"max-image-preview:large","max-video-preview":"max-video-preview:-1"},"canonical":"https:\/\/www.bea-group.com\/es\/kmr-soporte\/","og_locale":"es_ES","og_type":"article","og_title":"KMR Soporte - BeA GmbH","og_description":"Puede confiar en nuestro servicio de asistencia t\u00e9cnica para obtener soluciones r\u00e1pidas y ayuda experta. Nuestro equipo especializado est\u00e1 siempre a su disposici\u00f3n para responder a sus preguntas t\u00e9cnicas.","og_url":"https:\/\/www.bea-group.com\/es\/kmr-soporte\/","og_site_name":"BeA GmbH","article_modified_time":"2024-10-07T10:20:38+00:00","twitter_card":"summary_large_image","twitter_misc":{"Tiempo de lectura":"2 minutos"},"schema":{"@context":"https:\/\/schema.org","@graph":[{"@type":"WebPage","@id":"https:\/\/www.bea-group.com\/es\/kmr-soporte\/","url":"https:\/\/www.bea-group.com\/es\/kmr-soporte\/","name":"KMR Soporte - BeA GmbH","isPartOf":{"@id":"https:\/\/www.bea-group.com\/es\/#website"},"datePublished":"2023-11-20T09:49:15+00:00","dateModified":"2024-10-07T10:20:38+00:00","description":"Puede confiar en nuestro servicio de asistencia t\u00e9cnica para obtener soluciones r\u00e1pidas y ayuda experta. Nuestro equipo especializado est\u00e1 siempre a su disposici\u00f3n para responder a sus preguntas t\u00e9cnicas.","breadcrumb":{"@id":"https:\/\/www.bea-group.com\/es\/kmr-soporte\/#breadcrumb"},"inLanguage":"es","potentialAction":[{"@type":"ReadAction","target":["https:\/\/www.bea-group.com\/es\/kmr-soporte\/"]}]},{"@type":"BreadcrumbList","@id":"https:\/\/www.bea-group.com\/es\/kmr-soporte\/#breadcrumb","itemListElement":[{"@type":"ListItem","position":1,"name":"Startseite","item":"https:\/\/www.bea-group.com\/es\/"},{"@type":"ListItem","position":2,"name":"KMR Soporte"}]},{"@type":"WebSite","@id":"https:\/\/www.bea-group.com\/es\/#website","url":"https:\/\/www.bea-group.com\/es\/","name":"BeA GmbH","description":"FASTENING TECHNOLOGIES FOR FUTURE GENERATIONS","potentialAction":[{"@type":"SearchAction","target":{"@type":"EntryPoint","urlTemplate":"https:\/\/www.bea-group.com\/es\/?s={search_term_string}"},"query-input":{"@type":"PropertyValueSpecification","valueRequired":true,"valueName":"search_term_string"}}],"inLanguage":"es"}]}},"_links":{"self":[{"href":"https:\/\/www.bea-group.com\/es\/wp-json\/wp\/v2\/pages\/59928","targetHints":{"allow":["GET"]}}],"collection":[{"href":"https:\/\/www.bea-group.com\/es\/wp-json\/wp\/v2\/pages"}],"about":[{"href":"https:\/\/www.bea-group.com\/es\/wp-json\/wp\/v2\/types\/page"}],"author":[{"embeddable":true,"href":"https:\/\/www.bea-group.com\/es\/wp-json\/wp\/v2\/users\/3"}],"replies":[{"embeddable":true,"href":"https:\/\/www.bea-group.com\/es\/wp-json\/wp\/v2\/comments?post=59928"}],"version-history":[{"count":2,"href":"https:\/\/www.bea-group.com\/es\/wp-json\/wp\/v2\/pages\/59928\/revisions"}],"predecessor-version":[{"id":59931,"href":"https:\/\/www.bea-group.com\/es\/wp-json\/wp\/v2\/pages\/59928\/revisions\/59931"}],"wp:attachment":[{"href":"https:\/\/www.bea-group.com\/es\/wp-json\/wp\/v2\/media?parent=59928"}],"curies":[{"name":"wp","href":"https:\/\/api.w.org\/{rel}","templated":true}]}}