{"id":59934,"date":"2024-01-25T11:28:50","date_gmt":"2024-01-25T10:28:50","guid":{"rendered":"https:\/\/www.bea-group.com\/norway\/"},"modified":"2024-10-07T12:32:25","modified_gmt":"2024-10-07T10:32:25","slug":"noruega","status":"publish","type":"page","link":"https:\/\/www.bea-group.com\/es\/noruega\/","title":{"rendered":"NORUEGA"},"content":{"rendered":"<p>[et_pb_section fb_built=\u00bb1&#8243; module_class=\u00bbimpress_page h1-class h1&#8243; _builder_version=\u00bb4.23.1&#8243; use_background_color_gradient=\u00bbon\u00bb background_color_gradient_stops=\u00bbrgba(0,26,43,0.8) 0%|rgba(0,26,43,0.8) 100%\u00bb background_color_gradient_overlays_image=\u00bbon\u00bb background_color_gradient_start=\u00bbrgba(0,0,0,0.5)\u00bb background_color_gradient_end=\u00bbrgba(0,0,0,0.5)\u00bb background_image=\u00bbhttps:\/\/www.bea-group.com\/wp-content\/uploads\/2023\/11\/secondary_header_company.jpg\u00bb background_position=\u00bbtop_center\u00bb vertical_offset_tablet=\u00bb0&#8243; horizontal_offset_tablet=\u00bb0&#8243; box_shadow_horizontal_tablet=\u00bb0px\u00bb box_shadow_vertical_tablet=\u00bb0px\u00bb box_shadow_blur_tablet=\u00bb40px\u00bb box_shadow_spread_tablet=\u00bb0px\u00bb global_colors_info=\u00bb{}\u00bb theme_builder_area=\u00bbpost_content\u00bb][\/et_pb_section][et_pb_section fb_built=\u00bb1&#8243; module_class=\u00bbimpress_page\u00bb _builder_version=\u00bb4.23.1&#8243; vertical_offset_tablet=\u00bb0&#8243; horizontal_offset_tablet=\u00bb0&#8243; box_shadow_horizontal_tablet=\u00bb0px\u00bb box_shadow_vertical_tablet=\u00bb0px\u00bb box_shadow_blur_tablet=\u00bb40px\u00bb box_shadow_spread_tablet=\u00bb0px\u00bb global_colors_info=\u00bb{}\u00bb theme_builder_area=\u00bbpost_content\u00bb][et_pb_row _builder_version=\u00bb4.23.1&#8243; vertical_offset_tablet=\u00bb0&#8243; horizontal_offset_tablet=\u00bb0&#8243; z_index_tablet=\u00bb0&#8243; box_shadow_horizontal_tablet=\u00bb0px\u00bb box_shadow_vertical_tablet=\u00bb0px\u00bb box_shadow_blur_tablet=\u00bb40px\u00bb box_shadow_spread_tablet=\u00bb0px\u00bb global_colors_info=\u00bb{}\u00bb theme_builder_area=\u00bbpost_content\u00bb][et_pb_column type=\u00bb4_4&#8243; _builder_version=\u00bb4.16&#8243; custom_padding=\u00bb|||\u00bb global_colors_info=\u00bb{}\u00bb custom_padding__hover=\u00bb|||\u00bb theme_builder_area=\u00bbpost_content\u00bb][et_pb_text _builder_version=\u00bb4.27.0&#8243; text_line_height=\u00bb1.6em\u00bb header_font=\u00bb|600|||||||\u00bb header_2_font=\u00bb|600|||||||\u00bb header_2_font_size=\u00bb21px\u00bb vertical_offset_tablet=\u00bb0&#8243; horizontal_offset_tablet=\u00bb0&#8243; z_index_tablet=\u00bb0&#8243; text_text_shadow_horizontal_length_tablet=\u00bb0px\u00bb text_text_shadow_vertical_length_tablet=\u00bb0px\u00bb text_text_shadow_blur_strength_tablet=\u00bb1px\u00bb link_text_shadow_horizontal_length_tablet=\u00bb0px\u00bb link_text_shadow_vertical_length_tablet=\u00bb0px\u00bb link_text_shadow_blur_strength_tablet=\u00bb1px\u00bb ul_text_shadow_horizontal_length_tablet=\u00bb0px\u00bb ul_text_shadow_vertical_length_tablet=\u00bb0px\u00bb ul_text_shadow_blur_strength_tablet=\u00bb1px\u00bb ol_text_shadow_horizontal_length_tablet=\u00bb0px\u00bb ol_text_shadow_vertical_length_tablet=\u00bb0px\u00bb ol_text_shadow_blur_strength_tablet=\u00bb1px\u00bb quote_text_shadow_horizontal_length_tablet=\u00bb0px\u00bb quote_text_shadow_vertical_length_tablet=\u00bb0px\u00bb quote_text_shadow_blur_strength_tablet=\u00bb1px\u00bb header_text_shadow_horizontal_length_tablet=\u00bb0px\u00bb header_text_shadow_vertical_length_tablet=\u00bb0px\u00bb header_text_shadow_blur_strength_tablet=\u00bb1px\u00bb header_2_text_shadow_horizontal_length_tablet=\u00bb0px\u00bb header_2_text_shadow_vertical_length_tablet=\u00bb0px\u00bb header_2_text_shadow_blur_strength_tablet=\u00bb1px\u00bb header_3_text_shadow_horizontal_length_tablet=\u00bb0px\u00bb header_3_text_shadow_vertical_length_tablet=\u00bb0px\u00bb header_3_text_shadow_blur_strength_tablet=\u00bb1px\u00bb header_4_text_shadow_horizontal_length_tablet=\u00bb0px\u00bb header_4_text_shadow_vertical_length_tablet=\u00bb0px\u00bb header_4_text_shadow_blur_strength_tablet=\u00bb1px\u00bb header_5_text_shadow_horizontal_length_tablet=\u00bb0px\u00bb header_5_text_shadow_vertical_length_tablet=\u00bb0px\u00bb header_5_text_shadow_blur_strength_tablet=\u00bb1px\u00bb header_6_text_shadow_horizontal_length_tablet=\u00bb0px\u00bb header_6_text_shadow_vertical_length_tablet=\u00bb0px\u00bb header_6_text_shadow_blur_strength_tablet=\u00bb1px\u00bb box_shadow_horizontal_tablet=\u00bb0px\u00bb box_shadow_vertical_tablet=\u00bb0px\u00bb box_shadow_blur_tablet=\u00bb40px\u00bb box_shadow_spread_tablet=\u00bb0px\u00bb global_colors_info=\u00bb{}\u00bb theme_builder_area=\u00bbpost_content\u00bb]<\/p>\n<h1>BeA Norge AS<\/h1>\n<p>Directora General: Pernille Skov Pasler<br \/>N.\u00ba MVA: NO 937 414 552<\/p>\n<p>BeA Norge AS<br \/>c\/o NBS Logistik<br \/>Torvuttaket 22<br \/>1540 Vestby<\/p>\n<p>Tel.: <a href=\"tel:+4543526565\">+45 43 52 65 65<\/a><br \/>Correo electr\u00f3nico : <a href=\"mailto:info-no@bea-group.com\">info-no@BeA-group.com<\/a><\/p>\n<p>[\/et_pb_text][\/et_pb_column][\/et_pb_row][\/et_pb_section]<\/p>\n","protected":false},"excerpt":{"rendered":"<p>BeA Norge AS Directora General: Pernille Skov PaslerN.\u00ba MVA: NO 937 414 552 BeA Norge ASc\/o NBS LogistikTorvuttaket 221540 Vestby Tel.: +45 43 52 65 65Correo electr\u00f3nico : info-no@BeA-group.com<\/p>\n","protected":false},"author":3,"featured_media":0,"parent":0,"menu_order":0,"comment_status":"closed","ping_status":"closed","template":"","meta":{"_et_pb_use_builder":"on","_et_pb_old_content":"[et_pb_section fb_built=\"1\" module_class=\"impress_page h1-class h1\" _builder_version=\"4.23.1\" use_background_color_gradient=\"on\" background_color_gradient_stops=\"rgba(0,26,43,0.8) 0%|rgba(0,26,43,0.8) 100%\" background_color_gradient_overlays_image=\"on\" background_color_gradient_start=\"rgba(0,0,0,0.5)\" background_color_gradient_end=\"rgba(0,0,0,0.5)\" background_image=\"https:\/\/www.bea-group.com\/wp-content\/uploads\/2023\/11\/secondary_header_company.jpg\" background_position=\"top_center\" vertical_offset_tablet=\"0\" horizontal_offset_tablet=\"0\" box_shadow_horizontal_tablet=\"0px\" box_shadow_vertical_tablet=\"0px\" box_shadow_blur_tablet=\"40px\" box_shadow_spread_tablet=\"0px\" global_colors_info=\"{}\"][\/et_pb_section][et_pb_section fb_built=\"1\" module_class=\"impress_page\" _builder_version=\"4.23.1\" vertical_offset_tablet=\"0\" horizontal_offset_tablet=\"0\" box_shadow_horizontal_tablet=\"0px\" box_shadow_vertical_tablet=\"0px\" box_shadow_blur_tablet=\"40px\" box_shadow_spread_tablet=\"0px\" global_colors_info=\"{}\"][et_pb_row _builder_version=\"4.23.1\" vertical_offset_tablet=\"0\" horizontal_offset_tablet=\"0\" z_index_tablet=\"0\" box_shadow_horizontal_tablet=\"0px\" box_shadow_vertical_tablet=\"0px\" box_shadow_blur_tablet=\"40px\" box_shadow_spread_tablet=\"0px\" global_colors_info=\"{}\"][et_pb_column type=\"4_4\" _builder_version=\"4.16\" custom_padding=\"|||\" global_colors_info=\"{}\" custom_padding__hover=\"|||\"][et_pb_text _builder_version=\"4.24.0\" text_line_height=\"1.6em\" header_font=\"|600|||||||\" header_2_font=\"|600|||||||\" header_2_font_size=\"21px\" vertical_offset_tablet=\"0\" horizontal_offset_tablet=\"0\" hover_enabled=\"0\" z_index_tablet=\"0\" text_text_shadow_horizontal_length_tablet=\"0px\" text_text_shadow_vertical_length_tablet=\"0px\" text_text_shadow_blur_strength_tablet=\"1px\" link_text_shadow_horizontal_length_tablet=\"0px\" link_text_shadow_vertical_length_tablet=\"0px\" link_text_shadow_blur_strength_tablet=\"1px\" ul_text_shadow_horizontal_length_tablet=\"0px\" ul_text_shadow_vertical_length_tablet=\"0px\" ul_text_shadow_blur_strength_tablet=\"1px\" ol_text_shadow_horizontal_length_tablet=\"0px\" ol_text_shadow_vertical_length_tablet=\"0px\" ol_text_shadow_blur_strength_tablet=\"1px\" quote_text_shadow_horizontal_length_tablet=\"0px\" quote_text_shadow_vertical_length_tablet=\"0px\" quote_text_shadow_blur_strength_tablet=\"1px\" header_text_shadow_horizontal_length_tablet=\"0px\" header_text_shadow_vertical_length_tablet=\"0px\" header_text_shadow_blur_strength_tablet=\"1px\" header_2_text_shadow_horizontal_length_tablet=\"0px\" header_2_text_shadow_vertical_length_tablet=\"0px\" header_2_text_shadow_blur_strength_tablet=\"1px\" header_3_text_shadow_horizontal_length_tablet=\"0px\" header_3_text_shadow_vertical_length_tablet=\"0px\" header_3_text_shadow_blur_strength_tablet=\"1px\" header_4_text_shadow_horizontal_length_tablet=\"0px\" header_4_text_shadow_vertical_length_tablet=\"0px\" header_4_text_shadow_blur_strength_tablet=\"1px\" header_5_text_shadow_horizontal_length_tablet=\"0px\" header_5_text_shadow_vertical_length_tablet=\"0px\" header_5_text_shadow_blur_strength_tablet=\"1px\" header_6_text_shadow_horizontal_length_tablet=\"0px\" header_6_text_shadow_vertical_length_tablet=\"0px\" header_6_text_shadow_blur_strength_tablet=\"1px\" box_shadow_horizontal_tablet=\"0px\" box_shadow_vertical_tablet=\"0px\" box_shadow_blur_tablet=\"40px\" box_shadow_spread_tablet=\"0px\" global_colors_info=\"{}\" sticky_enabled=\"0\"]<h1>BeA Norge AS<\/h1>\r\n<p>Dagligleder Pernille Skov Pasler<br \/>MVA nr. NO 937 414 552<\/p>\r\n<p>BeA Norge AS<br \/>c\/o NBS Logistik<br \/>Torvuttaket 22<br \/>1540 Vestby<\/p>\r\n<p>Tlf. <a href=\"tel:+4543526565\">+45 43 52 65 65<\/a><br \/>E-mail : <a href=\"mailto:info-no@bea-group.com\">info-no@bea-group.com<\/a><\/p>[\/et_pb_text][\/et_pb_column][\/et_pb_row][\/et_pb_section]","_et_gb_content_width":"","footnotes":""},"class_list":["post-59934","page","type-page","status-publish","hentry"],"yoast_head":"<!-- This site is optimized with the Yoast SEO plugin v27.2 - https:\/\/yoast.com\/product\/yoast-seo-wordpress\/ -->\n<title>NORUEGA - BeA GmbH<\/title>\n<meta name=\"description\" content=\"BeA GmbH pone el m\u00e1ximo cuidado en la recopilaci\u00f3n del contenido de este sitio web y garantiza su actualizaci\u00f3n peri\u00f3dica.\" \/>\n<meta name=\"robots\" content=\"index, follow, max-snippet:-1, max-image-preview:large, max-video-preview:-1\" \/>\n<link rel=\"canonical\" href=\"https:\/\/www.bea-group.com\/es\/noruega\/\" \/>\n<meta property=\"og:locale\" content=\"es_ES\" \/>\n<meta property=\"og:type\" content=\"article\" \/>\n<meta property=\"og:title\" content=\"NORUEGA - BeA GmbH\" \/>\n<meta property=\"og:description\" content=\"BeA GmbH pone el m\u00e1ximo cuidado en la recopilaci\u00f3n del contenido de este sitio web y garantiza su actualizaci\u00f3n peri\u00f3dica.\" \/>\n<meta property=\"og:url\" content=\"https:\/\/www.bea-group.com\/es\/noruega\/\" \/>\n<meta property=\"og:site_name\" content=\"BeA GmbH\" \/>\n<meta property=\"article:modified_time\" content=\"2024-10-07T10:32:25+00:00\" \/>\n<meta name=\"twitter:card\" content=\"summary_large_image\" \/>\n<meta name=\"twitter:label1\" content=\"Tiempo de lectura\" \/>\n\t<meta name=\"twitter:data1\" content=\"1 minuto\" \/>\n<script type=\"application\/ld+json\" class=\"yoast-schema-graph\">{\"@context\":\"https:\/\/schema.org\",\"@graph\":[{\"@type\":\"WebPage\",\"@id\":\"https:\/\/www.bea-group.com\/es\/noruega\/\",\"url\":\"https:\/\/www.bea-group.com\/es\/noruega\/\",\"name\":\"NORUEGA - BeA GmbH\",\"isPartOf\":{\"@id\":\"https:\/\/www.bea-group.com\/es\/#website\"},\"datePublished\":\"2024-01-25T10:28:50+00:00\",\"dateModified\":\"2024-10-07T10:32:25+00:00\",\"description\":\"BeA GmbH pone el m\u00e1ximo cuidado en la recopilaci\u00f3n del contenido de este sitio web y garantiza su actualizaci\u00f3n peri\u00f3dica.\",\"breadcrumb\":{\"@id\":\"https:\/\/www.bea-group.com\/es\/noruega\/#breadcrumb\"},\"inLanguage\":\"es\",\"potentialAction\":[{\"@type\":\"ReadAction\",\"target\":[\"https:\/\/www.bea-group.com\/es\/noruega\/\"]}]},{\"@type\":\"BreadcrumbList\",\"@id\":\"https:\/\/www.bea-group.com\/es\/noruega\/#breadcrumb\",\"itemListElement\":[{\"@type\":\"ListItem\",\"position\":1,\"name\":\"Startseite\",\"item\":\"https:\/\/www.bea-group.com\/es\/\"},{\"@type\":\"ListItem\",\"position\":2,\"name\":\"NORUEGA\"}]},{\"@type\":\"WebSite\",\"@id\":\"https:\/\/www.bea-group.com\/es\/#website\",\"url\":\"https:\/\/www.bea-group.com\/es\/\",\"name\":\"BeA GmbH\",\"description\":\"FASTENING TECHNOLOGIES FOR FUTURE GENERATIONS\",\"potentialAction\":[{\"@type\":\"SearchAction\",\"target\":{\"@type\":\"EntryPoint\",\"urlTemplate\":\"https:\/\/www.bea-group.com\/es\/?s={search_term_string}\"},\"query-input\":{\"@type\":\"PropertyValueSpecification\",\"valueRequired\":true,\"valueName\":\"search_term_string\"}}],\"inLanguage\":\"es\"}]}<\/script>\n<!-- \/ Yoast SEO plugin. -->","yoast_head_json":{"title":"NORUEGA - BeA GmbH","description":"BeA GmbH pone el m\u00e1ximo cuidado en la recopilaci\u00f3n del contenido de este sitio web y garantiza su actualizaci\u00f3n peri\u00f3dica.","robots":{"index":"index","follow":"follow","max-snippet":"max-snippet:-1","max-image-preview":"max-image-preview:large","max-video-preview":"max-video-preview:-1"},"canonical":"https:\/\/www.bea-group.com\/es\/noruega\/","og_locale":"es_ES","og_type":"article","og_title":"NORUEGA - BeA GmbH","og_description":"BeA GmbH pone el m\u00e1ximo cuidado en la recopilaci\u00f3n del contenido de este sitio web y garantiza su actualizaci\u00f3n peri\u00f3dica.","og_url":"https:\/\/www.bea-group.com\/es\/noruega\/","og_site_name":"BeA GmbH","article_modified_time":"2024-10-07T10:32:25+00:00","twitter_card":"summary_large_image","twitter_misc":{"Tiempo de lectura":"1 minuto"},"schema":{"@context":"https:\/\/schema.org","@graph":[{"@type":"WebPage","@id":"https:\/\/www.bea-group.com\/es\/noruega\/","url":"https:\/\/www.bea-group.com\/es\/noruega\/","name":"NORUEGA - BeA GmbH","isPartOf":{"@id":"https:\/\/www.bea-group.com\/es\/#website"},"datePublished":"2024-01-25T10:28:50+00:00","dateModified":"2024-10-07T10:32:25+00:00","description":"BeA GmbH pone el m\u00e1ximo cuidado en la recopilaci\u00f3n del contenido de este sitio web y garantiza su actualizaci\u00f3n peri\u00f3dica.","breadcrumb":{"@id":"https:\/\/www.bea-group.com\/es\/noruega\/#breadcrumb"},"inLanguage":"es","potentialAction":[{"@type":"ReadAction","target":["https:\/\/www.bea-group.com\/es\/noruega\/"]}]},{"@type":"BreadcrumbList","@id":"https:\/\/www.bea-group.com\/es\/noruega\/#breadcrumb","itemListElement":[{"@type":"ListItem","position":1,"name":"Startseite","item":"https:\/\/www.bea-group.com\/es\/"},{"@type":"ListItem","position":2,"name":"NORUEGA"}]},{"@type":"WebSite","@id":"https:\/\/www.bea-group.com\/es\/#website","url":"https:\/\/www.bea-group.com\/es\/","name":"BeA GmbH","description":"FASTENING TECHNOLOGIES FOR FUTURE GENERATIONS","potentialAction":[{"@type":"SearchAction","target":{"@type":"EntryPoint","urlTemplate":"https:\/\/www.bea-group.com\/es\/?s={search_term_string}"},"query-input":{"@type":"PropertyValueSpecification","valueRequired":true,"valueName":"search_term_string"}}],"inLanguage":"es"}]}},"_links":{"self":[{"href":"https:\/\/www.bea-group.com\/es\/wp-json\/wp\/v2\/pages\/59934","targetHints":{"allow":["GET"]}}],"collection":[{"href":"https:\/\/www.bea-group.com\/es\/wp-json\/wp\/v2\/pages"}],"about":[{"href":"https:\/\/www.bea-group.com\/es\/wp-json\/wp\/v2\/types\/page"}],"author":[{"embeddable":true,"href":"https:\/\/www.bea-group.com\/es\/wp-json\/wp\/v2\/users\/3"}],"replies":[{"embeddable":true,"href":"https:\/\/www.bea-group.com\/es\/wp-json\/wp\/v2\/comments?post=59934"}],"version-history":[{"count":2,"href":"https:\/\/www.bea-group.com\/es\/wp-json\/wp\/v2\/pages\/59934\/revisions"}],"predecessor-version":[{"id":59974,"href":"https:\/\/www.bea-group.com\/es\/wp-json\/wp\/v2\/pages\/59934\/revisions\/59974"}],"wp:attachment":[{"href":"https:\/\/www.bea-group.com\/es\/wp-json\/wp\/v2\/media?parent=59934"}],"curies":[{"name":"wp","href":"https:\/\/api.w.org\/{rel}","templated":true}]}}