{"id":60000,"date":"2019-07-23T21:11:49","date_gmt":"2019-07-23T19:11:49","guid":{"rendered":"https:\/\/www.bea-group.com\/imprint\/"},"modified":"2025-07-15T06:12:41","modified_gmt":"2025-07-15T04:12:41","slug":"imprimir","status":"publish","type":"page","link":"https:\/\/www.bea-group.com\/es\/imprimir\/","title":{"rendered":"IMPRIMIR"},"content":{"rendered":"<p>[et_pb_section fb_built=\u00bb1&#8243; module_class=\u00bbimpress_page h1-class h1&#8243; _builder_version=\u00bb4.23.1&#8243; use_background_color_gradient=\u00bbon\u00bb background_color_gradient_stops=\u00bbrgba(0,26,43,0.8) 0%|rgba(0,26,43,0.8) 100%\u00bb background_color_gradient_overlays_image=\u00bbon\u00bb background_color_gradient_start=\u00bbrgba(0,0,0,0.5)\u00bb background_color_gradient_end=\u00bbrgba(0,0,0,0.5)\u00bb background_image=\u00bbhttps:\/\/www.bea-group.com\/wp-content\/uploads\/2023\/11\/secondary_header_company.jpg\u00bb background_position=\u00bbtop_center\u00bb vertical_offset_tablet=\u00bb0&#8243; horizontal_offset_tablet=\u00bb0&#8243; box_shadow_horizontal_tablet=\u00bb0px\u00bb box_shadow_vertical_tablet=\u00bb0px\u00bb box_shadow_blur_tablet=\u00bb40px\u00bb box_shadow_spread_tablet=\u00bb0px\u00bb global_colors_info=\u00bb{}\u00bb][\/et_pb_section][et_pb_section fb_built=\u00bb1&#8243; module_class=\u00bbimpress_page\u00bb _builder_version=\u00bb4.23.1&#8243; vertical_offset_tablet=\u00bb0&#8243; horizontal_offset_tablet=\u00bb0&#8243; box_shadow_horizontal_tablet=\u00bb0px\u00bb box_shadow_vertical_tablet=\u00bb0px\u00bb box_shadow_blur_tablet=\u00bb40px\u00bb box_shadow_spread_tablet=\u00bb0px\u00bb global_colors_info=\u00bb{}\u00bb][et_pb_row _builder_version=\u00bb4.23.1&#8243; vertical_offset_tablet=\u00bb0&#8243; horizontal_offset_tablet=\u00bb0&#8243; z_index_tablet=\u00bb0&#8243; box_shadow_horizontal_tablet=\u00bb0px\u00bb box_shadow_vertical_tablet=\u00bb0px\u00bb box_shadow_blur_tablet=\u00bb40px\u00bb box_shadow_spread_tablet=\u00bb0px\u00bb global_colors_info=\u00bb{}\u00bb][et_pb_column type=\u00bb4_4&#8243; _builder_version=\u00bb4.16&#8243; custom_padding=\u00bb|||\u00bb global_colors_info=\u00bb{}\u00bb custom_padding__hover=\u00bb|||\u00bb][et_pb_text _builder_version=\u00bb4.27.4&#8243; text_line_height=\u00bb1.6em\u00bb header_font=\u00bb|600|||||||\u00bb header_2_font=\u00bb|600|||||||\u00bb header_2_font_size=\u00bb21px\u00bb vertical_offset_tablet=\u00bb0&#8243; horizontal_offset_tablet=\u00bb0&#8243; hover_enabled=\u00bb0&#8243; z_index_tablet=\u00bb0&#8243; text_text_shadow_horizontal_length_tablet=\u00bb0px\u00bb text_text_shadow_vertical_length_tablet=\u00bb0px\u00bb text_text_shadow_blur_strength_tablet=\u00bb1px\u00bb link_text_shadow_horizontal_length_tablet=\u00bb0px\u00bb link_text_shadow_vertical_length_tablet=\u00bb0px\u00bb link_text_shadow_blur_strength_tablet=\u00bb1px\u00bb ul_text_shadow_horizontal_length_tablet=\u00bb0px\u00bb ul_text_shadow_vertical_length_tablet=\u00bb0px\u00bb ul_text_shadow_blur_strength_tablet=\u00bb1px\u00bb ol_text_shadow_horizontal_length_tablet=\u00bb0px\u00bb ol_text_shadow_vertical_length_tablet=\u00bb0px\u00bb ol_text_shadow_blur_strength_tablet=\u00bb1px\u00bb quote_text_shadow_horizontal_length_tablet=\u00bb0px\u00bb quote_text_shadow_vertical_length_tablet=\u00bb0px\u00bb quote_text_shadow_blur_strength_tablet=\u00bb1px\u00bb header_text_shadow_horizontal_length_tablet=\u00bb0px\u00bb header_text_shadow_vertical_length_tablet=\u00bb0px\u00bb header_text_shadow_blur_strength_tablet=\u00bb1px\u00bb header_2_text_shadow_horizontal_length_tablet=\u00bb0px\u00bb header_2_text_shadow_vertical_length_tablet=\u00bb0px\u00bb header_2_text_shadow_blur_strength_tablet=\u00bb1px\u00bb header_3_text_shadow_horizontal_length_tablet=\u00bb0px\u00bb header_3_text_shadow_vertical_length_tablet=\u00bb0px\u00bb header_3_text_shadow_blur_strength_tablet=\u00bb1px\u00bb header_4_text_shadow_horizontal_length_tablet=\u00bb0px\u00bb header_4_text_shadow_vertical_length_tablet=\u00bb0px\u00bb header_4_text_shadow_blur_strength_tablet=\u00bb1px\u00bb header_5_text_shadow_horizontal_length_tablet=\u00bb0px\u00bb header_5_text_shadow_vertical_length_tablet=\u00bb0px\u00bb header_5_text_shadow_blur_strength_tablet=\u00bb1px\u00bb header_6_text_shadow_horizontal_length_tablet=\u00bb0px\u00bb header_6_text_shadow_vertical_length_tablet=\u00bb0px\u00bb header_6_text_shadow_blur_strength_tablet=\u00bb1px\u00bb box_shadow_horizontal_tablet=\u00bb0px\u00bb box_shadow_vertical_tablet=\u00bb0px\u00bb box_shadow_blur_tablet=\u00bb40px\u00bb box_shadow_spread_tablet=\u00bb0px\u00bb global_colors_info=\u00bb{}\u00bb sticky_enabled=\u00bb0&#8243;]<\/p>\n<h1>BeA GmbH<\/h1>\n<p>Directores Generales:<br \/>Mr. Ferran Brunet<\/p>\n<p><strong>Registro Mercantil: L\u00fcbeck HRB 21320HL<\/strong><br \/><strong>N.\u00ba fiscal: 30\/293 80 781<\/strong><\/p>\n<p><strong>N.\u00ba de IVA: DE 342\/809\/873<\/strong><br \/><strong>N.\u00ba de registro WEEE: DE 94007702<\/strong><\/p>\n<p>Webmaster: <a href=webmaster@bea-group.com rel=\"noopener noreferrer\"target=_blank>webmaster@BeA-group.com<\/a><\/p>\n<h2>Direcci\u00f3n<\/h2>\n<p>BeA Hispania S.A.,<br \/>C\/ La Noguera, 30-36 \u2013 Pol\u00edgono Industrial Can Carner<br \/>08211 Castellar del Vall\u00e8s (Barcelona)<br \/>Espa\u00f1a<\/p>\n<p>Competencia Juzgados y Tribunales de Barcelona. Registro Mercantil de Barcelona, Tomo 1625, Folio<\/p>\n<p>16, Hoja 14037, Archivo Libro 1053, Secci\u00f3n2a. \u2013 C.I.F. A08-217267. Sociedad Anonima Unipersonal<\/p>\n<p><strong>N\u00famero de IVA: A-08217267<\/strong><\/p>\n<p><strong>WEEE Reg.No. DE 94007702<\/strong><\/p>\n<p>Tel.: <a href=tel:04102780 rel=\"noopener noreferrer\"target=\"_blank \">04102 &#8211; 78 &#8211; 0<\/a><br \/>Fax: <a href=fax:0410278250 rel=\"noopener noreferrer\"target=_blank>04102 &#8211; 78 &#8211; 250<\/a><\/p>\n<p>Correo electr\u00f3nico: <a href=mailto:info@es.BeA-group.com rel=\"noopener noreferrer\"target=_blank>info@es.BeA-group.com<\/a><\/p>\n<p>Sitio web creado por Seiten-Werk GmbH<\/p>\n<h2>Aviso legal<\/h2>\n<p>BeA GmbH compila los contenidos de estas p\u00e1ginas web con gran cuidado y se asegura de actualizarlos regularmente. La informaci\u00f3n proporcionada es inicialmente solo para fines informativos generales, sin car\u00e1cter vinculante, y no sustituye el asesoramiento individual. No se pueden excluir errores, como en la especificaci\u00f3n de datos t\u00e9cnicos. Nos reservamos expresamente el derecho a realizar cambios t\u00e9cnicos en los productos o que las mercanc\u00edas entregadas difieran de las im\u00e1genes en este sitio web. BeA excluye cualquier responsabilidad por da\u00f1os que resulten directa o indirectamente del uso de este sitio web, a menos que se deban a intenci\u00f3n o negligencia grave por parte de BeA.<\/p>\n<h2>Derechos de autor<\/h2>\n<p>El derecho de autor y todos los dem\u00e1s derechos sobre el contenido, im\u00e1genes, fotos u otros archivos en el sitio web pertenecen exclusivamente a BeA GmbH o a los titulares de derechos espec\u00edficamente nombrados. Para la reproducci\u00f3n de cualquier elemento, se debe obtener previamente el consentimiento por escrito del titular de los derechos de autor.<\/p>\n<h2>El material gr\u00e1fico utilizado est\u00e1 protegido por derechos de autor y ha sido licenciado o puesto a disposici\u00f3n.<\/h2>\n<p>https:\/\/stock. adobe.com\/<\/p>\n<p>\u00a9 Viglietti\/peopleimages.com, \u00a9 Ticha[\/et_pb_text][\/et_pb_column][\/et_pb_row][\/et_pb_section]<\/p>\n","protected":false},"excerpt":{"rendered":"<p>BeA GmbHDirectores Generales:Mr. Ferran BrunetRegistro Mercantil: L\u00fcbeck HRB 21320HLN.\u00ba fiscal: 30\/293 80 781N.\u00ba de IVA: DE 342\/809\/873N.\u00ba de registro WEEE: DE 94007702Webmaster: webmaster@BeA-group.comDirecci\u00f3nBeA Hispania S.A.,C\/ La Noguera, 30-36 \u2013 Pol\u00edgono Industrial Can Carner08211 Castellar del Vall\u00e8s (Barcelona)Espa\u00f1aCompetencia Juzgados y Tribunales de Barcelona. Registro Mercantil de Barcelona, Tomo 1625, Folio16, Hoja 14037, Archivo Libro 1053, Secci\u00f3n2a. [&hellip;]<\/p>\n","protected":false},"author":3,"featured_media":0,"parent":0,"menu_order":0,"comment_status":"closed","ping_status":"closed","template":"","meta":{"_et_pb_use_builder":"on","_et_pb_old_content":"","_et_gb_content_width":"","footnotes":""},"class_list":["post-60000","page","type-page","status-publish","hentry"],"yoast_head":"<!-- This site is optimized with the Yoast SEO plugin v27.5 - https:\/\/yoast.com\/product\/yoast-seo-wordpress\/ -->\n<title>IMPRIMIR - BeA GmbH<\/title>\n<meta name=\"description\" content=\"BeA GmbH se esmera en la recopilaci\u00f3n del contenido de este sitio web y garantiza su actualizaci\u00f3n peri\u00f3dica.\" \/>\n<meta name=\"robots\" content=\"index, follow, max-snippet:-1, max-image-preview:large, max-video-preview:-1\" \/>\n<link rel=\"canonical\" href=\"https:\/\/www.bea-group.com\/es\/imprimir\/\" \/>\n<meta property=\"og:locale\" content=\"es_ES\" \/>\n<meta property=\"og:type\" content=\"article\" \/>\n<meta property=\"og:title\" content=\"IMPRIMIR - BeA GmbH\" \/>\n<meta property=\"og:description\" content=\"BeA GmbH se esmera en la recopilaci\u00f3n del contenido de este sitio web y garantiza su actualizaci\u00f3n peri\u00f3dica.\" \/>\n<meta property=\"og:url\" content=\"https:\/\/www.bea-group.com\/es\/imprimir\/\" \/>\n<meta property=\"og:site_name\" content=\"BeA GmbH\" \/>\n<meta property=\"article:modified_time\" content=\"2025-07-15T04:12:41+00:00\" \/>\n<meta name=\"twitter:card\" content=\"summary_large_image\" \/>\n<meta name=\"twitter:label1\" content=\"Tiempo de lectura\" \/>\n\t<meta name=\"twitter:data1\" content=\"2 minutos\" \/>\n<script type=\"application\/ld+json\" class=\"yoast-schema-graph\">{\"@context\":\"https:\\\/\\\/schema.org\",\"@graph\":[{\"@type\":\"WebPage\",\"@id\":\"https:\\\/\\\/www.bea-group.com\\\/es\\\/imprimir\\\/\",\"url\":\"https:\\\/\\\/www.bea-group.com\\\/es\\\/imprimir\\\/\",\"name\":\"IMPRIMIR - BeA GmbH\",\"isPartOf\":{\"@id\":\"https:\\\/\\\/www.bea-group.com\\\/es\\\/#website\"},\"datePublished\":\"2019-07-23T19:11:49+00:00\",\"dateModified\":\"2025-07-15T04:12:41+00:00\",\"description\":\"BeA GmbH se esmera en la recopilaci\u00f3n del contenido de este sitio web y garantiza su actualizaci\u00f3n peri\u00f3dica.\",\"breadcrumb\":{\"@id\":\"https:\\\/\\\/www.bea-group.com\\\/es\\\/imprimir\\\/#breadcrumb\"},\"inLanguage\":\"es\",\"potentialAction\":[{\"@type\":\"ReadAction\",\"target\":[\"https:\\\/\\\/www.bea-group.com\\\/es\\\/imprimir\\\/\"]}]},{\"@type\":\"BreadcrumbList\",\"@id\":\"https:\\\/\\\/www.bea-group.com\\\/es\\\/imprimir\\\/#breadcrumb\",\"itemListElement\":[{\"@type\":\"ListItem\",\"position\":1,\"name\":\"Startseite\",\"item\":\"https:\\\/\\\/www.bea-group.com\\\/es\\\/\"},{\"@type\":\"ListItem\",\"position\":2,\"name\":\"IMPRIMIR\"}]},{\"@type\":\"WebSite\",\"@id\":\"https:\\\/\\\/www.bea-group.com\\\/es\\\/#website\",\"url\":\"https:\\\/\\\/www.bea-group.com\\\/es\\\/\",\"name\":\"BeA GmbH\",\"description\":\"FASTENING TECHNOLOGIES FOR FUTURE GENERATIONS\",\"potentialAction\":[{\"@type\":\"SearchAction\",\"target\":{\"@type\":\"EntryPoint\",\"urlTemplate\":\"https:\\\/\\\/www.bea-group.com\\\/es\\\/?s={search_term_string}\"},\"query-input\":{\"@type\":\"PropertyValueSpecification\",\"valueRequired\":true,\"valueName\":\"search_term_string\"}}],\"inLanguage\":\"es\"}]}<\/script>\n<!-- \/ Yoast SEO plugin. -->","yoast_head_json":{"title":"IMPRIMIR - BeA GmbH","description":"BeA GmbH se esmera en la recopilaci\u00f3n del contenido de este sitio web y garantiza su actualizaci\u00f3n peri\u00f3dica.","robots":{"index":"index","follow":"follow","max-snippet":"max-snippet:-1","max-image-preview":"max-image-preview:large","max-video-preview":"max-video-preview:-1"},"canonical":"https:\/\/www.bea-group.com\/es\/imprimir\/","og_locale":"es_ES","og_type":"article","og_title":"IMPRIMIR - BeA GmbH","og_description":"BeA GmbH se esmera en la recopilaci\u00f3n del contenido de este sitio web y garantiza su actualizaci\u00f3n peri\u00f3dica.","og_url":"https:\/\/www.bea-group.com\/es\/imprimir\/","og_site_name":"BeA GmbH","article_modified_time":"2025-07-15T04:12:41+00:00","twitter_card":"summary_large_image","twitter_misc":{"Tiempo de lectura":"2 minutos"},"schema":{"@context":"https:\/\/schema.org","@graph":[{"@type":"WebPage","@id":"https:\/\/www.bea-group.com\/es\/imprimir\/","url":"https:\/\/www.bea-group.com\/es\/imprimir\/","name":"IMPRIMIR - BeA GmbH","isPartOf":{"@id":"https:\/\/www.bea-group.com\/es\/#website"},"datePublished":"2019-07-23T19:11:49+00:00","dateModified":"2025-07-15T04:12:41+00:00","description":"BeA GmbH se esmera en la recopilaci\u00f3n del contenido de este sitio web y garantiza su actualizaci\u00f3n peri\u00f3dica.","breadcrumb":{"@id":"https:\/\/www.bea-group.com\/es\/imprimir\/#breadcrumb"},"inLanguage":"es","potentialAction":[{"@type":"ReadAction","target":["https:\/\/www.bea-group.com\/es\/imprimir\/"]}]},{"@type":"BreadcrumbList","@id":"https:\/\/www.bea-group.com\/es\/imprimir\/#breadcrumb","itemListElement":[{"@type":"ListItem","position":1,"name":"Startseite","item":"https:\/\/www.bea-group.com\/es\/"},{"@type":"ListItem","position":2,"name":"IMPRIMIR"}]},{"@type":"WebSite","@id":"https:\/\/www.bea-group.com\/es\/#website","url":"https:\/\/www.bea-group.com\/es\/","name":"BeA GmbH","description":"FASTENING TECHNOLOGIES FOR FUTURE GENERATIONS","potentialAction":[{"@type":"SearchAction","target":{"@type":"EntryPoint","urlTemplate":"https:\/\/www.bea-group.com\/es\/?s={search_term_string}"},"query-input":{"@type":"PropertyValueSpecification","valueRequired":true,"valueName":"search_term_string"}}],"inLanguage":"es"}]}},"_links":{"self":[{"href":"https:\/\/www.bea-group.com\/es\/wp-json\/wp\/v2\/pages\/60000","targetHints":{"allow":["GET"]}}],"collection":[{"href":"https:\/\/www.bea-group.com\/es\/wp-json\/wp\/v2\/pages"}],"about":[{"href":"https:\/\/www.bea-group.com\/es\/wp-json\/wp\/v2\/types\/page"}],"author":[{"embeddable":true,"href":"https:\/\/www.bea-group.com\/es\/wp-json\/wp\/v2\/users\/3"}],"replies":[{"embeddable":true,"href":"https:\/\/www.bea-group.com\/es\/wp-json\/wp\/v2\/comments?post=60000"}],"version-history":[{"count":6,"href":"https:\/\/www.bea-group.com\/es\/wp-json\/wp\/v2\/pages\/60000\/revisions"}],"predecessor-version":[{"id":62127,"href":"https:\/\/www.bea-group.com\/es\/wp-json\/wp\/v2\/pages\/60000\/revisions\/62127"}],"wp:attachment":[{"href":"https:\/\/www.bea-group.com\/es\/wp-json\/wp\/v2\/media?parent=60000"}],"curies":[{"name":"wp","href":"https:\/\/api.w.org\/{rel}","templated":true}]}}