{"id":57862,"date":"2024-04-16T13:50:35","date_gmt":"2024-04-16T11:50:35","guid":{"rendered":"https:\/\/www.bea-group.com\/?page_id=57862"},"modified":"2024-04-16T13:51:23","modified_gmt":"2024-04-16T11:51:23","slug":"application","status":"publish","type":"page","link":"https:\/\/www.bea-group.com\/fr\/application\/","title":{"rendered":"Application"},"content":{"rendered":"<p>[et_pb_section fb_built=\u00a0\u00bb1&Prime; module_class=\u00a0\u00bbpb0&Prime; _builder_version=\u00a0\u00bb4.23.1&Prime; _module_preset=\u00a0\u00bbdefault\u00a0\u00bb global_colors_info=\u00a0\u00bb{}\u00a0\u00bb theme_builder_area=\u00a0\u00bbpost_content\u00a0\u00bb][et_pb_row column_structure=\u00a0\u00bb1_4,3_4&Prime; use_custom_gutter=\u00a0\u00bbon\u00a0\u00bb module_class=\u00a0\u00bbborder-class-8&Prime; _builder_version=\u00a0\u00bb4.23.1&Prime; _module_preset=\u00a0\u00bbdefault\u00a0\u00bb global_colors_info=\u00a0\u00bb{}\u00a0\u00bb theme_builder_area=\u00a0\u00bbpost_content\u00a0\u00bb][et_pb_column type=\u00a0\u00bb1_4&Prime; module_class=\u00a0\u00bbborder-class-9&Prime; _builder_version=\u00a0\u00bb4.23.1&Prime; _module_preset=\u00a0\u00bbdefault\u00a0\u00bb global_colors_info=\u00a0\u00bb{}\u00a0\u00bb theme_builder_area=\u00a0\u00bbpost_content\u00a0\u00bb][et_pb_code module_class=\u00a0\u00bbsidebar-list-class-with-h5&Prime; _builder_version=\u00a0\u00bb4.24.3&Prime; _module_preset=\u00a0\u00bbdefault\u00a0\u00bb global_colors_info=\u00a0\u00bb{}\u00a0\u00bb theme_builder_area=\u00a0\u00bbpost_content\u00a0\u00bb]<!-- [et_pb_line_break_holder] --><\/p>\n<h5>DISPOSITIFS<\/h5>\n<p><!-- [et_pb_line_break_holder] --><\/p>\n<ul><!-- [et_pb_line_break_holder] -->\t<\/p>\n<li>LONG MAGAZINE<\/li>\n<p><!-- [et_pb_line_break_holder] -->\t<\/p>\n<li>STRIP-NAILER<\/li>\n<p><!-- [et_pb_line_break_holder] -->\t<\/p>\n<li>COIL-NAILER<\/li>\n<p><!-- [et_pb_line_break_holder] -->\t<\/p>\n<li>TOP-LOADER<\/li>\n<p><!-- [et_pb_line_break_holder] -->\t<\/p>\n<li>SIDE-LOADER<\/li>\n<p><!-- [et_pb_line_break_holder] -->\t<\/p>\n<li>CARTOUCHE INTERCHANGEABLE<\/li>\n<p><!-- [et_pb_line_break_holder] --><\/ul>\n<p><!-- [et_pb_line_break_holder] --><!-- [et_pb_line_break_holder] --><\/p>\n<h5>ATTACHES<\/h5>\n<p><!-- [et_pb_line_break_holder] --><\/p>\n<ul>\t<!-- [et_pb_line_break_holder] -->\t<\/p>\n<li>STAPLES<\/li>\n<p><!-- [et_pb_line_break_holder] -->\t<\/p>\n<li>NAILS<\/li>\n<p><!-- [et_pb_line_break_holder] -->\t<\/p>\n<li>VIS<\/li>\n<p><!-- [et_pb_line_break_holder] --><\/ul>\n<p><!-- [et_pb_line_break_holder] --><\/p>\n<h5>INDIVIDUEL <!\u2013- [et_pb_br_holder] -\u2013>CONFIGURATION<\/h5>\n<p><!-- [et_pb_line_break_holder] --><!-- [et_pb_line_break_holder] --><\/p>\n<h5>T\u00c9L\u00c9CHARGEMENTS<\/h5>\n<p><!-- [et_pb_line_break_holder] --><\/p>\n<ul><!-- [et_pb_line_break_holder] --><\/p>\n<li>CATALOGUE DE LOGICIELS D&rsquo;ING\u00c9NIERIE<\/li>\n<p><!-- [et_pb_line_break_holder] --><\/ul>\n<p>[\/et_pb_code][\/et_pb_column][et_pb_column type=\u00a0\u00bb3_4&Prime; module_class=\u00a0\u00bbborder-class-10&Prime; _builder_version=\u00a0\u00bb4.23.1&Prime; _module_preset=\u00a0\u00bbdefault\u00a0\u00bb global_colors_info=\u00a0\u00bb{}\u00a0\u00bb theme_builder_area=\u00a0\u00bbpost_content\u00a0\u00bb][et_pb_text module_class=\u00a0\u00bbwhite-h1-like-h2&Prime; _builder_version=\u00a0\u00bb4.24.3&Prime; _module_preset=\u00a0\u00bbdefault\u00a0\u00bb global_colors_info=\u00a0\u00bb{}\u00a0\u00bb theme_builder_area=\u00a0\u00bbpost_content\u00a0\u00bb]<\/p>\n<h1>SOLUTIONS DE FIXATION INT\u00c9GR\u00c9ES DU LEADER DU MARCH\u00c9<\/h1>\n<p>Plongez dans l&rsquo;avenir de la transformation du bois, o\u00f9 autotec red\u00e9finit les normes. Voici quelques exemples d&rsquo;applications de nos solutions de fixation int\u00e9gr\u00e9es : des assemblages pr\u00e9cis dans les installations de production de meubles ultramodernes au montage robotis\u00e9 d&rsquo;\u00e9l\u00e9ments en bois dans l&rsquo;industrie de la construction. autotec propose une technologie de fixation efficace, pr\u00e9cise et fiable qui permet de relever les d\u00e9fis de l&rsquo;industrie tout en \u00e9tablissant des normes de qualit\u00e9 et d&rsquo;innovation. Bienvenue dans l&rsquo;avenir de la transformation du bois &#8211; bienvenue chez autotec !<\/p>\n<p>    <strong>autotec Points forts<\/strong><\/p>\n<ul>\n<li>2024 Modularisation des appareils BeA autotec de la s\u00e9rie 230 en autotec A30, A32, A35 et A36 pour optimiser les d\u00e9lais de livraison<\/li>\n<li>2024 BeA autotec devient la marque ind\u00e9pendante \u201eautotec\u201c.<\/li>\n<li>2020 Nouveau BeA autotec 244 avec cassette interchangeable et BeA autotec 288 pour les bobines jumbo jusqu&rsquo;\u00e0 2500 clous<\/li>\n<li>2019 Premier tournevis BeA autotec pour vis \u00e0 bobines<\/li>\n<li>2018 Premier dispositif \u201epousseur\u201c BeA autotec permettant un r\u00e9glage extr\u00eamement pr\u00e9cis de la profondeur des clous<\/li>\n<li>2015 Premi\u00e8re station de chargement automatique de clous R20 pour les dispositifs BeA autotec sur les bras robotis\u00e9s<\/li>\n<li>2014 Premier BeA autotec pour agrafes d&rsquo;un diam\u00e8tre de fil de 3,0 mm<\/li>\n<li>2003 Premier BeA autotec pour agrafes larges<\/li>\n<li>1999 Premier BeA autotec avec cassette interchangeable<\/li>\n<li>1989 Premier BeA autotec<\/li>\n<\/ul>\n<p>    N\u00b0 1 mondial avec plus de 20 000 appareils BeA Autotec vendus ![\/et_pb_text][\/et_pb_column][\/et_pb_row][\/et_pb_section][et_pb_section fb_built=\u00a0\u00bb1&Prime; module_class=\u00a0\u00bbpt0  pb0&Prime; _builder_version=\u00a0\u00bb4.23.1&Prime; _module_preset=\u00a0\u00bbdefault\u00a0\u00bb global_colors_info=\u00a0\u00bb{}\u00a0\u00bb theme_builder_area=\u00a0\u00bbpost_content\u00a0\u00bb][et_pb_row column_structure=\u00a0\u00bb2_5,3_5&Prime; module_class=\u00a0\u00bbborder-class-11&Prime; _builder_version=\u00a0\u00bb4.23.1&Prime; _module_preset=\u00a0\u00bbdefault\u00a0\u00bb global_colors_info=\u00a0\u00bb{}\u00a0\u00bb theme_builder_area=\u00a0\u00bbpost_content\u00a0\u00bb][et_pb_column type=\u00a0\u00bb2_5&Prime; module_class=\u00a0\u00bbborder-class-13&Prime; _builder_version=\u00a0\u00bb4.23.1&Prime; _module_preset=\u00a0\u00bbdefault\u00a0\u00bb global_colors_info=\u00a0\u00bb{}\u00a0\u00bb theme_builder_area=\u00a0\u00bbpost_content\u00a0\u00bb][et_pb_text module_class=\u00a0\u00bbwhite-h2-class\u00a0\u00bb _builder_version=\u00a0\u00bb4.24.3&Prime; _module_preset=\u00a0\u00bbdefault\u00a0\u00bb global_colors_info=\u00a0\u00bb{}\u00a0\u00bb theme_builder_area=\u00a0\u00bbpost_content\u00a0\u00bb]<\/p>\n<h2>NOS PRODUITS<\/h2>\n<p>D\u00e9couvrez le pouvoir de l&rsquo;innovation dans cette vid\u00e9o sur les produits autotec. Plongez directement dans l&rsquo;univers de nos solutions de fixation pionni\u00e8res. Courte, concise et ax\u00e9e sur l&rsquo;essentiel, cette vid\u00e9o vous montre comment autotec red\u00e9finit les normes dans l&rsquo;industrie du travail du bois.[\/et_pb_text][\/et_pb_column][et_pb_column type=\u00a0\u00bb3_5&Prime; module_class=\u00a0\u00bbborder-class-12&Prime; _builder_version=\u00a0\u00bb4.23.1&Prime; _module_preset=\u00a0\u00bbdefault\u00a0\u00bb global_colors_info=\u00a0\u00bb{}\u00a0\u00bb theme_builder_area=\u00a0\u00bbpost_content\u00a0\u00bb][et_pb_code _builder_version=\u00a0\u00bb4.24.3&Prime; _module_preset=\u00a0\u00bbdefault\u00a0\u00bb global_colors_info=\u00a0\u00bb{}\u00a0\u00bb theme_builder_area=\u00a0\u00bbpost_content\u00a0\u00bb] <\/p>\n<div class=\"brlbs-cmpnt-container brlbs-cmpnt-content-blocker brlbs-cmpnt-with-individual-styles\" data-borlabs-cookie-content-blocker-id=\"default\" data-borlabs-cookie-content=\"PGlmcmFtZSB3aWR0aD0iNzAwIiBoZWlnaHQ9IjQwMCIgc3JjPSJodHRwczovL3d3dy55b3V0dWJlLmNvbS9lbWJlZC9mYmpERExFWk9Vaz9zaT1vcVRwY3ZLeUl0bUw0YWFlJmF1dG9wbGF5PTEmbXV0ZT0xJnJlbD0wIiB0aXRsZT0iWW91VHViZSB2aWRlbyBwbGF5ZXIiIGZyYW1lYm9yZGVyPSIwIiBhbGxvdz0iYWNjZWxlcm9tZXRlcjsgYXV0b3BsYXk7IGNsaXBib2FyZC13cml0ZTsgZW5jcnlwdGVkLW1lZGlhOyBneXJvc2NvcGU7IHBpY3R1cmUtaW4tcGljdHVyZTsgd2ViLXNoYXJlIiBhbGxvd2Z1bGxzY3JlZW4+PC9pZnJhbWU+\">\n<div class=\"brlbs-cmpnt-cb-preset-a\">\n<p class=\"brlbs-cmpnt-cb-description\">Vous \u00eates actuellement en train de consulter le contenu d&rsquo;un espace r\u00e9serv\u00e9 de <strong>Par d\u00e9faut<\/strong>. Pour acc\u00e9der au contenu r\u00e9el, cliquez sur le bouton ci-dessous. Veuillez noter que ce faisant, des donn\u00e9es seront partag\u00e9es avec des providers tiers.<\/p>\n<div class=\"brlbs-cmpnt-cb-buttons\"> <a class=\"brlbs-cmpnt-cb-btn\" href=\"#\" data-borlabs-cookie-unblock role=\"button\">D\u00e9bloquer le contenu<\/a> <a class=\"brlbs-cmpnt-cb-btn\" href=\"#\" data-borlabs-cookie-accept-service role=\"button\" style=\"display: none\">Accepter le service requis et d\u00e9bloquer les contenus<\/a> <\/div>\n<p> <a class=\"brlbs-cmpnt-cb-provider-toggle\" href=\"#\" data-borlabs-cookie-show-provider-information role=\"button\">Plus d&rsquo;informations<\/a> <\/div>\n<\/div>\n<p><!-- [et_pb_line_break_holder] -->[\/et_pb_code][\/et_pb_column][\/et_pb_row][\/et_pb_section][et_pb_section fb_built=\u00a0\u00bb1&Prime; _builder_version=\u00a0\u00bb4.23.1&Prime; _module_preset=\u00a0\u00bbdefault\u00a0\u00bb global_colors_info=\u00a0\u00bb{}\u00a0\u00bb theme_builder_area=\u00a0\u00bbpost_content\u00a0\u00bb][et_pb_row column_structure=\u00a0\u00bb1_3,1_3,1_3&Prime; module_class=\u00a0\u00bbborder-class-14&Prime; _builder_version=\u00a0\u00bb4.23.1&Prime; _module_preset=\u00a0\u00bbdefault\u00a0\u00bb global_colors_info=\u00a0\u00bb{}\u00a0\u00bb theme_builder_area=\u00a0\u00bbpost_content\u00a0\u00bb][et_pb_column type=\u00a0\u00bb1_3&Prime; _builder_version=\u00a0\u00bb4.23.1&Prime; _module_preset=\u00a0\u00bbdefault\u00a0\u00bb global_colors_info=\u00a0\u00bb{}\u00a0\u00bb theme_builder_area=\u00a0\u00bbpost_content\u00a0\u00bb][et_pb_image src=\u00a0\u00bbhttps:\/\/www.bea-group.com\/wp-content\/uploads\/2024\/01\/lang_new_1.jpg\u00a0\u00bb title_text=\u00a0\u00bblang_new_1&Prime; _builder_version=\u00a0\u00bb4.24.0&Prime; _module_preset=\u00a0\u00bbdefault\u00a0\u00bb global_colors_info=\u00a0\u00bb{}\u00a0\u00bb theme_builder_area=\u00a0\u00bbpost_content\u00a0\u00bb][\/et_pb_image][et_pb_text module_class=\u00a0\u00bbh5-class-team \u00a0\u00bb _builder_version=\u00a0\u00bb4.24.3&Prime; _module_preset=\u00a0\u00bbdefault\u00a0\u00bb global_colors_info=\u00a0\u00bb{}\u00a0\u00bb theme_builder_area=\u00a0\u00bbpost_content\u00a0\u00bb]<\/p>\n<h5>AUTOTEC LONG MAGAZINE<\/h5>\n<p><strong>Jusqu&rsquo;\u00e0 500 agrafes par magasin et peut \u00eatre utilis\u00e9 dans n&rsquo;importe quel sens d&rsquo;agrafage.<\/strong><\/p>\n<p>&#8211; N&rsquo;importe quel sens de piq\u00fbre<br \/>&#8211; Diff\u00e9rentes longueurs de montage jusqu&rsquo;\u00e0 200 mm<br \/>&#8211; Utilisation dans divers environnements de production<\/p>\n<p>[\/et_pb_text][\/et_pb_column][et_pb_column type=\u00a0\u00bb1_3&Prime; _builder_version=\u00a0\u00bb4.23.1&Prime; _module_preset=\u00a0\u00bbdefault\u00a0\u00bb global_colors_info=\u00a0\u00bb{}\u00a0\u00bb theme_builder_area=\u00a0\u00bbpost_content\u00a0\u00bb][et_pb_image src=\u00a0\u00bbhttps:\/\/www.bea-group.com\/wp-content\/uploads\/2024\/01\/lang_new_1.jpg\u00a0\u00bb title_text=\u00a0\u00bblang_new_1&Prime; _builder_version=\u00a0\u00bb4.24.0&Prime; _module_preset=\u00a0\u00bbdefault\u00a0\u00bb global_colors_info=\u00a0\u00bb{}\u00a0\u00bb theme_builder_area=\u00a0\u00bbpost_content\u00a0\u00bb][\/et_pb_image][et_pb_text module_class=\u00a0\u00bbh5-class-team \u00a0\u00bb _builder_version=\u00a0\u00bb4.24.3&Prime; _module_preset=\u00a0\u00bbdefault\u00a0\u00bb global_colors_info=\u00a0\u00bb{}\u00a0\u00bb theme_builder_area=\u00a0\u00bbpost_content\u00a0\u00bb]<\/p>\n<h5>STRIP-TEASEUSE AUTOTEC<\/h5>\n<p><strong>140 clous en 28 secondes ? Pas de probl\u00e8me avec nos cloueurs \u00e0 bande.<\/strong><\/p>\n<p>&#8211; Longue dur\u00e9e de vie<br \/>\n&#8211; En option avec station de chargement externe<br \/>\n&#8211; Clous en bande jusqu&rsquo;\u00e0 160 mm[\/et_pb_text][\/et_pb_column][et_pb_column type=\u00a0\u00bb1_3&Prime; _builder_version=\u00a0\u00bb4.23.1&Prime; _module_preset=\u00a0\u00bbdefault\u00a0\u00bb global_colors_info=\u00a0\u00bb{}\u00a0\u00bb theme_builder_area=\u00a0\u00bbpost_content\u00a0\u00bb][et_pb_image src=\u00a0\u00bbhttps:\/\/www.bea-group.com\/wp-content\/uploads\/2024\/01\/new_auto_main.jpg\u00a0\u00bb title_text=\u00a0\u00bbnew_auto_main\u00a0\u00bb _builder_version=\u00a0\u00bb4.24.0&Prime; _module_preset=\u00a0\u00bbdefault\u00a0\u00bb global_colors_info=\u00a0\u00bb{}\u00a0\u00bb theme_builder_area=\u00a0\u00bbpost_content\u00a0\u00bb][\/et_pb_image][et_pb_text module_class=\u00a0\u00bbh5-class-team \u00a0\u00bb _builder_version=\u00a0\u00bb4.24.3&Prime; _module_preset=\u00a0\u00bbdefault\u00a0\u00bb global_colors_info=\u00a0\u00bb{}\u00a0\u00bb theme_builder_area=\u00a0\u00bbpost_content\u00a0\u00bb]<\/p>\n<h5>ENROULEUR DE BOBINES AUTOTEC<\/h5>\n<p><strong>Grandes bobines contenant jusqu&rsquo;\u00e0 900 clous. En magasins horizontaux ou verticaux.<\/strong><\/p>\n<p>&#8211; Clous BDC et TC jusqu&rsquo;\u00e0 90 mm<br \/>\n&#8211; Possibilit\u00e9 d&rsquo;utiliser des bobines en plastique ou en fil de fer<br \/>\n&#8211; Clouage \u00e0 co\u00fbt extr\u00eamement optimis\u00e9 gr\u00e2ce \u00e0 l&rsquo;utilisation de grandes bobines[\/et_pb_text][\/et_pb_column][\/et_pb_row][\/et_pb_section][et_pb_section fb_built=\u00a0\u00bb1&Prime; module_class=\u00a0\u00bbpt0  pb0&Prime; _builder_version=\u00a0\u00bb4.23.1&Prime; _module_preset=\u00a0\u00bbdefault\u00a0\u00bb global_colors_info=\u00a0\u00bb{}\u00a0\u00bb theme_builder_area=\u00a0\u00bbpost_content\u00a0\u00bb][et_pb_row column_structure=\u00a0\u00bb1_3,1_3,1_3&Prime; module_class=\u00a0\u00bbborder-class-14 notop\u00a0\u00bb _builder_version=\u00a0\u00bb4.23.1&Prime; _module_preset=\u00a0\u00bbdefault\u00a0\u00bb global_colors_info=\u00a0\u00bb{}\u00a0\u00bb theme_builder_area=\u00a0\u00bbpost_content\u00a0\u00bb][et_pb_column type=\u00a0\u00bb1_3&Prime; _builder_version=\u00a0\u00bb4.23.1&Prime; _module_preset=\u00a0\u00bbdefault\u00a0\u00bb global_colors_info=\u00a0\u00bb{}\u00a0\u00bb theme_builder_area=\u00a0\u00bbpost_content\u00a0\u00bb][et_pb_image src=\u00a0\u00bbhttps:\/\/www.bea-group.com\/wp-content\/uploads\/2024\/01\/lang_new_1.jpg\u00a0\u00bb title_text=\u00a0\u00bblang_new_1&Prime; _builder_version=\u00a0\u00bb4.24.0&Prime; _module_preset=\u00a0\u00bbdefault\u00a0\u00bb global_colors_info=\u00a0\u00bb{}\u00a0\u00bb theme_builder_area=\u00a0\u00bbpost_content\u00a0\u00bb][\/et_pb_image][et_pb_text module_class=\u00a0\u00bbh5-class-team \u00a0\u00bb _builder_version=\u00a0\u00bb4.24.3&Prime; _module_preset=\u00a0\u00bbdefault\u00a0\u00bb global_colors_info=\u00a0\u00bb{}\u00a0\u00bb theme_builder_area=\u00a0\u00bbpost_content\u00a0\u00bb]<\/p>\n<h5>AUTOTEC TOPLOADER<\/h5>\n<p><strong>Parfois, il en faut plus. Capacit\u00e9 du magasin jusqu&rsquo;\u00e0 10 000 agrafes.<\/strong><\/p>\n<p>&#8211; Fixations jusqu&rsquo;\u00e0 65 mm<br \/>\n&#8211; \u00c9limination des temps de rechargement co\u00fbteux<br \/>\n&#8211; Jusqu&rsquo;\u00e0 8 tirs par seconde[\/et_pb_text][\/et_pb_column][et_pb_column type=\u00a0\u00bb1_3&Prime; _builder_version=\u00a0\u00bb4.23.1&Prime; _module_preset=\u00a0\u00bbdefault\u00a0\u00bb global_colors_info=\u00a0\u00bb{}\u00a0\u00bb theme_builder_area=\u00a0\u00bbpost_content\u00a0\u00bb][et_pb_image src=\u00a0\u00bbhttps:\/\/www.bea-group.com\/wp-content\/uploads\/2024\/01\/lang_new_1.jpg\u00a0\u00bb title_text=\u00a0\u00bblang_new_1&Prime; _builder_version=\u00a0\u00bb4.24.0&Prime; _module_preset=\u00a0\u00bbdefault\u00a0\u00bb global_colors_info=\u00a0\u00bb{}\u00a0\u00bb theme_builder_area=\u00a0\u00bbpost_content\u00a0\u00bb][\/et_pb_image][et_pb_text module_class=\u00a0\u00bbh5-class-team \u00a0\u00bb _builder_version=\u00a0\u00bb4.24.3&Prime; _module_preset=\u00a0\u00bbdefault\u00a0\u00bb global_colors_info=\u00a0\u00bb{}\u00a0\u00bb theme_builder_area=\u00a0\u00bbpost_content\u00a0\u00bb]<\/p>\n<h5>CHARGEUR LAT\u00c9RAL AUTOTEC<\/h5>\n<p><strong>Lorsqu&rsquo;il n&rsquo;y a plus de place en haut. Chargement lat\u00e9ral avec jusqu&rsquo;\u00e0 5 000 attaches.<\/strong><\/p>\n<p>&#8211; Possibilit\u00e9 de clous et d&rsquo;agrafes ondul\u00e9s<br \/>&#8211; Fixations jusqu&rsquo;\u00e0 130 mm<br \/>&#8211; Grande flexibilit\u00e9<\/p>\n<p>[\/et_pb_text][\/et_pb_column][et_pb_column type=\u00a0\u00bb1_3&Prime; _builder_version=\u00a0\u00bb4.23.1&Prime; _module_preset=\u00a0\u00bbdefault\u00a0\u00bb global_colors_info=\u00a0\u00bb{}\u00a0\u00bb theme_builder_area=\u00a0\u00bbpost_content\u00a0\u00bb][et_pb_image src=\u00a0\u00bbhttps:\/\/www.bea-group.com\/wp-content\/uploads\/2024\/01\/new_auto.jpg\u00a0\u00bb title_text=\u00a0\u00bbnew_auto\u00a0\u00bb _builder_version=\u00a0\u00bb4.24.0&Prime; _module_preset=\u00a0\u00bbdefault\u00a0\u00bb global_colors_info=\u00a0\u00bb{}\u00a0\u00bb theme_builder_area=\u00a0\u00bbpost_content\u00a0\u00bb][\/et_pb_image][et_pb_text module_class=\u00a0\u00bbh5-class-team \u00a0\u00bb _builder_version=\u00a0\u00bb4.24.3&Prime; _module_preset=\u00a0\u00bbdefault\u00a0\u00bb global_colors_info=\u00a0\u00bb{}\u00a0\u00bb theme_builder_area=\u00a0\u00bbpost_content\u00a0\u00bb]<\/p>\n<h5>CARTOUCHE DE CHANGEMENT AUTOTEC<\/h5>\n<p><strong>Temps de rechargement les plus rapides. Sp\u00e9cialement pour les ponts multifonctionnels dans l&rsquo;industrie des maisons pr\u00e9fabriqu\u00e9es.<\/strong><\/p>\n<p>&#8211; Conception compacte<br \/>\n&#8211; Temps de recharge les plus rapides<br \/>\n&#8211; Jusqu&rsquo;\u00e0 10 tirs par seconde[\/et_pb_text][\/et_pb_column][\/et_pb_row][\/et_pb_section][et_pb_section fb_built=\u00a0\u00bb1&Prime; admin_label=\u00a0\u00bbDon&rsquo;t Delete\u00a0\u00bb module_class=\u00a0\u00bbborder-class-19 \u00a0\u00bb _builder_version=\u00a0\u00bb4.23.1&Prime; _module_preset=\u00a0\u00bbdefault\u00a0\u00bb global_colors_info=\u00a0\u00bb{}\u00a0\u00bb theme_builder_area=\u00a0\u00bbpost_content\u00a0\u00bb][\/et_pb_section]<\/p>\n","protected":false},"excerpt":{"rendered":"<p>SOLUTIONS DE FIXATION INT\u00c9GR\u00c9ES DU LEADER DU MARCH\u00c9 Plongez dans l&rsquo;avenir de la transformation du bois, o\u00f9 autotec red\u00e9finit les normes. Voici quelques exemples d&rsquo;applications de nos solutions de fixation int\u00e9gr\u00e9es : des assemblages pr\u00e9cis dans les installations de production de meubles ultramodernes au montage robotis\u00e9 d&rsquo;\u00e9l\u00e9ments en bois dans l&rsquo;industrie de la construction. autotec [&hellip;]<\/p>\n","protected":false},"author":3,"featured_media":0,"parent":0,"menu_order":0,"comment_status":"closed","ping_status":"closed","template":"","meta":{"_et_pb_use_builder":"on","_et_pb_old_content":"","_et_gb_content_width":"","footnotes":""},"class_list":["post-57862","page","type-page","status-publish","hentry"],"yoast_head":"<!-- This site is optimized with the Yoast SEO plugin v27.3 - https:\/\/yoast.com\/product\/yoast-seo-wordpress\/ -->\n<title>Application - BeA GmbH<\/title>\n<meta name=\"description\" content=\"autotec propose une technologie de fixation efficace, pr\u00e9cise et fiable qui permet de relever les d\u00e9fis de l&#039;industrie tout en \u00e9tablissant des normes.\" \/>\n<meta name=\"robots\" content=\"index, follow, max-snippet:-1, max-image-preview:large, max-video-preview:-1\" \/>\n<link rel=\"canonical\" href=\"https:\/\/www.bea-group.com\/fr\/application\/\" \/>\n<meta property=\"og:locale\" content=\"fr_FR\" \/>\n<meta property=\"og:type\" content=\"article\" \/>\n<meta property=\"og:title\" content=\"Application - BeA GmbH\" \/>\n<meta property=\"og:description\" content=\"autotec propose une technologie de fixation efficace, pr\u00e9cise et fiable qui permet de relever les d\u00e9fis de l&#039;industrie tout en \u00e9tablissant des normes.\" \/>\n<meta property=\"og:url\" content=\"https:\/\/www.bea-group.com\/fr\/application\/\" \/>\n<meta property=\"og:site_name\" content=\"BeA GmbH\" \/>\n<meta property=\"article:modified_time\" content=\"2024-04-16T11:51:23+00:00\" \/>\n<meta name=\"twitter:card\" content=\"summary_large_image\" \/>\n<script type=\"application\/ld+json\" class=\"yoast-schema-graph\">{\"@context\":\"https:\\\/\\\/schema.org\",\"@graph\":[{\"@type\":\"WebPage\",\"@id\":\"https:\\\/\\\/www.bea-group.com\\\/fr\\\/application\\\/\",\"url\":\"https:\\\/\\\/www.bea-group.com\\\/fr\\\/application\\\/\",\"name\":\"Application - BeA GmbH\",\"isPartOf\":{\"@id\":\"https:\\\/\\\/www.bea-group.com\\\/fr\\\/#website\"},\"datePublished\":\"2024-04-16T11:50:35+00:00\",\"dateModified\":\"2024-04-16T11:51:23+00:00\",\"description\":\"autotec propose une technologie de fixation efficace, pr\u00e9cise et fiable qui permet de relever les d\u00e9fis de l'industrie tout en \u00e9tablissant des normes.\",\"breadcrumb\":{\"@id\":\"https:\\\/\\\/www.bea-group.com\\\/fr\\\/application\\\/#breadcrumb\"},\"inLanguage\":\"fr-FR\",\"potentialAction\":[{\"@type\":\"ReadAction\",\"target\":[\"https:\\\/\\\/www.bea-group.com\\\/fr\\\/application\\\/\"]}]},{\"@type\":\"BreadcrumbList\",\"@id\":\"https:\\\/\\\/www.bea-group.com\\\/fr\\\/application\\\/#breadcrumb\",\"itemListElement\":[{\"@type\":\"ListItem\",\"position\":1,\"name\":\"Startseite\",\"item\":\"https:\\\/\\\/www.bea-group.com\\\/fr\\\/\"},{\"@type\":\"ListItem\",\"position\":2,\"name\":\"Application\"}]},{\"@type\":\"WebSite\",\"@id\":\"https:\\\/\\\/www.bea-group.com\\\/fr\\\/#website\",\"url\":\"https:\\\/\\\/www.bea-group.com\\\/fr\\\/\",\"name\":\"BeA GmbH\",\"description\":\"FASTENING TECHNOLOGIES FOR FUTURE GENERATIONS\",\"potentialAction\":[{\"@type\":\"SearchAction\",\"target\":{\"@type\":\"EntryPoint\",\"urlTemplate\":\"https:\\\/\\\/www.bea-group.com\\\/fr\\\/?s={search_term_string}\"},\"query-input\":{\"@type\":\"PropertyValueSpecification\",\"valueRequired\":true,\"valueName\":\"search_term_string\"}}],\"inLanguage\":\"fr-FR\"}]}<\/script>\n<!-- \/ Yoast SEO plugin. -->","yoast_head_json":{"title":"Application - BeA GmbH","description":"autotec propose une technologie de fixation efficace, pr\u00e9cise et fiable qui permet de relever les d\u00e9fis de l'industrie tout en \u00e9tablissant des normes.","robots":{"index":"index","follow":"follow","max-snippet":"max-snippet:-1","max-image-preview":"max-image-preview:large","max-video-preview":"max-video-preview:-1"},"canonical":"https:\/\/www.bea-group.com\/fr\/application\/","og_locale":"fr_FR","og_type":"article","og_title":"Application - BeA GmbH","og_description":"autotec propose une technologie de fixation efficace, pr\u00e9cise et fiable qui permet de relever les d\u00e9fis de l'industrie tout en \u00e9tablissant des normes.","og_url":"https:\/\/www.bea-group.com\/fr\/application\/","og_site_name":"BeA GmbH","article_modified_time":"2024-04-16T11:51:23+00:00","twitter_card":"summary_large_image","schema":{"@context":"https:\/\/schema.org","@graph":[{"@type":"WebPage","@id":"https:\/\/www.bea-group.com\/fr\/application\/","url":"https:\/\/www.bea-group.com\/fr\/application\/","name":"Application - BeA GmbH","isPartOf":{"@id":"https:\/\/www.bea-group.com\/fr\/#website"},"datePublished":"2024-04-16T11:50:35+00:00","dateModified":"2024-04-16T11:51:23+00:00","description":"autotec propose une technologie de fixation efficace, pr\u00e9cise et fiable qui permet de relever les d\u00e9fis de l'industrie tout en \u00e9tablissant des normes.","breadcrumb":{"@id":"https:\/\/www.bea-group.com\/fr\/application\/#breadcrumb"},"inLanguage":"fr-FR","potentialAction":[{"@type":"ReadAction","target":["https:\/\/www.bea-group.com\/fr\/application\/"]}]},{"@type":"BreadcrumbList","@id":"https:\/\/www.bea-group.com\/fr\/application\/#breadcrumb","itemListElement":[{"@type":"ListItem","position":1,"name":"Startseite","item":"https:\/\/www.bea-group.com\/fr\/"},{"@type":"ListItem","position":2,"name":"Application"}]},{"@type":"WebSite","@id":"https:\/\/www.bea-group.com\/fr\/#website","url":"https:\/\/www.bea-group.com\/fr\/","name":"BeA GmbH","description":"FASTENING TECHNOLOGIES FOR FUTURE GENERATIONS","potentialAction":[{"@type":"SearchAction","target":{"@type":"EntryPoint","urlTemplate":"https:\/\/www.bea-group.com\/fr\/?s={search_term_string}"},"query-input":{"@type":"PropertyValueSpecification","valueRequired":true,"valueName":"search_term_string"}}],"inLanguage":"fr-FR"}]}},"_links":{"self":[{"href":"https:\/\/www.bea-group.com\/fr\/wp-json\/wp\/v2\/pages\/57862","targetHints":{"allow":["GET"]}}],"collection":[{"href":"https:\/\/www.bea-group.com\/fr\/wp-json\/wp\/v2\/pages"}],"about":[{"href":"https:\/\/www.bea-group.com\/fr\/wp-json\/wp\/v2\/types\/page"}],"author":[{"embeddable":true,"href":"https:\/\/www.bea-group.com\/fr\/wp-json\/wp\/v2\/users\/3"}],"replies":[{"embeddable":true,"href":"https:\/\/www.bea-group.com\/fr\/wp-json\/wp\/v2\/comments?post=57862"}],"version-history":[{"count":2,"href":"https:\/\/www.bea-group.com\/fr\/wp-json\/wp\/v2\/pages\/57862\/revisions"}],"predecessor-version":[{"id":57878,"href":"https:\/\/www.bea-group.com\/fr\/wp-json\/wp\/v2\/pages\/57862\/revisions\/57878"}],"wp:attachment":[{"href":"https:\/\/www.bea-group.com\/fr\/wp-json\/wp\/v2\/media?parent=57862"}],"curies":[{"name":"wp","href":"https:\/\/api.w.org\/{rel}","templated":true}]}}