{"id":57943,"date":"2024-04-16T14:09:47","date_gmt":"2024-04-16T12:09:47","guid":{"rendered":"https:\/\/www.bea-group.com\/?page_id=57943"},"modified":"2024-04-16T14:10:43","modified_gmt":"2024-04-16T12:10:43","slug":"pour-lindustrie","status":"publish","type":"page","link":"https:\/\/www.bea-group.com\/fr\/pour-lindustrie\/","title":{"rendered":"Bea pour L\u2019Industrie"},"content":{"rendered":"<p>[et_pb_section fb_built=\u00a0\u00bb1&Prime; module_class=\u00a0\u00bbwhite_text \u00a0\u00bb _builder_version=\u00a0\u00bb4.23.1&Prime; _module_preset=\u00a0\u00bbdefault\u00a0\u00bb background_image=\u00a0\u00bbhttps:\/\/www.bea-group.com\/wp-content\/uploads\/2023\/11\/BeA_Home_Hintergrundbild-1-scaled.jpg\u00a0\u00bb background_position=\u00a0\u00bbtop_center\u00a0\u00bb global_colors_info=\u00a0\u00bb{}\u00a0\u00bb theme_builder_area=\u00a0\u00bbpost_content\u00a0\u00bb][et_pb_row column_structure=\u00a0\u00bb2_5,3_5&Prime; _builder_version=\u00a0\u00bb4.23.1&Prime; _module_preset=\u00a0\u00bbdefault\u00a0\u00bb global_colors_info=\u00a0\u00bb{}\u00a0\u00bb theme_builder_area=\u00a0\u00bbpost_content\u00a0\u00bb][et_pb_column type=\u00a0\u00bb2_5&Prime; _builder_version=\u00a0\u00bb4.23.1&Prime; _module_preset=\u00a0\u00bbdefault\u00a0\u00bb global_colors_info=\u00a0\u00bb{}\u00a0\u00bb theme_builder_area=\u00a0\u00bbpost_content\u00a0\u00bb][et_pb_text module_class=\u00a0\u00bbh1-class\u00a0\u00bb _builder_version=\u00a0\u00bb4.24.3&Prime; _module_preset=\u00a0\u00bbdefault\u00a0\u00bb global_colors_info=\u00a0\u00bb{}\u00a0\u00bb theme_builder_area=\u00a0\u00bbpost_content\u00a0\u00bb]<\/p>\n<h1 class=\"pt0\"><span class=\"weight_normal\">POUR <\/span> L&rsquo;INDUSTRIE<\/h1>\n<p>Chaque jour, nos clients du monde entier traitent plusieurs millions d&rsquo;agrafes, de clous et de vis de marque BeA &#8211; chez des fabricants de meubles en Westphalie orientale, sur des chantiers de construction dans les \u00c9mirats, chez des \u00e9quipementiers automobiles \u00e0 Turin ou chez des fabricants de palettes dans le Queensland.<\/p>\n<p>Plus de 35 000 clients dans le monde utilisent nos produits BeA. Et il n&rsquo;est pas rare que nous trouvions des dispositifs utilis\u00e9s depuis plus de 40 ans. Nous en sommes fiers.[\/et_pb_text][\/et_pb_column][et_pb_column type=\u00a0\u00bb3_5&Prime; _builder_version=\u00a0\u00bb4.23.1&Prime; _module_preset=\u00a0\u00bbdefault\u00a0\u00bb global_colors_info=\u00a0\u00bb{}\u00a0\u00bb theme_builder_area=\u00a0\u00bbpost_content\u00a0\u00bb][et_pb_image src=\u00a0\u00bbhttps:\/\/www.bea-group.com\/wp-content\/uploads\/2024\/01\/werden.jpg\u00a0\u00bb title_text=\u00a0\u00bbwerden\u00a0\u00bb _builder_version=\u00a0\u00bb4.24.0&Prime; _module_preset=\u00a0\u00bbdefault\u00a0\u00bb global_colors_info=\u00a0\u00bb{}\u00a0\u00bb theme_builder_area=\u00a0\u00bbpost_content\u00a0\u00bb][\/et_pb_image][\/et_pb_column][\/et_pb_row][et_pb_row module_class=\u00a0\u00bbwhite-h2-class\u00a0\u00bb _builder_version=\u00a0\u00bb4.23.1&Prime; _module_preset=\u00a0\u00bbdefault\u00a0\u00bb global_colors_info=\u00a0\u00bb{}\u00a0\u00bb theme_builder_area=\u00a0\u00bbpost_content\u00a0\u00bb][et_pb_column type=\u00a0\u00bb4_4&Prime; _builder_version=\u00a0\u00bb4.23.1&Prime; _module_preset=\u00a0\u00bbdefault\u00a0\u00bb global_colors_info=\u00a0\u00bb{}\u00a0\u00bb theme_builder_area=\u00a0\u00bbpost_content\u00a0\u00bb][et_pb_text _builder_version=\u00a0\u00bb4.24.3&Prime; _module_preset=\u00a0\u00bbdefault\u00a0\u00bb global_colors_info=\u00a0\u00bb{}\u00a0\u00bb theme_builder_area=\u00a0\u00bbpost_content\u00a0\u00bb]<\/p>\n<h2>en savoir plus sur le groupe <span class=\"nc\">BeA<\/span><\/h2>\n<p>[\/et_pb_text][\/et_pb_column][\/et_pb_row][et_pb_row module_class=\u00a0\u00bbpt0&Prime; _builder_version=\u00a0\u00bb4.23.1&Prime; _module_preset=\u00a0\u00bbdefault\u00a0\u00bb global_colors_info=\u00a0\u00bb{}\u00a0\u00bb theme_builder_area=\u00a0\u00bbpost_content\u00a0\u00bb][et_pb_column type=\u00a0\u00bb4_4&Prime; _builder_version=\u00a0\u00bb4.23.1&Prime; _module_preset=\u00a0\u00bbdefault\u00a0\u00bb global_colors_info=\u00a0\u00bb{}\u00a0\u00bb theme_builder_area=\u00a0\u00bbpost_content\u00a0\u00bb][et_pb_code _builder_version=\u00a0\u00bb4.24.3&Prime; _module_preset=\u00a0\u00bbdefault\u00a0\u00bb locked=\u00a0\u00bboff\u00a0\u00bb global_colors_info=\u00a0\u00bb{}\u00a0\u00bb theme_builder_area=\u00a0\u00bbpost_content\u00a0\u00bb] <\/p>\n<div class=\"brlbs-cmpnt-container brlbs-cmpnt-content-blocker brlbs-cmpnt-with-individual-styles\" data-borlabs-cookie-content-blocker-id=\"default\" data-borlabs-cookie-content=\"PGlmcmFtZSB3aWR0aD0iOTAwIiBoZWlnaHQ9IjUwMCIgc3JjPSJodHRwczovL3d3dy55b3V0dWJlLmNvbS9lbWJlZC9pRXpCYTUzdUdWZz9zaT0xbUVkSGwycElZckc2dF9aJm11dGU9MSZyZWw9MCIgdGl0bGU9IllvdVR1YmUgdmlkZW8gcGxheWVyIiBmcmFtZWJvcmRlcj0iMCIgYWxsb3c9ImFjY2VsZXJvbWV0ZXI7IGF1dG9wbGF5OyBjbGlwYm9hcmQtd3JpdGU7IGVuY3J5cHRlZC1tZWRpYTsgZ3lyb3Njb3BlOyBwaWN0dXJlLWluLXBpY3R1cmU7IHdlYi1zaGFyZSIgYWxsb3dmdWxsc2NyZWVuPjwvaWZyYW1lPg==\">\n<div class=\"brlbs-cmpnt-cb-preset-a\">\n<p class=\"brlbs-cmpnt-cb-description\">Vous \u00eates actuellement en train de consulter le contenu d&rsquo;un espace r\u00e9serv\u00e9 de <strong>Par d\u00e9faut<\/strong>. Pour acc\u00e9der au contenu r\u00e9el, cliquez sur le bouton ci-dessous. Veuillez noter que ce faisant, des donn\u00e9es seront partag\u00e9es avec des providers tiers.<\/p>\n<div class=\"brlbs-cmpnt-cb-buttons\"> <a class=\"brlbs-cmpnt-cb-btn\" href=\"#\" data-borlabs-cookie-unblock role=\"button\">D\u00e9bloquer le contenu<\/a> <a class=\"brlbs-cmpnt-cb-btn\" href=\"#\" data-borlabs-cookie-accept-service role=\"button\" style=\"display: none\">Accepter le service requis et d\u00e9bloquer les contenus<\/a> <\/div>\n<p> <a class=\"brlbs-cmpnt-cb-provider-toggle\" href=\"#\" data-borlabs-cookie-show-provider-information role=\"button\">Plus d&rsquo;informations<\/a> <\/div>\n<\/div>\n<p>[\/et_pb_code][\/et_pb_column][\/et_pb_row][\/et_pb_section]<\/p>\n","protected":false},"excerpt":{"rendered":"<p>POUR L&rsquo;INDUSTRIE Chaque jour, nos clients du monde entier traitent plusieurs millions d&rsquo;agrafes, de clous et de vis de marque BeA &#8211; chez des fabricants de meubles en Westphalie orientale, sur des chantiers de construction dans les \u00c9mirats, chez des \u00e9quipementiers automobiles \u00e0 Turin ou chez des fabricants de palettes dans le Queensland. Plus de [&hellip;]<\/p>\n","protected":false},"author":3,"featured_media":0,"parent":0,"menu_order":0,"comment_status":"closed","ping_status":"closed","template":"","meta":{"_et_pb_use_builder":"on","_et_pb_old_content":"","_et_gb_content_width":"","footnotes":""},"class_list":["post-57943","page","type-page","status-publish","hentry"],"yoast_head":"<!-- This site is optimized with the Yoast SEO plugin v27.3 - https:\/\/yoast.com\/product\/yoast-seo-wordpress\/ -->\n<title>Bea pour L\u2019Industrie - BeA GmbH<\/title>\n<meta name=\"description\" content=\"Chaque jour, nos clients du monde entier traitent plusieurs millions d&#039;agrafes, de clous et de vis de la marque BeA - chez des fabricants de meubles\" \/>\n<meta name=\"robots\" content=\"index, follow, max-snippet:-1, max-image-preview:large, max-video-preview:-1\" \/>\n<link rel=\"canonical\" href=\"https:\/\/www.bea-group.com\/fr\/pour-lindustrie\/\" \/>\n<meta property=\"og:locale\" content=\"fr_FR\" \/>\n<meta property=\"og:type\" content=\"article\" \/>\n<meta property=\"og:title\" content=\"Bea pour L\u2019Industrie - BeA GmbH\" \/>\n<meta property=\"og:description\" content=\"Chaque jour, nos clients du monde entier traitent plusieurs millions d&#039;agrafes, de clous et de vis de la marque BeA - chez des fabricants de meubles\" \/>\n<meta property=\"og:url\" content=\"https:\/\/www.bea-group.com\/fr\/pour-lindustrie\/\" \/>\n<meta property=\"og:site_name\" content=\"BeA GmbH\" \/>\n<meta property=\"article:modified_time\" content=\"2024-04-16T12:10:43+00:00\" \/>\n<meta name=\"twitter:card\" content=\"summary_large_image\" \/>\n<meta name=\"twitter:label1\" content=\"Dur\u00e9e de lecture estim\u00e9e\" \/>\n\t<meta name=\"twitter:data1\" content=\"1 minute\" \/>\n<script type=\"application\/ld+json\" class=\"yoast-schema-graph\">{\"@context\":\"https:\\\/\\\/schema.org\",\"@graph\":[{\"@type\":\"WebPage\",\"@id\":\"https:\\\/\\\/www.bea-group.com\\\/fr\\\/pour-lindustrie\\\/\",\"url\":\"https:\\\/\\\/www.bea-group.com\\\/fr\\\/pour-lindustrie\\\/\",\"name\":\"Bea pour L\u2019Industrie - BeA GmbH\",\"isPartOf\":{\"@id\":\"https:\\\/\\\/www.bea-group.com\\\/fr\\\/#website\"},\"datePublished\":\"2024-04-16T12:09:47+00:00\",\"dateModified\":\"2024-04-16T12:10:43+00:00\",\"description\":\"Chaque jour, nos clients du monde entier traitent plusieurs millions d'agrafes, de clous et de vis de la marque BeA - chez des fabricants de meubles\",\"breadcrumb\":{\"@id\":\"https:\\\/\\\/www.bea-group.com\\\/fr\\\/pour-lindustrie\\\/#breadcrumb\"},\"inLanguage\":\"fr-FR\",\"potentialAction\":[{\"@type\":\"ReadAction\",\"target\":[\"https:\\\/\\\/www.bea-group.com\\\/fr\\\/pour-lindustrie\\\/\"]}]},{\"@type\":\"BreadcrumbList\",\"@id\":\"https:\\\/\\\/www.bea-group.com\\\/fr\\\/pour-lindustrie\\\/#breadcrumb\",\"itemListElement\":[{\"@type\":\"ListItem\",\"position\":1,\"name\":\"Startseite\",\"item\":\"https:\\\/\\\/www.bea-group.com\\\/fr\\\/\"},{\"@type\":\"ListItem\",\"position\":2,\"name\":\"Bea pour L\u2019Industrie\"}]},{\"@type\":\"WebSite\",\"@id\":\"https:\\\/\\\/www.bea-group.com\\\/fr\\\/#website\",\"url\":\"https:\\\/\\\/www.bea-group.com\\\/fr\\\/\",\"name\":\"BeA GmbH\",\"description\":\"FASTENING TECHNOLOGIES FOR FUTURE GENERATIONS\",\"potentialAction\":[{\"@type\":\"SearchAction\",\"target\":{\"@type\":\"EntryPoint\",\"urlTemplate\":\"https:\\\/\\\/www.bea-group.com\\\/fr\\\/?s={search_term_string}\"},\"query-input\":{\"@type\":\"PropertyValueSpecification\",\"valueRequired\":true,\"valueName\":\"search_term_string\"}}],\"inLanguage\":\"fr-FR\"}]}<\/script>\n<!-- \/ Yoast SEO plugin. -->","yoast_head_json":{"title":"Bea pour L\u2019Industrie - BeA GmbH","description":"Chaque jour, nos clients du monde entier traitent plusieurs millions d'agrafes, de clous et de vis de la marque BeA - chez des fabricants de meubles","robots":{"index":"index","follow":"follow","max-snippet":"max-snippet:-1","max-image-preview":"max-image-preview:large","max-video-preview":"max-video-preview:-1"},"canonical":"https:\/\/www.bea-group.com\/fr\/pour-lindustrie\/","og_locale":"fr_FR","og_type":"article","og_title":"Bea pour L\u2019Industrie - BeA GmbH","og_description":"Chaque jour, nos clients du monde entier traitent plusieurs millions d'agrafes, de clous et de vis de la marque BeA - chez des fabricants de meubles","og_url":"https:\/\/www.bea-group.com\/fr\/pour-lindustrie\/","og_site_name":"BeA GmbH","article_modified_time":"2024-04-16T12:10:43+00:00","twitter_card":"summary_large_image","twitter_misc":{"Dur\u00e9e de lecture estim\u00e9e":"1 minute"},"schema":{"@context":"https:\/\/schema.org","@graph":[{"@type":"WebPage","@id":"https:\/\/www.bea-group.com\/fr\/pour-lindustrie\/","url":"https:\/\/www.bea-group.com\/fr\/pour-lindustrie\/","name":"Bea pour L\u2019Industrie - BeA GmbH","isPartOf":{"@id":"https:\/\/www.bea-group.com\/fr\/#website"},"datePublished":"2024-04-16T12:09:47+00:00","dateModified":"2024-04-16T12:10:43+00:00","description":"Chaque jour, nos clients du monde entier traitent plusieurs millions d'agrafes, de clous et de vis de la marque BeA - chez des fabricants de meubles","breadcrumb":{"@id":"https:\/\/www.bea-group.com\/fr\/pour-lindustrie\/#breadcrumb"},"inLanguage":"fr-FR","potentialAction":[{"@type":"ReadAction","target":["https:\/\/www.bea-group.com\/fr\/pour-lindustrie\/"]}]},{"@type":"BreadcrumbList","@id":"https:\/\/www.bea-group.com\/fr\/pour-lindustrie\/#breadcrumb","itemListElement":[{"@type":"ListItem","position":1,"name":"Startseite","item":"https:\/\/www.bea-group.com\/fr\/"},{"@type":"ListItem","position":2,"name":"Bea pour L\u2019Industrie"}]},{"@type":"WebSite","@id":"https:\/\/www.bea-group.com\/fr\/#website","url":"https:\/\/www.bea-group.com\/fr\/","name":"BeA GmbH","description":"FASTENING TECHNOLOGIES FOR FUTURE GENERATIONS","potentialAction":[{"@type":"SearchAction","target":{"@type":"EntryPoint","urlTemplate":"https:\/\/www.bea-group.com\/fr\/?s={search_term_string}"},"query-input":{"@type":"PropertyValueSpecification","valueRequired":true,"valueName":"search_term_string"}}],"inLanguage":"fr-FR"}]}},"_links":{"self":[{"href":"https:\/\/www.bea-group.com\/fr\/wp-json\/wp\/v2\/pages\/57943","targetHints":{"allow":["GET"]}}],"collection":[{"href":"https:\/\/www.bea-group.com\/fr\/wp-json\/wp\/v2\/pages"}],"about":[{"href":"https:\/\/www.bea-group.com\/fr\/wp-json\/wp\/v2\/types\/page"}],"author":[{"embeddable":true,"href":"https:\/\/www.bea-group.com\/fr\/wp-json\/wp\/v2\/users\/3"}],"replies":[{"embeddable":true,"href":"https:\/\/www.bea-group.com\/fr\/wp-json\/wp\/v2\/comments?post=57943"}],"version-history":[{"count":2,"href":"https:\/\/www.bea-group.com\/fr\/wp-json\/wp\/v2\/pages\/57943\/revisions"}],"predecessor-version":[{"id":57952,"href":"https:\/\/www.bea-group.com\/fr\/wp-json\/wp\/v2\/pages\/57943\/revisions\/57952"}],"wp:attachment":[{"href":"https:\/\/www.bea-group.com\/fr\/wp-json\/wp\/v2\/media?parent=57943"}],"curies":[{"name":"wp","href":"https:\/\/api.w.org\/{rel}","templated":true}]}}