{"id":57953,"date":"2024-04-16T14:12:00","date_gmt":"2024-04-16T12:12:00","guid":{"rendered":"https:\/\/www.bea-group.com\/?page_id=57953"},"modified":"2024-04-16T14:12:52","modified_gmt":"2024-04-16T12:12:52","slug":"bea-soutien","status":"publish","type":"page","link":"https:\/\/www.bea-group.com\/fr\/bea-soutien\/","title":{"rendered":"Bea Soutien"},"content":{"rendered":"<p>[et_pb_section fb_built=\u00a0\u00bb1&Prime; _builder_version=\u00a0\u00bb4.23.1&Prime; _module_preset=\u00a0\u00bbdefault\u00a0\u00bb background_image=\u00a0\u00bbhttps:\/\/www.bea-group.com\/wp-content\/uploads\/2023\/11\/BeA_Home_Hintergrundbild-1-scaled.jpg\u00a0\u00bb background_position=\u00a0\u00bbtop_center\u00a0\u00bb global_colors_info=\u00a0\u00bb{}\u00a0\u00bb theme_builder_area=\u00a0\u00bbpost_content\u00a0\u00bb][et_pb_row module_class=\u00a0\u00bbdn\u00a0\u00bb _builder_version=\u00a0\u00bb4.23.4&Prime; _module_preset=\u00a0\u00bbdefault\u00a0\u00bb global_colors_info=\u00a0\u00bb{}\u00a0\u00bb theme_builder_area=\u00a0\u00bbpost_content\u00a0\u00bb][et_pb_column type=\u00a0\u00bb4_4&Prime; _builder_version=\u00a0\u00bb4.23.4&Prime; _module_preset=\u00a0\u00bbdefault\u00a0\u00bb global_colors_info=\u00a0\u00bb{}\u00a0\u00bb theme_builder_area=\u00a0\u00bbpost_content\u00a0\u00bb][et_pb_text _builder_version=\u00a0\u00bb4.24.0&Prime; _module_preset=\u00a0\u00bbdefault\u00a0\u00bb global_colors_info=\u00a0\u00bb{}\u00a0\u00bb theme_builder_area=\u00a0\u00bbpost_content\u00a0\u00bb]<\/p>\n<h1>SUPPORT<\/h1>\n<p>[\/et_pb_text][\/et_pb_column][\/et_pb_row][et_pb_row column_structure=\u00a0\u00bb3_4,1_4&Prime; use_custom_gutter=\u00a0\u00bbon\u00a0\u00bb _builder_version=\u00a0\u00bb4.23.1&Prime; _module_preset=\u00a0\u00bbdefault\u00a0\u00bb global_colors_info=\u00a0\u00bb{}\u00a0\u00bb theme_builder_area=\u00a0\u00bbpost_content\u00a0\u00bb][et_pb_column type=\u00a0\u00bb3_4&Prime; _builder_version=\u00a0\u00bb4.23.1&Prime; _module_preset=\u00a0\u00bbdefault\u00a0\u00bb global_colors_info=\u00a0\u00bb{}\u00a0\u00bb theme_builder_area=\u00a0\u00bbpost_content\u00a0\u00bb][et_pb_code _builder_version=\u00a0\u00bb4.24.3&Prime; _module_preset=\u00a0\u00bbdefault\u00a0\u00bb global_colors_info=\u00a0\u00bb{}\u00a0\u00bb theme_builder_area=\u00a0\u00bbpost_content\u00a0\u00bb]<\/p>\n<div class=\"support_box_main\"><!-- [et_pb_line_break_holder] -->    <\/p>\n<div class=\"support_box_image_col\"><!-- [et_pb_line_break_holder] -->      <img decoding=\"async\" src=\"\/wp-content\/uploads\/2023\/11\/UNSER-TECHNISCHER-SUPPORT.jpg\"\/><!-- [et_pb_line_break_holder] -->    <\/div>\n<p><!-- [et_pb_line_break_holder] -->    <\/p>\n<div class=\"support_box_text_col\"><!-- [et_pb_line_break_holder] -->        <\/p>\n<h4>NOTRE SUPPORT TECHNIQUE<\/h4>\n<p><!-- [et_pb_line_break_holder] -->        <pee>Vous pouvez compter sur notre assistance technique pour obtenir des solutions rapides et l&rsquo;aide d&rsquo;experts. Notre \u00e9quipe d\u00e9vou\u00e9e est toujours disponible pour r\u00e9pondre aux questions techniques, r\u00e9soudre les probl\u00e8mes et s&rsquo;assurer que vous tirez le meilleur parti de nos produits.<\/pee><!-- [et_pb_line_break_holder] -->        <pee><a href=\"mailto:service@bea-group.com\">Envoyez-nous un e-mail<\/a><!\u2013- [et_pb_br_holder] -\u2013><a href=\"tel:0160374438\"><strong>01.60.37.44.38<\/strong><\/a><\/pee><!-- [et_pb_line_break_holder] -->    <\/div>\n<p><!-- [et_pb_line_break_holder] -->    <\/div>\n<p>[\/et_pb_code][et_pb_code _builder_version=\u00a0\u00bb4.24.3&Prime; _module_preset=\u00a0\u00bbdefault\u00a0\u00bb global_colors_info=\u00a0\u00bb{}\u00a0\u00bb theme_builder_area=\u00a0\u00bbpost_content\u00a0\u00bb]<\/p>\n<div class=\"support_box_main\"><!-- [et_pb_line_break_holder] -->    <\/p>\n<div class=\"support_box_image_col\"><!-- [et_pb_line_break_holder] -->        <img decoding=\"async\" src=\"\/wp-content\/uploads\/2024\/01\/UNSER-VERTRIEB.jpg\"><!-- [et_pb_line_break_holder] -->    <\/div>\n<p><!-- [et_pb_line_break_holder] -->    <\/p>\n<div class=\"support_box_text_col\"><!-- [et_pb_line_break_holder] -->        <\/p>\n<h4>NOTRE DISTRIBUTION<\/h4>\n<p><!-- [et_pb_line_break_holder] -->        <pee>Notre \u00e9quipe de vente est votre ressource cl\u00e9 pour un partenariat fructueux. Gr\u00e2ce \u00e0 notre expertise, \u00e0 notre engagement et \u00e0 l&rsquo;attention que nous portons \u00e0 vos besoins, nous sommes pr\u00eats \u00e0 vous fournir des solutions personnalis\u00e9es.<\/pee><!-- [et_pb_line_break_holder] -->        <pee><a href=\"mailto:Detlev.Prothmann@bea-group.com\">Envoyez-nous un e-mail<\/a><!\u2013- [et_pb_br_holder] -\u2013><a href=\"tel:0160374438\">01.60.37.44.38<\/a><\/pee><!-- [et_pb_line_break_holder] -->    <\/div>\n<p><!-- [et_pb_line_break_holder] --><\/div>\n<p>[\/et_pb_code][et_pb_code _builder_version=\u00a0\u00bb4.24.3&Prime; _module_preset=\u00a0\u00bbdefault\u00a0\u00bb global_colors_info=\u00a0\u00bb{}\u00a0\u00bb theme_builder_area=\u00a0\u00bbpost_content\u00a0\u00bb]<\/p>\n<div class=\"support_box_main\"><!-- [et_pb_line_break_holder] -->    <\/p>\n<div class=\"support_box_image_col\">        <!-- [et_pb_line_break_holder] -->            <img decoding=\"async\" src=\"\/wp-content\/uploads\/2023\/11\/BeA_Support_Anwendungsberatung.jpg\"><!-- [et_pb_line_break_holder] -->    <\/div>\n<p><!-- [et_pb_line_break_holder] -->    <\/p>\n<div class=\"support_box_text_col\"><!-- [et_pb_line_break_holder] -->        <\/p>\n<h4>NOS CONSEILS EN MATI\u00c8RE D&rsquo;APPLICATION<\/h4>\n<p><!-- [et_pb_line_break_holder] -->        <pee>Notre service de conseil en applications est votre ressource experte en mati\u00e8re de solutions personnalis\u00e9es. Gr\u00e2ce \u00e0 notre connaissance approfondie de vos besoins, nous sommes en mesure de vous conseiller afin de garantir la meilleure utilisation possible de nos produits dans votre application sp\u00e9cifique.<\/pee><!-- [et_pb_line_break_holder] -->        <pee><a href=\"mailto:info@bea-group.com\">Envoyez-nous un e-mail<\/a><\/pee><!-- [et_pb_line_break_holder] -->    <\/div>\n<p><!-- [et_pb_line_break_holder] --><\/div>\n<p>[\/et_pb_code][et_pb_code disabled_on=\u00a0\u00bbon|on|on\u00a0\u00bb _builder_version=\u00a0\u00bb4.24.0&Prime; _module_preset=\u00a0\u00bbdefault\u00a0\u00bb disabled=\u00a0\u00bbon\u00a0\u00bb global_colors_info=\u00a0\u00bb{}\u00a0\u00bb theme_builder_area=\u00a0\u00bbpost_content\u00a0\u00bb]<\/p>\n<div class=\"support_box_main\"><!-- [et_pb_line_break_holder] -->    <\/p>\n<div class=\"support_box_image_col\"><!-- [et_pb_line_break_holder] -->        <img decoding=\"async\" src=\"\/wp-content\/uploads\/2024\/01\/UNSER-BERECHNUNGSSERVICE.jpg\"><!-- [et_pb_line_break_holder] -->    <\/div>\n<p><!-- [et_pb_line_break_holder] -->    <\/p>\n<div class=\"support_box_text_col\"><!-- [et_pb_line_break_holder] -->        <\/p>\n<h4>our calculation service<\/h4>\n<p><!-- [et_pb_line_break_holder] -->        <pee>If you have any questions about our calculation services, are looking for customised solutions or would simply like to find out more about our innovative services, please do not hesitate to contact us.<\/pee><!-- [et_pb_line_break_holder] -->        <pee><a href=\"mailto:info@bea-group.com\">Send us an e-mail<\/a><\/pee><!-- [et_pb_line_break_holder] -->    <\/div>\n<p><!-- [et_pb_line_break_holder] --><\/div>\n<p>[\/et_pb_code][\/et_pb_column][et_pb_column type=\u00a0\u00bb1_4&Prime; _builder_version=\u00a0\u00bb4.23.1&Prime; _module_preset=\u00a0\u00bbdefault\u00a0\u00bb global_colors_info=\u00a0\u00bb{}\u00a0\u00bb theme_builder_area=\u00a0\u00bbpost_content\u00a0\u00bb][et_pb_code module_class=\u00a0\u00bbsupport_sidebar_boxes white_text sidebar_blue_boxes\u00a0\u00bb _builder_version=\u00a0\u00bb4.24.3&Prime; _module_preset=\u00a0\u00bbdefault\u00a0\u00bb global_colors_info=\u00a0\u00bb{}\u00a0\u00bb theme_builder_area=\u00a0\u00bbpost_content\u00a0\u00bb]<\/p>\n<h2>CENTRE DE SERVICE A LA CLIENT\u00c8LE<\/h2>\n<p><!-- [et_pb_line_break_holder] --><\/p>\n<h4>01.60.37.44.38<\/h4>\n<p><!-- [et_pb_line_break_holder] --><pee>Notre centre de service \u00e0 la client\u00e8le est plus qu&rsquo;une simple ligne t\u00e9l\u00e9phonique &#8211; c&rsquo;est votre lien direct avec un service de premi\u00e8re classe. Gr\u00e2ce \u00e0 notre expertise et \u00e0 notre engagement, nous sommes \u00e0 vos c\u00f4t\u00e9s pour r\u00e9soudre efficacement vos probl\u00e8mes.<\/pee><!-- [et_pb_line_break_holder] --><!-- [et_pb_line_break_holder] --><\/p>\n<h2>HOTLINE<\/h2>\n<p><!-- [et_pb_line_break_holder] --><\/p>\n<h4>01.60.37.44.38<\/h4>\n<p><!-- [et_pb_line_break_holder] --><pee>La hotline Easy Way est votre ligne directe vers des solutions simples. Que vous ayez des questions, que vous ayez besoin d&rsquo;aide ou que vous ayez des probl\u00e8mes \u00e0 r\u00e9soudre, nous sommes l\u00e0 pour vous offrir la solution la plus simple.<\/pee>[\/et_pb_code][\/et_pb_column][\/et_pb_row][\/et_pb_section]<\/p>\n","protected":false},"excerpt":{"rendered":"<p>SUPPORT<\/p>\n","protected":false},"author":3,"featured_media":0,"parent":0,"menu_order":0,"comment_status":"closed","ping_status":"closed","template":"","meta":{"_et_pb_use_builder":"on","_et_pb_old_content":"","_et_gb_content_width":"","footnotes":""},"class_list":["post-57953","page","type-page","status-publish","hentry"],"yoast_head":"<!-- This site is optimized with the Yoast SEO plugin v27.3 - https:\/\/yoast.com\/product\/yoast-seo-wordpress\/ -->\n<title>Bea Soutien - BeA GmbH<\/title>\n<meta name=\"description\" content=\"Vous pouvez compter sur notre support technique pour obtenir des solutions rapides et une aide experte. Notre \u00e9quipe d\u00e9vou\u00e9e est toujours disponible pour r\u00e9pondre aux questions techniques.\" \/>\n<meta name=\"robots\" content=\"index, follow, max-snippet:-1, max-image-preview:large, max-video-preview:-1\" \/>\n<link rel=\"canonical\" href=\"https:\/\/www.bea-group.com\/fr\/bea-soutien\/\" \/>\n<meta property=\"og:locale\" content=\"fr_FR\" \/>\n<meta property=\"og:type\" content=\"article\" \/>\n<meta property=\"og:title\" content=\"Bea Soutien - BeA GmbH\" \/>\n<meta property=\"og:description\" content=\"Vous pouvez compter sur notre support technique pour obtenir des solutions rapides et une aide experte. Notre \u00e9quipe d\u00e9vou\u00e9e est toujours disponible pour r\u00e9pondre aux questions techniques.\" \/>\n<meta property=\"og:url\" content=\"https:\/\/www.bea-group.com\/fr\/bea-soutien\/\" \/>\n<meta property=\"og:site_name\" content=\"BeA GmbH\" \/>\n<meta property=\"article:modified_time\" content=\"2024-04-16T12:12:52+00:00\" \/>\n<meta name=\"twitter:card\" content=\"summary_large_image\" \/>\n<meta name=\"twitter:label1\" content=\"Dur\u00e9e de lecture estim\u00e9e\" \/>\n\t<meta name=\"twitter:data1\" content=\"2 minutes\" \/>\n<script type=\"application\/ld+json\" class=\"yoast-schema-graph\">{\"@context\":\"https:\\\/\\\/schema.org\",\"@graph\":[{\"@type\":\"WebPage\",\"@id\":\"https:\\\/\\\/www.bea-group.com\\\/fr\\\/bea-soutien\\\/\",\"url\":\"https:\\\/\\\/www.bea-group.com\\\/fr\\\/bea-soutien\\\/\",\"name\":\"Bea Soutien - BeA GmbH\",\"isPartOf\":{\"@id\":\"https:\\\/\\\/www.bea-group.com\\\/fr\\\/#website\"},\"datePublished\":\"2024-04-16T12:12:00+00:00\",\"dateModified\":\"2024-04-16T12:12:52+00:00\",\"description\":\"Vous pouvez compter sur notre support technique pour obtenir des solutions rapides et une aide experte. Notre \u00e9quipe d\u00e9vou\u00e9e est toujours disponible pour r\u00e9pondre aux questions techniques.\",\"breadcrumb\":{\"@id\":\"https:\\\/\\\/www.bea-group.com\\\/fr\\\/bea-soutien\\\/#breadcrumb\"},\"inLanguage\":\"fr-FR\",\"potentialAction\":[{\"@type\":\"ReadAction\",\"target\":[\"https:\\\/\\\/www.bea-group.com\\\/fr\\\/bea-soutien\\\/\"]}]},{\"@type\":\"BreadcrumbList\",\"@id\":\"https:\\\/\\\/www.bea-group.com\\\/fr\\\/bea-soutien\\\/#breadcrumb\",\"itemListElement\":[{\"@type\":\"ListItem\",\"position\":1,\"name\":\"Startseite\",\"item\":\"https:\\\/\\\/www.bea-group.com\\\/fr\\\/\"},{\"@type\":\"ListItem\",\"position\":2,\"name\":\"Bea Soutien\"}]},{\"@type\":\"WebSite\",\"@id\":\"https:\\\/\\\/www.bea-group.com\\\/fr\\\/#website\",\"url\":\"https:\\\/\\\/www.bea-group.com\\\/fr\\\/\",\"name\":\"BeA GmbH\",\"description\":\"FASTENING TECHNOLOGIES FOR FUTURE GENERATIONS\",\"potentialAction\":[{\"@type\":\"SearchAction\",\"target\":{\"@type\":\"EntryPoint\",\"urlTemplate\":\"https:\\\/\\\/www.bea-group.com\\\/fr\\\/?s={search_term_string}\"},\"query-input\":{\"@type\":\"PropertyValueSpecification\",\"valueRequired\":true,\"valueName\":\"search_term_string\"}}],\"inLanguage\":\"fr-FR\"}]}<\/script>\n<!-- \/ Yoast SEO plugin. -->","yoast_head_json":{"title":"Bea Soutien - BeA GmbH","description":"Vous pouvez compter sur notre support technique pour obtenir des solutions rapides et une aide experte. Notre \u00e9quipe d\u00e9vou\u00e9e est toujours disponible pour r\u00e9pondre aux questions techniques.","robots":{"index":"index","follow":"follow","max-snippet":"max-snippet:-1","max-image-preview":"max-image-preview:large","max-video-preview":"max-video-preview:-1"},"canonical":"https:\/\/www.bea-group.com\/fr\/bea-soutien\/","og_locale":"fr_FR","og_type":"article","og_title":"Bea Soutien - BeA GmbH","og_description":"Vous pouvez compter sur notre support technique pour obtenir des solutions rapides et une aide experte. Notre \u00e9quipe d\u00e9vou\u00e9e est toujours disponible pour r\u00e9pondre aux questions techniques.","og_url":"https:\/\/www.bea-group.com\/fr\/bea-soutien\/","og_site_name":"BeA GmbH","article_modified_time":"2024-04-16T12:12:52+00:00","twitter_card":"summary_large_image","twitter_misc":{"Dur\u00e9e de lecture estim\u00e9e":"2 minutes"},"schema":{"@context":"https:\/\/schema.org","@graph":[{"@type":"WebPage","@id":"https:\/\/www.bea-group.com\/fr\/bea-soutien\/","url":"https:\/\/www.bea-group.com\/fr\/bea-soutien\/","name":"Bea Soutien - BeA GmbH","isPartOf":{"@id":"https:\/\/www.bea-group.com\/fr\/#website"},"datePublished":"2024-04-16T12:12:00+00:00","dateModified":"2024-04-16T12:12:52+00:00","description":"Vous pouvez compter sur notre support technique pour obtenir des solutions rapides et une aide experte. Notre \u00e9quipe d\u00e9vou\u00e9e est toujours disponible pour r\u00e9pondre aux questions techniques.","breadcrumb":{"@id":"https:\/\/www.bea-group.com\/fr\/bea-soutien\/#breadcrumb"},"inLanguage":"fr-FR","potentialAction":[{"@type":"ReadAction","target":["https:\/\/www.bea-group.com\/fr\/bea-soutien\/"]}]},{"@type":"BreadcrumbList","@id":"https:\/\/www.bea-group.com\/fr\/bea-soutien\/#breadcrumb","itemListElement":[{"@type":"ListItem","position":1,"name":"Startseite","item":"https:\/\/www.bea-group.com\/fr\/"},{"@type":"ListItem","position":2,"name":"Bea Soutien"}]},{"@type":"WebSite","@id":"https:\/\/www.bea-group.com\/fr\/#website","url":"https:\/\/www.bea-group.com\/fr\/","name":"BeA GmbH","description":"FASTENING TECHNOLOGIES FOR FUTURE GENERATIONS","potentialAction":[{"@type":"SearchAction","target":{"@type":"EntryPoint","urlTemplate":"https:\/\/www.bea-group.com\/fr\/?s={search_term_string}"},"query-input":{"@type":"PropertyValueSpecification","valueRequired":true,"valueName":"search_term_string"}}],"inLanguage":"fr-FR"}]}},"_links":{"self":[{"href":"https:\/\/www.bea-group.com\/fr\/wp-json\/wp\/v2\/pages\/57953","targetHints":{"allow":["GET"]}}],"collection":[{"href":"https:\/\/www.bea-group.com\/fr\/wp-json\/wp\/v2\/pages"}],"about":[{"href":"https:\/\/www.bea-group.com\/fr\/wp-json\/wp\/v2\/types\/page"}],"author":[{"embeddable":true,"href":"https:\/\/www.bea-group.com\/fr\/wp-json\/wp\/v2\/users\/3"}],"replies":[{"embeddable":true,"href":"https:\/\/www.bea-group.com\/fr\/wp-json\/wp\/v2\/comments?post=57953"}],"version-history":[{"count":2,"href":"https:\/\/www.bea-group.com\/fr\/wp-json\/wp\/v2\/pages\/57953\/revisions"}],"predecessor-version":[{"id":57955,"href":"https:\/\/www.bea-group.com\/fr\/wp-json\/wp\/v2\/pages\/57953\/revisions\/57955"}],"wp:attachment":[{"href":"https:\/\/www.bea-group.com\/fr\/wp-json\/wp\/v2\/media?parent=57953"}],"curies":[{"name":"wp","href":"https:\/\/api.w.org\/{rel}","templated":true}]}}