{"id":58014,"date":"2024-04-17T05:40:57","date_gmt":"2024-04-17T03:40:57","guid":{"rendered":"https:\/\/www.bea-group.com\/?page_id=58014"},"modified":"2024-04-18T15:52:24","modified_gmt":"2024-04-18T13:52:24","slug":"mentions-legales","status":"publish","type":"page","link":"https:\/\/www.bea-group.com\/fr\/mentions-legales\/","title":{"rendered":"MENTIONS L\u00c9GALES"},"content":{"rendered":"<p>[et_pb_section fb_built=\u00a0\u00bb1&Prime; module_class=\u00a0\u00bbimpress_page h1-class h1&Prime; _builder_version=\u00a0\u00bb4.23.1&Prime; use_background_color_gradient=\u00a0\u00bbon\u00a0\u00bb background_color_gradient_stops=\u00a0\u00bbrgba(0,26,43,0.8) 0%|rgba(0,26,43,0.8) 100%\u00a0\u00bb background_color_gradient_overlays_image=\u00a0\u00bbon\u00a0\u00bb background_color_gradient_start=\u00a0\u00bbrgba(0,0,0,0.5)\u00a0\u00bb background_color_gradient_end=\u00a0\u00bbrgba(0,0,0,0.5)\u00a0\u00bb background_image=\u00a0\u00bbhttps:\/\/www.bea-group.com\/wp-content\/uploads\/2023\/11\/secondary_header_company.jpg\u00a0\u00bb background_position=\u00a0\u00bbtop_center\u00a0\u00bb vertical_offset_tablet=\u00a0\u00bb0&Prime; horizontal_offset_tablet=\u00a0\u00bb0&Prime; box_shadow_horizontal_tablet=\u00a0\u00bb0px\u00a0\u00bb box_shadow_vertical_tablet=\u00a0\u00bb0px\u00a0\u00bb box_shadow_blur_tablet=\u00a0\u00bb40px\u00a0\u00bb box_shadow_spread_tablet=\u00a0\u00bb0px\u00a0\u00bb global_colors_info=\u00a0\u00bb{}\u00a0\u00bb][\/et_pb_section][et_pb_section fb_built=\u00a0\u00bb1&Prime; module_class=\u00a0\u00bbimpress_page\u00a0\u00bb _builder_version=\u00a0\u00bb4.23.1&Prime; vertical_offset_tablet=\u00a0\u00bb0&Prime; horizontal_offset_tablet=\u00a0\u00bb0&Prime; box_shadow_horizontal_tablet=\u00a0\u00bb0px\u00a0\u00bb box_shadow_vertical_tablet=\u00a0\u00bb0px\u00a0\u00bb box_shadow_blur_tablet=\u00a0\u00bb40px\u00a0\u00bb box_shadow_spread_tablet=\u00a0\u00bb0px\u00a0\u00bb global_colors_info=\u00a0\u00bb{}\u00a0\u00bb][et_pb_row _builder_version=\u00a0\u00bb4.23.1&Prime; vertical_offset_tablet=\u00a0\u00bb0&Prime; horizontal_offset_tablet=\u00a0\u00bb0&Prime; z_index_tablet=\u00a0\u00bb0&Prime; box_shadow_horizontal_tablet=\u00a0\u00bb0px\u00a0\u00bb box_shadow_vertical_tablet=\u00a0\u00bb0px\u00a0\u00bb box_shadow_blur_tablet=\u00a0\u00bb40px\u00a0\u00bb box_shadow_spread_tablet=\u00a0\u00bb0px\u00a0\u00bb global_colors_info=\u00a0\u00bb{}\u00a0\u00bb][et_pb_column type=\u00a0\u00bb4_4&Prime; _builder_version=\u00a0\u00bb4.16&Prime; custom_padding=\u00a0\u00bb|||\u00a0\u00bb global_colors_info=\u00a0\u00bb{}\u00a0\u00bb custom_padding__hover=\u00a0\u00bb|||\u00a0\u00bb][et_pb_text disabled_on=\u00a0\u00bbon|on|on\u00a0\u00bb _builder_version=\u00a0\u00bb4.24.3&Prime; text_line_height=\u00a0\u00bb1.6em\u00a0\u00bb header_font=\u00a0\u00bb|600|||||||\u00a0\u00bb header_2_font=\u00a0\u00bb|600|||||||\u00a0\u00bb header_2_font_size=\u00a0\u00bb21px\u00a0\u00bb vertical_offset_tablet=\u00a0\u00bb0&Prime; horizontal_offset_tablet=\u00a0\u00bb0&Prime; z_index_tablet=\u00a0\u00bb0&Prime; text_text_shadow_horizontal_length_tablet=\u00a0\u00bb0px\u00a0\u00bb text_text_shadow_vertical_length_tablet=\u00a0\u00bb0px\u00a0\u00bb text_text_shadow_blur_strength_tablet=\u00a0\u00bb1px\u00a0\u00bb link_text_shadow_horizontal_length_tablet=\u00a0\u00bb0px\u00a0\u00bb link_text_shadow_vertical_length_tablet=\u00a0\u00bb0px\u00a0\u00bb link_text_shadow_blur_strength_tablet=\u00a0\u00bb1px\u00a0\u00bb ul_text_shadow_horizontal_length_tablet=\u00a0\u00bb0px\u00a0\u00bb ul_text_shadow_vertical_length_tablet=\u00a0\u00bb0px\u00a0\u00bb ul_text_shadow_blur_strength_tablet=\u00a0\u00bb1px\u00a0\u00bb ol_text_shadow_horizontal_length_tablet=\u00a0\u00bb0px\u00a0\u00bb ol_text_shadow_vertical_length_tablet=\u00a0\u00bb0px\u00a0\u00bb ol_text_shadow_blur_strength_tablet=\u00a0\u00bb1px\u00a0\u00bb quote_text_shadow_horizontal_length_tablet=\u00a0\u00bb0px\u00a0\u00bb quote_text_shadow_vertical_length_tablet=\u00a0\u00bb0px\u00a0\u00bb quote_text_shadow_blur_strength_tablet=\u00a0\u00bb1px\u00a0\u00bb header_text_shadow_horizontal_length_tablet=\u00a0\u00bb0px\u00a0\u00bb header_text_shadow_vertical_length_tablet=\u00a0\u00bb0px\u00a0\u00bb header_text_shadow_blur_strength_tablet=\u00a0\u00bb1px\u00a0\u00bb header_2_text_shadow_horizontal_length_tablet=\u00a0\u00bb0px\u00a0\u00bb header_2_text_shadow_vertical_length_tablet=\u00a0\u00bb0px\u00a0\u00bb header_2_text_shadow_blur_strength_tablet=\u00a0\u00bb1px\u00a0\u00bb header_3_text_shadow_horizontal_length_tablet=\u00a0\u00bb0px\u00a0\u00bb header_3_text_shadow_vertical_length_tablet=\u00a0\u00bb0px\u00a0\u00bb header_3_text_shadow_blur_strength_tablet=\u00a0\u00bb1px\u00a0\u00bb header_4_text_shadow_horizontal_length_tablet=\u00a0\u00bb0px\u00a0\u00bb header_4_text_shadow_vertical_length_tablet=\u00a0\u00bb0px\u00a0\u00bb header_4_text_shadow_blur_strength_tablet=\u00a0\u00bb1px\u00a0\u00bb header_5_text_shadow_horizontal_length_tablet=\u00a0\u00bb0px\u00a0\u00bb header_5_text_shadow_vertical_length_tablet=\u00a0\u00bb0px\u00a0\u00bb header_5_text_shadow_blur_strength_tablet=\u00a0\u00bb1px\u00a0\u00bb header_6_text_shadow_horizontal_length_tablet=\u00a0\u00bb0px\u00a0\u00bb header_6_text_shadow_vertical_length_tablet=\u00a0\u00bb0px\u00a0\u00bb header_6_text_shadow_blur_strength_tablet=\u00a0\u00bb1px\u00a0\u00bb box_shadow_horizontal_tablet=\u00a0\u00bb0px\u00a0\u00bb box_shadow_vertical_tablet=\u00a0\u00bb0px\u00a0\u00bb box_shadow_blur_tablet=\u00a0\u00bb40px\u00a0\u00bb box_shadow_spread_tablet=\u00a0\u00bb0px\u00a0\u00bb disabled=\u00a0\u00bbon\u00a0\u00bb global_colors_info=\u00a0\u00bb{}\u00a0\u00bb]<\/p>\n<h1>BeA GmbH<\/h1>\n<p>Directeur g\u00e9n\u00e9ral:<br \/>Dr. J\u00f6rg Dalh\u00f6fer<br \/>Andreas H\u00f6hling<\/p>\n<p><strong>HR: L\u00fcbeck HRB 21320HL<\/strong><br \/><strong>St. non. : 30\/293 80 781<\/strong><\/p>\n<p><strong>N\u00b0 de TVA. : DE 342\/809\/873<\/strong><br \/><strong>Num\u00e9ro de registre WEEE : DE 94007702<\/strong><\/p>\n<p>Webmaster: <a href=\"webmaster@bea-group.com\" target=\"_blank\" rel=\"noopener noreferrer\">webmaster@BeA-group.com<\/a><\/p>\n<h2>Adresse<\/h2>\n<p>Bogenstra\u00dfe 43-45<br \/>22926 Ahrensburg<\/p>\n<p>T\u00e9l.: <a href=\"tel:04102780\" target=\"_blank \" rel=\"noopener noreferrer\">04102 &#8211; 78 &#8211; 0<\/a><br \/>Fax: <a href=\"fax:0410278250\" target=\"_blank\" rel=\"noopener noreferrer\">04102 &#8211; 78 &#8211; 250<\/a><\/p>\n<p>e-mail: <a href=\"mailto:info@bea-group.com\" target=\"_blank\" rel=\"noopener noreferrer\">info@BeA-group.com<\/a><\/p>\n<p>Site cr\u00e9\u00e9 par Seiten-Werk GmbH<\/p>\n<h2>Clause de non-responsabilit\u00e9<\/h2>\n<p>BeA GmbH rassemble le contenu de ces sites web avec le plus grand soin et veille \u00e0 ce qu&rsquo;ils soient r\u00e9guli\u00e8rement mis \u00e0 jour. Les informations contenues dans ce site sont des informations g\u00e9n\u00e9rales non contraignantes et ne remplacent pas les conseils personnalis\u00e9s. Des erreurs, par exemple lors de la sp\u00e9cification de donn\u00e9es techniques, ne peuvent \u00eatre exclues. Nous nous r\u00e9servons express\u00e9ment le droit de proc\u00e9der \u00e0 des modifications techniques des produits ou \u00e0 des divergences entre les marchandises livr\u00e9es et les images pr\u00e9sent\u00e9es sur ce site web. BeA exclut toute responsabilit\u00e9 pour les dommages r\u00e9sultant directement ou indirectement de l&rsquo;utilisation de ce site web, \u00e0 moins qu&rsquo;ils ne soient dus \u00e0 une intention ou \u00e0 une n\u00e9gligence grave de la part de BeA.<\/p>\n<h2>Droit d&rsquo;auteur<\/h2>\n<p>Les droits d&rsquo;auteur et tous les autres droits relatifs au contenu, aux images, aux photos ou aux autres fichiers du site web appartiennent exclusivement \u00e0 BeA GmbH ou aux d\u00e9tenteurs de droits sp\u00e9cifiquement cit\u00e9s. Pour la reproduction de tout \u00e9l\u00e9ment, l&rsquo;accord \u00e9crit du d\u00e9tenteur des droits d&rsquo;auteur doit \u00eatre obtenu au pr\u00e9alable.<\/p>\n<h2>Les images utilis\u00e9es sont prot\u00e9g\u00e9es par des droits d&rsquo;auteur et ont \u00e9t\u00e9 conc\u00e9d\u00e9es sous licence ou mises \u00e0 disposition.<\/h2>\n<p>https:\/\/stock.adobe.com\/<\/p>\n<p>\u00a9 Viglietti\/peopleimages.com, \u00a9 Ticha<\/p>\n<p>[\/et_pb_text][et_pb_text _builder_version=\u00a0\u00bb4.24.3&Prime; text_line_height=\u00a0\u00bb1.6em\u00a0\u00bb header_font=\u00a0\u00bb|600|||||||\u00a0\u00bb header_2_font=\u00a0\u00bb|600|||||||\u00a0\u00bb header_2_font_size=\u00a0\u00bb21px\u00a0\u00bb vertical_offset_tablet=\u00a0\u00bb0&Prime; horizontal_offset_tablet=\u00a0\u00bb0&Prime; hover_enabled=\u00a0\u00bb0&Prime; z_index_tablet=\u00a0\u00bb0&Prime; text_text_shadow_horizontal_length_tablet=\u00a0\u00bb0px\u00a0\u00bb text_text_shadow_vertical_length_tablet=\u00a0\u00bb0px\u00a0\u00bb text_text_shadow_blur_strength_tablet=\u00a0\u00bb1px\u00a0\u00bb link_text_shadow_horizontal_length_tablet=\u00a0\u00bb0px\u00a0\u00bb link_text_shadow_vertical_length_tablet=\u00a0\u00bb0px\u00a0\u00bb link_text_shadow_blur_strength_tablet=\u00a0\u00bb1px\u00a0\u00bb ul_text_shadow_horizontal_length_tablet=\u00a0\u00bb0px\u00a0\u00bb ul_text_shadow_vertical_length_tablet=\u00a0\u00bb0px\u00a0\u00bb ul_text_shadow_blur_strength_tablet=\u00a0\u00bb1px\u00a0\u00bb ol_text_shadow_horizontal_length_tablet=\u00a0\u00bb0px\u00a0\u00bb ol_text_shadow_vertical_length_tablet=\u00a0\u00bb0px\u00a0\u00bb ol_text_shadow_blur_strength_tablet=\u00a0\u00bb1px\u00a0\u00bb quote_text_shadow_horizontal_length_tablet=\u00a0\u00bb0px\u00a0\u00bb quote_text_shadow_vertical_length_tablet=\u00a0\u00bb0px\u00a0\u00bb quote_text_shadow_blur_strength_tablet=\u00a0\u00bb1px\u00a0\u00bb header_text_shadow_horizontal_length_tablet=\u00a0\u00bb0px\u00a0\u00bb header_text_shadow_vertical_length_tablet=\u00a0\u00bb0px\u00a0\u00bb header_text_shadow_blur_strength_tablet=\u00a0\u00bb1px\u00a0\u00bb header_2_text_shadow_horizontal_length_tablet=\u00a0\u00bb0px\u00a0\u00bb header_2_text_shadow_vertical_length_tablet=\u00a0\u00bb0px\u00a0\u00bb header_2_text_shadow_blur_strength_tablet=\u00a0\u00bb1px\u00a0\u00bb header_3_text_shadow_horizontal_length_tablet=\u00a0\u00bb0px\u00a0\u00bb header_3_text_shadow_vertical_length_tablet=\u00a0\u00bb0px\u00a0\u00bb header_3_text_shadow_blur_strength_tablet=\u00a0\u00bb1px\u00a0\u00bb header_4_text_shadow_horizontal_length_tablet=\u00a0\u00bb0px\u00a0\u00bb header_4_text_shadow_vertical_length_tablet=\u00a0\u00bb0px\u00a0\u00bb header_4_text_shadow_blur_strength_tablet=\u00a0\u00bb1px\u00a0\u00bb header_5_text_shadow_horizontal_length_tablet=\u00a0\u00bb0px\u00a0\u00bb header_5_text_shadow_vertical_length_tablet=\u00a0\u00bb0px\u00a0\u00bb header_5_text_shadow_blur_strength_tablet=\u00a0\u00bb1px\u00a0\u00bb header_6_text_shadow_horizontal_length_tablet=\u00a0\u00bb0px\u00a0\u00bb header_6_text_shadow_vertical_length_tablet=\u00a0\u00bb0px\u00a0\u00bb header_6_text_shadow_blur_strength_tablet=\u00a0\u00bb1px\u00a0\u00bb box_shadow_horizontal_tablet=\u00a0\u00bb0px\u00a0\u00bb box_shadow_vertical_tablet=\u00a0\u00bb0px\u00a0\u00bb box_shadow_blur_tablet=\u00a0\u00bb40px\u00a0\u00bb box_shadow_spread_tablet=\u00a0\u00bb0px\u00a0\u00bb global_colors_info=\u00a0\u00bb{}\u00a0\u00bb sticky_enabled=\u00a0\u00bb0&Prime;]<\/p>\n<h1>BeA GmbH<\/h1>\n<h2>Joh Friedrich Behrens France S.A.S<\/h2>\n<h2>Directeurs ex\u00e9cutifs<\/h2>\n<p>GEORGE Thomas<br \/>THONGSAVATH Salivane<\/p>\n<p>R.C.S. MEAUX B 672 005 097<br \/>SIRET 672 005 097 00023 Code NAF 4669B<br \/>Num\u00e9ro d\u2019Identification Fiscal FR 89 672 005 097<\/p>\n<p>6 All\u00e9e du parc aux b\u0153ufs<br \/>77200 TORCY<br \/>Tel : <a href=\"tel:+33(0)160374444\">+ 33 (0) 1 60 37 44 44<\/a><br \/>Fax : <a href=\"fax:33(0)177754746\">33 (0) 1 77 75 47 46<\/a><\/p>\n<p>E-mail : <a href=\"mailto:info@fr.bea-group.com\">info@fr.BeA-group.com<\/a><\/p>\n<h2>avis de non-responsabilit\u00e9<\/h2>\n<p>La soci\u00e9t\u00e9 BeA GmbH compose le contenu de ces pages Internet avec le plus grand soin et veille \u00e0 leur mise \u00e0 jour r\u00e9guli\u00e8re. Les donn\u00e9es ne sont fournies qu&rsquo;\u00e0 titre d&rsquo;information g\u00e9n\u00e9rale sans engagement et ne remplacent pas un conseil individuel. Des erreurs, par exemple dans l&rsquo;indication des donn\u00e9es techniques, ne peuvent \u00eatre exclues. Nous nous r\u00e9servons express\u00e9ment le droit d&rsquo;apporter des modifications techniques aux produits ou de faire varier les marchandises livr\u00e9es par rapport aux repr\u00e9sentations visuelles figurant sur ce site. BeA exclut toute responsabilit\u00e9 pour les dommages r\u00e9sultant directement ou indirectement de l&rsquo;utilisation de ce site web, sauf s&rsquo;ils sont dus \u00e0 une faute intentionnelle ou \u00e0 une n\u00e9gligence grave de BeA.<\/p>\n<h2>droit d&rsquo;auteur<\/h2>\n<p>Les droits d&rsquo;auteur et tous les autres droits relatifs aux contenus, images, photos ou autres fichiers pr\u00e9sents sur le site web appartiennent exclusivement \u00e0 la soci\u00e9t\u00e9 BeA GmbH ou aux titulaires de droits sp\u00e9cialement cit\u00e9s. Pour la reproduction de tout \u00e9l\u00e9ment, l&rsquo;accord \u00e9crit des d\u00e9tenteurs des droits d&rsquo;auteur doit \u00eatre obtenu au pr\u00e9alable,<\/p>\n<p><strong>les images utilis\u00e9es dans la liste sont prot\u00e9g\u00e9es par des droits d&rsquo;auteur et ont \u00e9t\u00e9 mises \u00e0 disposition sous licence.<\/strong><\/p>\n<p>[\/et_pb_text][\/et_pb_column][\/et_pb_row][\/et_pb_section]<\/p>\n","protected":false},"excerpt":{"rendered":"<p>BeA GmbH Directeur g\u00e9n\u00e9ral:Dr. J\u00f6rg Dalh\u00f6ferAndreas H\u00f6hling HR: L\u00fcbeck HRB 21320HLSt. non. : 30\/293 80 781 N\u00b0 de TVA. : DE 342\/809\/873Num\u00e9ro de registre WEEE : DE 94007702 Webmaster: webmaster@BeA-group.com Adresse Bogenstra\u00dfe 43-4522926 Ahrensburg T\u00e9l.: 04102 &#8211; 78 &#8211; 0Fax: 04102 &#8211; 78 &#8211; 250 e-mail: info@BeA-group.com Site cr\u00e9\u00e9 par Seiten-Werk GmbH Clause de non-responsabilit\u00e9 [&hellip;]<\/p>\n","protected":false},"author":3,"featured_media":0,"parent":0,"menu_order":0,"comment_status":"closed","ping_status":"closed","template":"","meta":{"_et_pb_use_builder":"on","_et_pb_old_content":"","_et_gb_content_width":"","footnotes":""},"class_list":["post-58014","page","type-page","status-publish","hentry"],"yoast_head":"<!-- This site is optimized with the Yoast SEO plugin v27.5 - https:\/\/yoast.com\/product\/yoast-seo-wordpress\/ -->\n<title>MENTIONS L\u00c9GALES - BeA GmbH<\/title>\n<meta name=\"description\" content=\"BeA GmbH rassemble les contenus de ces sites web avec le plus grand soin et veille \u00e0 ce qu&#039;ils soient r\u00e9guli\u00e8rement mis \u00e0 jour.\" \/>\n<meta name=\"robots\" content=\"index, follow, max-snippet:-1, max-image-preview:large, max-video-preview:-1\" \/>\n<link rel=\"canonical\" href=\"https:\/\/www.bea-group.com\/fr\/mentions-legales\/\" \/>\n<meta property=\"og:locale\" content=\"fr_FR\" \/>\n<meta property=\"og:type\" content=\"article\" \/>\n<meta property=\"og:title\" content=\"MENTIONS L\u00c9GALES - BeA GmbH\" \/>\n<meta property=\"og:description\" content=\"BeA GmbH rassemble les contenus de ces sites web avec le plus grand soin et veille \u00e0 ce qu&#039;ils soient r\u00e9guli\u00e8rement mis \u00e0 jour.\" \/>\n<meta property=\"og:url\" content=\"https:\/\/www.bea-group.com\/fr\/mentions-legales\/\" \/>\n<meta property=\"og:site_name\" content=\"BeA GmbH\" \/>\n<meta property=\"article:modified_time\" content=\"2024-04-18T13:52:24+00:00\" \/>\n<meta name=\"twitter:card\" content=\"summary_large_image\" \/>\n<meta name=\"twitter:label1\" content=\"Dur\u00e9e de lecture estim\u00e9e\" \/>\n\t<meta name=\"twitter:data1\" content=\"2 minutes\" \/>\n<script type=\"application\/ld+json\" class=\"yoast-schema-graph\">{\"@context\":\"https:\\\/\\\/schema.org\",\"@graph\":[{\"@type\":\"WebPage\",\"@id\":\"https:\\\/\\\/www.bea-group.com\\\/fr\\\/mentions-legales\\\/\",\"url\":\"https:\\\/\\\/www.bea-group.com\\\/fr\\\/mentions-legales\\\/\",\"name\":\"MENTIONS L\u00c9GALES - BeA GmbH\",\"isPartOf\":{\"@id\":\"https:\\\/\\\/www.bea-group.com\\\/fr\\\/#website\"},\"datePublished\":\"2024-04-17T03:40:57+00:00\",\"dateModified\":\"2024-04-18T13:52:24+00:00\",\"description\":\"BeA GmbH rassemble les contenus de ces sites web avec le plus grand soin et veille \u00e0 ce qu'ils soient r\u00e9guli\u00e8rement mis \u00e0 jour.\",\"breadcrumb\":{\"@id\":\"https:\\\/\\\/www.bea-group.com\\\/fr\\\/mentions-legales\\\/#breadcrumb\"},\"inLanguage\":\"fr-FR\",\"potentialAction\":[{\"@type\":\"ReadAction\",\"target\":[\"https:\\\/\\\/www.bea-group.com\\\/fr\\\/mentions-legales\\\/\"]}]},{\"@type\":\"BreadcrumbList\",\"@id\":\"https:\\\/\\\/www.bea-group.com\\\/fr\\\/mentions-legales\\\/#breadcrumb\",\"itemListElement\":[{\"@type\":\"ListItem\",\"position\":1,\"name\":\"Startseite\",\"item\":\"https:\\\/\\\/www.bea-group.com\\\/fr\\\/\"},{\"@type\":\"ListItem\",\"position\":2,\"name\":\"MENTIONS L\u00c9GALES\"}]},{\"@type\":\"WebSite\",\"@id\":\"https:\\\/\\\/www.bea-group.com\\\/fr\\\/#website\",\"url\":\"https:\\\/\\\/www.bea-group.com\\\/fr\\\/\",\"name\":\"BeA GmbH\",\"description\":\"FASTENING TECHNOLOGIES FOR FUTURE GENERATIONS\",\"potentialAction\":[{\"@type\":\"SearchAction\",\"target\":{\"@type\":\"EntryPoint\",\"urlTemplate\":\"https:\\\/\\\/www.bea-group.com\\\/fr\\\/?s={search_term_string}\"},\"query-input\":{\"@type\":\"PropertyValueSpecification\",\"valueRequired\":true,\"valueName\":\"search_term_string\"}}],\"inLanguage\":\"fr-FR\"}]}<\/script>\n<!-- \/ Yoast SEO plugin. -->","yoast_head_json":{"title":"MENTIONS L\u00c9GALES - BeA GmbH","description":"BeA GmbH rassemble les contenus de ces sites web avec le plus grand soin et veille \u00e0 ce qu'ils soient r\u00e9guli\u00e8rement mis \u00e0 jour.","robots":{"index":"index","follow":"follow","max-snippet":"max-snippet:-1","max-image-preview":"max-image-preview:large","max-video-preview":"max-video-preview:-1"},"canonical":"https:\/\/www.bea-group.com\/fr\/mentions-legales\/","og_locale":"fr_FR","og_type":"article","og_title":"MENTIONS L\u00c9GALES - BeA GmbH","og_description":"BeA GmbH rassemble les contenus de ces sites web avec le plus grand soin et veille \u00e0 ce qu'ils soient r\u00e9guli\u00e8rement mis \u00e0 jour.","og_url":"https:\/\/www.bea-group.com\/fr\/mentions-legales\/","og_site_name":"BeA GmbH","article_modified_time":"2024-04-18T13:52:24+00:00","twitter_card":"summary_large_image","twitter_misc":{"Dur\u00e9e de lecture estim\u00e9e":"2 minutes"},"schema":{"@context":"https:\/\/schema.org","@graph":[{"@type":"WebPage","@id":"https:\/\/www.bea-group.com\/fr\/mentions-legales\/","url":"https:\/\/www.bea-group.com\/fr\/mentions-legales\/","name":"MENTIONS L\u00c9GALES - BeA GmbH","isPartOf":{"@id":"https:\/\/www.bea-group.com\/fr\/#website"},"datePublished":"2024-04-17T03:40:57+00:00","dateModified":"2024-04-18T13:52:24+00:00","description":"BeA GmbH rassemble les contenus de ces sites web avec le plus grand soin et veille \u00e0 ce qu'ils soient r\u00e9guli\u00e8rement mis \u00e0 jour.","breadcrumb":{"@id":"https:\/\/www.bea-group.com\/fr\/mentions-legales\/#breadcrumb"},"inLanguage":"fr-FR","potentialAction":[{"@type":"ReadAction","target":["https:\/\/www.bea-group.com\/fr\/mentions-legales\/"]}]},{"@type":"BreadcrumbList","@id":"https:\/\/www.bea-group.com\/fr\/mentions-legales\/#breadcrumb","itemListElement":[{"@type":"ListItem","position":1,"name":"Startseite","item":"https:\/\/www.bea-group.com\/fr\/"},{"@type":"ListItem","position":2,"name":"MENTIONS L\u00c9GALES"}]},{"@type":"WebSite","@id":"https:\/\/www.bea-group.com\/fr\/#website","url":"https:\/\/www.bea-group.com\/fr\/","name":"BeA GmbH","description":"FASTENING TECHNOLOGIES FOR FUTURE GENERATIONS","potentialAction":[{"@type":"SearchAction","target":{"@type":"EntryPoint","urlTemplate":"https:\/\/www.bea-group.com\/fr\/?s={search_term_string}"},"query-input":{"@type":"PropertyValueSpecification","valueRequired":true,"valueName":"search_term_string"}}],"inLanguage":"fr-FR"}]}},"_links":{"self":[{"href":"https:\/\/www.bea-group.com\/fr\/wp-json\/wp\/v2\/pages\/58014","targetHints":{"allow":["GET"]}}],"collection":[{"href":"https:\/\/www.bea-group.com\/fr\/wp-json\/wp\/v2\/pages"}],"about":[{"href":"https:\/\/www.bea-group.com\/fr\/wp-json\/wp\/v2\/types\/page"}],"author":[{"embeddable":true,"href":"https:\/\/www.bea-group.com\/fr\/wp-json\/wp\/v2\/users\/3"}],"replies":[{"embeddable":true,"href":"https:\/\/www.bea-group.com\/fr\/wp-json\/wp\/v2\/comments?post=58014"}],"version-history":[{"count":5,"href":"https:\/\/www.bea-group.com\/fr\/wp-json\/wp\/v2\/pages\/58014\/revisions"}],"predecessor-version":[{"id":58223,"href":"https:\/\/www.bea-group.com\/fr\/wp-json\/wp\/v2\/pages\/58014\/revisions\/58223"}],"wp:attachment":[{"href":"https:\/\/www.bea-group.com\/fr\/wp-json\/wp\/v2\/media?parent=58014"}],"curies":[{"name":"wp","href":"https:\/\/api.w.org\/{rel}","templated":true}]}}