{"id":58665,"date":"2024-01-26T10:55:22","date_gmt":"2024-01-26T09:55:22","guid":{"rendered":"https:\/\/www.bea-group.com\/australien\/"},"modified":"2024-07-03T14:26:35","modified_gmt":"2024-07-03T12:26:35","slug":"australia","status":"publish","type":"page","link":"https:\/\/www.bea-group.com\/sk\/australia\/","title":{"rendered":"Austr\u00e1lia"},"content":{"rendered":"<p>[et_pb_section fb_built=&#8220;1&#8243; module_class=&#8220;impress_page h1-class h1&#8243; _builder_version=&#8220;4.23.1&#8243; use_background_color_gradient=&#8220;on&#8220; background_color_gradient_stops=&#8220;rgba(0,26,43,0.8) 0%|rgba(0,26,43,0.8) 100%&#8220; background_color_gradient_overlays_image=&#8220;on&#8220; background_color_gradient_start=&#8220;rgba(0,0,0,0.5)&#8220; background_color_gradient_end=&#8220;rgba(0,0,0,0.5)&#8220; background_image=&#8220;https:\/\/www.bea-group.com\/wp-content\/uploads\/2023\/11\/secondary_header_company.jpg&#8220; background_position=&#8220;top_center&#8220; vertical_offset_tablet=&#8220;0&#8243; horizontal_offset_tablet=&#8220;0&#8243; box_shadow_horizontal_tablet=&#8220;0px&#8220; box_shadow_vertical_tablet=&#8220;0px&#8220; box_shadow_blur_tablet=&#8220;40px&#8220; box_shadow_spread_tablet=&#8220;0px&#8220; global_colors_info=&#8220;{}&#8220;][\/et_pb_section][et_pb_section fb_built=&#8220;1&#8243; module_class=&#8220;impress_page&#8220; _builder_version=&#8220;4.23.1&#8243; vertical_offset_tablet=&#8220;0&#8243; horizontal_offset_tablet=&#8220;0&#8243; box_shadow_horizontal_tablet=&#8220;0px&#8220; box_shadow_vertical_tablet=&#8220;0px&#8220; box_shadow_blur_tablet=&#8220;40px&#8220; box_shadow_spread_tablet=&#8220;0px&#8220; global_colors_info=&#8220;{}&#8220;][et_pb_row column_structure=&#8220;1_3,2_3&#8243; _builder_version=&#8220;4.23.1&#8243; vertical_offset_tablet=&#8220;0&#8243; horizontal_offset_tablet=&#8220;0&#8243; z_index_tablet=&#8220;0&#8243; box_shadow_horizontal_tablet=&#8220;0px&#8220; box_shadow_vertical_tablet=&#8220;0px&#8220; box_shadow_blur_tablet=&#8220;40px&#8220; box_shadow_spread_tablet=&#8220;0px&#8220; global_colors_info=&#8220;{}&#8220;][et_pb_column type=&#8220;1_3&#8243; _builder_version=&#8220;4.16&#8243; custom_padding=&#8220;|||&#8220; global_colors_info=&#8220;{}&#8220; custom_padding__hover=&#8220;|||&#8220;][et_pb_text _builder_version=&#8220;4.26.0&#8243; text_line_height=&#8220;1.6em&#8220; header_font=&#8220;|600|||||||&#8220; header_2_font=&#8220;|600|||||||&#8220; header_2_font_size=&#8220;21px&#8220; vertical_offset_tablet=&#8220;0&#8243; horizontal_offset_tablet=&#8220;0&#8243; z_index_tablet=&#8220;0&#8243; text_text_shadow_horizontal_length_tablet=&#8220;0px&#8220; text_text_shadow_vertical_length_tablet=&#8220;0px&#8220; text_text_shadow_blur_strength_tablet=&#8220;1px&#8220; link_text_shadow_horizontal_length_tablet=&#8220;0px&#8220; link_text_shadow_vertical_length_tablet=&#8220;0px&#8220; link_text_shadow_blur_strength_tablet=&#8220;1px&#8220; ul_text_shadow_horizontal_length_tablet=&#8220;0px&#8220; ul_text_shadow_vertical_length_tablet=&#8220;0px&#8220; ul_text_shadow_blur_strength_tablet=&#8220;1px&#8220; ol_text_shadow_horizontal_length_tablet=&#8220;0px&#8220; ol_text_shadow_vertical_length_tablet=&#8220;0px&#8220; ol_text_shadow_blur_strength_tablet=&#8220;1px&#8220; quote_text_shadow_horizontal_length_tablet=&#8220;0px&#8220; quote_text_shadow_vertical_length_tablet=&#8220;0px&#8220; quote_text_shadow_blur_strength_tablet=&#8220;1px&#8220; header_text_shadow_horizontal_length_tablet=&#8220;0px&#8220; header_text_shadow_vertical_length_tablet=&#8220;0px&#8220; header_text_shadow_blur_strength_tablet=&#8220;1px&#8220; header_2_text_shadow_horizontal_length_tablet=&#8220;0px&#8220; header_2_text_shadow_vertical_length_tablet=&#8220;0px&#8220; header_2_text_shadow_blur_strength_tablet=&#8220;1px&#8220; header_3_text_shadow_horizontal_length_tablet=&#8220;0px&#8220; header_3_text_shadow_vertical_length_tablet=&#8220;0px&#8220; header_3_text_shadow_blur_strength_tablet=&#8220;1px&#8220; header_4_text_shadow_horizontal_length_tablet=&#8220;0px&#8220; header_4_text_shadow_vertical_length_tablet=&#8220;0px&#8220; header_4_text_shadow_blur_strength_tablet=&#8220;1px&#8220; header_5_text_shadow_horizontal_length_tablet=&#8220;0px&#8220; header_5_text_shadow_vertical_length_tablet=&#8220;0px&#8220; header_5_text_shadow_blur_strength_tablet=&#8220;1px&#8220; header_6_text_shadow_horizontal_length_tablet=&#8220;0px&#8220; header_6_text_shadow_vertical_length_tablet=&#8220;0px&#8220; header_6_text_shadow_blur_strength_tablet=&#8220;1px&#8220; box_shadow_horizontal_tablet=&#8220;0px&#8220; box_shadow_vertical_tablet=&#8220;0px&#8220; box_shadow_blur_tablet=&#8220;40px&#8220; box_shadow_spread_tablet=&#8220;0px&#8220; global_colors_info=&#8220;{}&#8220;]<\/p>\n<h1>BeA Australia Pty Ltd<\/h1>\n<p>Unit A, 1 Rexroth Place,<br \/>Huntingwood, NSW 2148<br \/>ACN: 636 999 543<br \/>ABN: 61 636 999 543<\/p>\n<h2>National Contact<\/h2>\n<p class=\"p1\">Phone.: 1300 232 287<br \/><a href=\"mailto:sales-au@bea-group.com\">sales-au@BeA-group.com<\/a><\/p>\n<h2>NSW<\/h2>\n<p class=\"p1\">Unit A, 1 Rexroth Place<br \/>Huntingwood, NSW 2148<br \/>Phone: <a href=\"tel:1300232287\">1300 232 287<\/a><br \/>Tel: <a href=\"tel:+61297290111\">+612 97 29 01 11<\/a><br \/>Mobile: <a href=\"tel:0409036435\">0409 036 435<\/a><br \/><a href=\"mailto:sales-nsw@bea-group.com\">sales-nsw@BeA-group.com<\/a><\/p>\n<h2>VIC<\/h2>\n<p class=\"p1\">Unit 20, 200 Boundary Road<br \/>Braeside, VIC 3195<br \/>Phone: <a href=\"tel:1300232287\">1300 232 287<\/a><br \/>Tel: <a href=\"tel:+61395878223\">+613 95 87 82 23<\/a><br \/>Mobile: <a href=\"tel:0421077797\">0421 077 797<\/a><br \/><a href=\"mailto:sales-VIC@bea-group.com\">sales-VIC@BeA-group.com<\/a><\/p>\n<h2>QLD<\/h2>\n<p class=\"p1\">Phone: <a href=\"tel:1300232287\">1300 232 287<\/a><br \/>Tel: <a href=\"tel:+61738079279\">+617 38 07 92 79<\/a><br \/>Mobile: <a href=\"tel:0417287918\">0417 287 918<\/a><br \/><a href=\"mailto:sales-QLD@bea-group.com \">sales-QLD@BeA-group.com <\/a><\/p>\n<p><a target=\"_blank\" href=\"\/wp-content\/uploads\/2024\/01\/BeA_Australia_Terms_Conditions_2022.pdf\" rel=\"noopener\">Podmienky a pravidl\u00e1<\/a><\/p>\n<p>[\/et_pb_text][\/et_pb_column][et_pb_column type=&#8220;2_3&#8243; _builder_version=&#8220;4.16&#8243; custom_padding=&#8220;|||&#8220; global_colors_info=&#8220;{}&#8220; custom_padding__hover=&#8220;|||&#8220;][et_pb_video src=&#8220;https:\/\/www.youtube.com\/watch?v=HPOaAHTsCUI&#038;ab_channel=IgniteTelecom&#8220; src_webm=&#8220;https:\/\/www.youtube.com\/watch?v=HPOaAHTsCUI&#038;ab_channel=IgniteTelecom&#8220; _builder_version=&#8220;4.23.1&#8243; vertical_offset_tablet=&#8220;0&#8243; horizontal_offset_tablet=&#8220;0&#8243; z_index_tablet=&#8220;0&#8243; box_shadow_horizontal_tablet=&#8220;0px&#8220; box_shadow_vertical_tablet=&#8220;0px&#8220; box_shadow_blur_tablet=&#8220;40px&#8220; box_shadow_spread_tablet=&#8220;0px&#8220; locked=&#8220;off&#8220; global_colors_info=&#8220;{}&#8220;][\/et_pb_video][\/et_pb_column][\/et_pb_row][\/et_pb_section]<\/p>\n","protected":false},"excerpt":{"rendered":"<p>BeA Australia Pty Ltd Unit A, 1 Rexroth Place,Huntingwood, NSW 2148ACN: 636 999 543ABN: 61 636 999 543 National Contact Phone.: 1300 232 287sales-au@BeA-group.com NSW Unit A, 1 Rexroth PlaceHuntingwood, NSW 2148Phone: 1300 232 287Tel: +612 97 29 01 11Mobile: 0409 036 435sales-nsw@BeA-group.com VIC Unit 20, 200 Boundary RoadBraeside, VIC 3195Phone: 1300 232 287Tel: +613 [&hellip;]<\/p>\n","protected":false},"author":3,"featured_media":0,"parent":0,"menu_order":0,"comment_status":"closed","ping_status":"closed","template":"","meta":{"_et_pb_use_builder":"on","_et_pb_old_content":"[et_pb_section fb_built=\"1\" module_class=\"impress_page h1-class h1\" _builder_version=\"4.23.1\" use_background_color_gradient=\"on\" background_color_gradient_stops=\"rgba(0,26,43,0.8) 0%|rgba(0,26,43,0.8) 100%\" background_color_gradient_overlays_image=\"on\" background_color_gradient_start=\"rgba(0,0,0,0.5)\" background_color_gradient_end=\"rgba(0,0,0,0.5)\" background_image=\"https:\/\/www.bea-group.com\/wp-content\/uploads\/2023\/11\/secondary_header_company.jpg\" background_position=\"top_center\" vertical_offset_tablet=\"0\" horizontal_offset_tablet=\"0\" box_shadow_horizontal_tablet=\"0px\" box_shadow_vertical_tablet=\"0px\" box_shadow_blur_tablet=\"40px\" box_shadow_spread_tablet=\"0px\" global_colors_info=\"{}\"][\/et_pb_section][et_pb_section fb_built=\"1\" module_class=\"impress_page\" _builder_version=\"4.23.1\" vertical_offset_tablet=\"0\" horizontal_offset_tablet=\"0\" box_shadow_horizontal_tablet=\"0px\" box_shadow_vertical_tablet=\"0px\" box_shadow_blur_tablet=\"40px\" box_shadow_spread_tablet=\"0px\" global_colors_info=\"{}\"][et_pb_row _builder_version=\"4.23.1\" vertical_offset_tablet=\"0\" horizontal_offset_tablet=\"0\" z_index_tablet=\"0\" box_shadow_horizontal_tablet=\"0px\" box_shadow_vertical_tablet=\"0px\" box_shadow_blur_tablet=\"40px\" box_shadow_spread_tablet=\"0px\" global_colors_info=\"{}\"][et_pb_column type=\"4_4\" _builder_version=\"4.16\" custom_padding=\"|||\" global_colors_info=\"{}\" custom_padding__hover=\"|||\"][et_pb_text _builder_version=\"4.24.0\" text_line_height=\"1.6em\" header_font=\"|600|||||||\" header_2_font=\"|600|||||||\" header_2_font_size=\"21px\" vertical_offset_tablet=\"0\" horizontal_offset_tablet=\"0\" hover_enabled=\"0\" z_index_tablet=\"0\" text_text_shadow_horizontal_length_tablet=\"0px\" text_text_shadow_vertical_length_tablet=\"0px\" text_text_shadow_blur_strength_tablet=\"1px\" link_text_shadow_horizontal_length_tablet=\"0px\" link_text_shadow_vertical_length_tablet=\"0px\" link_text_shadow_blur_strength_tablet=\"1px\" ul_text_shadow_horizontal_length_tablet=\"0px\" ul_text_shadow_vertical_length_tablet=\"0px\" ul_text_shadow_blur_strength_tablet=\"1px\" ol_text_shadow_horizontal_length_tablet=\"0px\" ol_text_shadow_vertical_length_tablet=\"0px\" ol_text_shadow_blur_strength_tablet=\"1px\" quote_text_shadow_horizontal_length_tablet=\"0px\" quote_text_shadow_vertical_length_tablet=\"0px\" quote_text_shadow_blur_strength_tablet=\"1px\" header_text_shadow_horizontal_length_tablet=\"0px\" header_text_shadow_vertical_length_tablet=\"0px\" header_text_shadow_blur_strength_tablet=\"1px\" header_2_text_shadow_horizontal_length_tablet=\"0px\" header_2_text_shadow_vertical_length_tablet=\"0px\" header_2_text_shadow_blur_strength_tablet=\"1px\" header_3_text_shadow_horizontal_length_tablet=\"0px\" header_3_text_shadow_vertical_length_tablet=\"0px\" header_3_text_shadow_blur_strength_tablet=\"1px\" header_4_text_shadow_horizontal_length_tablet=\"0px\" header_4_text_shadow_vertical_length_tablet=\"0px\" header_4_text_shadow_blur_strength_tablet=\"1px\" header_5_text_shadow_horizontal_length_tablet=\"0px\" header_5_text_shadow_vertical_length_tablet=\"0px\" header_5_text_shadow_blur_strength_tablet=\"1px\" header_6_text_shadow_horizontal_length_tablet=\"0px\" header_6_text_shadow_vertical_length_tablet=\"0px\" header_6_text_shadow_blur_strength_tablet=\"1px\" box_shadow_horizontal_tablet=\"0px\" box_shadow_vertical_tablet=\"0px\" box_shadow_blur_tablet=\"40px\" box_shadow_spread_tablet=\"0px\" global_colors_info=\"{}\" sticky_enabled=\"0\"]<h1>BeA Australia Pty Ltd<\/h1>\r\n<p>Unit A, 1 Rexroth Place,<br \/>Huntingwood, NSW 2148<br \/>ACN: 636 999 543<br \/>ABN: 61 636 999 543<\/p>\r\n<h2>National Contact<\/h2>\r\n<p class=\"p1\">Phone.: 1300 232 287<br \/><a href=\"mailto:sales-au@bea-group.com\">sales-au@bea-group.com<\/a><\/p>\r\n<h2>NSW<\/h2>\r\n<p class=\"p1\">Unit A, 1 Rexroth Place<br \/>Huntingwood, NSW 2148<br \/>Phone: <a href=\"tel:1300232287\">1300 232 287<\/a><br \/>Tel: <a href=\"tel:+61297290111\">+612 97 29 01 11<\/a><br \/>Mobile: <a href=\"tel:0409036435\">0409 036 435<\/a><br \/><a href=\"mailto:sales-nsw@bea-group.com\">sales-nsw@bea-group.com<\/a><\/p>\r\n<h2>VIC<\/h2>\r\n<p class=\"p1\">Unit 20, 200 Boundary Road<br \/>Braeside, VIC 3195<br \/>Phone: <a href=\"tel:1300232287\">1300 232 287<\/a><br \/>Tel: <a href=\"tel:+61395878223\">+613 95 87 82 23<\/a><br \/>Mobile: <a href=\"tel:0421077797\">0421 077 797<\/a><br \/><a href=\"mailto:sales-VIC@bea-group.com\">sales-VIC@bea-group.com<\/a><\/p>\r\n<h2>QLD<\/h2>\r\n<p class=\"p1\">Phone: <a href=\"tel:1300232287\">1300 232 287<\/a><br \/>Tel: <a href=\"tel:+61738079279\">+617 38 07 92 79<\/a><br \/>Mobile: <a href=\"tel:0417287918\">0417 287 918<\/a><br \/><a href=\"mailto:sales-QLD@bea-group.com \">sales-QLD@bea-group.com <\/a><\/p>\r\n<p><a href=\"\/wp-content\/uploads\/2024\/01\/BeA_Australia_Terms_Conditions_2022.pdf\">Terms & Conditions<\/a><\/p>[\/et_pb_text][\/et_pb_column][\/et_pb_row][\/et_pb_section]","_et_gb_content_width":"","footnotes":""},"class_list":["post-58665","page","type-page","status-publish","hentry"],"yoast_head":"<!-- This site is optimized with the Yoast SEO plugin v27.2 - https:\/\/yoast.com\/product\/yoast-seo-wordpress\/ -->\n<title>Austr\u00e1lia - BeA GmbH<\/title>\n<meta name=\"description\" content=\"Spolo\u010dnos\u0165 BeA GmbH zostavila obsah tejto webovej str\u00e1nky s maxim\u00e1lnou starostlivos\u0165ou a zabezpe\u010duje jeho pravideln\u00fa aktualiz\u00e1ciu.\" \/>\n<meta name=\"robots\" content=\"index, follow, max-snippet:-1, max-image-preview:large, max-video-preview:-1\" \/>\n<link rel=\"canonical\" href=\"https:\/\/www.bea-group.com\/sk\/australia\/\" \/>\n<meta property=\"og:locale\" content=\"sk_SK\" \/>\n<meta property=\"og:type\" content=\"article\" \/>\n<meta property=\"og:title\" content=\"Austr\u00e1lia - BeA GmbH\" \/>\n<meta property=\"og:description\" content=\"Spolo\u010dnos\u0165 BeA GmbH zostavila obsah tejto webovej str\u00e1nky s maxim\u00e1lnou starostlivos\u0165ou a zabezpe\u010duje jeho pravideln\u00fa aktualiz\u00e1ciu.\" \/>\n<meta property=\"og:url\" content=\"https:\/\/www.bea-group.com\/sk\/australia\/\" \/>\n<meta property=\"og:site_name\" content=\"BeA GmbH\" \/>\n<meta property=\"article:modified_time\" content=\"2024-07-03T12:26:35+00:00\" \/>\n<meta name=\"twitter:card\" content=\"summary_large_image\" \/>\n<meta name=\"twitter:label1\" content=\"Predpokladan\u00fd \u010das \u010d\u00edtania\" \/>\n\t<meta name=\"twitter:data1\" content=\"1 min\u00fata\" \/>\n<script type=\"application\/ld+json\" class=\"yoast-schema-graph\">{\"@context\":\"https:\/\/schema.org\",\"@graph\":[{\"@type\":\"WebPage\",\"@id\":\"https:\/\/www.bea-group.com\/sk\/australia\/\",\"url\":\"https:\/\/www.bea-group.com\/sk\/australia\/\",\"name\":\"Austr\u00e1lia - BeA GmbH\",\"isPartOf\":{\"@id\":\"https:\/\/www.bea-group.com\/sk\/#website\"},\"datePublished\":\"2024-01-26T09:55:22+00:00\",\"dateModified\":\"2024-07-03T12:26:35+00:00\",\"description\":\"Spolo\u010dnos\u0165 BeA GmbH zostavila obsah tejto webovej str\u00e1nky s maxim\u00e1lnou starostlivos\u0165ou a zabezpe\u010duje jeho pravideln\u00fa aktualiz\u00e1ciu.\",\"breadcrumb\":{\"@id\":\"https:\/\/www.bea-group.com\/sk\/australia\/#breadcrumb\"},\"inLanguage\":\"sk-SK\",\"potentialAction\":[{\"@type\":\"ReadAction\",\"target\":[\"https:\/\/www.bea-group.com\/sk\/australia\/\"]}]},{\"@type\":\"BreadcrumbList\",\"@id\":\"https:\/\/www.bea-group.com\/sk\/australia\/#breadcrumb\",\"itemListElement\":[{\"@type\":\"ListItem\",\"position\":1,\"name\":\"Startseite\",\"item\":\"https:\/\/www.bea-group.com\/sk\/\"},{\"@type\":\"ListItem\",\"position\":2,\"name\":\"Austr\u00e1lia\"}]},{\"@type\":\"WebSite\",\"@id\":\"https:\/\/www.bea-group.com\/sk\/#website\",\"url\":\"https:\/\/www.bea-group.com\/sk\/\",\"name\":\"BeA GmbH\",\"description\":\"FASTENING TECHNOLOGIES FOR FUTURE GENERATIONS\",\"potentialAction\":[{\"@type\":\"SearchAction\",\"target\":{\"@type\":\"EntryPoint\",\"urlTemplate\":\"https:\/\/www.bea-group.com\/sk\/?s={search_term_string}\"},\"query-input\":{\"@type\":\"PropertyValueSpecification\",\"valueRequired\":true,\"valueName\":\"search_term_string\"}}],\"inLanguage\":\"sk-SK\"}]}<\/script>\n<!-- \/ Yoast SEO plugin. -->","yoast_head_json":{"title":"Austr\u00e1lia - BeA GmbH","description":"Spolo\u010dnos\u0165 BeA GmbH zostavila obsah tejto webovej str\u00e1nky s maxim\u00e1lnou starostlivos\u0165ou a zabezpe\u010duje jeho pravideln\u00fa aktualiz\u00e1ciu.","robots":{"index":"index","follow":"follow","max-snippet":"max-snippet:-1","max-image-preview":"max-image-preview:large","max-video-preview":"max-video-preview:-1"},"canonical":"https:\/\/www.bea-group.com\/sk\/australia\/","og_locale":"sk_SK","og_type":"article","og_title":"Austr\u00e1lia - BeA GmbH","og_description":"Spolo\u010dnos\u0165 BeA GmbH zostavila obsah tejto webovej str\u00e1nky s maxim\u00e1lnou starostlivos\u0165ou a zabezpe\u010duje jeho pravideln\u00fa aktualiz\u00e1ciu.","og_url":"https:\/\/www.bea-group.com\/sk\/australia\/","og_site_name":"BeA GmbH","article_modified_time":"2024-07-03T12:26:35+00:00","twitter_card":"summary_large_image","twitter_misc":{"Predpokladan\u00fd \u010das \u010d\u00edtania":"1 min\u00fata"},"schema":{"@context":"https:\/\/schema.org","@graph":[{"@type":"WebPage","@id":"https:\/\/www.bea-group.com\/sk\/australia\/","url":"https:\/\/www.bea-group.com\/sk\/australia\/","name":"Austr\u00e1lia - BeA GmbH","isPartOf":{"@id":"https:\/\/www.bea-group.com\/sk\/#website"},"datePublished":"2024-01-26T09:55:22+00:00","dateModified":"2024-07-03T12:26:35+00:00","description":"Spolo\u010dnos\u0165 BeA GmbH zostavila obsah tejto webovej str\u00e1nky s maxim\u00e1lnou starostlivos\u0165ou a zabezpe\u010duje jeho pravideln\u00fa aktualiz\u00e1ciu.","breadcrumb":{"@id":"https:\/\/www.bea-group.com\/sk\/australia\/#breadcrumb"},"inLanguage":"sk-SK","potentialAction":[{"@type":"ReadAction","target":["https:\/\/www.bea-group.com\/sk\/australia\/"]}]},{"@type":"BreadcrumbList","@id":"https:\/\/www.bea-group.com\/sk\/australia\/#breadcrumb","itemListElement":[{"@type":"ListItem","position":1,"name":"Startseite","item":"https:\/\/www.bea-group.com\/sk\/"},{"@type":"ListItem","position":2,"name":"Austr\u00e1lia"}]},{"@type":"WebSite","@id":"https:\/\/www.bea-group.com\/sk\/#website","url":"https:\/\/www.bea-group.com\/sk\/","name":"BeA GmbH","description":"FASTENING TECHNOLOGIES FOR FUTURE GENERATIONS","potentialAction":[{"@type":"SearchAction","target":{"@type":"EntryPoint","urlTemplate":"https:\/\/www.bea-group.com\/sk\/?s={search_term_string}"},"query-input":{"@type":"PropertyValueSpecification","valueRequired":true,"valueName":"search_term_string"}}],"inLanguage":"sk-SK"}]}},"_links":{"self":[{"href":"https:\/\/www.bea-group.com\/sk\/wp-json\/wp\/v2\/pages\/58665","targetHints":{"allow":["GET"]}}],"collection":[{"href":"https:\/\/www.bea-group.com\/sk\/wp-json\/wp\/v2\/pages"}],"about":[{"href":"https:\/\/www.bea-group.com\/sk\/wp-json\/wp\/v2\/types\/page"}],"author":[{"embeddable":true,"href":"https:\/\/www.bea-group.com\/sk\/wp-json\/wp\/v2\/users\/3"}],"replies":[{"embeddable":true,"href":"https:\/\/www.bea-group.com\/sk\/wp-json\/wp\/v2\/comments?post=58665"}],"version-history":[{"count":4,"href":"https:\/\/www.bea-group.com\/sk\/wp-json\/wp\/v2\/pages\/58665\/revisions"}],"predecessor-version":[{"id":58671,"href":"https:\/\/www.bea-group.com\/sk\/wp-json\/wp\/v2\/pages\/58665\/revisions\/58671"}],"wp:attachment":[{"href":"https:\/\/www.bea-group.com\/sk\/wp-json\/wp\/v2\/media?parent=58665"}],"curies":[{"name":"wp","href":"https:\/\/api.w.org\/{rel}","templated":true}]}}