{"id":58672,"date":"2023-11-20T14:09:39","date_gmt":"2023-11-20T13:09:39","guid":{"rendered":"https:\/\/www.bea-group.com\/autotec-for-automation\/"},"modified":"2024-07-03T14:43:00","modified_gmt":"2024-07-03T12:43:00","slug":"autotec-pre-automatizaciu","status":"publish","type":"page","link":"https:\/\/www.bea-group.com\/sk\/autotec-pre-automatizaciu\/","title":{"rendered":"autotec pre Automatiz\u00e1ciu"},"content":{"rendered":"<p>[et_pb_section fb_built=&#8220;1&#8243; module_class=&#8220;mainsec_autotec&#8220; _builder_version=&#8220;4.23.1&#8243; _module_preset=&#8220;default&#8220; background_enable_image=&#8220;off&#8220; global_colors_info=&#8220;{}&#8220;][et_pb_row column_structure=&#8220;2_5,3_5&#8243; module_class=&#8220;border-left-autotec_main_sec&#8220; _builder_version=&#8220;4.23.1&#8243; _module_preset=&#8220;default&#8220; global_colors_info=&#8220;{}&#8220;][et_pb_column type=&#8220;2_5&#8243; module_class=&#8220;pl50_a980&#8243; _builder_version=&#8220;4.23.1&#8243; _module_preset=&#8220;default&#8220; global_colors_info=&#8220;{}&#8220;][et_pb_text module_class=&#8220;h1-class&#8220; _builder_version=&#8220;4.24.2&#8243; _module_preset=&#8220;default&#8220; global_colors_info=&#8220;{}&#8220;]<\/p>\n<h1 class=\"pt0\"><strong>autotec<\/strong><br \/>\nStanovujeme \u0161tandardy<\/h1>\n<p><strong>Revolu\u010dn\u00e9 technol\u00f3gie na spracovanie dreva<\/strong><\/p>\n<p><span>autotec stanovuje nov\u00e9 \u0161tandardy s automatizovan\u00fdmi spojovac\u00edmi rie\u0161eniami pre v\u00fdrobn\u00e9 z\u00e1vody a robotick\u00e9 syst\u00e9my \u2013 predov\u0161etk\u00fdm v drevospracuj\u00facom priemysle, ale napr\u00edklad aj v automobilovom sektore.<\/span><\/p>\n<p><span>Ve\u013emi dobr\u00fd pomer ceny a v\u00fdkonu, vysok\u00fd stupe\u0148 \u00fa\u010dinnosti a extr\u00e9mna spo\u013eahlivos\u0165 z n\u00e1s urobili l\u00eddra na trhu.<\/span><\/p>\n<p><span>autotec sa vyzna\u010duje optim\u00e1lnou integr\u00e1ciou jednotliv\u00fdch zariaden\u00ed do priemyseln\u00fdch v\u00fdrobn\u00fdch procesov.<\/span><\/p>\n<p>To otv\u00e1ra \u00faplne nov\u00e9 mo\u017enosti optimaliz\u00e1cie va\u0161ej v\u00fdroby. Optim\u00e1lne prisp\u00f4soben\u00e9 v\u00e1\u0161mu v\u00fdrobn\u00e9mu procesu nanovo definujeme bud\u00facnos\u0165 automatizovanej techniky sp\u00e1jania so zna\u010dkou autotec.[\/et_pb_text][\/et_pb_column][et_pb_column type=&#8220;3_5&#8243; _builder_version=&#8220;4.23.1&#8243; _module_preset=&#8220;default&#8220; global_colors_info=&#8220;{}&#8220;][et_pb_code _builder_version=&#8220;4.24.0&#8243; _module_preset=&#8220;default&#8220; global_colors_info=&#8220;{}&#8220;] <\/p>\n<div class=\"brlbs-cmpnt-container brlbs-cmpnt-content-blocker brlbs-cmpnt-with-individual-styles\" data-borlabs-cookie-content-blocker-id=\"default\" data-borlabs-cookie-content=\"PGlmcmFtZSB3aWR0aD0iODAwIiBoZWlnaHQ9IjQyNSIgc3JjPSJodHRwczovL3d3dy55b3V0dWJlLmNvbS9lbWJlZC9mYmpERExFWk9Vaz9zaT1McGFPUk0wYm5yWlNodVRaJmF1dG9wbGF5PTEmbXV0ZT0xJnJlbD0wIiB0aXRsZT0iWW91VHViZSB2aWRlbyBwbGF5ZXIiIGZyYW1lYm9yZGVyPSIwIiBhbGxvdz0iYWNjZWxlcm9tZXRlcjsgYXV0b3BsYXk7IGNsaXBib2FyZC13cml0ZTsgZW5jcnlwdGVkLW1lZGlhOyBneXJvc2NvcGU7IHBpY3R1cmUtaW4tcGljdHVyZTsgd2ViLXNoYXJlIiBhbGxvd2Z1bGxzY3JlZW4+PC9pZnJhbWU+\">\n<div class=\"brlbs-cmpnt-cb-preset-a\">\n<p class=\"brlbs-cmpnt-cb-description\">Pr\u00e1ve si prezer\u00e1te z\u00e1stupn\u00fd obsah z <strong>{{ n\u00e1zov }}<\/strong>. Ak chcete z\u00edska\u0165 pr\u00edstup k aktu\u00e1lnemu obsahu, kliknite na tla\u010didlo ni\u017e\u0161ie. Upozor\u0148ujeme, \u017ee t\u00fdmto sp\u00f4sobom sa \u00fadaje zdie\u013eaj\u00fa s poskytovate\u013emi tret\u00edch str\u00e1n.<\/p>\n<div class=\"brlbs-cmpnt-cb-buttons\"> <a class=\"brlbs-cmpnt-cb-btn\" href=\"#\" data-borlabs-cookie-unblock role=\"button\">Odblokovanie obsahu<\/a> <a class=\"brlbs-cmpnt-cb-btn\" href=\"#\" data-borlabs-cookie-accept-service role=\"button\" style=\"display: none\">Prijatie po\u017eadovanej slu\u017eby a odblokovanie obsahu<\/a> <\/div>\n<p> <a class=\"brlbs-cmpnt-cb-provider-toggle\" href=\"#\" data-borlabs-cookie-show-provider-information role=\"button\">Viac inform\u00e1ci\u00ed<\/a> <\/div>\n<\/div>\n<p><!-- [et_pb_line_break_holder] -->[\/et_pb_code][\/et_pb_column][\/et_pb_row][\/et_pb_section][et_pb_section fb_built=&#8220;1&#8243; module_class=&#8220;pt0 pb0&#8243; _builder_version=&#8220;4.23.1&#8243; _module_preset=&#8220;default&#8220; global_colors_info=&#8220;{}&#8220;][et_pb_row module_class=&#8220;border-right-team-2 pb0&#8243; _builder_version=&#8220;4.23.1&#8243; _module_preset=&#8220;default&#8220; global_colors_info=&#8220;{}&#8220;][et_pb_column type=&#8220;4_4&#8243; _builder_version=&#8220;4.23.1&#8243; _module_preset=&#8220;default&#8220; global_colors_info=&#8220;{}&#8220;][et_pb_text module_class=&#8220;white-h2-class&#8220; _builder_version=&#8220;4.24.2&#8243; _module_preset=&#8220;default&#8220; global_colors_info=&#8220;{}&#8220;]<\/p>\n<h2>SME VA\u0160I ODBORN\u00cdCI NA TECHNOL\u00d3GIE SP\u00c1JANIA<\/h2>\n<p>autotec je celosvetovou jednotkou pre automatizovan\u00e9 rie\u0161enia sp\u00e1jania s technol\u00f3giou sponkovania. Rozumieme po\u017eiadavk\u00e1m a vyu\u017e\u00edvame ich pri v\u00fdvoji priekopn\u00edckych inov\u00e1ci\u00ed, ako je v\u00fdmenn\u00e1 kazeta s a\u017e 200 mm dlh\u00fdmi sponami na upevnenie izola\u010dn\u00fdch dosiek, ve\u013ek\u00e9 zvitky s a\u017e 900 klincami alebo automatick\u00e1 nakladacia stanica pri pou\u017eit\u00ed robotick\u00fdch ramien. Na\u0161e know-how je s\u00fa\u010das\u0165ou na\u0161ej firemnej DNA.[\/et_pb_text][\/et_pb_column][\/et_pb_row][et_pb_row column_structure=&#8220;1_3,1_3,1_3&#8243; module_class=&#8220;border-right-team-3 anchor-link-normal  h5-class-team&#8220; _builder_version=&#8220;4.23.1&#8243; _module_preset=&#8220;default&#8220; global_colors_info=&#8220;{}&#8220;][et_pb_column type=&#8220;1_3&#8243; _builder_version=&#8220;4.23.1&#8243; _module_preset=&#8220;default&#8220; global_colors_info=&#8220;{}&#8220;][et_pb_image src=&#8220;https:\/\/www.bea-group.com\/wp-content\/uploads\/2024\/01\/ANSPRECHPARTNER.jpg&#8220; title_text=&#8220;ANSPRECHPARTNER&#8220; _builder_version=&#8220;4.23.4&#8243; _module_preset=&#8220;default&#8220; global_colors_info=&#8220;{}&#8220;][\/et_pb_image][et_pb_text _builder_version=&#8220;4.24.2&#8243; _module_preset=&#8220;default&#8220; global_colors_info=&#8220;{}&#8220;]<\/p>\n<h5>KONTAKTN\u00c1 OSOBA autotec<\/h5>\n<p><a href=\"mailto:automatisierung@bea-group.com\">automatisierung@BeA-group.com<\/a><br \/>\n<a href=\"tel:+49410278198\">04102 78 198<\/a>[\/et_pb_text][\/et_pb_column][et_pb_column type=&#8220;1_3&#8243; _builder_version=&#8220;4.23.1&#8243; _module_preset=&#8220;default&#8220; global_colors_info=&#8220;{}&#8220;][et_pb_image src=&#8220;https:\/\/www.bea-group.com\/wp-content\/uploads\/2023\/11\/TECHNISCHER.jpg&#8220; title_text=&#8220;TECHNISCHER&#8220; _builder_version=&#8220;4.23.1&#8243; _module_preset=&#8220;default&#8220; global_colors_info=&#8220;{}&#8220;][\/et_pb_image][et_pb_text _builder_version=&#8220;4.24.2&#8243; _module_preset=&#8220;default&#8220; global_colors_info=&#8220;{}&#8220;]<\/p>\n<h5>TECHNICK\u00c1 PODPORA<\/h5>\n<p><a href=\"mailto:service@bea-group.com\">service@BeA-group.com<\/a><br \/>\n<a href=\"tel:+49410278446\">04102 78 446<\/a>[\/et_pb_text][\/et_pb_column][et_pb_column type=&#8220;1_3&#8243; _builder_version=&#8220;4.23.1&#8243; _module_preset=&#8220;default&#8220; global_colors_info=&#8220;{}&#8220;][et_pb_image src=&#8220;https:\/\/www.bea-group.com\/wp-content\/uploads\/2024\/01\/CUSTOMER-SERVICE.jpg&#8220; title_text=&#8220;CUSTOMER-SERVICE&#8220; _builder_version=&#8220;4.23.4&#8243; _module_preset=&#8220;default&#8220; global_colors_info=&#8220;{}&#8220;][\/et_pb_image][et_pb_text _builder_version=&#8220;4.24.2&#8243; _module_preset=&#8220;default&#8220; global_colors_info=&#8220;{}&#8220;]<\/p>\n<h5>Z\u00c1KAZN\u00cdCKY SERVIS<\/h5>\n<p><a href=\"mailto:service@bea-group.com\">service@BeA-group.com<\/a><br \/>\n<a href=\"tel:+49410278446\">04102 78 446<\/a>[\/et_pb_text][et_pb_text disabled_on=&#8220;on|on|on&#8220; _builder_version=&#8220;4.23.1&#8243; _module_preset=&#8220;default&#8220; disabled=&#8220;on&#8220; global_colors_info=&#8220;{}&#8220;]<a href=\"https:\/\/bea-svk.webseite-programmierung.de\/en\/autotec-support\/\" class=\"anchor_link_arrow\">KUNDENSERVICE IM VERTRIEB<\/a>[\/et_pb_text][\/et_pb_column][\/et_pb_row][\/et_pb_section][et_pb_section fb_built=&#8220;1&#8243; module_class=&#8220;white-h2-class pt0 border-class-6&#8243; _builder_version=&#8220;4.23.1&#8243; _module_preset=&#8220;default&#8220; global_colors_info=&#8220;{}&#8220;][et_pb_row module_class=&#8220;border-class-4&#8243; _builder_version=&#8220;4.23.1&#8243; _module_preset=&#8220;default&#8220; global_colors_info=&#8220;{}&#8220;][et_pb_column type=&#8220;4_4&#8243; _builder_version=&#8220;4.23.1&#8243; _module_preset=&#8220;default&#8220; global_colors_info=&#8220;{}&#8220;][et_pb_text _builder_version=&#8220;4.24.2&#8243; _module_preset=&#8220;default&#8220; global_colors_info=&#8220;{}&#8220;]<\/p>\n<h2 class=\"pb0\">AUTOMATIZOVAN\u00c9 RIE\u0160ENIA<\/h2>\n<p>[\/et_pb_text][\/et_pb_column][\/et_pb_row][et_pb_row module_class=&#8220;border-class-5&#8243; _builder_version=&#8220;4.23.1&#8243; _module_preset=&#8220;default&#8220; global_colors_info=&#8220;{}&#8220;][et_pb_column type=&#8220;4_4&#8243; _builder_version=&#8220;4.23.1&#8243; _module_preset=&#8220;default&#8220; global_colors_info=&#8220;{}&#8220;][et_pb_code _builder_version=&#8220;4.24.0&#8243; _module_preset=&#8220;default&#8220; global_colors_info=&#8220;{}&#8220;] <\/p>\n<div class=\"brlbs-cmpnt-container brlbs-cmpnt-content-blocker brlbs-cmpnt-with-individual-styles\" data-borlabs-cookie-content-blocker-id=\"default\" data-borlabs-cookie-content=\"PGlmcmFtZSB3aWR0aD0iOTAwIiBoZWlnaHQ9IjUwMCIgc3JjPSJodHRwczovL3d3dy55b3V0dWJlLmNvbS9lbWJlZC9RbWxkRVpINS1Maz9zaT0wUHhFMkJLLUZiN1ByU3oxJmF1dG9wbGF5PTEmbXV0ZT0xJnJlbD0wIiB0aXRsZT0iWW91VHViZSB2aWRlbyBwbGF5ZXIiIGZyYW1lYm9yZGVyPSIwIiBhbGxvdz0iYWNjZWxlcm9tZXRlcjsgYXV0b3BsYXk7IGNsaXBib2FyZC13cml0ZTsgZW5jcnlwdGVkLW1lZGlhOyBneXJvc2NvcGU7IHBpY3R1cmUtaW4tcGljdHVyZTsgd2ViLXNoYXJlIiBhbGxvd2Z1bGxzY3JlZW4+PC9pZnJhbWU+\">\n<div class=\"brlbs-cmpnt-cb-preset-a\">\n<p class=\"brlbs-cmpnt-cb-description\">Pr\u00e1ve si prezer\u00e1te z\u00e1stupn\u00fd obsah z <strong>{{ n\u00e1zov }}<\/strong>. Ak chcete z\u00edska\u0165 pr\u00edstup k aktu\u00e1lnemu obsahu, kliknite na tla\u010didlo ni\u017e\u0161ie. Upozor\u0148ujeme, \u017ee t\u00fdmto sp\u00f4sobom sa \u00fadaje zdie\u013eaj\u00fa s poskytovate\u013emi tret\u00edch str\u00e1n.<\/p>\n<div class=\"brlbs-cmpnt-cb-buttons\"> <a class=\"brlbs-cmpnt-cb-btn\" href=\"#\" data-borlabs-cookie-unblock role=\"button\">Odblokovanie obsahu<\/a> <a class=\"brlbs-cmpnt-cb-btn\" href=\"#\" data-borlabs-cookie-accept-service role=\"button\" style=\"display: none\">Prijatie po\u017eadovanej slu\u017eby a odblokovanie obsahu<\/a> <\/div>\n<p> <a class=\"brlbs-cmpnt-cb-provider-toggle\" href=\"#\" data-borlabs-cookie-show-provider-information role=\"button\">Viac inform\u00e1ci\u00ed<\/a> <\/div>\n<\/div>\n<p>[\/et_pb_code][\/et_pb_column][\/et_pb_row][\/et_pb_section]<\/p>\n","protected":false},"excerpt":{"rendered":"<p>autotec Stanovujeme \u0161tandardy Revolu\u010dn\u00e9 technol\u00f3gie na spracovanie dreva autotec stanovuje nov\u00e9 \u0161tandardy s automatizovan\u00fdmi spojovac\u00edmi rie\u0161eniami pre v\u00fdrobn\u00e9 z\u00e1vody a robotick\u00e9 syst\u00e9my \u2013 predov\u0161etk\u00fdm v drevospracuj\u00facom priemysle, ale napr\u00edklad aj v automobilovom sektore. Ve\u013emi dobr\u00fd pomer ceny a v\u00fdkonu, vysok\u00fd stupe\u0148 \u00fa\u010dinnosti a extr\u00e9mna spo\u013eahlivos\u0165 z n\u00e1s urobili l\u00eddra na trhu. autotec sa vyzna\u010duje optim\u00e1lnou [&hellip;]<\/p>\n","protected":false},"author":3,"featured_media":0,"parent":0,"menu_order":0,"comment_status":"closed","ping_status":"closed","template":"","meta":{"_et_pb_use_builder":"on","_et_pb_old_content":"","_et_gb_content_width":"","footnotes":""},"class_list":["post-58672","page","type-page","status-publish","hentry"],"yoast_head":"<!-- This site is optimized with the Yoast SEO plugin v27.5 - https:\/\/yoast.com\/product\/yoast-seo-wordpress\/ -->\n<title>autotec pre Automatiz\u00e1ciu - BeA GmbH<\/title>\n<meta name=\"description\" content=\"Ve\u013emi dobr\u00fd pomer ceny a v\u00fdkonu, vysok\u00fd stupe\u0148 \u00fa\u010dinnosti a extr\u00e9mna spo\u013eahlivos\u0165 z n\u00e1s urobili l\u00eddra na trhu.\" \/>\n<meta name=\"robots\" content=\"index, follow, max-snippet:-1, max-image-preview:large, max-video-preview:-1\" \/>\n<link rel=\"canonical\" href=\"https:\/\/www.bea-group.com\/sk\/autotec-pre-automatizaciu\/\" \/>\n<meta property=\"og:locale\" content=\"sk_SK\" \/>\n<meta property=\"og:type\" content=\"article\" \/>\n<meta property=\"og:title\" content=\"autotec pre Automatiz\u00e1ciu - BeA GmbH\" \/>\n<meta property=\"og:description\" content=\"Ve\u013emi dobr\u00fd pomer ceny a v\u00fdkonu, vysok\u00fd stupe\u0148 \u00fa\u010dinnosti a extr\u00e9mna spo\u013eahlivos\u0165 z n\u00e1s urobili l\u00eddra na trhu.\" \/>\n<meta property=\"og:url\" content=\"https:\/\/www.bea-group.com\/sk\/autotec-pre-automatizaciu\/\" \/>\n<meta property=\"og:site_name\" content=\"BeA GmbH\" \/>\n<meta property=\"article:modified_time\" content=\"2024-07-03T12:43:00+00:00\" \/>\n<meta name=\"twitter:card\" content=\"summary_large_image\" \/>\n<meta name=\"twitter:label1\" content=\"Predpokladan\u00fd \u010das \u010d\u00edtania\" \/>\n\t<meta name=\"twitter:data1\" content=\"2 min\u00faty\" \/>\n<script type=\"application\/ld+json\" class=\"yoast-schema-graph\">{\"@context\":\"https:\\\/\\\/schema.org\",\"@graph\":[{\"@type\":\"WebPage\",\"@id\":\"https:\\\/\\\/www.bea-group.com\\\/sk\\\/autotec-pre-automatizaciu\\\/\",\"url\":\"https:\\\/\\\/www.bea-group.com\\\/sk\\\/autotec-pre-automatizaciu\\\/\",\"name\":\"autotec pre Automatiz\u00e1ciu - BeA GmbH\",\"isPartOf\":{\"@id\":\"https:\\\/\\\/www.bea-group.com\\\/sk\\\/#website\"},\"datePublished\":\"2023-11-20T13:09:39+00:00\",\"dateModified\":\"2024-07-03T12:43:00+00:00\",\"description\":\"Ve\u013emi dobr\u00fd pomer ceny a v\u00fdkonu, vysok\u00fd stupe\u0148 \u00fa\u010dinnosti a extr\u00e9mna spo\u013eahlivos\u0165 z n\u00e1s urobili l\u00eddra na trhu.\",\"breadcrumb\":{\"@id\":\"https:\\\/\\\/www.bea-group.com\\\/sk\\\/autotec-pre-automatizaciu\\\/#breadcrumb\"},\"inLanguage\":\"sk-SK\",\"potentialAction\":[{\"@type\":\"ReadAction\",\"target\":[\"https:\\\/\\\/www.bea-group.com\\\/sk\\\/autotec-pre-automatizaciu\\\/\"]}]},{\"@type\":\"BreadcrumbList\",\"@id\":\"https:\\\/\\\/www.bea-group.com\\\/sk\\\/autotec-pre-automatizaciu\\\/#breadcrumb\",\"itemListElement\":[{\"@type\":\"ListItem\",\"position\":1,\"name\":\"Startseite\",\"item\":\"https:\\\/\\\/www.bea-group.com\\\/sk\\\/\"},{\"@type\":\"ListItem\",\"position\":2,\"name\":\"autotec pre Automatiz\u00e1ciu\"}]},{\"@type\":\"WebSite\",\"@id\":\"https:\\\/\\\/www.bea-group.com\\\/sk\\\/#website\",\"url\":\"https:\\\/\\\/www.bea-group.com\\\/sk\\\/\",\"name\":\"BeA GmbH\",\"description\":\"FASTENING TECHNOLOGIES FOR FUTURE GENERATIONS\",\"potentialAction\":[{\"@type\":\"SearchAction\",\"target\":{\"@type\":\"EntryPoint\",\"urlTemplate\":\"https:\\\/\\\/www.bea-group.com\\\/sk\\\/?s={search_term_string}\"},\"query-input\":{\"@type\":\"PropertyValueSpecification\",\"valueRequired\":true,\"valueName\":\"search_term_string\"}}],\"inLanguage\":\"sk-SK\"}]}<\/script>\n<!-- \/ Yoast SEO plugin. -->","yoast_head_json":{"title":"autotec pre Automatiz\u00e1ciu - BeA GmbH","description":"Ve\u013emi dobr\u00fd pomer ceny a v\u00fdkonu, vysok\u00fd stupe\u0148 \u00fa\u010dinnosti a extr\u00e9mna spo\u013eahlivos\u0165 z n\u00e1s urobili l\u00eddra na trhu.","robots":{"index":"index","follow":"follow","max-snippet":"max-snippet:-1","max-image-preview":"max-image-preview:large","max-video-preview":"max-video-preview:-1"},"canonical":"https:\/\/www.bea-group.com\/sk\/autotec-pre-automatizaciu\/","og_locale":"sk_SK","og_type":"article","og_title":"autotec pre Automatiz\u00e1ciu - BeA GmbH","og_description":"Ve\u013emi dobr\u00fd pomer ceny a v\u00fdkonu, vysok\u00fd stupe\u0148 \u00fa\u010dinnosti a extr\u00e9mna spo\u013eahlivos\u0165 z n\u00e1s urobili l\u00eddra na trhu.","og_url":"https:\/\/www.bea-group.com\/sk\/autotec-pre-automatizaciu\/","og_site_name":"BeA GmbH","article_modified_time":"2024-07-03T12:43:00+00:00","twitter_card":"summary_large_image","twitter_misc":{"Predpokladan\u00fd \u010das \u010d\u00edtania":"2 min\u00faty"},"schema":{"@context":"https:\/\/schema.org","@graph":[{"@type":"WebPage","@id":"https:\/\/www.bea-group.com\/sk\/autotec-pre-automatizaciu\/","url":"https:\/\/www.bea-group.com\/sk\/autotec-pre-automatizaciu\/","name":"autotec pre Automatiz\u00e1ciu - BeA GmbH","isPartOf":{"@id":"https:\/\/www.bea-group.com\/sk\/#website"},"datePublished":"2023-11-20T13:09:39+00:00","dateModified":"2024-07-03T12:43:00+00:00","description":"Ve\u013emi dobr\u00fd pomer ceny a v\u00fdkonu, vysok\u00fd stupe\u0148 \u00fa\u010dinnosti a extr\u00e9mna spo\u013eahlivos\u0165 z n\u00e1s urobili l\u00eddra na trhu.","breadcrumb":{"@id":"https:\/\/www.bea-group.com\/sk\/autotec-pre-automatizaciu\/#breadcrumb"},"inLanguage":"sk-SK","potentialAction":[{"@type":"ReadAction","target":["https:\/\/www.bea-group.com\/sk\/autotec-pre-automatizaciu\/"]}]},{"@type":"BreadcrumbList","@id":"https:\/\/www.bea-group.com\/sk\/autotec-pre-automatizaciu\/#breadcrumb","itemListElement":[{"@type":"ListItem","position":1,"name":"Startseite","item":"https:\/\/www.bea-group.com\/sk\/"},{"@type":"ListItem","position":2,"name":"autotec pre Automatiz\u00e1ciu"}]},{"@type":"WebSite","@id":"https:\/\/www.bea-group.com\/sk\/#website","url":"https:\/\/www.bea-group.com\/sk\/","name":"BeA GmbH","description":"FASTENING TECHNOLOGIES FOR FUTURE GENERATIONS","potentialAction":[{"@type":"SearchAction","target":{"@type":"EntryPoint","urlTemplate":"https:\/\/www.bea-group.com\/sk\/?s={search_term_string}"},"query-input":{"@type":"PropertyValueSpecification","valueRequired":true,"valueName":"search_term_string"}}],"inLanguage":"sk-SK"}]}},"_links":{"self":[{"href":"https:\/\/www.bea-group.com\/sk\/wp-json\/wp\/v2\/pages\/58672","targetHints":{"allow":["GET"]}}],"collection":[{"href":"https:\/\/www.bea-group.com\/sk\/wp-json\/wp\/v2\/pages"}],"about":[{"href":"https:\/\/www.bea-group.com\/sk\/wp-json\/wp\/v2\/types\/page"}],"author":[{"embeddable":true,"href":"https:\/\/www.bea-group.com\/sk\/wp-json\/wp\/v2\/users\/3"}],"replies":[{"embeddable":true,"href":"https:\/\/www.bea-group.com\/sk\/wp-json\/wp\/v2\/comments?post=58672"}],"version-history":[{"count":5,"href":"https:\/\/www.bea-group.com\/sk\/wp-json\/wp\/v2\/pages\/58672\/revisions"}],"predecessor-version":[{"id":58692,"href":"https:\/\/www.bea-group.com\/sk\/wp-json\/wp\/v2\/pages\/58672\/revisions\/58692"}],"wp:attachment":[{"href":"https:\/\/www.bea-group.com\/sk\/wp-json\/wp\/v2\/media?parent=58672"}],"curies":[{"name":"wp","href":"https:\/\/api.w.org\/{rel}","templated":true}]}}