{"id":58693,"date":"2023-11-21T08:09:21","date_gmt":"2023-11-21T07:09:21","guid":{"rendered":"https:\/\/www.bea-group.com\/autotec-support\/"},"modified":"2024-07-03T14:47:45","modified_gmt":"2024-07-03T12:47:45","slug":"autotec-podpora","status":"publish","type":"page","link":"https:\/\/www.bea-group.com\/sk\/autotec-podpora\/","title":{"rendered":"autotec Podpora"},"content":{"rendered":"<p>[et_pb_section fb_built=&#8220;1&#8243; module_class=&#8220;border-class-25&#8243; _builder_version=&#8220;4.23.1&#8243; _module_preset=&#8220;default&#8220; global_colors_info=&#8220;{}&#8220;][et_pb_row module_class=&#8220;dn&#8220; _builder_version=&#8220;4.23.4&#8243; _module_preset=&#8220;default&#8220; global_colors_info=&#8220;{}&#8220;][et_pb_column type=&#8220;4_4&#8243; _builder_version=&#8220;4.23.4&#8243; _module_preset=&#8220;default&#8220; global_colors_info=&#8220;{}&#8220;][et_pb_text _builder_version=&#8220;4.23.4&#8243; _module_preset=&#8220;default&#8220; global_colors_info=&#8220;{}&#8220;]<\/p>\n<h1>UNSER TECHNISCHER SUPPORT<\/h1>\n<p>[\/et_pb_text][\/et_pb_column][\/et_pb_row][et_pb_row column_structure=&#8220;3_4,1_4&#8243; module_class=&#8220;border-class-21&#8243; _builder_version=&#8220;4.23.1&#8243; _module_preset=&#8220;default&#8220; global_colors_info=&#8220;{}&#8220;][et_pb_column type=&#8220;3_4&#8243; module_class=&#8220;border-class-24&#8243; _builder_version=&#8220;4.23.1&#8243; _module_preset=&#8220;default&#8220; global_colors_info=&#8220;{}&#8220;][et_pb_code module_class=&#8220;autotec_support_modules first_autotec_support_modules&#8220; _builder_version=&#8220;4.24.2&#8243; _module_preset=&#8220;default&#8220; global_colors_info=&#8220;{}&#8220;]<\/p>\n<div class=\"support_box_main\"><!-- [et_pb_line_break_holder] -->    <\/p>\n<div class=\"support_box_image_col\"><!-- [et_pb_line_break_holder] -->        <img decoding=\"async\" src=\"\/wp-content\/uploads\/2023\/11\/TECHNISCHER.jpg\"><!-- [et_pb_line_break_holder] -->    <\/div>\n<p><!-- [et_pb_line_break_holder] -->    <\/p>\n<div class=\"support_box_text_col\"><!-- [et_pb_line_break_holder] -->        <\/p>\n<h4>NA\u0160A TECHNICK\u00c1 PODPORA<\/h4>\n<p><!-- [et_pb_line_break_holder] -->        <pee>M\u00f4\u017eete sa spo\u013eahn\u00fa\u0165 na na\u0161u technick\u00fa podporu pre r\u00fdchle rie\u0161enia a odborn\u00fa pomoc. N\u00e1\u0161 \u0161pecializovan\u00fd t\u00edm je v\u017edy po ruke, aby odpovedal na technick\u00e9 ot\u00e1zky, rie\u0161il probl\u00e9my a zabezpe\u010dil, aby ste z na\u0161ich produktov dostali to najlep\u0161ie.<\/pee> <!-- [et_pb_line_break_holder] -->        <pee><a href=\"mailto:info-sk@bea-group.com\" class=\"wpfb_task_bubble\" data-task_id=\"6\">Posla\u0165 e-mail<\/a><!\u2013- [et_pb_br_holder] -\u2013><a href=\"tel:0445524262\"><strong>044 \/ 55 24 262<\/strong><\/a><\/pee><!-- [et_pb_line_break_holder] -->    <\/div>\n<p><!-- [et_pb_line_break_holder] --><\/div>\n<p>[\/et_pb_code][et_pb_code module_class=&#8220;autotec_support_modules&#8220; _builder_version=&#8220;4.24.2&#8243; _module_preset=&#8220;default&#8220; global_colors_info=&#8220;{}&#8220;]<\/p>\n<div class=\"support_box_main\"><!-- [et_pb_line_break_holder] -->    <\/p>\n<div class=\"support_box_image_col\"><!-- [et_pb_line_break_holder] -->        <img decoding=\"async\" src=\"\/wp-content\/uploads\/2023\/11\/autotec_Support_Vertrieb.jpg\"><!-- [et_pb_line_break_holder] -->    <\/div>\n<p><!-- [et_pb_line_break_holder] -->    <\/p>\n<div class=\"support_box_text_col\"><!-- [et_pb_line_break_holder] -->        <\/p>\n<h4>NA\u0160A DISTRIB\u00daCIA<\/h4>\n<p><!-- [et_pb_line_break_holder] -->        <pee>N\u00e1\u0161 predajn\u00fd t\u00edm je k\u013e\u00fa\u010dov\u00fdm zdrojom \u00faspe\u0161n\u00e9ho partnerstva. S odbornos\u0165ou, odhodlan\u00edm a jasn\u00fdm zameran\u00edm na va\u0161e potreby sme pripraven\u00ed poskytn\u00fa\u0165 rie\u0161enia na mieru.<\/pee> <!-- [et_pb_line_break_holder] -->        <pee><a href=\"mailto:info-sk@bea-group.com\" class=\"wpfb_task_bubble\" data-task_id=\"6\">Posla\u0165 e-mail<\/a><!\u2013- [et_pb_br_holder] -\u2013><a href=\"tel:0445524262\"><strong>044 \/ 55 24 262<\/strong><\/a><\/pee><!-- [et_pb_line_break_holder] -->    <\/div>\n<p><!-- [et_pb_line_break_holder] --><\/div>\n<p>[\/et_pb_code][et_pb_code module_class=&#8220;autotec_support_modules mb0&#8243; _builder_version=&#8220;4.24.2&#8243; _module_preset=&#8220;default&#8220; global_colors_info=&#8220;{}&#8220;]<\/p>\n<div class=\"support_box_main\"><!-- [et_pb_line_break_holder] -->    <\/p>\n<div class=\"support_box_image_col\"><!-- [et_pb_line_break_holder] -->        <img decoding=\"async\" src=\"\/wp-content\/uploads\/2023\/11\/autotec_Support_Anwendungsberatung.jpg\"><!-- [et_pb_line_break_holder] -->    <\/div>\n<p><!-- [et_pb_line_break_holder] -->    <\/p>\n<div class=\"support_box_text_col\"><!-- [et_pb_line_break_holder] -->        <\/p>\n<h4>NA\u0160E PORADENSTVO PRE APLIK\u00c1CIU PRODUKTOV<\/h4>\n<p><!-- [et_pb_line_break_holder] -->        <pee>Na\u0161e aplika\u010dn\u00e9 poradenstvo je va\u0161\u00edm odborn\u00fdm zdrojom pre prisp\u00f4soben\u00e9 rie\u0161enia. S hlbok\u00fdm pochopen\u00edm va\u0161ich po\u017eiadaviek sme pripraven\u00ed v\u00e1m poradi\u0165, aby ste zabezpe\u010dili \u010do najlep\u0161ie vyu\u017eitie na\u0161ich produktov vo va\u0161ej konkr\u00e9tnej aplik\u00e1cii.<\/pee> <!-- [et_pb_line_break_holder] -->       <pee><a href=\"mailto:info-sk@bea-group.com\" class=\"wpfb_task_bubble\" data-task_id=\"6\">Posla\u0165 e-mail<\/a><!\u2013- [et_pb_br_holder] -\u2013><a href=\"tel:0445524262\"><strong>044 \/ 55 24 262<\/strong><\/a><\/pee><!-- [et_pb_line_break_holder] -->    <\/div>\n<p><!-- [et_pb_line_break_holder] --><\/div>\n<p>[\/et_pb_code][\/et_pb_column][et_pb_column type=&#8220;1_4&#8243; module_class=&#8220;border-class-23&#8243; _builder_version=&#8220;4.23.1&#8243; _module_preset=&#8220;default&#8220; global_colors_info=&#8220;{}&#8220;][et_pb_code module_class=&#8220;support_sidebar_boxes_autotec border-class-22&#8243; _builder_version=&#8220;4.24.2&#8243; _module_preset=&#8220;default&#8220; global_colors_info=&#8220;{}&#8220;]<\/p>\n<h2>Z\u00c1KAZN\u00cdCKY <br class=\"dn_b980\">SERVIS<\/h2>\n<p><!-- [et_pb_line_break_holder] --><\/p>\n<h4>044 \/ 55 24 262<\/h4>\n<p><!-- [et_pb_line_break_holder] --><pee>Na\u0161e centrum slu\u017eieb z\u00e1kazn\u00edkom je viac ne\u017e len hor\u00faca linka \u2013 je to va\u0161e priame prepojenie na prvotriedne slu\u017eby. V\u010faka odborn\u00fdm znalostiam a odhodlaniu sme v\u00e1m k dispoz\u00edcii, aby sme efekt\u00edvne vyrie\u0161ili va\u0161e probl\u00e9my.<\/pee> [\/et_pb_code][et_pb_code module_class=&#8220;support_sidebar_boxes_autotec&#8220; _builder_version=&#8220;4.24.2&#8243; _module_preset=&#8220;default&#8220; global_colors_info=&#8220;{}&#8220;]<\/p>\n<h2>PRIAMA <br class=\"dn_b980\">HOR\u00daCA <br class=\"dn_b980\">LINKA<\/h2>\n<p><!-- [et_pb_line_break_holder] --><\/p>\n<h4>044 \/ 55 24 262<\/h4>\n<p><!-- [et_pb_line_break_holder] --><pee>Easy Way Hotline je va\u0161ou priamou linkou k priamym rie\u0161eniam. \u010ci u\u017e m\u00e1te ot\u00e1zky, potrebujete podporu alebo probl\u00e9my, ktor\u00e9 treba vyrie\u0161i\u0165 \u2013 sme tu, aby sme v\u00e1m pon\u00fakli najjednoduch\u0161ie rie\u0161enia.<\/pee>[\/et_pb_code][\/et_pb_column][\/et_pb_row][\/et_pb_section]<\/p>\n","protected":false},"excerpt":{"rendered":"<p>UNSER TECHNISCHER SUPPORT<\/p>\n","protected":false},"author":3,"featured_media":0,"parent":0,"menu_order":0,"comment_status":"closed","ping_status":"closed","template":"","meta":{"_et_pb_use_builder":"on","_et_pb_old_content":"","_et_gb_content_width":"","footnotes":""},"class_list":["post-58693","page","type-page","status-publish","hentry"],"yoast_head":"<!-- This site is optimized with the Yoast SEO plugin v27.3 - https:\/\/yoast.com\/product\/yoast-seo-wordpress\/ -->\n<title>autotec Podpora - BeA GmbH<\/title>\n<meta name=\"description\" content=\"V\u010faka hlbok\u00e9mu pochopeniu va\u0161ich po\u017eiadaviek sme v\u00e1m pripraven\u00ed poradi\u0165, aby sme zabezpe\u010dili \u010do najlep\u0161ie vyu\u017eitie na\u0161ich v\u00fdrobkov vo va\u0161ej konkr\u00e9tnej aplik\u00e1cii.\" \/>\n<meta name=\"robots\" content=\"index, follow, max-snippet:-1, max-image-preview:large, max-video-preview:-1\" \/>\n<link rel=\"canonical\" href=\"https:\/\/www.bea-group.com\/sk\/autotec-podpora\/\" \/>\n<meta property=\"og:locale\" content=\"sk_SK\" \/>\n<meta property=\"og:type\" content=\"article\" \/>\n<meta property=\"og:title\" content=\"autotec Podpora - BeA GmbH\" \/>\n<meta property=\"og:description\" content=\"V\u010faka hlbok\u00e9mu pochopeniu va\u0161ich po\u017eiadaviek sme v\u00e1m pripraven\u00ed poradi\u0165, aby sme zabezpe\u010dili \u010do najlep\u0161ie vyu\u017eitie na\u0161ich v\u00fdrobkov vo va\u0161ej konkr\u00e9tnej aplik\u00e1cii.\" \/>\n<meta property=\"og:url\" content=\"https:\/\/www.bea-group.com\/sk\/autotec-podpora\/\" \/>\n<meta property=\"og:site_name\" content=\"BeA GmbH\" \/>\n<meta property=\"article:modified_time\" content=\"2024-07-03T12:47:45+00:00\" \/>\n<meta name=\"twitter:card\" content=\"summary_large_image\" \/>\n<meta name=\"twitter:label1\" content=\"Predpokladan\u00fd \u010das \u010d\u00edtania\" \/>\n\t<meta name=\"twitter:data1\" content=\"2 min\u00faty\" \/>\n<script type=\"application\/ld+json\" class=\"yoast-schema-graph\">{\"@context\":\"https:\\\/\\\/schema.org\",\"@graph\":[{\"@type\":\"WebPage\",\"@id\":\"https:\\\/\\\/www.bea-group.com\\\/sk\\\/autotec-podpora\\\/\",\"url\":\"https:\\\/\\\/www.bea-group.com\\\/sk\\\/autotec-podpora\\\/\",\"name\":\"autotec Podpora - BeA GmbH\",\"isPartOf\":{\"@id\":\"https:\\\/\\\/www.bea-group.com\\\/sk\\\/#website\"},\"datePublished\":\"2023-11-21T07:09:21+00:00\",\"dateModified\":\"2024-07-03T12:47:45+00:00\",\"description\":\"V\u010faka hlbok\u00e9mu pochopeniu va\u0161ich po\u017eiadaviek sme v\u00e1m pripraven\u00ed poradi\u0165, aby sme zabezpe\u010dili \u010do najlep\u0161ie vyu\u017eitie na\u0161ich v\u00fdrobkov vo va\u0161ej konkr\u00e9tnej aplik\u00e1cii.\",\"breadcrumb\":{\"@id\":\"https:\\\/\\\/www.bea-group.com\\\/sk\\\/autotec-podpora\\\/#breadcrumb\"},\"inLanguage\":\"sk-SK\",\"potentialAction\":[{\"@type\":\"ReadAction\",\"target\":[\"https:\\\/\\\/www.bea-group.com\\\/sk\\\/autotec-podpora\\\/\"]}]},{\"@type\":\"BreadcrumbList\",\"@id\":\"https:\\\/\\\/www.bea-group.com\\\/sk\\\/autotec-podpora\\\/#breadcrumb\",\"itemListElement\":[{\"@type\":\"ListItem\",\"position\":1,\"name\":\"Startseite\",\"item\":\"https:\\\/\\\/www.bea-group.com\\\/sk\\\/\"},{\"@type\":\"ListItem\",\"position\":2,\"name\":\"autotec Podpora\"}]},{\"@type\":\"WebSite\",\"@id\":\"https:\\\/\\\/www.bea-group.com\\\/sk\\\/#website\",\"url\":\"https:\\\/\\\/www.bea-group.com\\\/sk\\\/\",\"name\":\"BeA GmbH\",\"description\":\"FASTENING TECHNOLOGIES FOR FUTURE GENERATIONS\",\"potentialAction\":[{\"@type\":\"SearchAction\",\"target\":{\"@type\":\"EntryPoint\",\"urlTemplate\":\"https:\\\/\\\/www.bea-group.com\\\/sk\\\/?s={search_term_string}\"},\"query-input\":{\"@type\":\"PropertyValueSpecification\",\"valueRequired\":true,\"valueName\":\"search_term_string\"}}],\"inLanguage\":\"sk-SK\"}]}<\/script>\n<!-- \/ Yoast SEO plugin. -->","yoast_head_json":{"title":"autotec Podpora - BeA GmbH","description":"V\u010faka hlbok\u00e9mu pochopeniu va\u0161ich po\u017eiadaviek sme v\u00e1m pripraven\u00ed poradi\u0165, aby sme zabezpe\u010dili \u010do najlep\u0161ie vyu\u017eitie na\u0161ich v\u00fdrobkov vo va\u0161ej konkr\u00e9tnej aplik\u00e1cii.","robots":{"index":"index","follow":"follow","max-snippet":"max-snippet:-1","max-image-preview":"max-image-preview:large","max-video-preview":"max-video-preview:-1"},"canonical":"https:\/\/www.bea-group.com\/sk\/autotec-podpora\/","og_locale":"sk_SK","og_type":"article","og_title":"autotec Podpora - BeA GmbH","og_description":"V\u010faka hlbok\u00e9mu pochopeniu va\u0161ich po\u017eiadaviek sme v\u00e1m pripraven\u00ed poradi\u0165, aby sme zabezpe\u010dili \u010do najlep\u0161ie vyu\u017eitie na\u0161ich v\u00fdrobkov vo va\u0161ej konkr\u00e9tnej aplik\u00e1cii.","og_url":"https:\/\/www.bea-group.com\/sk\/autotec-podpora\/","og_site_name":"BeA GmbH","article_modified_time":"2024-07-03T12:47:45+00:00","twitter_card":"summary_large_image","twitter_misc":{"Predpokladan\u00fd \u010das \u010d\u00edtania":"2 min\u00faty"},"schema":{"@context":"https:\/\/schema.org","@graph":[{"@type":"WebPage","@id":"https:\/\/www.bea-group.com\/sk\/autotec-podpora\/","url":"https:\/\/www.bea-group.com\/sk\/autotec-podpora\/","name":"autotec Podpora - BeA GmbH","isPartOf":{"@id":"https:\/\/www.bea-group.com\/sk\/#website"},"datePublished":"2023-11-21T07:09:21+00:00","dateModified":"2024-07-03T12:47:45+00:00","description":"V\u010faka hlbok\u00e9mu pochopeniu va\u0161ich po\u017eiadaviek sme v\u00e1m pripraven\u00ed poradi\u0165, aby sme zabezpe\u010dili \u010do najlep\u0161ie vyu\u017eitie na\u0161ich v\u00fdrobkov vo va\u0161ej konkr\u00e9tnej aplik\u00e1cii.","breadcrumb":{"@id":"https:\/\/www.bea-group.com\/sk\/autotec-podpora\/#breadcrumb"},"inLanguage":"sk-SK","potentialAction":[{"@type":"ReadAction","target":["https:\/\/www.bea-group.com\/sk\/autotec-podpora\/"]}]},{"@type":"BreadcrumbList","@id":"https:\/\/www.bea-group.com\/sk\/autotec-podpora\/#breadcrumb","itemListElement":[{"@type":"ListItem","position":1,"name":"Startseite","item":"https:\/\/www.bea-group.com\/sk\/"},{"@type":"ListItem","position":2,"name":"autotec Podpora"}]},{"@type":"WebSite","@id":"https:\/\/www.bea-group.com\/sk\/#website","url":"https:\/\/www.bea-group.com\/sk\/","name":"BeA GmbH","description":"FASTENING TECHNOLOGIES FOR FUTURE GENERATIONS","potentialAction":[{"@type":"SearchAction","target":{"@type":"EntryPoint","urlTemplate":"https:\/\/www.bea-group.com\/sk\/?s={search_term_string}"},"query-input":{"@type":"PropertyValueSpecification","valueRequired":true,"valueName":"search_term_string"}}],"inLanguage":"sk-SK"}]}},"_links":{"self":[{"href":"https:\/\/www.bea-group.com\/sk\/wp-json\/wp\/v2\/pages\/58693","targetHints":{"allow":["GET"]}}],"collection":[{"href":"https:\/\/www.bea-group.com\/sk\/wp-json\/wp\/v2\/pages"}],"about":[{"href":"https:\/\/www.bea-group.com\/sk\/wp-json\/wp\/v2\/types\/page"}],"author":[{"embeddable":true,"href":"https:\/\/www.bea-group.com\/sk\/wp-json\/wp\/v2\/users\/3"}],"replies":[{"embeddable":true,"href":"https:\/\/www.bea-group.com\/sk\/wp-json\/wp\/v2\/comments?post=58693"}],"version-history":[{"count":3,"href":"https:\/\/www.bea-group.com\/sk\/wp-json\/wp\/v2\/pages\/58693\/revisions"}],"predecessor-version":[{"id":58697,"href":"https:\/\/www.bea-group.com\/sk\/wp-json\/wp\/v2\/pages\/58693\/revisions\/58697"}],"wp:attachment":[{"href":"https:\/\/www.bea-group.com\/sk\/wp-json\/wp\/v2\/media?parent=58693"}],"curies":[{"name":"wp","href":"https:\/\/api.w.org\/{rel}","templated":true}]}}