{"id":58742,"date":"2023-11-20T09:56:57","date_gmt":"2023-11-20T08:56:57","guid":{"rendered":"https:\/\/www.bea-group.com\/kmr-for-professionals\/"},"modified":"2024-07-04T08:44:21","modified_gmt":"2024-07-04T06:44:21","slug":"kmr-pre-profesionali","status":"publish","type":"page","link":"https:\/\/www.bea-group.com\/sk\/kmr-pre-profesionali\/","title":{"rendered":"KMR PRE PROFESION\u00c1LI"},"content":{"rendered":"<p>[et_pb_section fb_built=&#8220;1&#8243; module_class=&#8220;white_text &#8220; _builder_version=&#8220;4.23.1&#8243; _module_preset=&#8220;default&#8220; background_image=&#8220;https:\/\/www.bea-group.com\/wp-content\/uploads\/2023\/11\/kmr-background-images-scaled.jpg&#8220; background_position=&#8220;top_center&#8220; global_colors_info=&#8220;{}&#8220;][et_pb_row column_structure=&#8220;2_5,3_5&#8243; _builder_version=&#8220;4.23.1&#8243; _module_preset=&#8220;default&#8220; global_colors_info=&#8220;{}&#8220;][et_pb_column type=&#8220;2_5&#8243; _builder_version=&#8220;4.23.1&#8243; _module_preset=&#8220;default&#8220; global_colors_info=&#8220;{}&#8220;][et_pb_text module_class=&#8220;h1-class&#8220; _builder_version=&#8220;4.24.2&#8243; _module_preset=&#8220;default&#8220; global_colors_info=&#8220;{}&#8220;]<\/p>\n<h1 class=\"pt0\"><span class=\"weight_normal\"> PRE <\/span>PROFESION\u00c1LOV <\/h1>\n<p>Produkty zna\u010dky KMR nes\u00fa inici\u00e1ly zakladate\u013ea.<\/p>\n<p>\u201eVysokokvalitn\u00e9 produkty vyv\u00edjaj\u00fa sk\u00fasen\u00ed in\u017einieri v spolupr\u00e1ci s remeseln\u00edkmi.\u201c<\/p>\n<p>Tento hlavn\u00fd princ\u00edp je jadrom zna\u010dky a u\u017e desa\u0165ro\u010dia je z\u00e1kladom jej vysokej reput\u00e1cie.<\/p>\n<p>S\u00fa vynikaj\u00face a samozrejme starostlivo vyroben\u00e9.<\/p>\n<p>Sp\u013a\u0148aj\u00fa va\u0161e remeseln\u00e9 potreby a \u0161tandardy na najvy\u0161\u0161ej \u00farovni.[\/et_pb_text][\/et_pb_column][et_pb_column type=&#8220;3_5&#8243; _builder_version=&#8220;4.23.1&#8243; _module_preset=&#8220;default&#8220; global_colors_info=&#8220;{}&#8220;][et_pb_image src=&#8220;https:\/\/www.bea-group.com\/wp-content\/uploads\/2024\/01\/12100705_app_009sw_1704980010-1.jpeg&#8220; title_text=&#8220;12100705_app_009sw_1704980010&#8243; _builder_version=&#8220;4.23.4&#8243; _module_preset=&#8220;default&#8220; global_colors_info=&#8220;{}&#8220;][\/et_pb_image][\/et_pb_column][\/et_pb_row][et_pb_row module_class=&#8220;white-h2-class&#8220; _builder_version=&#8220;4.23.1&#8243; _module_preset=&#8220;default&#8220; global_colors_info=&#8220;{}&#8220;][et_pb_column type=&#8220;4_4&#8243; _builder_version=&#8220;4.23.1&#8243; _module_preset=&#8220;default&#8220; global_colors_info=&#8220;{}&#8220;][et_pb_text _builder_version=&#8220;4.24.2&#8243; _module_preset=&#8220;default&#8220; global_colors_info=&#8220;{}&#8220;]<\/p>\n<h2>ZISTITE VIAC O SPOLO\u010cNOSTI <span class=\"nc\">BeA<\/span> GROUP<\/h2>\n<p>[\/et_pb_text][\/et_pb_column][\/et_pb_row][et_pb_row module_class=&#8220;pt0&#8243; _builder_version=&#8220;4.23.1&#8243; _module_preset=&#8220;default&#8220; global_colors_info=&#8220;{}&#8220;][et_pb_column type=&#8220;4_4&#8243; _builder_version=&#8220;4.23.1&#8243; _module_preset=&#8220;default&#8220; global_colors_info=&#8220;{}&#8220;][et_pb_code _builder_version=&#8220;4.24.0&#8243; _module_preset=&#8220;default&#8220; locked=&#8220;off&#8220; global_colors_info=&#8220;{}&#8220;] <\/p>\n<div class=\"brlbs-cmpnt-container brlbs-cmpnt-content-blocker brlbs-cmpnt-with-individual-styles\" data-borlabs-cookie-content-blocker-id=\"default\" data-borlabs-cookie-content=\"PGlmcmFtZSB3aWR0aD0iOTAwIiBoZWlnaHQ9IjUwMCIgc3JjPSJodHRwczovL3d3dy55b3V0dWJlLmNvbS9lbWJlZC9meXpSRWFVRzN6TT9zaT1rajcyWWdDUHoyTVhmdlBMJm11dGU9MSZyZWw9MCIgdGl0bGU9IllvdVR1YmUgdmlkZW8gcGxheWVyIiBmcmFtZWJvcmRlcj0iMCIgYWxsb3c9ImFjY2VsZXJvbWV0ZXI7IGF1dG9wbGF5OyBjbGlwYm9hcmQtd3JpdGU7IGVuY3J5cHRlZC1tZWRpYTsgZ3lyb3Njb3BlOyBwaWN0dXJlLWluLXBpY3R1cmU7IHdlYi1zaGFyZSIgYWxsb3dmdWxsc2NyZWVuPjwvaWZyYW1lPg==\">\n<div class=\"brlbs-cmpnt-cb-preset-a\">\n<p class=\"brlbs-cmpnt-cb-description\">Pr\u00e1ve si prezer\u00e1te z\u00e1stupn\u00fd obsah z <strong>{{ n\u00e1zov }}<\/strong>. Ak chcete z\u00edska\u0165 pr\u00edstup k aktu\u00e1lnemu obsahu, kliknite na tla\u010didlo ni\u017e\u0161ie. Upozor\u0148ujeme, \u017ee t\u00fdmto sp\u00f4sobom sa \u00fadaje zdie\u013eaj\u00fa s poskytovate\u013emi tret\u00edch str\u00e1n.<\/p>\n<div class=\"brlbs-cmpnt-cb-buttons\"> <a class=\"brlbs-cmpnt-cb-btn\" href=\"#\" data-borlabs-cookie-unblock role=\"button\">Odblokovanie obsahu<\/a> <a class=\"brlbs-cmpnt-cb-btn\" href=\"#\" data-borlabs-cookie-accept-service role=\"button\" style=\"display: none\">Prijatie po\u017eadovanej slu\u017eby a odblokovanie obsahu<\/a> <\/div>\n<p> <a class=\"brlbs-cmpnt-cb-provider-toggle\" href=\"#\" data-borlabs-cookie-show-provider-information role=\"button\">Viac inform\u00e1ci\u00ed<\/a> <\/div>\n<\/div>\n<p>[\/et_pb_code][\/et_pb_column][\/et_pb_row][\/et_pb_section]<\/p>\n","protected":false},"excerpt":{"rendered":"<p>PRE PROFESION\u00c1LOV Produkty zna\u010dky KMR nes\u00fa inici\u00e1ly zakladate\u013ea. \u201eVysokokvalitn\u00e9 produkty vyv\u00edjaj\u00fa sk\u00fasen\u00ed in\u017einieri v spolupr\u00e1ci s remeseln\u00edkmi.\u201c Tento hlavn\u00fd princ\u00edp je jadrom zna\u010dky a u\u017e desa\u0165ro\u010dia je z\u00e1kladom jej vysokej reput\u00e1cie. S\u00fa vynikaj\u00face a samozrejme starostlivo vyroben\u00e9. Sp\u013a\u0148aj\u00fa va\u0161e remeseln\u00e9 potreby a \u0161tandardy na najvy\u0161\u0161ej \u00farovni.ZISTITE VIAC O SPOLO\u010cNOSTI BeA GROUP<\/p>\n","protected":false},"author":3,"featured_media":0,"parent":0,"menu_order":0,"comment_status":"closed","ping_status":"closed","template":"","meta":{"_et_pb_use_builder":"on","_et_pb_old_content":"","_et_gb_content_width":"","footnotes":""},"class_list":["post-58742","page","type-page","status-publish","hentry"],"yoast_head":"<!-- This site is optimized with the Yoast SEO plugin v27.5 - https:\/\/yoast.com\/product\/yoast-seo-wordpress\/ -->\n<title>KMR PRE PROFESION\u00c1LI - BeA GmbH<\/title>\n<meta name=\"description\" content=\"T\u00e1to hlavn\u00e1 z\u00e1sada je jadrom zna\u010dky a u\u017e desa\u0165ro\u010dia je z\u00e1kladom jej vysokej reput\u00e1cie. - KMR PRE PROFESION\u00c1LI - BeA GmbH\" \/>\n<meta name=\"robots\" content=\"index, follow, max-snippet:-1, max-image-preview:large, max-video-preview:-1\" \/>\n<link rel=\"canonical\" href=\"https:\/\/www.bea-group.com\/sk\/kmr-pre-profesionali\/\" \/>\n<meta property=\"og:locale\" content=\"sk_SK\" \/>\n<meta property=\"og:type\" content=\"article\" \/>\n<meta property=\"og:title\" content=\"KMR PRE PROFESION\u00c1LI - BeA GmbH\" \/>\n<meta property=\"og:description\" content=\"T\u00e1to hlavn\u00e1 z\u00e1sada je jadrom zna\u010dky a u\u017e desa\u0165ro\u010dia je z\u00e1kladom jej vysokej reput\u00e1cie. - KMR PRE PROFESION\u00c1LI - BeA GmbH\" \/>\n<meta property=\"og:url\" content=\"https:\/\/www.bea-group.com\/sk\/kmr-pre-profesionali\/\" \/>\n<meta property=\"og:site_name\" content=\"BeA GmbH\" \/>\n<meta property=\"article:modified_time\" content=\"2024-07-04T06:44:21+00:00\" \/>\n<meta name=\"twitter:card\" content=\"summary_large_image\" \/>\n<meta name=\"twitter:label1\" content=\"Predpokladan\u00fd \u010das \u010d\u00edtania\" \/>\n\t<meta name=\"twitter:data1\" content=\"1 min\u00fata\" \/>\n<script type=\"application\/ld+json\" class=\"yoast-schema-graph\">{\"@context\":\"https:\\\/\\\/schema.org\",\"@graph\":[{\"@type\":\"WebPage\",\"@id\":\"https:\\\/\\\/www.bea-group.com\\\/sk\\\/kmr-pre-profesionali\\\/\",\"url\":\"https:\\\/\\\/www.bea-group.com\\\/sk\\\/kmr-pre-profesionali\\\/\",\"name\":\"KMR PRE PROFESION\u00c1LI - BeA GmbH\",\"isPartOf\":{\"@id\":\"https:\\\/\\\/www.bea-group.com\\\/sk\\\/#website\"},\"datePublished\":\"2023-11-20T08:56:57+00:00\",\"dateModified\":\"2024-07-04T06:44:21+00:00\",\"description\":\"T\u00e1to hlavn\u00e1 z\u00e1sada je jadrom zna\u010dky a u\u017e desa\u0165ro\u010dia je z\u00e1kladom jej vysokej reput\u00e1cie. - KMR PRE PROFESION\u00c1LI - BeA GmbH\",\"breadcrumb\":{\"@id\":\"https:\\\/\\\/www.bea-group.com\\\/sk\\\/kmr-pre-profesionali\\\/#breadcrumb\"},\"inLanguage\":\"sk-SK\",\"potentialAction\":[{\"@type\":\"ReadAction\",\"target\":[\"https:\\\/\\\/www.bea-group.com\\\/sk\\\/kmr-pre-profesionali\\\/\"]}]},{\"@type\":\"BreadcrumbList\",\"@id\":\"https:\\\/\\\/www.bea-group.com\\\/sk\\\/kmr-pre-profesionali\\\/#breadcrumb\",\"itemListElement\":[{\"@type\":\"ListItem\",\"position\":1,\"name\":\"Startseite\",\"item\":\"https:\\\/\\\/www.bea-group.com\\\/sk\\\/\"},{\"@type\":\"ListItem\",\"position\":2,\"name\":\"KMR PRE PROFESION\u00c1LI\"}]},{\"@type\":\"WebSite\",\"@id\":\"https:\\\/\\\/www.bea-group.com\\\/sk\\\/#website\",\"url\":\"https:\\\/\\\/www.bea-group.com\\\/sk\\\/\",\"name\":\"BeA GmbH\",\"description\":\"FASTENING TECHNOLOGIES FOR FUTURE GENERATIONS\",\"potentialAction\":[{\"@type\":\"SearchAction\",\"target\":{\"@type\":\"EntryPoint\",\"urlTemplate\":\"https:\\\/\\\/www.bea-group.com\\\/sk\\\/?s={search_term_string}\"},\"query-input\":{\"@type\":\"PropertyValueSpecification\",\"valueRequired\":true,\"valueName\":\"search_term_string\"}}],\"inLanguage\":\"sk-SK\"}]}<\/script>\n<!-- \/ Yoast SEO plugin. -->","yoast_head_json":{"title":"KMR PRE PROFESION\u00c1LI - BeA GmbH","description":"T\u00e1to hlavn\u00e1 z\u00e1sada je jadrom zna\u010dky a u\u017e desa\u0165ro\u010dia je z\u00e1kladom jej vysokej reput\u00e1cie. - KMR PRE PROFESION\u00c1LI - BeA GmbH","robots":{"index":"index","follow":"follow","max-snippet":"max-snippet:-1","max-image-preview":"max-image-preview:large","max-video-preview":"max-video-preview:-1"},"canonical":"https:\/\/www.bea-group.com\/sk\/kmr-pre-profesionali\/","og_locale":"sk_SK","og_type":"article","og_title":"KMR PRE PROFESION\u00c1LI - BeA GmbH","og_description":"T\u00e1to hlavn\u00e1 z\u00e1sada je jadrom zna\u010dky a u\u017e desa\u0165ro\u010dia je z\u00e1kladom jej vysokej reput\u00e1cie. - KMR PRE PROFESION\u00c1LI - BeA GmbH","og_url":"https:\/\/www.bea-group.com\/sk\/kmr-pre-profesionali\/","og_site_name":"BeA GmbH","article_modified_time":"2024-07-04T06:44:21+00:00","twitter_card":"summary_large_image","twitter_misc":{"Predpokladan\u00fd \u010das \u010d\u00edtania":"1 min\u00fata"},"schema":{"@context":"https:\/\/schema.org","@graph":[{"@type":"WebPage","@id":"https:\/\/www.bea-group.com\/sk\/kmr-pre-profesionali\/","url":"https:\/\/www.bea-group.com\/sk\/kmr-pre-profesionali\/","name":"KMR PRE PROFESION\u00c1LI - BeA GmbH","isPartOf":{"@id":"https:\/\/www.bea-group.com\/sk\/#website"},"datePublished":"2023-11-20T08:56:57+00:00","dateModified":"2024-07-04T06:44:21+00:00","description":"T\u00e1to hlavn\u00e1 z\u00e1sada je jadrom zna\u010dky a u\u017e desa\u0165ro\u010dia je z\u00e1kladom jej vysokej reput\u00e1cie. - KMR PRE PROFESION\u00c1LI - BeA GmbH","breadcrumb":{"@id":"https:\/\/www.bea-group.com\/sk\/kmr-pre-profesionali\/#breadcrumb"},"inLanguage":"sk-SK","potentialAction":[{"@type":"ReadAction","target":["https:\/\/www.bea-group.com\/sk\/kmr-pre-profesionali\/"]}]},{"@type":"BreadcrumbList","@id":"https:\/\/www.bea-group.com\/sk\/kmr-pre-profesionali\/#breadcrumb","itemListElement":[{"@type":"ListItem","position":1,"name":"Startseite","item":"https:\/\/www.bea-group.com\/sk\/"},{"@type":"ListItem","position":2,"name":"KMR PRE PROFESION\u00c1LI"}]},{"@type":"WebSite","@id":"https:\/\/www.bea-group.com\/sk\/#website","url":"https:\/\/www.bea-group.com\/sk\/","name":"BeA GmbH","description":"FASTENING TECHNOLOGIES FOR FUTURE GENERATIONS","potentialAction":[{"@type":"SearchAction","target":{"@type":"EntryPoint","urlTemplate":"https:\/\/www.bea-group.com\/sk\/?s={search_term_string}"},"query-input":{"@type":"PropertyValueSpecification","valueRequired":true,"valueName":"search_term_string"}}],"inLanguage":"sk-SK"}]}},"_links":{"self":[{"href":"https:\/\/www.bea-group.com\/sk\/wp-json\/wp\/v2\/pages\/58742","targetHints":{"allow":["GET"]}}],"collection":[{"href":"https:\/\/www.bea-group.com\/sk\/wp-json\/wp\/v2\/pages"}],"about":[{"href":"https:\/\/www.bea-group.com\/sk\/wp-json\/wp\/v2\/types\/page"}],"author":[{"embeddable":true,"href":"https:\/\/www.bea-group.com\/sk\/wp-json\/wp\/v2\/users\/3"}],"replies":[{"embeddable":true,"href":"https:\/\/www.bea-group.com\/sk\/wp-json\/wp\/v2\/comments?post=58742"}],"version-history":[{"count":3,"href":"https:\/\/www.bea-group.com\/sk\/wp-json\/wp\/v2\/pages\/58742\/revisions"}],"predecessor-version":[{"id":58949,"href":"https:\/\/www.bea-group.com\/sk\/wp-json\/wp\/v2\/pages\/58742\/revisions\/58949"}],"wp:attachment":[{"href":"https:\/\/www.bea-group.com\/sk\/wp-json\/wp\/v2\/media?parent=58742"}],"curies":[{"name":"wp","href":"https:\/\/api.w.org\/{rel}","templated":true}]}}