{"id":58755,"date":"2023-11-20T10:49:15","date_gmt":"2023-11-20T09:49:15","guid":{"rendered":"https:\/\/www.bea-group.com\/kmr-support\/"},"modified":"2024-07-03T15:47:58","modified_gmt":"2024-07-03T13:47:58","slug":"podpora-kmr","status":"publish","type":"page","link":"https:\/\/www.bea-group.com\/sk\/podpora-kmr\/","title":{"rendered":"Podpora KMR"},"content":{"rendered":"<p>[et_pb_section fb_built=&#8220;1&#8243; _builder_version=&#8220;4.23.1&#8243; _module_preset=&#8220;default&#8220; background_image=&#8220;https:\/\/www.bea-group.com\/wp-content\/uploads\/2023\/11\/kmr-background-images-scaled.jpg&#8220; background_position=&#8220;top_center&#8220; global_colors_info=&#8220;{}&#8220; theme_builder_area=&#8220;post_content&#8220;][et_pb_row module_class=&#8220;dn&#8220; _builder_version=&#8220;4.23.4&#8243; _module_preset=&#8220;default&#8220; global_colors_info=&#8220;{}&#8220; theme_builder_area=&#8220;post_content&#8220;][et_pb_column type=&#8220;4_4&#8243; _builder_version=&#8220;4.23.4&#8243; _module_preset=&#8220;default&#8220; global_colors_info=&#8220;{}&#8220; theme_builder_area=&#8220;post_content&#8220;][et_pb_text _builder_version=&#8220;4.24.0&#8243; _module_preset=&#8220;default&#8220; global_colors_info=&#8220;{}&#8220; theme_builder_area=&#8220;post_content&#8220;]<\/p>\n<h1>KMR SUPPORT<\/h1>\n<p>[\/et_pb_text][\/et_pb_column][\/et_pb_row][et_pb_row column_structure=&#8220;3_4,1_4&#8243; use_custom_gutter=&#8220;on&#8220; _builder_version=&#8220;4.23.1&#8243; _module_preset=&#8220;default&#8220; global_colors_info=&#8220;{}&#8220; theme_builder_area=&#8220;post_content&#8220;][et_pb_column type=&#8220;3_4&#8243; _builder_version=&#8220;4.23.1&#8243; _module_preset=&#8220;default&#8220; global_colors_info=&#8220;{}&#8220; theme_builder_area=&#8220;post_content&#8220;][et_pb_code _builder_version=&#8220;4.24.2&#8243; _module_preset=&#8220;default&#8220; global_colors_info=&#8220;{}&#8220; theme_builder_area=&#8220;post_content&#8220;]<\/p>\n<div class=\"support_box_main\"> <!-- [et_pb_line_break_holder] -->    <\/p>\n<div class=\"support_box_image_col\"> <!-- [et_pb_line_break_holder] -->        <img decoding=\"async\" src=\"\/wp-content\/uploads\/2023\/11\/KMR_Support_Technischer_Support.jpg\"> <!-- [et_pb_line_break_holder] -->    <\/div>\n<p> <!-- [et_pb_line_break_holder] -->    <\/p>\n<div class=\"support_box_text_col\"> <!-- [et_pb_line_break_holder] -->        <\/p>\n<h4>NA\u0160A TECHNICK\u00c1 PODPORA<\/h4>\n<p> <!-- [et_pb_line_break_holder] -->        <pee>M\u00f4\u017eete sa spo\u013eahn\u00fa\u0165 na na\u0161u technick\u00fa podporu pre r\u00fdchle rie\u0161enia a odborn\u00fa pomoc. N\u00e1\u0161 \u0161pecializovan\u00fd t\u00edm je v\u017edy po ruke, aby odpovedal na technick\u00e9 ot\u00e1zky, rie\u0161il probl\u00e9my a zabezpe\u010dil, aby ste z na\u0161ich produktov dostali to najlep\u0161ie.<\/pee> <!-- [et_pb_line_break_holder] -->        <pee><a href=\"mailto:info-sk@bea-group.com\" class=\"wpfb_task_bubble\" data-task_id=\"6\">Nap\u00ed\u0161te e-mail<\/a><!-- [et_pb_line_break_holder] -->        <!\u2013- [et_pb_br_holder] -\u2013><a href=\"tel:0445524262\"><strong>044 \/ 55 24 262<\/strong><\/a><\/pee><!-- [et_pb_line_break_holder] -->    <\/div>\n<p><!-- [et_pb_line_break_holder] --><\/div>\n<p><!-- [et_pb_line_break_holder] -->[\/et_pb_code][et_pb_code _builder_version=&#8220;4.24.2&#8243; _module_preset=&#8220;default&#8220; global_colors_info=&#8220;{}&#8220; theme_builder_area=&#8220;post_content&#8220;]<\/p>\n<div class=\"support_box_main\"><!-- [et_pb_line_break_holder] -->    <\/p>\n<div class=\"support_box_image_col\"> <!-- [et_pb_line_break_holder] -->        <img decoding=\"async\" src=\"\/wp-content\/uploads\/2023\/11\/KMR_Support_Anwendungsberatung.jpg\"> <!-- [et_pb_line_break_holder] -->    <\/div>\n<p> <!-- [et_pb_line_break_holder] -->    <\/p>\n<div class=\"support_box_text_col\"> <!-- [et_pb_line_break_holder] -->        <\/p>\n<h4>NA\u0160E PORADENSTVO PRE APLIK\u00c1CIU PRODUKTOV<\/h4>\n<p> <!-- [et_pb_line_break_holder] -->        <pee>Na\u0161e aplika\u010dn\u00e9 poradenstvo je va\u0161\u00edm odborn\u00fdm zdrojom pre prisp\u00f4soben\u00e9 rie\u0161enia. S hlbok\u00fdm pochopen\u00edm va\u0161ich po\u017eiadaviek sme pripraven\u00ed v\u00e1m poradi\u0165, aby ste zabezpe\u010dili \u010do najlep\u0161ie vyu\u017eitie na\u0161ich produktov vo va\u0161ej konkr\u00e9tnej aplik\u00e1cii.<\/pee> <!-- [et_pb_line_break_holder] -->        <pee><a href=\"mailto:info-sk@bea-group.com\" class=\"wpfb_task_bubble\" data-task_id=\"6\">Nap\u00ed\u0161te e-mail<\/a><!-- [et_pb_line_break_holder] -->        <!\u2013- [et_pb_br_holder] -\u2013><a href=\"tel:0445524262\"><strong>044 \/ 55 24 262<\/strong><\/a><\/pee><!-- [et_pb_line_break_holder] -->    <\/div>\n<p> <!-- [et_pb_line_break_holder] --><\/div>\n<p>[\/et_pb_code][et_pb_code _builder_version=&#8220;4.24.2&#8243; _module_preset=&#8220;default&#8220; global_colors_info=&#8220;{}&#8220; theme_builder_area=&#8220;post_content&#8220;]<\/p>\n<div class=\"support_box_main\"> <!-- [et_pb_line_break_holder] -->    <\/p>\n<div class=\"support_box_image_col\"> <!-- [et_pb_line_break_holder] -->        <img decoding=\"async\" src=\"\/wp-content\/uploads\/2023\/11\/KMR_Support_Vertrieb.jpg\"> <!-- [et_pb_line_break_holder] -->    <\/div>\n<p> <!-- [et_pb_line_break_holder] -->    <\/p>\n<div class=\"support_box_text_col\"> <!-- [et_pb_line_break_holder] -->        <\/p>\n<h4>NA\u0160A DISTRIB\u00daCIA<\/h4>\n<p> <!-- [et_pb_line_break_holder] -->        <pee>N\u00e1\u0161 predajn\u00fd t\u00edm je va\u0161\u00edm k\u013e\u00fa\u010dov\u00fdm zdrojom \u00faspe\u0161n\u00e9ho partnerstva. S odbornos\u0165ou, odhodlan\u00edm a jasn\u00fdm zameran\u00edm na va\u0161e potreby sme pripraven\u00ed poskytn\u00fa\u0165 rie\u0161enia na mieru.<\/pee> <!-- [et_pb_line_break_holder] -->        <pee><a href=\"mailto:info-sk@bea-group.com\" class=\"wpfb_task_bubble\" data-task_id=\"6\">Nap\u00ed\u0161te e-mail<\/a><!-- [et_pb_line_break_holder] -->        <!\u2013- [et_pb_br_holder] -\u2013><a href=\"tel:0445524262\"><strong>044 \/ 55 24 262<\/strong><\/a><\/pee><!-- [et_pb_line_break_holder] -->    <\/div>\n<p> <!-- [et_pb_line_break_holder] --><\/div>\n<p>[\/et_pb_code][et_pb_code disabled_on=&#8220;on|on|on&#8220; _builder_version=&#8220;4.24.0&#8243; _module_preset=&#8220;default&#8220; disabled=&#8220;on&#8220; global_colors_info=&#8220;{}&#8220; theme_builder_area=&#8220;post_content&#8220;]<\/p>\n<div class=\"support_box_main\"> <!-- [et_pb_line_break_holder] -->    <\/p>\n<div class=\"support_box_image_col\"> <!-- [et_pb_line_break_holder] -->        <img decoding=\"async\" src=\"\/wp-content\/uploads\/2023\/11\/BERECHNUNGSSERVICE-images.jpg\"> <!-- [et_pb_line_break_holder] -->    <\/div>\n<p> <!-- [et_pb_line_break_holder] -->    <\/p>\n<div class=\"support_box_text_col\"> <!-- [et_pb_line_break_holder] -->        <\/p>\n<h4>OUR CALCULATION SERVICE<\/h4>\n<p> <!-- [et_pb_line_break_holder] -->        <pee>If you have any questions about our calculation services, are looking for customised solutions or would simply like to find out more about our innovative services, please do not hesitate to contact us.<\/pee> <!-- [et_pb_line_break_holder] -->        <pee><a href=\"mailto:info@bea-group.com\" class=\"wpfb_task_bubble\" data-task_id=\"12\">Write an email<\/a><!-- [et_pb_line_break_holder] -->        <!\u2013- [et_pb_br_holder] -\u2013><a href=\"tel:+ 49410278383\">04102 78 383<\/a><!-- [et_pb_line_break_holder] -->        <\/pee> <!-- [et_pb_line_break_holder] -->    <\/div>\n<p> <!-- [et_pb_line_break_holder] --><\/div>\n<p>[\/et_pb_code][\/et_pb_column][et_pb_column type=&#8220;1_4&#8243; _builder_version=&#8220;4.23.1&#8243; _module_preset=&#8220;default&#8220; global_colors_info=&#8220;{}&#8220; theme_builder_area=&#8220;post_content&#8220;][et_pb_code module_class=&#8220;support_sidebar_boxes white_text&#8220; _builder_version=&#8220;4.24.2&#8243; _module_preset=&#8220;default&#8220; global_colors_info=&#8220;{}&#8220; theme_builder_area=&#8220;post_content&#8220;]<\/p>\n<h2>Z\u00c1KAZN\u00cdCKY <br class=\"dn_b980\">SERVIS<\/h2>\n<p><!-- [et_pb_line_break_holder] --><\/p>\n<h4>044 \/ 55 24 262<\/h4>\n<p><!-- [et_pb_line_break_holder] --><pee>Na\u0161e centrum slu\u017eieb z\u00e1kazn\u00edkom je viac ne\u017e len hor\u00faca linka \u2013 je to va\u0161e priame prepojenie na prvotriedne slu\u017eby. V\u010faka odborn\u00fdm znalostiam a odhodlaniu sme v\u00e1m k dispoz\u00edcii, aby sme efekt\u00edvne vyrie\u0161ili va\u0161e probl\u00e9my.<\/pee><!-- [et_pb_line_break_holder] --><!-- [et_pb_line_break_holder] --><\/p>\n<h2>PRIAMA <br class=\"dn_b980\">HOR\u00daCA <br class=\"dn_b980\">LINKA<\/h2>\n<p><!-- [et_pb_line_break_holder] --><\/p>\n<h4>044 \/ 55 24 262<\/h4>\n<p><!-- [et_pb_line_break_holder] --><pee>Easy Way Hotline je va\u0161ou priamou linkou k priamym rie\u0161eniam. \u010ci u\u017e m\u00e1te ot\u00e1zky, potrebujete podporu alebo probl\u00e9my, ktor\u00e9 treba vyrie\u0161i\u0165 \u2013 sme tu, aby sme v\u00e1m pon\u00fakli najjednoduch\u0161ie rie\u0161enia.<\/pee>[\/et_pb_code][\/et_pb_column][\/et_pb_row][\/et_pb_section]<\/p>\n","protected":false},"excerpt":{"rendered":"<p>KMR SUPPORT<\/p>\n","protected":false},"author":3,"featured_media":0,"parent":0,"menu_order":0,"comment_status":"closed","ping_status":"closed","template":"","meta":{"_et_pb_use_builder":"on","_et_pb_old_content":"","_et_gb_content_width":"","footnotes":""},"class_list":["post-58755","page","type-page","status-publish","hentry"],"yoast_head":"<!-- This site is optimized with the Yoast SEO plugin v27.5 - https:\/\/yoast.com\/product\/yoast-seo-wordpress\/ -->\n<title>Podpora KMR - BeA GmbH<\/title>\n<meta name=\"description\" content=\"Pokia\u013e ide o r\u00fdchle rie\u0161enia a kompetentn\u00fa pomoc, m\u00f4\u017eete sa spo\u013eahn\u00fa\u0165 na na\u0161u technick\u00fa podporu. - Podpora KMR - BeA GmbH\" \/>\n<meta name=\"robots\" content=\"index, follow, max-snippet:-1, max-image-preview:large, max-video-preview:-1\" \/>\n<link rel=\"canonical\" href=\"https:\/\/www.bea-group.com\/sk\/podpora-kmr\/\" \/>\n<meta property=\"og:locale\" content=\"sk_SK\" \/>\n<meta property=\"og:type\" content=\"article\" \/>\n<meta property=\"og:title\" content=\"Podpora KMR - BeA GmbH\" \/>\n<meta property=\"og:description\" content=\"Pokia\u013e ide o r\u00fdchle rie\u0161enia a kompetentn\u00fa pomoc, m\u00f4\u017eete sa spo\u013eahn\u00fa\u0165 na na\u0161u technick\u00fa podporu. - Podpora KMR - BeA GmbH\" \/>\n<meta property=\"og:url\" content=\"https:\/\/www.bea-group.com\/sk\/podpora-kmr\/\" \/>\n<meta property=\"og:site_name\" content=\"BeA GmbH\" \/>\n<meta property=\"article:modified_time\" content=\"2024-07-03T13:47:58+00:00\" \/>\n<meta name=\"twitter:card\" content=\"summary_large_image\" \/>\n<meta name=\"twitter:label1\" content=\"Predpokladan\u00fd \u010das \u010d\u00edtania\" \/>\n\t<meta name=\"twitter:data1\" content=\"2 min\u00faty\" \/>\n<script type=\"application\/ld+json\" class=\"yoast-schema-graph\">{\"@context\":\"https:\\\/\\\/schema.org\",\"@graph\":[{\"@type\":\"WebPage\",\"@id\":\"https:\\\/\\\/www.bea-group.com\\\/sk\\\/podpora-kmr\\\/\",\"url\":\"https:\\\/\\\/www.bea-group.com\\\/sk\\\/podpora-kmr\\\/\",\"name\":\"Podpora KMR - BeA GmbH\",\"isPartOf\":{\"@id\":\"https:\\\/\\\/www.bea-group.com\\\/sk\\\/#website\"},\"datePublished\":\"2023-11-20T09:49:15+00:00\",\"dateModified\":\"2024-07-03T13:47:58+00:00\",\"description\":\"Pokia\u013e ide o r\u00fdchle rie\u0161enia a kompetentn\u00fa pomoc, m\u00f4\u017eete sa spo\u013eahn\u00fa\u0165 na na\u0161u technick\u00fa podporu. - Podpora KMR - BeA GmbH\",\"breadcrumb\":{\"@id\":\"https:\\\/\\\/www.bea-group.com\\\/sk\\\/podpora-kmr\\\/#breadcrumb\"},\"inLanguage\":\"sk-SK\",\"potentialAction\":[{\"@type\":\"ReadAction\",\"target\":[\"https:\\\/\\\/www.bea-group.com\\\/sk\\\/podpora-kmr\\\/\"]}]},{\"@type\":\"BreadcrumbList\",\"@id\":\"https:\\\/\\\/www.bea-group.com\\\/sk\\\/podpora-kmr\\\/#breadcrumb\",\"itemListElement\":[{\"@type\":\"ListItem\",\"position\":1,\"name\":\"Startseite\",\"item\":\"https:\\\/\\\/www.bea-group.com\\\/sk\\\/\"},{\"@type\":\"ListItem\",\"position\":2,\"name\":\"Podpora KMR\"}]},{\"@type\":\"WebSite\",\"@id\":\"https:\\\/\\\/www.bea-group.com\\\/sk\\\/#website\",\"url\":\"https:\\\/\\\/www.bea-group.com\\\/sk\\\/\",\"name\":\"BeA GmbH\",\"description\":\"FASTENING TECHNOLOGIES FOR FUTURE GENERATIONS\",\"potentialAction\":[{\"@type\":\"SearchAction\",\"target\":{\"@type\":\"EntryPoint\",\"urlTemplate\":\"https:\\\/\\\/www.bea-group.com\\\/sk\\\/?s={search_term_string}\"},\"query-input\":{\"@type\":\"PropertyValueSpecification\",\"valueRequired\":true,\"valueName\":\"search_term_string\"}}],\"inLanguage\":\"sk-SK\"}]}<\/script>\n<!-- \/ Yoast SEO plugin. -->","yoast_head_json":{"title":"Podpora KMR - BeA GmbH","description":"Pokia\u013e ide o r\u00fdchle rie\u0161enia a kompetentn\u00fa pomoc, m\u00f4\u017eete sa spo\u013eahn\u00fa\u0165 na na\u0161u technick\u00fa podporu. - Podpora KMR - BeA GmbH","robots":{"index":"index","follow":"follow","max-snippet":"max-snippet:-1","max-image-preview":"max-image-preview:large","max-video-preview":"max-video-preview:-1"},"canonical":"https:\/\/www.bea-group.com\/sk\/podpora-kmr\/","og_locale":"sk_SK","og_type":"article","og_title":"Podpora KMR - BeA GmbH","og_description":"Pokia\u013e ide o r\u00fdchle rie\u0161enia a kompetentn\u00fa pomoc, m\u00f4\u017eete sa spo\u013eahn\u00fa\u0165 na na\u0161u technick\u00fa podporu. - Podpora KMR - BeA GmbH","og_url":"https:\/\/www.bea-group.com\/sk\/podpora-kmr\/","og_site_name":"BeA GmbH","article_modified_time":"2024-07-03T13:47:58+00:00","twitter_card":"summary_large_image","twitter_misc":{"Predpokladan\u00fd \u010das \u010d\u00edtania":"2 min\u00faty"},"schema":{"@context":"https:\/\/schema.org","@graph":[{"@type":"WebPage","@id":"https:\/\/www.bea-group.com\/sk\/podpora-kmr\/","url":"https:\/\/www.bea-group.com\/sk\/podpora-kmr\/","name":"Podpora KMR - BeA GmbH","isPartOf":{"@id":"https:\/\/www.bea-group.com\/sk\/#website"},"datePublished":"2023-11-20T09:49:15+00:00","dateModified":"2024-07-03T13:47:58+00:00","description":"Pokia\u013e ide o r\u00fdchle rie\u0161enia a kompetentn\u00fa pomoc, m\u00f4\u017eete sa spo\u013eahn\u00fa\u0165 na na\u0161u technick\u00fa podporu. - Podpora KMR - BeA GmbH","breadcrumb":{"@id":"https:\/\/www.bea-group.com\/sk\/podpora-kmr\/#breadcrumb"},"inLanguage":"sk-SK","potentialAction":[{"@type":"ReadAction","target":["https:\/\/www.bea-group.com\/sk\/podpora-kmr\/"]}]},{"@type":"BreadcrumbList","@id":"https:\/\/www.bea-group.com\/sk\/podpora-kmr\/#breadcrumb","itemListElement":[{"@type":"ListItem","position":1,"name":"Startseite","item":"https:\/\/www.bea-group.com\/sk\/"},{"@type":"ListItem","position":2,"name":"Podpora KMR"}]},{"@type":"WebSite","@id":"https:\/\/www.bea-group.com\/sk\/#website","url":"https:\/\/www.bea-group.com\/sk\/","name":"BeA GmbH","description":"FASTENING TECHNOLOGIES FOR FUTURE GENERATIONS","potentialAction":[{"@type":"SearchAction","target":{"@type":"EntryPoint","urlTemplate":"https:\/\/www.bea-group.com\/sk\/?s={search_term_string}"},"query-input":{"@type":"PropertyValueSpecification","valueRequired":true,"valueName":"search_term_string"}}],"inLanguage":"sk-SK"}]}},"_links":{"self":[{"href":"https:\/\/www.bea-group.com\/sk\/wp-json\/wp\/v2\/pages\/58755","targetHints":{"allow":["GET"]}}],"collection":[{"href":"https:\/\/www.bea-group.com\/sk\/wp-json\/wp\/v2\/pages"}],"about":[{"href":"https:\/\/www.bea-group.com\/sk\/wp-json\/wp\/v2\/types\/page"}],"author":[{"embeddable":true,"href":"https:\/\/www.bea-group.com\/sk\/wp-json\/wp\/v2\/users\/3"}],"replies":[{"embeddable":true,"href":"https:\/\/www.bea-group.com\/sk\/wp-json\/wp\/v2\/comments?post=58755"}],"version-history":[{"count":2,"href":"https:\/\/www.bea-group.com\/sk\/wp-json\/wp\/v2\/pages\/58755\/revisions"}],"predecessor-version":[{"id":58759,"href":"https:\/\/www.bea-group.com\/sk\/wp-json\/wp\/v2\/pages\/58755\/revisions\/58759"}],"wp:attachment":[{"href":"https:\/\/www.bea-group.com\/sk\/wp-json\/wp\/v2\/media?parent=58755"}],"curies":[{"name":"wp","href":"https:\/\/api.w.org\/{rel}","templated":true}]}}