{"id":58816,"date":"2024-01-24T09:46:32","date_gmt":"2024-01-24T08:46:32","guid":{"rendered":"https:\/\/www.bea-group.com\/norwegen\/"},"modified":"2024-07-04T07:05:27","modified_gmt":"2024-07-04T05:05:27","slug":"norsko","status":"publish","type":"page","link":"https:\/\/www.bea-group.com\/sk\/norsko\/","title":{"rendered":"N\u00f3rsko"},"content":{"rendered":"<p>[et_pb_section fb_built=&#8220;1&#8243; module_class=&#8220;impress_page h1-class h1&#8243; _builder_version=&#8220;4.23.1&#8243; use_background_color_gradient=&#8220;on&#8220; background_color_gradient_stops=&#8220;rgba(0,26,43,0.8) 0%|rgba(0,26,43,0.8) 100%&#8220; background_color_gradient_overlays_image=&#8220;on&#8220; background_color_gradient_start=&#8220;rgba(0,0,0,0.5)&#8220; background_color_gradient_end=&#8220;rgba(0,0,0,0.5)&#8220; background_image=&#8220;https:\/\/www.bea-group.com\/wp-content\/uploads\/2023\/11\/secondary_header_company.jpg&#8220; background_position=&#8220;top_center&#8220; vertical_offset_tablet=&#8220;0&#8243; horizontal_offset_tablet=&#8220;0&#8243; box_shadow_horizontal_tablet=&#8220;0px&#8220; box_shadow_vertical_tablet=&#8220;0px&#8220; box_shadow_blur_tablet=&#8220;40px&#8220; box_shadow_spread_tablet=&#8220;0px&#8220; global_colors_info=&#8220;{}&#8220;][\/et_pb_section][et_pb_section fb_built=&#8220;1&#8243; module_class=&#8220;impress_page&#8220; _builder_version=&#8220;4.23.1&#8243; vertical_offset_tablet=&#8220;0&#8243; horizontal_offset_tablet=&#8220;0&#8243; box_shadow_horizontal_tablet=&#8220;0px&#8220; box_shadow_vertical_tablet=&#8220;0px&#8220; box_shadow_blur_tablet=&#8220;40px&#8220; box_shadow_spread_tablet=&#8220;0px&#8220; global_colors_info=&#8220;{}&#8220;][et_pb_row _builder_version=&#8220;4.23.1&#8243; vertical_offset_tablet=&#8220;0&#8243; horizontal_offset_tablet=&#8220;0&#8243; z_index_tablet=&#8220;0&#8243; box_shadow_horizontal_tablet=&#8220;0px&#8220; box_shadow_vertical_tablet=&#8220;0px&#8220; box_shadow_blur_tablet=&#8220;40px&#8220; box_shadow_spread_tablet=&#8220;0px&#8220; global_colors_info=&#8220;{}&#8220;][et_pb_column type=&#8220;4_4&#8243; _builder_version=&#8220;4.16&#8243; custom_padding=&#8220;|||&#8220; global_colors_info=&#8220;{}&#8220; custom_padding__hover=&#8220;|||&#8220;][et_pb_text _builder_version=&#8220;4.26.0&#8243; text_line_height=&#8220;1.6em&#8220; header_font=&#8220;|600|||||||&#8220; header_2_font=&#8220;|600|||||||&#8220; header_2_font_size=&#8220;21px&#8220; vertical_offset_tablet=&#8220;0&#8243; horizontal_offset_tablet=&#8220;0&#8243; z_index_tablet=&#8220;0&#8243; text_text_shadow_horizontal_length_tablet=&#8220;0px&#8220; text_text_shadow_vertical_length_tablet=&#8220;0px&#8220; text_text_shadow_blur_strength_tablet=&#8220;1px&#8220; link_text_shadow_horizontal_length_tablet=&#8220;0px&#8220; link_text_shadow_vertical_length_tablet=&#8220;0px&#8220; link_text_shadow_blur_strength_tablet=&#8220;1px&#8220; ul_text_shadow_horizontal_length_tablet=&#8220;0px&#8220; ul_text_shadow_vertical_length_tablet=&#8220;0px&#8220; ul_text_shadow_blur_strength_tablet=&#8220;1px&#8220; ol_text_shadow_horizontal_length_tablet=&#8220;0px&#8220; ol_text_shadow_vertical_length_tablet=&#8220;0px&#8220; ol_text_shadow_blur_strength_tablet=&#8220;1px&#8220; quote_text_shadow_horizontal_length_tablet=&#8220;0px&#8220; quote_text_shadow_vertical_length_tablet=&#8220;0px&#8220; quote_text_shadow_blur_strength_tablet=&#8220;1px&#8220; header_text_shadow_horizontal_length_tablet=&#8220;0px&#8220; header_text_shadow_vertical_length_tablet=&#8220;0px&#8220; header_text_shadow_blur_strength_tablet=&#8220;1px&#8220; header_2_text_shadow_horizontal_length_tablet=&#8220;0px&#8220; header_2_text_shadow_vertical_length_tablet=&#8220;0px&#8220; header_2_text_shadow_blur_strength_tablet=&#8220;1px&#8220; header_3_text_shadow_horizontal_length_tablet=&#8220;0px&#8220; header_3_text_shadow_vertical_length_tablet=&#8220;0px&#8220; header_3_text_shadow_blur_strength_tablet=&#8220;1px&#8220; header_4_text_shadow_horizontal_length_tablet=&#8220;0px&#8220; header_4_text_shadow_vertical_length_tablet=&#8220;0px&#8220; header_4_text_shadow_blur_strength_tablet=&#8220;1px&#8220; header_5_text_shadow_horizontal_length_tablet=&#8220;0px&#8220; header_5_text_shadow_vertical_length_tablet=&#8220;0px&#8220; header_5_text_shadow_blur_strength_tablet=&#8220;1px&#8220; header_6_text_shadow_horizontal_length_tablet=&#8220;0px&#8220; header_6_text_shadow_vertical_length_tablet=&#8220;0px&#8220; header_6_text_shadow_blur_strength_tablet=&#8220;1px&#8220; box_shadow_horizontal_tablet=&#8220;0px&#8220; box_shadow_vertical_tablet=&#8220;0px&#8220; box_shadow_blur_tablet=&#8220;40px&#8220; box_shadow_spread_tablet=&#8220;0px&#8220; global_colors_info=&#8220;{}&#8220;]<\/p>\n<h1>BeA Norge AS<\/h1>\n<p>Dagligleder Pernille Skov Pasler<br \/>MVA nr. NO 937 414 552<\/p>\n<p>BeA Norge AS<br \/>c\/o NBS Logistik<br \/>Torvuttaket 22<br \/>1540 Vestby<\/p>\n<p>Tlf. <a href=\"tel:+4543526565\">+45 43 52 65 65<\/a><br \/>E-mail : <a href=\"mailto:info-no@bea-group.com\">info-no@BeA-group.com<\/a><\/p>\n<p>[\/et_pb_text][\/et_pb_column][\/et_pb_row][\/et_pb_section]<\/p>\n","protected":false},"excerpt":{"rendered":"<p>BeA Norge AS Dagligleder Pernille Skov PaslerMVA nr. NO 937 414 552 BeA Norge ASc\/o NBS LogistikTorvuttaket 221540 Vestby Tlf. +45 43 52 65 65E-mail : info-no@BeA-group.com<\/p>\n","protected":false},"author":3,"featured_media":0,"parent":0,"menu_order":0,"comment_status":"closed","ping_status":"closed","template":"","meta":{"_et_pb_use_builder":"on","_et_pb_old_content":"","_et_gb_content_width":"","footnotes":""},"class_list":["post-58816","page","type-page","status-publish","hentry"],"yoast_head":"<!-- This site is optimized with the Yoast SEO plugin v27.2 - https:\/\/yoast.com\/product\/yoast-seo-wordpress\/ -->\n<title>N\u00f3rsko - BeA GmbH<\/title>\n<meta name=\"description\" content=\"Spolo\u010dnos\u0165 BeA GmbH venuje ve\u013ek\u00fa pozornos\u0165 zostavovaniu obsahu tejto webovej str\u00e1nky a zabezpe\u010duje jeho pravideln\u00fa aktualiz\u00e1ciu.\" \/>\n<meta name=\"robots\" content=\"index, follow, max-snippet:-1, max-image-preview:large, max-video-preview:-1\" \/>\n<link rel=\"canonical\" href=\"https:\/\/www.bea-group.com\/sk\/norsko\/\" \/>\n<meta property=\"og:locale\" content=\"sk_SK\" \/>\n<meta property=\"og:type\" content=\"article\" \/>\n<meta property=\"og:title\" content=\"N\u00f3rsko - BeA GmbH\" \/>\n<meta property=\"og:description\" content=\"Spolo\u010dnos\u0165 BeA GmbH venuje ve\u013ek\u00fa pozornos\u0165 zostavovaniu obsahu tejto webovej str\u00e1nky a zabezpe\u010duje jeho pravideln\u00fa aktualiz\u00e1ciu.\" \/>\n<meta property=\"og:url\" content=\"https:\/\/www.bea-group.com\/sk\/norsko\/\" \/>\n<meta property=\"og:site_name\" content=\"BeA GmbH\" \/>\n<meta property=\"article:modified_time\" content=\"2024-07-04T05:05:27+00:00\" \/>\n<meta name=\"twitter:card\" content=\"summary_large_image\" \/>\n<meta name=\"twitter:label1\" content=\"Predpokladan\u00fd \u010das \u010d\u00edtania\" \/>\n\t<meta name=\"twitter:data1\" content=\"1 min\u00fata\" \/>\n<script type=\"application\/ld+json\" class=\"yoast-schema-graph\">{\"@context\":\"https:\/\/schema.org\",\"@graph\":[{\"@type\":\"WebPage\",\"@id\":\"https:\/\/www.bea-group.com\/sk\/norsko\/\",\"url\":\"https:\/\/www.bea-group.com\/sk\/norsko\/\",\"name\":\"N\u00f3rsko - BeA GmbH\",\"isPartOf\":{\"@id\":\"https:\/\/www.bea-group.com\/sk\/#website\"},\"datePublished\":\"2024-01-24T08:46:32+00:00\",\"dateModified\":\"2024-07-04T05:05:27+00:00\",\"description\":\"Spolo\u010dnos\u0165 BeA GmbH venuje ve\u013ek\u00fa pozornos\u0165 zostavovaniu obsahu tejto webovej str\u00e1nky a zabezpe\u010duje jeho pravideln\u00fa aktualiz\u00e1ciu.\",\"breadcrumb\":{\"@id\":\"https:\/\/www.bea-group.com\/sk\/norsko\/#breadcrumb\"},\"inLanguage\":\"sk-SK\",\"potentialAction\":[{\"@type\":\"ReadAction\",\"target\":[\"https:\/\/www.bea-group.com\/sk\/norsko\/\"]}]},{\"@type\":\"BreadcrumbList\",\"@id\":\"https:\/\/www.bea-group.com\/sk\/norsko\/#breadcrumb\",\"itemListElement\":[{\"@type\":\"ListItem\",\"position\":1,\"name\":\"Startseite\",\"item\":\"https:\/\/www.bea-group.com\/sk\/\"},{\"@type\":\"ListItem\",\"position\":2,\"name\":\"N\u00f3rsko\"}]},{\"@type\":\"WebSite\",\"@id\":\"https:\/\/www.bea-group.com\/sk\/#website\",\"url\":\"https:\/\/www.bea-group.com\/sk\/\",\"name\":\"BeA GmbH\",\"description\":\"FASTENING TECHNOLOGIES FOR FUTURE GENERATIONS\",\"potentialAction\":[{\"@type\":\"SearchAction\",\"target\":{\"@type\":\"EntryPoint\",\"urlTemplate\":\"https:\/\/www.bea-group.com\/sk\/?s={search_term_string}\"},\"query-input\":{\"@type\":\"PropertyValueSpecification\",\"valueRequired\":true,\"valueName\":\"search_term_string\"}}],\"inLanguage\":\"sk-SK\"}]}<\/script>\n<!-- \/ Yoast SEO plugin. -->","yoast_head_json":{"title":"N\u00f3rsko - BeA GmbH","description":"Spolo\u010dnos\u0165 BeA GmbH venuje ve\u013ek\u00fa pozornos\u0165 zostavovaniu obsahu tejto webovej str\u00e1nky a zabezpe\u010duje jeho pravideln\u00fa aktualiz\u00e1ciu.","robots":{"index":"index","follow":"follow","max-snippet":"max-snippet:-1","max-image-preview":"max-image-preview:large","max-video-preview":"max-video-preview:-1"},"canonical":"https:\/\/www.bea-group.com\/sk\/norsko\/","og_locale":"sk_SK","og_type":"article","og_title":"N\u00f3rsko - BeA GmbH","og_description":"Spolo\u010dnos\u0165 BeA GmbH venuje ve\u013ek\u00fa pozornos\u0165 zostavovaniu obsahu tejto webovej str\u00e1nky a zabezpe\u010duje jeho pravideln\u00fa aktualiz\u00e1ciu.","og_url":"https:\/\/www.bea-group.com\/sk\/norsko\/","og_site_name":"BeA GmbH","article_modified_time":"2024-07-04T05:05:27+00:00","twitter_card":"summary_large_image","twitter_misc":{"Predpokladan\u00fd \u010das \u010d\u00edtania":"1 min\u00fata"},"schema":{"@context":"https:\/\/schema.org","@graph":[{"@type":"WebPage","@id":"https:\/\/www.bea-group.com\/sk\/norsko\/","url":"https:\/\/www.bea-group.com\/sk\/norsko\/","name":"N\u00f3rsko - BeA GmbH","isPartOf":{"@id":"https:\/\/www.bea-group.com\/sk\/#website"},"datePublished":"2024-01-24T08:46:32+00:00","dateModified":"2024-07-04T05:05:27+00:00","description":"Spolo\u010dnos\u0165 BeA GmbH venuje ve\u013ek\u00fa pozornos\u0165 zostavovaniu obsahu tejto webovej str\u00e1nky a zabezpe\u010duje jeho pravideln\u00fa aktualiz\u00e1ciu.","breadcrumb":{"@id":"https:\/\/www.bea-group.com\/sk\/norsko\/#breadcrumb"},"inLanguage":"sk-SK","potentialAction":[{"@type":"ReadAction","target":["https:\/\/www.bea-group.com\/sk\/norsko\/"]}]},{"@type":"BreadcrumbList","@id":"https:\/\/www.bea-group.com\/sk\/norsko\/#breadcrumb","itemListElement":[{"@type":"ListItem","position":1,"name":"Startseite","item":"https:\/\/www.bea-group.com\/sk\/"},{"@type":"ListItem","position":2,"name":"N\u00f3rsko"}]},{"@type":"WebSite","@id":"https:\/\/www.bea-group.com\/sk\/#website","url":"https:\/\/www.bea-group.com\/sk\/","name":"BeA GmbH","description":"FASTENING TECHNOLOGIES FOR FUTURE GENERATIONS","potentialAction":[{"@type":"SearchAction","target":{"@type":"EntryPoint","urlTemplate":"https:\/\/www.bea-group.com\/sk\/?s={search_term_string}"},"query-input":{"@type":"PropertyValueSpecification","valueRequired":true,"valueName":"search_term_string"}}],"inLanguage":"sk-SK"}]}},"_links":{"self":[{"href":"https:\/\/www.bea-group.com\/sk\/wp-json\/wp\/v2\/pages\/58816","targetHints":{"allow":["GET"]}}],"collection":[{"href":"https:\/\/www.bea-group.com\/sk\/wp-json\/wp\/v2\/pages"}],"about":[{"href":"https:\/\/www.bea-group.com\/sk\/wp-json\/wp\/v2\/types\/page"}],"author":[{"embeddable":true,"href":"https:\/\/www.bea-group.com\/sk\/wp-json\/wp\/v2\/users\/3"}],"replies":[{"embeddable":true,"href":"https:\/\/www.bea-group.com\/sk\/wp-json\/wp\/v2\/comments?post=58816"}],"version-history":[{"count":3,"href":"https:\/\/www.bea-group.com\/sk\/wp-json\/wp\/v2\/pages\/58816\/revisions"}],"predecessor-version":[{"id":58823,"href":"https:\/\/www.bea-group.com\/sk\/wp-json\/wp\/v2\/pages\/58816\/revisions\/58823"}],"wp:attachment":[{"href":"https:\/\/www.bea-group.com\/sk\/wp-json\/wp\/v2\/media?parent=58816"}],"curies":[{"name":"wp","href":"https:\/\/api.w.org\/{rel}","templated":true}]}}