{"id":58853,"date":"2019-07-23T21:11:49","date_gmt":"2019-07-23T19:11:49","guid":{"rendered":"https:\/\/www.bea-group.com\/impressum\/"},"modified":"2026-02-18T08:48:43","modified_gmt":"2026-02-18T07:48:43","slug":"imprint","status":"publish","type":"page","link":"https:\/\/www.bea-group.com\/sk\/imprint\/","title":{"rendered":"Imprint"},"content":{"rendered":"<p>[et_pb_section fb_built=&#8220;1&#8243; module_class=&#8220;impress_page h1-class h1&#8243; _builder_version=&#8220;4.23.1&#8243; use_background_color_gradient=&#8220;on&#8220; background_color_gradient_stops=&#8220;rgba(0,26,43,0.8) 0%|rgba(0,26,43,0.8) 100%&#8220; background_color_gradient_overlays_image=&#8220;on&#8220; background_color_gradient_start=&#8220;rgba(0,0,0,0.5)&#8220; background_color_gradient_end=&#8220;rgba(0,0,0,0.5)&#8220; background_image=&#8220;https:\/\/www.bea-group.com\/wp-content\/uploads\/2023\/11\/secondary_header_company.jpg&#8220; background_position=&#8220;top_center&#8220; vertical_offset_tablet=&#8220;0&#8243; horizontal_offset_tablet=&#8220;0&#8243; box_shadow_horizontal_tablet=&#8220;0px&#8220; box_shadow_vertical_tablet=&#8220;0px&#8220; box_shadow_blur_tablet=&#8220;40px&#8220; box_shadow_spread_tablet=&#8220;0px&#8220; global_colors_info=&#8220;{}&#8220;][\/et_pb_section][et_pb_section fb_built=&#8220;1&#8243; module_class=&#8220;impress_page&#8220; _builder_version=&#8220;4.23.1&#8243; vertical_offset_tablet=&#8220;0&#8243; horizontal_offset_tablet=&#8220;0&#8243; box_shadow_horizontal_tablet=&#8220;0px&#8220; box_shadow_vertical_tablet=&#8220;0px&#8220; box_shadow_blur_tablet=&#8220;40px&#8220; box_shadow_spread_tablet=&#8220;0px&#8220; global_colors_info=&#8220;{}&#8220;][et_pb_row _builder_version=&#8220;4.23.1&#8243; vertical_offset_tablet=&#8220;0&#8243; horizontal_offset_tablet=&#8220;0&#8243; z_index_tablet=&#8220;0&#8243; box_shadow_horizontal_tablet=&#8220;0px&#8220; box_shadow_vertical_tablet=&#8220;0px&#8220; box_shadow_blur_tablet=&#8220;40px&#8220; box_shadow_spread_tablet=&#8220;0px&#8220; global_colors_info=&#8220;{}&#8220;][et_pb_column type=&#8220;4_4&#8243; _builder_version=&#8220;4.16&#8243; custom_padding=&#8220;|||&#8220; global_colors_info=&#8220;{}&#8220; custom_padding__hover=&#8220;|||&#8220;][et_pb_text _builder_version=&#8220;4.27.5&#8243; text_line_height=&#8220;1.6em&#8220; header_font=&#8220;|600|||||||&#8220; header_2_font=&#8220;|600|||||||&#8220; header_2_font_size=&#8220;21px&#8220; vertical_offset_tablet=&#8220;0&#8243; horizontal_offset_tablet=&#8220;0&#8243; hover_enabled=&#8220;0&#8243; z_index_tablet=&#8220;0&#8243; text_text_shadow_horizontal_length_tablet=&#8220;0px&#8220; text_text_shadow_vertical_length_tablet=&#8220;0px&#8220; text_text_shadow_blur_strength_tablet=&#8220;1px&#8220; link_text_shadow_horizontal_length_tablet=&#8220;0px&#8220; link_text_shadow_vertical_length_tablet=&#8220;0px&#8220; link_text_shadow_blur_strength_tablet=&#8220;1px&#8220; ul_text_shadow_horizontal_length_tablet=&#8220;0px&#8220; ul_text_shadow_vertical_length_tablet=&#8220;0px&#8220; ul_text_shadow_blur_strength_tablet=&#8220;1px&#8220; ol_text_shadow_horizontal_length_tablet=&#8220;0px&#8220; ol_text_shadow_vertical_length_tablet=&#8220;0px&#8220; ol_text_shadow_blur_strength_tablet=&#8220;1px&#8220; quote_text_shadow_horizontal_length_tablet=&#8220;0px&#8220; quote_text_shadow_vertical_length_tablet=&#8220;0px&#8220; quote_text_shadow_blur_strength_tablet=&#8220;1px&#8220; header_text_shadow_horizontal_length_tablet=&#8220;0px&#8220; header_text_shadow_vertical_length_tablet=&#8220;0px&#8220; header_text_shadow_blur_strength_tablet=&#8220;1px&#8220; header_2_text_shadow_horizontal_length_tablet=&#8220;0px&#8220; header_2_text_shadow_vertical_length_tablet=&#8220;0px&#8220; header_2_text_shadow_blur_strength_tablet=&#8220;1px&#8220; header_3_text_shadow_horizontal_length_tablet=&#8220;0px&#8220; header_3_text_shadow_vertical_length_tablet=&#8220;0px&#8220; header_3_text_shadow_blur_strength_tablet=&#8220;1px&#8220; header_4_text_shadow_horizontal_length_tablet=&#8220;0px&#8220; header_4_text_shadow_vertical_length_tablet=&#8220;0px&#8220; header_4_text_shadow_blur_strength_tablet=&#8220;1px&#8220; header_5_text_shadow_horizontal_length_tablet=&#8220;0px&#8220; header_5_text_shadow_vertical_length_tablet=&#8220;0px&#8220; header_5_text_shadow_blur_strength_tablet=&#8220;1px&#8220; header_6_text_shadow_horizontal_length_tablet=&#8220;0px&#8220; header_6_text_shadow_vertical_length_tablet=&#8220;0px&#8220; header_6_text_shadow_blur_strength_tablet=&#8220;1px&#8220; box_shadow_horizontal_tablet=&#8220;0px&#8220; box_shadow_vertical_tablet=&#8220;0px&#8220; box_shadow_blur_tablet=&#8220;40px&#8220; box_shadow_spread_tablet=&#8220;0px&#8220; global_colors_info=&#8220;{}&#8220; sticky_enabled=&#8220;0&#8243;]<\/p>\n<h1>BeA GmbH<\/h1>\n<p>V\u00fdkonn\u00fd riadite\u013e:<br \/>\nDr. J\u00f6rg Dalh\u00f6fer<br \/>\nDr. Xueai Shi<\/p>\n<p><strong>HR: L\u00fcbeck HRB 21320HL<\/strong><br \/>\n<strong>Sv. \u010d. : 30\/293 80 781<\/strong><\/p>\n<p><strong>\u010c\u00edslo DPH. : DE 342\/809\/873<\/strong><br \/>\n<strong>Reg. \u010d. WEEE : DE 94007702<\/strong><\/p>\n<p>Webmaster: <a href=\"webmaster@bea-group.com\" target=\"_blank\" rel=\"noopener noreferrer\">webmaster@BeA-group.com<\/a><\/p>\n<h2>Adresa<\/h2>\n<p>Bogenstra\u00dfe 43-45<br \/>\n22926 Ahrensburg<\/p>\n<p>Tel.: <a href=\"tel:04102780\" target=\"_blank \" rel=\"noopener noreferrer\">04102 &#8211; 78 &#8211; 0<\/a><br \/>\nFax: <a href=\"fax:0410278250\" target=\"_blank\" rel=\"noopener noreferrer\">04102 &#8211; 78 &#8211; 250<\/a><\/p>\n<p>e-mail: <a href=\"mailto:info@bea-group.com\" target=\"_blank\" rel=\"noopener noreferrer\">info@BeA-group.com<\/a><\/p>\n<p>Webov\u00fa str\u00e1nku vytvorila spolo\u010dnos\u0165 Seiten-Werk GmbH<\/p>\n<h2>Zrieknutie sa zodpovednosti<\/h2>\n<p>Spolo\u010dnos\u0165 BeA GmbH zostavuje obsah t\u00fdchto webov\u00fdch str\u00e1nok s ve\u013ekou starostlivos\u0165ou a zabezpe\u010duje ich pravideln\u00fa aktualiz\u00e1ciu. Inform\u00e1cie na za\u010diatku sl\u00fa\u017eia len ako nez\u00e1v\u00e4zn\u00e9 v\u0161eobecn\u00e9 inform\u00e1cie a nenahr\u00e1dzaj\u00fa individu\u00e1lne poradenstvo. Nie je mo\u017en\u00e9 vyl\u00fa\u010di\u0165 chyby, napr\u00edklad pri uv\u00e1dzan\u00ed technick\u00fdch \u00fadajov. V\u00fdslovne si vyhradzujeme pr\u00e1vo na technick\u00e9 zmeny v\u00fdrobkov alebo odch\u00fdlky dodan\u00e9ho tovaru od vyobrazen\u00ed na t\u00fdchto webov\u00fdch str\u00e1nkach. Spolo\u010dnos\u0165 BeA vylu\u010duje ak\u00fako\u013evek zodpovednos\u0165 za \u0161kody, ktor\u00e9 vznikn\u00fa priamo alebo nepriamo v d\u00f4sledku pou\u017e\u00edvania tejto webovej str\u00e1nky, pokia\u013e nie s\u00fa sp\u00f4soben\u00e9 \u00famyslom alebo hrubou nedbanlivos\u0165ou zo strany spolo\u010dnosti BeA.<\/p>\n<h2>Autorsk\u00e9 pr\u00e1va<\/h2>\n<p>Autorsk\u00e9 pr\u00e1va a v\u0161etky ostatn\u00e9 pr\u00e1va na obsah, obr\u00e1zky, fotografie alebo in\u00e9 s\u00fabory na webovej str\u00e1nke patria v\u00fdlu\u010dne spolo\u010dnosti BeA GmbH alebo konkr\u00e9tne uveden\u00fdm dr\u017eite\u013eom pr\u00e1v. Na reprodukciu ak\u00fdchko\u013evek prvkov je potrebn\u00e9 vopred z\u00edska\u0165 p\u00edsomn\u00fd s\u00fahlas dr\u017eite\u013ea autorsk\u00fdch pr\u00e1v.<\/p>\n<h2>Pou\u017eit\u00fd obrazov\u00fd materi\u00e1l je chr\u00e1nen\u00fd autorsk\u00fdmi pr\u00e1vami a bol licencovan\u00fd alebo spr\u00edstupnen\u00fd.<\/h2>\n<p>https:\/\/stock. adobe.com\/<\/p>\n<p>\u00a9 Viglietti\/peopleimages.com, \u00a9 Ticha[\/et_pb_text][\/et_pb_column][\/et_pb_row][\/et_pb_section]<\/p>\n","protected":false},"excerpt":{"rendered":"<p>BeA GmbH V\u00fdkonn\u00fd riadite\u013e: Dr. J\u00f6rg Dalh\u00f6fer Dr. Xueai Shi HR: L\u00fcbeck HRB 21320HL Sv. \u010d. : 30\/293 80 781 \u010c\u00edslo DPH. : DE 342\/809\/873 Reg. \u010d. WEEE : DE 94007702 Webmaster: webmaster@BeA-group.com Adresa Bogenstra\u00dfe 43-45 22926 Ahrensburg Tel.: 04102 &#8211; 78 &#8211; 0 Fax: 04102 &#8211; 78 &#8211; 250 e-mail: info@BeA-group.com Webov\u00fa str\u00e1nku vytvorila [&hellip;]<\/p>\n","protected":false},"author":3,"featured_media":0,"parent":0,"menu_order":0,"comment_status":"closed","ping_status":"closed","template":"","meta":{"_et_pb_use_builder":"on","_et_pb_old_content":"","_et_gb_content_width":"","footnotes":""},"class_list":["post-58853","page","type-page","status-publish","hentry"],"yoast_head":"<!-- This site is optimized with the Yoast SEO plugin v27.5 - https:\/\/yoast.com\/product\/yoast-seo-wordpress\/ -->\n<title>Imprint - BeA GmbH<\/title>\n<meta name=\"description\" content=\"Spolo\u010dnos\u0165 BeA GmbH venuje ve\u013ek\u00fa pozornos\u0165 zostavovaniu obsahu tejto webovej str\u00e1nky a zabezpe\u010duje jeho pravideln\u00fa aktualiz\u00e1ciu.\" \/>\n<meta name=\"robots\" content=\"index, follow, max-snippet:-1, max-image-preview:large, max-video-preview:-1\" \/>\n<link rel=\"canonical\" href=\"https:\/\/www.bea-group.com\/sk\/imprint\/\" \/>\n<meta property=\"og:locale\" content=\"sk_SK\" \/>\n<meta property=\"og:type\" content=\"article\" \/>\n<meta property=\"og:title\" content=\"Imprint - BeA GmbH\" \/>\n<meta property=\"og:description\" content=\"Spolo\u010dnos\u0165 BeA GmbH venuje ve\u013ek\u00fa pozornos\u0165 zostavovaniu obsahu tejto webovej str\u00e1nky a zabezpe\u010duje jeho pravideln\u00fa aktualiz\u00e1ciu.\" \/>\n<meta property=\"og:url\" content=\"https:\/\/www.bea-group.com\/sk\/imprint\/\" \/>\n<meta property=\"og:site_name\" content=\"BeA GmbH\" \/>\n<meta property=\"article:modified_time\" content=\"2026-02-18T07:48:43+00:00\" \/>\n<meta name=\"twitter:card\" content=\"summary_large_image\" \/>\n<meta name=\"twitter:label1\" content=\"Predpokladan\u00fd \u010das \u010d\u00edtania\" \/>\n\t<meta name=\"twitter:data1\" content=\"1 min\u00fata\" \/>\n<script type=\"application\/ld+json\" class=\"yoast-schema-graph\">{\"@context\":\"https:\\\/\\\/schema.org\",\"@graph\":[{\"@type\":\"WebPage\",\"@id\":\"https:\\\/\\\/www.bea-group.com\\\/sk\\\/imprint\\\/\",\"url\":\"https:\\\/\\\/www.bea-group.com\\\/sk\\\/imprint\\\/\",\"name\":\"Imprint - BeA GmbH\",\"isPartOf\":{\"@id\":\"https:\\\/\\\/www.bea-group.com\\\/sk\\\/#website\"},\"datePublished\":\"2019-07-23T19:11:49+00:00\",\"dateModified\":\"2026-02-18T07:48:43+00:00\",\"description\":\"Spolo\u010dnos\u0165 BeA GmbH venuje ve\u013ek\u00fa pozornos\u0165 zostavovaniu obsahu tejto webovej str\u00e1nky a zabezpe\u010duje jeho pravideln\u00fa aktualiz\u00e1ciu.\",\"breadcrumb\":{\"@id\":\"https:\\\/\\\/www.bea-group.com\\\/sk\\\/imprint\\\/#breadcrumb\"},\"inLanguage\":\"sk-SK\",\"potentialAction\":[{\"@type\":\"ReadAction\",\"target\":[\"https:\\\/\\\/www.bea-group.com\\\/sk\\\/imprint\\\/\"]}]},{\"@type\":\"BreadcrumbList\",\"@id\":\"https:\\\/\\\/www.bea-group.com\\\/sk\\\/imprint\\\/#breadcrumb\",\"itemListElement\":[{\"@type\":\"ListItem\",\"position\":1,\"name\":\"Startseite\",\"item\":\"https:\\\/\\\/www.bea-group.com\\\/sk\\\/\"},{\"@type\":\"ListItem\",\"position\":2,\"name\":\"Imprint\"}]},{\"@type\":\"WebSite\",\"@id\":\"https:\\\/\\\/www.bea-group.com\\\/sk\\\/#website\",\"url\":\"https:\\\/\\\/www.bea-group.com\\\/sk\\\/\",\"name\":\"BeA GmbH\",\"description\":\"FASTENING TECHNOLOGIES FOR FUTURE GENERATIONS\",\"potentialAction\":[{\"@type\":\"SearchAction\",\"target\":{\"@type\":\"EntryPoint\",\"urlTemplate\":\"https:\\\/\\\/www.bea-group.com\\\/sk\\\/?s={search_term_string}\"},\"query-input\":{\"@type\":\"PropertyValueSpecification\",\"valueRequired\":true,\"valueName\":\"search_term_string\"}}],\"inLanguage\":\"sk-SK\"}]}<\/script>\n<!-- \/ Yoast SEO plugin. -->","yoast_head_json":{"title":"Imprint - BeA GmbH","description":"Spolo\u010dnos\u0165 BeA GmbH venuje ve\u013ek\u00fa pozornos\u0165 zostavovaniu obsahu tejto webovej str\u00e1nky a zabezpe\u010duje jeho pravideln\u00fa aktualiz\u00e1ciu.","robots":{"index":"index","follow":"follow","max-snippet":"max-snippet:-1","max-image-preview":"max-image-preview:large","max-video-preview":"max-video-preview:-1"},"canonical":"https:\/\/www.bea-group.com\/sk\/imprint\/","og_locale":"sk_SK","og_type":"article","og_title":"Imprint - BeA GmbH","og_description":"Spolo\u010dnos\u0165 BeA GmbH venuje ve\u013ek\u00fa pozornos\u0165 zostavovaniu obsahu tejto webovej str\u00e1nky a zabezpe\u010duje jeho pravideln\u00fa aktualiz\u00e1ciu.","og_url":"https:\/\/www.bea-group.com\/sk\/imprint\/","og_site_name":"BeA GmbH","article_modified_time":"2026-02-18T07:48:43+00:00","twitter_card":"summary_large_image","twitter_misc":{"Predpokladan\u00fd \u010das \u010d\u00edtania":"1 min\u00fata"},"schema":{"@context":"https:\/\/schema.org","@graph":[{"@type":"WebPage","@id":"https:\/\/www.bea-group.com\/sk\/imprint\/","url":"https:\/\/www.bea-group.com\/sk\/imprint\/","name":"Imprint - BeA GmbH","isPartOf":{"@id":"https:\/\/www.bea-group.com\/sk\/#website"},"datePublished":"2019-07-23T19:11:49+00:00","dateModified":"2026-02-18T07:48:43+00:00","description":"Spolo\u010dnos\u0165 BeA GmbH venuje ve\u013ek\u00fa pozornos\u0165 zostavovaniu obsahu tejto webovej str\u00e1nky a zabezpe\u010duje jeho pravideln\u00fa aktualiz\u00e1ciu.","breadcrumb":{"@id":"https:\/\/www.bea-group.com\/sk\/imprint\/#breadcrumb"},"inLanguage":"sk-SK","potentialAction":[{"@type":"ReadAction","target":["https:\/\/www.bea-group.com\/sk\/imprint\/"]}]},{"@type":"BreadcrumbList","@id":"https:\/\/www.bea-group.com\/sk\/imprint\/#breadcrumb","itemListElement":[{"@type":"ListItem","position":1,"name":"Startseite","item":"https:\/\/www.bea-group.com\/sk\/"},{"@type":"ListItem","position":2,"name":"Imprint"}]},{"@type":"WebSite","@id":"https:\/\/www.bea-group.com\/sk\/#website","url":"https:\/\/www.bea-group.com\/sk\/","name":"BeA GmbH","description":"FASTENING TECHNOLOGIES FOR FUTURE GENERATIONS","potentialAction":[{"@type":"SearchAction","target":{"@type":"EntryPoint","urlTemplate":"https:\/\/www.bea-group.com\/sk\/?s={search_term_string}"},"query-input":{"@type":"PropertyValueSpecification","valueRequired":true,"valueName":"search_term_string"}}],"inLanguage":"sk-SK"}]}},"_links":{"self":[{"href":"https:\/\/www.bea-group.com\/sk\/wp-json\/wp\/v2\/pages\/58853","targetHints":{"allow":["GET"]}}],"collection":[{"href":"https:\/\/www.bea-group.com\/sk\/wp-json\/wp\/v2\/pages"}],"about":[{"href":"https:\/\/www.bea-group.com\/sk\/wp-json\/wp\/v2\/types\/page"}],"author":[{"embeddable":true,"href":"https:\/\/www.bea-group.com\/sk\/wp-json\/wp\/v2\/users\/3"}],"replies":[{"embeddable":true,"href":"https:\/\/www.bea-group.com\/sk\/wp-json\/wp\/v2\/comments?post=58853"}],"version-history":[{"count":5,"href":"https:\/\/www.bea-group.com\/sk\/wp-json\/wp\/v2\/pages\/58853\/revisions"}],"predecessor-version":[{"id":63100,"href":"https:\/\/www.bea-group.com\/sk\/wp-json\/wp\/v2\/pages\/58853\/revisions\/63100"}],"wp:attachment":[{"href":"https:\/\/www.bea-group.com\/sk\/wp-json\/wp\/v2\/media?parent=58853"}],"curies":[{"name":"wp","href":"https:\/\/api.w.org\/{rel}","templated":true}]}}