{"id":59140,"date":"2024-01-25T11:21:51","date_gmt":"2024-01-25T10:21:51","guid":{"rendered":"https:\/\/www.bea-group.com\/czech-republic\/"},"modified":"2024-01-25T11:21:51","modified_gmt":"2024-01-25T10:21:51","slug":"czech-republic","status":"publish","type":"page","link":"https:\/\/www.bea-group.com\/usa\/czech-republic\/","title":{"rendered":"Czech Republic"},"content":{"rendered":"<p>[et_pb_section fb_built=&#8221;1&#8243; module_class=&#8221;impress_page h1-class h1&#8243; _builder_version=&#8221;4.23.1&#8243; use_background_color_gradient=&#8221;on&#8221; background_color_gradient_stops=&#8221;rgba(0,26,43,0.8) 0%|rgba(0,26,43,0.8) 100%&#8221; background_color_gradient_overlays_image=&#8221;on&#8221; background_color_gradient_start=&#8221;rgba(0,0,0,0.5)&#8221; background_color_gradient_end=&#8221;rgba(0,0,0,0.5)&#8221; background_image=&#8221;https:\/\/www.bea-group.com\/wp-content\/uploads\/2023\/11\/secondary_header_company.jpg&#8221; background_position=&#8221;top_center&#8221; vertical_offset_tablet=&#8221;0&#8243; horizontal_offset_tablet=&#8221;0&#8243; box_shadow_horizontal_tablet=&#8221;0px&#8221; box_shadow_vertical_tablet=&#8221;0px&#8221; box_shadow_blur_tablet=&#8221;40px&#8221; box_shadow_spread_tablet=&#8221;0px&#8221; global_colors_info=&#8221;{}&#8221;][\/et_pb_section][et_pb_section fb_built=&#8221;1&#8243; module_class=&#8221;impress_page&#8221; _builder_version=&#8221;4.23.1&#8243; vertical_offset_tablet=&#8221;0&#8243; horizontal_offset_tablet=&#8221;0&#8243; box_shadow_horizontal_tablet=&#8221;0px&#8221; box_shadow_vertical_tablet=&#8221;0px&#8221; box_shadow_blur_tablet=&#8221;40px&#8221; box_shadow_spread_tablet=&#8221;0px&#8221; global_colors_info=&#8221;{}&#8221;][et_pb_row _builder_version=&#8221;4.23.1&#8243; vertical_offset_tablet=&#8221;0&#8243; horizontal_offset_tablet=&#8221;0&#8243; z_index_tablet=&#8221;0&#8243; box_shadow_horizontal_tablet=&#8221;0px&#8221; box_shadow_vertical_tablet=&#8221;0px&#8221; box_shadow_blur_tablet=&#8221;40px&#8221; box_shadow_spread_tablet=&#8221;0px&#8221; global_colors_info=&#8221;{}&#8221;][et_pb_column type=&#8221;4_4&#8243; _builder_version=&#8221;4.16&#8243; custom_padding=&#8221;|||&#8221; global_colors_info=&#8221;{}&#8221; custom_padding__hover=&#8221;|||&#8221;][et_pb_text _builder_version=&#8221;4.25.2&#8243; text_line_height=&#8221;1.6em&#8221; header_font=&#8221;|600|||||||&#8221; header_2_font=&#8221;|600|||||||&#8221; header_2_font_size=&#8221;21px&#8221; vertical_offset_tablet=&#8221;0&#8243; horizontal_offset_tablet=&#8221;0&#8243; hover_enabled=&#8221;0&#8243; z_index_tablet=&#8221;0&#8243; text_text_shadow_horizontal_length_tablet=&#8221;0px&#8221; text_text_shadow_vertical_length_tablet=&#8221;0px&#8221; text_text_shadow_blur_strength_tablet=&#8221;1px&#8221; link_text_shadow_horizontal_length_tablet=&#8221;0px&#8221; link_text_shadow_vertical_length_tablet=&#8221;0px&#8221; link_text_shadow_blur_strength_tablet=&#8221;1px&#8221; ul_text_shadow_horizontal_length_tablet=&#8221;0px&#8221; ul_text_shadow_vertical_length_tablet=&#8221;0px&#8221; ul_text_shadow_blur_strength_tablet=&#8221;1px&#8221; ol_text_shadow_horizontal_length_tablet=&#8221;0px&#8221; ol_text_shadow_vertical_length_tablet=&#8221;0px&#8221; ol_text_shadow_blur_strength_tablet=&#8221;1px&#8221; quote_text_shadow_horizontal_length_tablet=&#8221;0px&#8221; quote_text_shadow_vertical_length_tablet=&#8221;0px&#8221; quote_text_shadow_blur_strength_tablet=&#8221;1px&#8221; header_text_shadow_horizontal_length_tablet=&#8221;0px&#8221; header_text_shadow_vertical_length_tablet=&#8221;0px&#8221; header_text_shadow_blur_strength_tablet=&#8221;1px&#8221; header_2_text_shadow_horizontal_length_tablet=&#8221;0px&#8221; header_2_text_shadow_vertical_length_tablet=&#8221;0px&#8221; header_2_text_shadow_blur_strength_tablet=&#8221;1px&#8221; header_3_text_shadow_horizontal_length_tablet=&#8221;0px&#8221; header_3_text_shadow_vertical_length_tablet=&#8221;0px&#8221; header_3_text_shadow_blur_strength_tablet=&#8221;1px&#8221; header_4_text_shadow_horizontal_length_tablet=&#8221;0px&#8221; header_4_text_shadow_vertical_length_tablet=&#8221;0px&#8221; header_4_text_shadow_blur_strength_tablet=&#8221;1px&#8221; header_5_text_shadow_horizontal_length_tablet=&#8221;0px&#8221; header_5_text_shadow_vertical_length_tablet=&#8221;0px&#8221; header_5_text_shadow_blur_strength_tablet=&#8221;1px&#8221; header_6_text_shadow_horizontal_length_tablet=&#8221;0px&#8221; header_6_text_shadow_vertical_length_tablet=&#8221;0px&#8221; header_6_text_shadow_blur_strength_tablet=&#8221;1px&#8221; box_shadow_horizontal_tablet=&#8221;0px&#8221; box_shadow_vertical_tablet=&#8221;0px&#8221; box_shadow_blur_tablet=&#8221;40px&#8221; box_shadow_spread_tablet=&#8221;0px&#8221; global_colors_info=&#8221;{}&#8221; sticky_enabled=&#8221;0&#8243;]<\/p>\n<h1>BeA CS, spol. s r.o.<\/h1>\n<p>Management,<br \/>\nStatut\u00e1rn\u00ed org\u00e1n (jednatel\u00e9)<br \/>\nMgr. Pavel Suchanek, Ing. Petr Gryga<\/p>\n<h2>Identifika\u010dn\u00ed \u00fadaje<\/h2>\n<p>I\u010cO: 44795637<br \/>\nDI\u010c: CZ44795637<br \/>\nObchodn\u00ed rejst\u0159\u00edk KOS Praha odd\u00edl C, vlo\u017eka 5832<\/p>\n<h2>Adresa<\/h2>\n<p>Nad Rokytkou 24<br \/>\n190 12 Praha 9 &#8211; Doln\u00ed Po\u010dernice<br \/>\nE-mail: <a href=\"mailto:info-CZ@BeA-Group.com\">info-CZ@BeA-Group.com<\/a><\/p>\n<p><a target=\"_blank\" href=\"\/wp-content\/uploads\/2024\/02\/WHISTLEBLOWING.pdf\" rel=\"noopener\">Whistleblowing<\/a><\/p>\n<p><a target=\"_blank\" href=\"\/wp-content\/uploads\/2024\/06\/zpetny-odber-vyslouzilych-2024_ENG.pdf\" rel=\"noopener\">Take-back of end-of-life electrical equipment  batteries<\/a>[\/et_pb_text][\/et_pb_column][\/et_pb_row][\/et_pb_section]<\/p>\n","protected":false},"excerpt":{"rendered":"<p>BeA CS, spol. s r.o. Management, Statut\u00e1rn\u00ed org\u00e1n (jednatel\u00e9) Mgr. Pavel Suchanek, Ing. Petr Gryga Identifika\u010dn\u00ed \u00fadaje I\u010cO: 44795637 DI\u010c: CZ44795637 Obchodn\u00ed rejst\u0159\u00edk KOS Praha odd\u00edl C, vlo\u017eka 5832 Adresa Nad Rokytkou 24 190 12 Praha 9 &#8211; Doln\u00ed Po\u010dernice E-mail: info-CZ@BeA-Group.com Whistleblowing Take-back of end-of-life electrical equipment batteries<\/p>\n","protected":false},"author":3,"featured_media":0,"parent":0,"menu_order":0,"comment_status":"closed","ping_status":"closed","template":"","meta":{"_et_pb_use_builder":"on","_et_pb_old_content":"[et_pb_section fb_built=\"1\" module_class=\"impress_page h1-class h1\" _builder_version=\"4.23.1\" use_background_color_gradient=\"on\" background_color_gradient_stops=\"rgba(0,26,43,0.8) 0%|rgba(0,26,43,0.8) 100%\" background_color_gradient_overlays_image=\"on\" background_color_gradient_start=\"rgba(0,0,0,0.5)\" background_color_gradient_end=\"rgba(0,0,0,0.5)\" background_image=\"https:\/\/www.bea-group.com\/wp-content\/uploads\/2023\/11\/secondary_header_company.jpg\" background_position=\"top_center\" vertical_offset_tablet=\"0\" horizontal_offset_tablet=\"0\" box_shadow_horizontal_tablet=\"0px\" box_shadow_vertical_tablet=\"0px\" box_shadow_blur_tablet=\"40px\" box_shadow_spread_tablet=\"0px\" global_colors_info=\"{}\"][\/et_pb_section][et_pb_section fb_built=\"1\" module_class=\"impress_page\" _builder_version=\"4.23.1\" vertical_offset_tablet=\"0\" horizontal_offset_tablet=\"0\" box_shadow_horizontal_tablet=\"0px\" box_shadow_vertical_tablet=\"0px\" box_shadow_blur_tablet=\"40px\" box_shadow_spread_tablet=\"0px\" global_colors_info=\"{}\"][et_pb_row _builder_version=\"4.23.1\" vertical_offset_tablet=\"0\" horizontal_offset_tablet=\"0\" z_index_tablet=\"0\" box_shadow_horizontal_tablet=\"0px\" box_shadow_vertical_tablet=\"0px\" box_shadow_blur_tablet=\"40px\" box_shadow_spread_tablet=\"0px\" global_colors_info=\"{}\"][et_pb_column type=\"4_4\" _builder_version=\"4.16\" custom_padding=\"|||\" global_colors_info=\"{}\" custom_padding__hover=\"|||\"][et_pb_text _builder_version=\"4.24.0\" text_line_height=\"1.6em\" header_font=\"|600|||||||\" header_2_font=\"|600|||||||\" header_2_font_size=\"21px\" vertical_offset_tablet=\"0\" horizontal_offset_tablet=\"0\" hover_enabled=\"0\" z_index_tablet=\"0\" text_text_shadow_horizontal_length_tablet=\"0px\" text_text_shadow_vertical_length_tablet=\"0px\" text_text_shadow_blur_strength_tablet=\"1px\" link_text_shadow_horizontal_length_tablet=\"0px\" link_text_shadow_vertical_length_tablet=\"0px\" link_text_shadow_blur_strength_tablet=\"1px\" ul_text_shadow_horizontal_length_tablet=\"0px\" ul_text_shadow_vertical_length_tablet=\"0px\" ul_text_shadow_blur_strength_tablet=\"1px\" ol_text_shadow_horizontal_length_tablet=\"0px\" ol_text_shadow_vertical_length_tablet=\"0px\" ol_text_shadow_blur_strength_tablet=\"1px\" quote_text_shadow_horizontal_length_tablet=\"0px\" quote_text_shadow_vertical_length_tablet=\"0px\" quote_text_shadow_blur_strength_tablet=\"1px\" header_text_shadow_horizontal_length_tablet=\"0px\" header_text_shadow_vertical_length_tablet=\"0px\" header_text_shadow_blur_strength_tablet=\"1px\" header_2_text_shadow_horizontal_length_tablet=\"0px\" header_2_text_shadow_vertical_length_tablet=\"0px\" header_2_text_shadow_blur_strength_tablet=\"1px\" header_3_text_shadow_horizontal_length_tablet=\"0px\" header_3_text_shadow_vertical_length_tablet=\"0px\" header_3_text_shadow_blur_strength_tablet=\"1px\" header_4_text_shadow_horizontal_length_tablet=\"0px\" header_4_text_shadow_vertical_length_tablet=\"0px\" header_4_text_shadow_blur_strength_tablet=\"1px\" header_5_text_shadow_horizontal_length_tablet=\"0px\" header_5_text_shadow_vertical_length_tablet=\"0px\" header_5_text_shadow_blur_strength_tablet=\"1px\" header_6_text_shadow_horizontal_length_tablet=\"0px\" header_6_text_shadow_vertical_length_tablet=\"0px\" header_6_text_shadow_blur_strength_tablet=\"1px\" box_shadow_horizontal_tablet=\"0px\" box_shadow_vertical_tablet=\"0px\" box_shadow_blur_tablet=\"40px\" box_shadow_spread_tablet=\"0px\" global_colors_info=\"{}\" sticky_enabled=\"0\"]<h1>BeA CS, spol. s r.o.<\/h1>\r\n<p>Management,<br \/>Statut\u00e1rn\u00ed org\u00e1n (jednatel\u00e9)<br \/>Mgr. Pavel Suchanek, Ing. Petr Gryga<\/p>\r\n<h2>Identifika\u010dn\u00ed \u00fadaje<\/h2>\r\n<p>I\u010cO: 44795637<br \/>DI\u010c: CZ44795637<br \/>Obchodn\u00ed rejst\u0159\u00edk KOS Praha odd\u00edl C, vlo\u017eka 5832<\/p>\r\n<h2>Adresa<\/h2>\r\n<p>Nad Rokytkou 24<br \/>190 12 Praha 9 - Doln\u00ed Po\u010dernice<br \/>E-mail: <a href=\"mailto:info-CZ@BeA-Group.com\">info-CZ@BeA-Group.com<\/a><\/p>[\/et_pb_text][\/et_pb_column][\/et_pb_row][\/et_pb_section]","_et_gb_content_width":"","footnotes":""},"class_list":["post-59140","page","type-page","status-publish","hentry"],"yoast_head":"<!-- This site is optimized with the Yoast SEO plugin v27.3 - https:\/\/yoast.com\/product\/yoast-seo-wordpress\/ -->\n<title>Czech Republic - BeA GmbH<\/title>\n<meta name=\"robots\" content=\"index, follow, max-snippet:-1, max-image-preview:large, max-video-preview:-1\" \/>\n<link rel=\"canonical\" href=\"https:\/\/www.bea-group.com\/usa\/czech-republic\/\" \/>\n<meta property=\"og:locale\" content=\"en_US\" \/>\n<meta property=\"og:type\" content=\"article\" \/>\n<meta property=\"og:title\" content=\"Czech Republic - BeA GmbH\" \/>\n<meta property=\"og:description\" content=\"BeA CS, spol. s r.o. Management, Statut\u00e1rn\u00ed org\u00e1n (jednatel\u00e9) Mgr. Pavel Suchanek, Ing. Petr Gryga Identifika\u010dn\u00ed \u00fadaje I\u010cO: 44795637 DI\u010c: CZ44795637 Obchodn\u00ed rejst\u0159\u00edk KOS Praha odd\u00edl C, vlo\u017eka 5832 Adresa Nad Rokytkou 24 190 12 Praha 9 - Doln\u00ed Po\u010dernice E-mail: info-CZ@BeA-Group.com Whistleblowing Take-back of end-of-life electrical equipment batteries\" \/>\n<meta property=\"og:url\" content=\"https:\/\/www.bea-group.com\/usa\/czech-republic\/\" \/>\n<meta property=\"og:site_name\" content=\"BeA GmbH\" \/>\n<meta name=\"twitter:card\" content=\"summary_large_image\" \/>\n<meta name=\"twitter:label1\" content=\"Est. reading time\" \/>\n\t<meta name=\"twitter:data1\" content=\"3 minutes\" \/>\n<script type=\"application\/ld+json\" class=\"yoast-schema-graph\">{\"@context\":\"https:\\\/\\\/schema.org\",\"@graph\":[{\"@type\":\"WebPage\",\"@id\":\"https:\\\/\\\/www.bea-group.com\\\/usa\\\/czech-republic\\\/\",\"url\":\"https:\\\/\\\/www.bea-group.com\\\/usa\\\/czech-republic\\\/\",\"name\":\"Czech Republic - BeA GmbH\",\"isPartOf\":{\"@id\":\"https:\\\/\\\/www.bea-group.com\\\/usa\\\/#website\"},\"datePublished\":\"2024-01-25T10:21:51+00:00\",\"breadcrumb\":{\"@id\":\"https:\\\/\\\/www.bea-group.com\\\/usa\\\/czech-republic\\\/#breadcrumb\"},\"inLanguage\":\"usa-USA\",\"potentialAction\":[{\"@type\":\"ReadAction\",\"target\":[\"https:\\\/\\\/www.bea-group.com\\\/usa\\\/czech-republic\\\/\"]}]},{\"@type\":\"BreadcrumbList\",\"@id\":\"https:\\\/\\\/www.bea-group.com\\\/usa\\\/czech-republic\\\/#breadcrumb\",\"itemListElement\":[{\"@type\":\"ListItem\",\"position\":1,\"name\":\"Startseite\",\"item\":\"https:\\\/\\\/www.bea-group.com\\\/usa\\\/\"},{\"@type\":\"ListItem\",\"position\":2,\"name\":\"Czech Republic\"}]},{\"@type\":\"WebSite\",\"@id\":\"https:\\\/\\\/www.bea-group.com\\\/usa\\\/#website\",\"url\":\"https:\\\/\\\/www.bea-group.com\\\/usa\\\/\",\"name\":\"BeA GmbH\",\"description\":\"FASTENING TECHNOLOGIES FOR FUTURE GENERATIONS\",\"potentialAction\":[{\"@type\":\"SearchAction\",\"target\":{\"@type\":\"EntryPoint\",\"urlTemplate\":\"https:\\\/\\\/www.bea-group.com\\\/usa\\\/?s={search_term_string}\"},\"query-input\":{\"@type\":\"PropertyValueSpecification\",\"valueRequired\":true,\"valueName\":\"search_term_string\"}}],\"inLanguage\":\"usa-USA\"}]}<\/script>\n<!-- \/ Yoast SEO plugin. -->","yoast_head_json":{"title":"Czech Republic - BeA GmbH","robots":{"index":"index","follow":"follow","max-snippet":"max-snippet:-1","max-image-preview":"max-image-preview:large","max-video-preview":"max-video-preview:-1"},"canonical":"https:\/\/www.bea-group.com\/usa\/czech-republic\/","og_locale":"en_US","og_type":"article","og_title":"Czech Republic - BeA GmbH","og_description":"BeA CS, spol. s r.o. Management, Statut\u00e1rn\u00ed org\u00e1n (jednatel\u00e9) Mgr. Pavel Suchanek, Ing. Petr Gryga Identifika\u010dn\u00ed \u00fadaje I\u010cO: 44795637 DI\u010c: CZ44795637 Obchodn\u00ed rejst\u0159\u00edk KOS Praha odd\u00edl C, vlo\u017eka 5832 Adresa Nad Rokytkou 24 190 12 Praha 9 - Doln\u00ed Po\u010dernice E-mail: info-CZ@BeA-Group.com Whistleblowing Take-back of end-of-life electrical equipment batteries","og_url":"https:\/\/www.bea-group.com\/usa\/czech-republic\/","og_site_name":"BeA GmbH","twitter_card":"summary_large_image","twitter_misc":{"Est. reading time":"3 minutes"},"schema":{"@context":"https:\/\/schema.org","@graph":[{"@type":"WebPage","@id":"https:\/\/www.bea-group.com\/usa\/czech-republic\/","url":"https:\/\/www.bea-group.com\/usa\/czech-republic\/","name":"Czech Republic - BeA GmbH","isPartOf":{"@id":"https:\/\/www.bea-group.com\/usa\/#website"},"datePublished":"2024-01-25T10:21:51+00:00","breadcrumb":{"@id":"https:\/\/www.bea-group.com\/usa\/czech-republic\/#breadcrumb"},"inLanguage":"usa-USA","potentialAction":[{"@type":"ReadAction","target":["https:\/\/www.bea-group.com\/usa\/czech-republic\/"]}]},{"@type":"BreadcrumbList","@id":"https:\/\/www.bea-group.com\/usa\/czech-republic\/#breadcrumb","itemListElement":[{"@type":"ListItem","position":1,"name":"Startseite","item":"https:\/\/www.bea-group.com\/usa\/"},{"@type":"ListItem","position":2,"name":"Czech Republic"}]},{"@type":"WebSite","@id":"https:\/\/www.bea-group.com\/usa\/#website","url":"https:\/\/www.bea-group.com\/usa\/","name":"BeA GmbH","description":"FASTENING TECHNOLOGIES FOR FUTURE GENERATIONS","potentialAction":[{"@type":"SearchAction","target":{"@type":"EntryPoint","urlTemplate":"https:\/\/www.bea-group.com\/usa\/?s={search_term_string}"},"query-input":{"@type":"PropertyValueSpecification","valueRequired":true,"valueName":"search_term_string"}}],"inLanguage":"usa-USA"}]}},"_links":{"self":[{"href":"https:\/\/www.bea-group.com\/usa\/wp-json\/wp\/v2\/pages\/59140","targetHints":{"allow":["GET"]}}],"collection":[{"href":"https:\/\/www.bea-group.com\/usa\/wp-json\/wp\/v2\/pages"}],"about":[{"href":"https:\/\/www.bea-group.com\/usa\/wp-json\/wp\/v2\/types\/page"}],"author":[{"embeddable":true,"href":"https:\/\/www.bea-group.com\/usa\/wp-json\/wp\/v2\/users\/3"}],"replies":[{"embeddable":true,"href":"https:\/\/www.bea-group.com\/usa\/wp-json\/wp\/v2\/comments?post=59140"}],"version-history":[{"count":0,"href":"https:\/\/www.bea-group.com\/usa\/wp-json\/wp\/v2\/pages\/59140\/revisions"}],"wp:attachment":[{"href":"https:\/\/www.bea-group.com\/usa\/wp-json\/wp\/v2\/media?parent=59140"}],"curies":[{"name":"wp","href":"https:\/\/api.w.org\/{rel}","templated":true}]}}